{"id":1610,"date":"2026-01-16T12:50:20","date_gmt":"2026-01-16T11:50:20","guid":{"rendered":"https:\/\/ambitionsverige.se\/?page_id=1610"},"modified":"2026-03-12T14:42:58","modified_gmt":"2026-03-12T13:42:58","slug":"erik-tornvall","status":"publish","type":"page","link":"https:\/\/ambitionsverige.se\/en\/politiker\/erik-tornvall\/","title":{"rendered":"Erik V. Tornvall"},"content":{"rendered":"<p>Erik V. Tornvall \u00e4r civilekonom med d\u00e4rtill en MBA fr\u00e5n INSEAD. F\u00f6rutom svensk medborgare \u00e4r Erik \u00e4ven medborgare i Schweiz men bor idag i B\u00e5stad.<\/p>\n\n\n\n<p>Meritlistan innefattar l\u00e5ng erfarenhet fr\u00e5n multinationella f\u00f6retag i s\u00e5v\u00e4l Kanada som Schweiz, Mellan\u00f6stern och Sydostasien d\u00e4r Erik har haft befattningar som bl a Vice President Finance f\u00f6r Ultramar plc under 1990-93 och Advisor till AB Volvo under 1994-98.<\/p>\n\n\n\n<p>Erik \u00e4r v\u00e4l insatt i ekonomiska och finansiella fr\u00e5gor samt har ett stort intresse i skattefr\u00e5gor.<\/p>","protected":false},"excerpt":{"rendered":"<p>Erik V. Tornvall \u00e4r civilekonom med d\u00e4rtill en MBA fr\u00e5n INSEAD. F\u00f6rutom svensk medborgare \u00e4r Erik \u00e4ven medborgare i Schweiz men bor idag i B\u00e5stad. Meritlistan innefattar l\u00e5ng erfarenhet fr\u00e5n multinationella f\u00f6retag i s\u00e5v\u00e4l Kanada som Schweiz, Mellan\u00f6stern och Sydostasien d\u00e4r Erik har haft befattningar som bl a Vice President Finance f\u00f6r Ultramar plc under [&hellip;]<\/p>\n","protected":false},"author":1,"featured_media":1813,"parent":451,"menu_order":0,"comment_status":"closed","ping_status":"closed","template":"politiker\/erik-tornvall.php","meta":{"footnotes":""},"local_branch":[],"class_list":["post-1610","page","type-page","status-publish","has-post-thumbnail","hentry"],"yoast_head":"<!-- This site is optimized with the Yoast SEO plugin v27.4 - https:\/\/yoast.com\/product\/yoast-seo-wordpress\/ -->\n<title>Erik V. Tornvall - Ambition Sverige<\/title>\n<meta name=\"robots\" content=\"index, follow, max-snippet:-1, max-image-preview:large, max-video-preview:-1\" \/>\n<link rel=\"canonical\" href=\"https:\/\/ambitionsverige.se\/en\/politicians\/erik-tornvall\/\" \/>\n<meta property=\"og:locale\" content=\"en_GB\" \/>\n<meta property=\"og:type\" content=\"article\" \/>\n<meta property=\"og:title\" content=\"Erik V. Tornvall - Ambition Sverige\" \/>\n<meta property=\"og:description\" content=\"Erik V. Tornvall \u00e4r civilekonom med d\u00e4rtill en MBA fr\u00e5n INSEAD. F\u00f6rutom svensk medborgare \u00e4r Erik \u00e4ven medborgare i Schweiz men bor idag i B\u00e5stad. Meritlistan innefattar l\u00e5ng erfarenhet fr\u00e5n multinationella f\u00f6retag i s\u00e5v\u00e4l Kanada som Schweiz, Mellan\u00f6stern och Sydostasien d\u00e4r Erik har haft befattningar som bl a Vice President Finance f\u00f6r Ultramar plc under [&hellip;]\" \/>\n<meta property=\"og:url\" content=\"https:\/\/ambitionsverige.se\/en\/politicians\/erik-tornvall\/\" \/>\n<meta property=\"og:site_name\" content=\"Ambition Sverige\" \/>\n<meta property=\"article:publisher\" content=\"https:\/\/www.facebook.com\/AmbitionSverige\" \/>\n<meta property=\"article:modified_time\" content=\"2026-03-12T13:42:58+00:00\" \/>\n<meta property=\"og:image\" content=\"https:\/\/ambitionsverige.se\/wp-content\/uploads\/2026\/02\/erik-v-tornvall-1.jpg\" \/>\n\t<meta property=\"og:image:width\" content=\"934\" \/>\n\t<meta property=\"og:image:height\" content=\"934\" \/>\n\t<meta property=\"og:image:type\" content=\"image\/jpeg\" \/>\n<meta name=\"twitter:card\" content=\"summary_large_image\" \/>\n<meta name=\"twitter:site\" content=\"@ambitionsverige\" \/>\n<meta name=\"twitter:label1\" content=\"Estimated reading time\" \/>\n\t<meta name=\"twitter:data1\" content=\"1 minute\" \/>\n<script type=\"application\/ld+json\" class=\"yoast-schema-graph\">{\"@context\":\"https:\\\/\\\/schema.org\",\"@graph\":[{\"@type\":\"WebPage\",\"@id\":\"https:\\\/\\\/ambitionsverige.se\\\/politiker\\\/erik-tornvall\\\/\",\"url\":\"https:\\\/\\\/ambitionsverige.se\\\/politiker\\\/erik-tornvall\\\/\",\"name\":\"Erik V. Tornvall - Ambition Sverige\",\"isPartOf\":{\"@id\":\"https:\\\/\\\/ambitionsverige.se\\\/#website\"},\"primaryImageOfPage\":{\"@id\":\"https:\\\/\\\/ambitionsverige.se\\\/politiker\\\/erik-tornvall\\\/#primaryimage\"},\"image\":{\"@id\":\"https:\\\/\\\/ambitionsverige.se\\\/politiker\\\/erik-tornvall\\\/#primaryimage\"},\"thumbnailUrl\":\"https:\\\/\\\/ambitionsverige.se\\\/wp-content\\\/uploads\\\/2026\\\/02\\\/erik-v-tornvall-1.jpg\",\"datePublished\":\"2026-01-16T11:50:20+00:00\",\"dateModified\":\"2026-03-12T13:42:58+00:00\",\"breadcrumb\":{\"@id\":\"https:\\\/\\\/ambitionsverige.se\\\/politiker\\\/erik-tornvall\\\/#breadcrumb\"},\"inLanguage\":\"en-GB\",\"potentialAction\":[{\"@type\":\"ReadAction\",\"target\":[\"https:\\\/\\\/ambitionsverige.se\\\/politiker\\\/erik-tornvall\\\/\"]}]},{\"@type\":\"ImageObject\",\"inLanguage\":\"en-GB\",\"@id\":\"https:\\\/\\\/ambitionsverige.se\\\/politiker\\\/erik-tornvall\\\/#primaryimage\",\"url\":\"https:\\\/\\\/ambitionsverige.se\\\/wp-content\\\/uploads\\\/2026\\\/02\\\/erik-v-tornvall-1.jpg\",\"contentUrl\":\"https:\\\/\\\/ambitionsverige.se\\\/wp-content\\\/uploads\\\/2026\\\/02\\\/erik-v-tornvall-1.jpg\",\"width\":934,\"height\":934},{\"@type\":\"BreadcrumbList\",\"@id\":\"https:\\\/\\\/ambitionsverige.se\\\/politiker\\\/erik-tornvall\\\/#breadcrumb\",\"itemListElement\":[{\"@type\":\"ListItem\",\"position\":1,\"name\":\"Hem\",\"item\":\"https:\\\/\\\/ambitionsverige.se\\\/\"},{\"@type\":\"ListItem\",\"position\":2,\"name\":\"V\u00e5ra politiker &amp; medarbetare\",\"item\":\"https:\\\/\\\/ambitionsverige.se\\\/politiker\\\/\"},{\"@type\":\"ListItem\",\"position\":3,\"name\":\"Erik V. Tornvall\"}]},{\"@type\":\"WebSite\",\"@id\":\"https:\\\/\\\/ambitionsverige.se\\\/#website\",\"url\":\"https:\\\/\\\/ambitionsverige.se\\\/\",\"name\":\"Ambition Sverige\",\"description\":\"\",\"publisher\":{\"@id\":\"https:\\\/\\\/ambitionsverige.se\\\/#organization\"},\"potentialAction\":[{\"@type\":\"SearchAction\",\"target\":{\"@type\":\"EntryPoint\",\"urlTemplate\":\"https:\\\/\\\/ambitionsverige.se\\\/?s={search_term_string}\"},\"query-input\":{\"@type\":\"PropertyValueSpecification\",\"valueRequired\":true,\"valueName\":\"search_term_string\"}}],\"inLanguage\":\"en-GB\"},{\"@type\":\"Organization\",\"@id\":\"https:\\\/\\\/ambitionsverige.se\\\/#organization\",\"name\":\"Ambition Sverige\",\"url\":\"https:\\\/\\\/ambitionsverige.se\\\/\",\"logo\":{\"@type\":\"ImageObject\",\"inLanguage\":\"en-GB\",\"@id\":\"https:\\\/\\\/ambitionsverige.se\\\/#\\\/schema\\\/logo\\\/image\\\/\",\"url\":\"https:\\\/\\\/ambitionsverige.se\\\/wp-content\\\/uploads\\\/2025\\\/11\\\/ambition-sverige-logotyp.png\",\"contentUrl\":\"https:\\\/\\\/ambitionsverige.se\\\/wp-content\\\/uploads\\\/2025\\\/11\\\/ambition-sverige-logotyp.png\",\"width\":512,\"height\":512,\"caption\":\"Ambition Sverige\"},\"image\":{\"@id\":\"https:\\\/\\\/ambitionsverige.se\\\/#\\\/schema\\\/logo\\\/image\\\/\"},\"sameAs\":[\"https:\\\/\\\/www.facebook.com\\\/AmbitionSverige\",\"https:\\\/\\\/x.com\\\/ambitionsverige\",\"https:\\\/\\\/www.instagram.com\\\/ambitionsverige\",\"https:\\\/\\\/www.youtube.com\\\/@ambitionsverige1\",\"https:\\\/\\\/t.me\\\/sverigeforst1\"]}]}<\/script>\n<!-- \/ Yoast SEO plugin. -->","yoast_head_json":{"title":"Erik V. Tornvall - Ambition Sverige","robots":{"index":"index","follow":"follow","max-snippet":"max-snippet:-1","max-image-preview":"max-image-preview:large","max-video-preview":"max-video-preview:-1"},"canonical":"https:\/\/ambitionsverige.se\/en\/politicians\/erik-tornvall\/","og_locale":"en_GB","og_type":"article","og_title":"Erik V. Tornvall - Ambition Sverige","og_description":"Erik V. Tornvall \u00e4r civilekonom med d\u00e4rtill en MBA fr\u00e5n INSEAD. F\u00f6rutom svensk medborgare \u00e4r Erik \u00e4ven medborgare i Schweiz men bor idag i B\u00e5stad. Meritlistan innefattar l\u00e5ng erfarenhet fr\u00e5n multinationella f\u00f6retag i s\u00e5v\u00e4l Kanada som Schweiz, Mellan\u00f6stern och Sydostasien d\u00e4r Erik har haft befattningar som bl a Vice President Finance f\u00f6r Ultramar plc under [&hellip;]","og_url":"https:\/\/ambitionsverige.se\/en\/politicians\/erik-tornvall\/","og_site_name":"Ambition Sverige","article_publisher":"https:\/\/www.facebook.com\/AmbitionSverige","article_modified_time":"2026-03-12T13:42:58+00:00","og_image":[{"width":934,"height":934,"url":"https:\/\/ambitionsverige.se\/wp-content\/uploads\/2026\/02\/erik-v-tornvall-1.jpg","type":"image\/jpeg"}],"twitter_card":"summary_large_image","twitter_site":"@ambitionsverige","twitter_misc":{"Estimated reading time":"1 minute"},"schema":{"@context":"https:\/\/schema.org","@graph":[{"@type":"WebPage","@id":"https:\/\/ambitionsverige.se\/politiker\/erik-tornvall\/","url":"https:\/\/ambitionsverige.se\/politiker\/erik-tornvall\/","name":"Erik V. Tornvall - Ambition Sverige","isPartOf":{"@id":"https:\/\/ambitionsverige.se\/#website"},"primaryImageOfPage":{"@id":"https:\/\/ambitionsverige.se\/politiker\/erik-tornvall\/#primaryimage"},"image":{"@id":"https:\/\/ambitionsverige.se\/politiker\/erik-tornvall\/#primaryimage"},"thumbnailUrl":"https:\/\/ambitionsverige.se\/wp-content\/uploads\/2026\/02\/erik-v-tornvall-1.jpg","datePublished":"2026-01-16T11:50:20+00:00","dateModified":"2026-03-12T13:42:58+00:00","breadcrumb":{"@id":"https:\/\/ambitionsverige.se\/politiker\/erik-tornvall\/#breadcrumb"},"inLanguage":"en-GB","potentialAction":[{"@type":"ReadAction","target":["https:\/\/ambitionsverige.se\/politiker\/erik-tornvall\/"]}]},{"@type":"ImageObject","inLanguage":"en-GB","@id":"https:\/\/ambitionsverige.se\/politiker\/erik-tornvall\/#primaryimage","url":"https:\/\/ambitionsverige.se\/wp-content\/uploads\/2026\/02\/erik-v-tornvall-1.jpg","contentUrl":"https:\/\/ambitionsverige.se\/wp-content\/uploads\/2026\/02\/erik-v-tornvall-1.jpg","width":934,"height":934},{"@type":"BreadcrumbList","@id":"https:\/\/ambitionsverige.se\/politiker\/erik-tornvall\/#breadcrumb","itemListElement":[{"@type":"ListItem","position":1,"name":"Hem","item":"https:\/\/ambitionsverige.se\/"},{"@type":"ListItem","position":2,"name":"V\u00e5ra politiker &amp; medarbetare","item":"https:\/\/ambitionsverige.se\/politiker\/"},{"@type":"ListItem","position":3,"name":"Erik V. Tornvall"}]},{"@type":"WebSite","@id":"https:\/\/ambitionsverige.se\/#website","url":"https:\/\/ambitionsverige.se\/","name":"Ambition Sverige","description":"","publisher":{"@id":"https:\/\/ambitionsverige.se\/#organization"},"potentialAction":[{"@type":"SearchAction","target":{"@type":"EntryPoint","urlTemplate":"https:\/\/ambitionsverige.se\/?s={search_term_string}"},"query-input":{"@type":"PropertyValueSpecification","valueRequired":true,"valueName":"search_term_string"}}],"inLanguage":"en-GB"},{"@type":"Organization","@id":"https:\/\/ambitionsverige.se\/#organization","name":"Ambition Sverige","url":"https:\/\/ambitionsverige.se\/","logo":{"@type":"ImageObject","inLanguage":"en-GB","@id":"https:\/\/ambitionsverige.se\/#\/schema\/logo\/image\/","url":"https:\/\/ambitionsverige.se\/wp-content\/uploads\/2025\/11\/ambition-sverige-logotyp.png","contentUrl":"https:\/\/ambitionsverige.se\/wp-content\/uploads\/2025\/11\/ambition-sverige-logotyp.png","width":512,"height":512,"caption":"Ambition Sverige"},"image":{"@id":"https:\/\/ambitionsverige.se\/#\/schema\/logo\/image\/"},"sameAs":["https:\/\/www.facebook.com\/AmbitionSverige","https:\/\/x.com\/ambitionsverige","https:\/\/www.instagram.com\/ambitionsverige","https:\/\/www.youtube.com\/@ambitionsverige1","https:\/\/t.me\/sverigeforst1"]}]}},"_links":{"self":[{"href":"https:\/\/ambitionsverige.se\/en\/wp-json\/wp\/v2\/pages\/1610","targetHints":{"allow":["GET"]}}],"collection":[{"href":"https:\/\/ambitionsverige.se\/en\/wp-json\/wp\/v2\/pages"}],"about":[{"href":"https:\/\/ambitionsverige.se\/en\/wp-json\/wp\/v2\/types\/page"}],"author":[{"embeddable":true,"href":"https:\/\/ambitionsverige.se\/en\/wp-json\/wp\/v2\/users\/1"}],"replies":[{"embeddable":true,"href":"https:\/\/ambitionsverige.se\/en\/wp-json\/wp\/v2\/comments?post=1610"}],"version-history":[{"count":5,"href":"https:\/\/ambitionsverige.se\/en\/wp-json\/wp\/v2\/pages\/1610\/revisions"}],"predecessor-version":[{"id":1837,"href":"https:\/\/ambitionsverige.se\/en\/wp-json\/wp\/v2\/pages\/1610\/revisions\/1837"}],"up":[{"embeddable":true,"href":"https:\/\/ambitionsverige.se\/en\/wp-json\/wp\/v2\/pages\/451"}],"wp:featuredmedia":[{"embeddable":true,"href":"https:\/\/ambitionsverige.se\/en\/wp-json\/wp\/v2\/media\/1813"}],"wp:attachment":[{"href":"https:\/\/ambitionsverige.se\/en\/wp-json\/wp\/v2\/media?parent=1610"}],"wp:term":[{"taxonomy":"local_branch","embeddable":true,"href":"https:\/\/ambitionsverige.se\/en\/wp-json\/wp\/v2\/local_branch?post=1610"}],"curies":[{"name":"wp","href":"https:\/\/api.w.org\/{rel}","templated":true}]}}