{"id":1707,"date":"2026-02-13T11:55:54","date_gmt":"2026-02-13T10:55:54","guid":{"rendered":"https:\/\/ambitionsverige.se\/?page_id=1707"},"modified":"2026-03-24T22:04:48","modified_gmt":"2026-03-24T21:04:48","slug":"barbara-aberg","status":"publish","type":"page","link":"https:\/\/ambitionsverige.se\/en\/politiker\/barbara-aberg\/","title":{"rendered":"Barbara \u00c5berg"},"content":{"rendered":"<p>Barbara \u00c5berg \u00e4r en handlingskraftig entrepren\u00f6r med \u00f6ver fyrtio \u00e5rs erfarenhet av f\u00f6retagande, service och organisationsarbete. Hon inledde sin bana inom reklambranschen p\u00e5 \u00e5ttiotalet. D\u00e4refter har hon drivit egna verksamheter inom flera omr\u00e5den, bland annat catering, konferensverksamhet och restaurang.<\/p>\n\n\n\n<p>Under nittiotalet arbetade Barbara internationellt och byggde upp aff\u00e4rskontakter i Ryssland. Hon var under en l\u00e4ngre period verksam i Sankt Petersburg. Hon har \u00e4ven bott och arbetat periodvis utomlands, bland annat i London och i Bahia i Brasilien. Detta har gett henne en bred internationell erfarenhet.<\/p>\n\n\n\n<p>Barbara har haft uppdrag inom offentlig verksamhet. Hon har bland annat arbetat som konsult vid restaurangskola och deltagit i planeringsarbetet f\u00f6r konferensavdelning och lunchverksamhet vid L\u00e4nsstyrelsen i Stockholm. Under sju \u00e5r arbetade hon \u00e5t biskopen i Lund med \u00f6vergripande ansvar f\u00f6r representation, evenemang och v\u00e4rdskap, inklusive budget, ink\u00f6p, personal och genomf\u00f6rande.<\/p>\n\n\n\n<p>Under m\u00e5nga \u00e5r har hon arbetat med mat, h\u00e4lsa och service i olika former. Hon har \u00e4ven tagit praktiskt arbete inom \u00e4ldreomsorgen f\u00f6r att f\u00e5 en f\u00f6rdjupad inblick i sociala fr\u00e5gor.<\/p>\n\n\n\n<p>Politiskt engagerade hon sig tidigt i ungdomspolitiken. Senare har hon haft uppdrag i kommunalpolitiken, bland annat i kommunfullm\u00e4ktige och inom socialn\u00e4mndens arbete.<\/p>\n\n\n\n<p>Barbara brinner ocks\u00e5, precis som tusentals andra i Sverige, f\u00f6r motorsport. Som ton\u00e5ring b\u00f6rjade hon k\u00f6ra go-kart. Som vuxen gick hon vidare till banracing med standardbil.<\/p>\n\n\n\n<p>Barbara \u00e4r k\u00e4nd f\u00f6r sitt entrepren\u00f6rskap, sin sj\u00e4lvst\u00e4ndighet och sin raka stil. Hon har deltagit i samh\u00e4llsdebatten och medverkat i fria medier. I ett annars vinklat mainstreammedialandskap i Sverige f\u00f6rs\u00f6ker hon bidra med ett mer balanserat perspektiv p\u00e5 fr\u00e5gor som r\u00f6r Ryssland och Ukrainakriget, och lyfta fram perspektiv fr\u00e5n flera sidor i konflikten. I dag \u00e4r hon engagerad i Ambition Sverige och kandiderar till riksdagen.<\/p>","protected":false},"excerpt":{"rendered":"<p>Barbara \u00c5berg \u00e4r en handlingskraftig entrepren\u00f6r med \u00f6ver fyrtio \u00e5rs erfarenhet av f\u00f6retagande, service och organisationsarbete. Hon inledde sin bana inom reklambranschen p\u00e5 \u00e5ttiotalet. D\u00e4refter har hon drivit egna verksamheter inom flera omr\u00e5den, bland annat catering, konferensverksamhet och restaurang. Under nittiotalet arbetade Barbara internationellt och byggde upp aff\u00e4rskontakter i Ryssland. Hon var under en l\u00e4ngre [&hellip;]<\/p>\n","protected":false},"author":1,"featured_media":1889,"parent":451,"menu_order":0,"comment_status":"closed","ping_status":"closed","template":"politiker\/barbara-aberg.php","meta":{"footnotes":""},"local_branch":[],"class_list":["post-1707","page","type-page","status-publish","has-post-thumbnail","hentry"],"yoast_head":"<!-- This site is optimized with the Yoast SEO plugin v27.4 - https:\/\/yoast.com\/product\/yoast-seo-wordpress\/ -->\n<title>Barbara \u00c5berg - Ambition Sverige<\/title>\n<meta name=\"robots\" content=\"index, follow, max-snippet:-1, max-image-preview:large, max-video-preview:-1\" \/>\n<link rel=\"canonical\" href=\"https:\/\/ambitionsverige.se\/en\/politicians\/barbara-aberg\/\" \/>\n<meta property=\"og:locale\" content=\"en_GB\" \/>\n<meta property=\"og:type\" content=\"article\" \/>\n<meta property=\"og:title\" content=\"Barbara \u00c5berg - Ambition Sverige\" \/>\n<meta property=\"og:description\" content=\"Barbara \u00c5berg \u00e4r en handlingskraftig entrepren\u00f6r med \u00f6ver fyrtio \u00e5rs erfarenhet av f\u00f6retagande, service och organisationsarbete. Hon inledde sin bana inom reklambranschen p\u00e5 \u00e5ttiotalet. D\u00e4refter har hon drivit egna verksamheter inom flera omr\u00e5den, bland annat catering, konferensverksamhet och restaurang. Under nittiotalet arbetade Barbara internationellt och byggde upp aff\u00e4rskontakter i Ryssland. Hon var under en l\u00e4ngre [&hellip;]\" \/>\n<meta property=\"og:url\" content=\"https:\/\/ambitionsverige.se\/en\/politicians\/barbara-aberg\/\" \/>\n<meta property=\"og:site_name\" content=\"Ambition Sverige\" \/>\n<meta property=\"article:publisher\" content=\"https:\/\/www.facebook.com\/AmbitionSverige\" \/>\n<meta property=\"article:modified_time\" content=\"2026-03-24T21:04:48+00:00\" \/>\n<meta property=\"og:image\" content=\"https:\/\/ambitionsverige.se\/wp-content\/uploads\/2026\/03\/barbara-aberg.jpg\" \/>\n\t<meta property=\"og:image:width\" content=\"2048\" \/>\n\t<meta property=\"og:image:height\" content=\"2048\" \/>\n\t<meta property=\"og:image:type\" content=\"image\/jpeg\" \/>\n<meta name=\"twitter:card\" content=\"summary_large_image\" \/>\n<meta name=\"twitter:site\" content=\"@ambitionsverige\" \/>\n<meta name=\"twitter:label1\" content=\"Estimated reading time\" \/>\n\t<meta name=\"twitter:data1\" content=\"2 minutes\" \/>\n<script type=\"application\/ld+json\" class=\"yoast-schema-graph\">{\"@context\":\"https:\\\/\\\/schema.org\",\"@graph\":[{\"@type\":\"WebPage\",\"@id\":\"https:\\\/\\\/ambitionsverige.se\\\/politiker\\\/barbara-aberg\\\/\",\"url\":\"https:\\\/\\\/ambitionsverige.se\\\/politiker\\\/barbara-aberg\\\/\",\"name\":\"Barbara \u00c5berg - Ambition Sverige\",\"isPartOf\":{\"@id\":\"https:\\\/\\\/ambitionsverige.se\\\/#website\"},\"primaryImageOfPage\":{\"@id\":\"https:\\\/\\\/ambitionsverige.se\\\/politiker\\\/barbara-aberg\\\/#primaryimage\"},\"image\":{\"@id\":\"https:\\\/\\\/ambitionsverige.se\\\/politiker\\\/barbara-aberg\\\/#primaryimage\"},\"thumbnailUrl\":\"https:\\\/\\\/ambitionsverige.se\\\/wp-content\\\/uploads\\\/2026\\\/03\\\/barbara-aberg.jpg\",\"datePublished\":\"2026-02-13T10:55:54+00:00\",\"dateModified\":\"2026-03-24T21:04:48+00:00\",\"breadcrumb\":{\"@id\":\"https:\\\/\\\/ambitionsverige.se\\\/politiker\\\/barbara-aberg\\\/#breadcrumb\"},\"inLanguage\":\"en-GB\",\"potentialAction\":[{\"@type\":\"ReadAction\",\"target\":[\"https:\\\/\\\/ambitionsverige.se\\\/politiker\\\/barbara-aberg\\\/\"]}]},{\"@type\":\"ImageObject\",\"inLanguage\":\"en-GB\",\"@id\":\"https:\\\/\\\/ambitionsverige.se\\\/politiker\\\/barbara-aberg\\\/#primaryimage\",\"url\":\"https:\\\/\\\/ambitionsverige.se\\\/wp-content\\\/uploads\\\/2026\\\/03\\\/barbara-aberg.jpg\",\"contentUrl\":\"https:\\\/\\\/ambitionsverige.se\\\/wp-content\\\/uploads\\\/2026\\\/03\\\/barbara-aberg.jpg\",\"width\":2048,\"height\":2048},{\"@type\":\"BreadcrumbList\",\"@id\":\"https:\\\/\\\/ambitionsverige.se\\\/politiker\\\/barbara-aberg\\\/#breadcrumb\",\"itemListElement\":[{\"@type\":\"ListItem\",\"position\":1,\"name\":\"Hem\",\"item\":\"https:\\\/\\\/ambitionsverige.se\\\/\"},{\"@type\":\"ListItem\",\"position\":2,\"name\":\"V\u00e5ra politiker &amp; medarbetare\",\"item\":\"https:\\\/\\\/ambitionsverige.se\\\/politiker\\\/\"},{\"@type\":\"ListItem\",\"position\":3,\"name\":\"Barbara \u00c5berg\"}]},{\"@type\":\"WebSite\",\"@id\":\"https:\\\/\\\/ambitionsverige.se\\\/#website\",\"url\":\"https:\\\/\\\/ambitionsverige.se\\\/\",\"name\":\"Ambition Sverige\",\"description\":\"\",\"publisher\":{\"@id\":\"https:\\\/\\\/ambitionsverige.se\\\/#organization\"},\"potentialAction\":[{\"@type\":\"SearchAction\",\"target\":{\"@type\":\"EntryPoint\",\"urlTemplate\":\"https:\\\/\\\/ambitionsverige.se\\\/?s={search_term_string}\"},\"query-input\":{\"@type\":\"PropertyValueSpecification\",\"valueRequired\":true,\"valueName\":\"search_term_string\"}}],\"inLanguage\":\"en-GB\"},{\"@type\":\"Organization\",\"@id\":\"https:\\\/\\\/ambitionsverige.se\\\/#organization\",\"name\":\"Ambition Sverige\",\"url\":\"https:\\\/\\\/ambitionsverige.se\\\/\",\"logo\":{\"@type\":\"ImageObject\",\"inLanguage\":\"en-GB\",\"@id\":\"https:\\\/\\\/ambitionsverige.se\\\/#\\\/schema\\\/logo\\\/image\\\/\",\"url\":\"https:\\\/\\\/ambitionsverige.se\\\/wp-content\\\/uploads\\\/2025\\\/11\\\/ambition-sverige-logotyp.png\",\"contentUrl\":\"https:\\\/\\\/ambitionsverige.se\\\/wp-content\\\/uploads\\\/2025\\\/11\\\/ambition-sverige-logotyp.png\",\"width\":512,\"height\":512,\"caption\":\"Ambition Sverige\"},\"image\":{\"@id\":\"https:\\\/\\\/ambitionsverige.se\\\/#\\\/schema\\\/logo\\\/image\\\/\"},\"sameAs\":[\"https:\\\/\\\/www.facebook.com\\\/AmbitionSverige\",\"https:\\\/\\\/x.com\\\/ambitionsverige\",\"https:\\\/\\\/www.instagram.com\\\/ambitionsverige\",\"https:\\\/\\\/www.youtube.com\\\/@ambitionsverige1\",\"https:\\\/\\\/t.me\\\/sverigeforst1\"]}]}<\/script>\n<!-- \/ Yoast SEO plugin. -->","yoast_head_json":{"title":"Barbara \u00c5berg - Ambition Sverige","robots":{"index":"index","follow":"follow","max-snippet":"max-snippet:-1","max-image-preview":"max-image-preview:large","max-video-preview":"max-video-preview:-1"},"canonical":"https:\/\/ambitionsverige.se\/en\/politicians\/barbara-aberg\/","og_locale":"en_GB","og_type":"article","og_title":"Barbara \u00c5berg - Ambition Sverige","og_description":"Barbara \u00c5berg \u00e4r en handlingskraftig entrepren\u00f6r med \u00f6ver fyrtio \u00e5rs erfarenhet av f\u00f6retagande, service och organisationsarbete. Hon inledde sin bana inom reklambranschen p\u00e5 \u00e5ttiotalet. D\u00e4refter har hon drivit egna verksamheter inom flera omr\u00e5den, bland annat catering, konferensverksamhet och restaurang. Under nittiotalet arbetade Barbara internationellt och byggde upp aff\u00e4rskontakter i Ryssland. Hon var under en l\u00e4ngre [&hellip;]","og_url":"https:\/\/ambitionsverige.se\/en\/politicians\/barbara-aberg\/","og_site_name":"Ambition Sverige","article_publisher":"https:\/\/www.facebook.com\/AmbitionSverige","article_modified_time":"2026-03-24T21:04:48+00:00","og_image":[{"width":2048,"height":2048,"url":"https:\/\/ambitionsverige.se\/wp-content\/uploads\/2026\/03\/barbara-aberg.jpg","type":"image\/jpeg"}],"twitter_card":"summary_large_image","twitter_site":"@ambitionsverige","twitter_misc":{"Estimated reading time":"2 minutes"},"schema":{"@context":"https:\/\/schema.org","@graph":[{"@type":"WebPage","@id":"https:\/\/ambitionsverige.se\/politiker\/barbara-aberg\/","url":"https:\/\/ambitionsverige.se\/politiker\/barbara-aberg\/","name":"Barbara \u00c5berg - Ambition Sverige","isPartOf":{"@id":"https:\/\/ambitionsverige.se\/#website"},"primaryImageOfPage":{"@id":"https:\/\/ambitionsverige.se\/politiker\/barbara-aberg\/#primaryimage"},"image":{"@id":"https:\/\/ambitionsverige.se\/politiker\/barbara-aberg\/#primaryimage"},"thumbnailUrl":"https:\/\/ambitionsverige.se\/wp-content\/uploads\/2026\/03\/barbara-aberg.jpg","datePublished":"2026-02-13T10:55:54+00:00","dateModified":"2026-03-24T21:04:48+00:00","breadcrumb":{"@id":"https:\/\/ambitionsverige.se\/politiker\/barbara-aberg\/#breadcrumb"},"inLanguage":"en-GB","potentialAction":[{"@type":"ReadAction","target":["https:\/\/ambitionsverige.se\/politiker\/barbara-aberg\/"]}]},{"@type":"ImageObject","inLanguage":"en-GB","@id":"https:\/\/ambitionsverige.se\/politiker\/barbara-aberg\/#primaryimage","url":"https:\/\/ambitionsverige.se\/wp-content\/uploads\/2026\/03\/barbara-aberg.jpg","contentUrl":"https:\/\/ambitionsverige.se\/wp-content\/uploads\/2026\/03\/barbara-aberg.jpg","width":2048,"height":2048},{"@type":"BreadcrumbList","@id":"https:\/\/ambitionsverige.se\/politiker\/barbara-aberg\/#breadcrumb","itemListElement":[{"@type":"ListItem","position":1,"name":"Hem","item":"https:\/\/ambitionsverige.se\/"},{"@type":"ListItem","position":2,"name":"V\u00e5ra politiker &amp; medarbetare","item":"https:\/\/ambitionsverige.se\/politiker\/"},{"@type":"ListItem","position":3,"name":"Barbara \u00c5berg"}]},{"@type":"WebSite","@id":"https:\/\/ambitionsverige.se\/#website","url":"https:\/\/ambitionsverige.se\/","name":"Ambition Sverige","description":"","publisher":{"@id":"https:\/\/ambitionsverige.se\/#organization"},"potentialAction":[{"@type":"SearchAction","target":{"@type":"EntryPoint","urlTemplate":"https:\/\/ambitionsverige.se\/?s={search_term_string}"},"query-input":{"@type":"PropertyValueSpecification","valueRequired":true,"valueName":"search_term_string"}}],"inLanguage":"en-GB"},{"@type":"Organization","@id":"https:\/\/ambitionsverige.se\/#organization","name":"Ambition Sverige","url":"https:\/\/ambitionsverige.se\/","logo":{"@type":"ImageObject","inLanguage":"en-GB","@id":"https:\/\/ambitionsverige.se\/#\/schema\/logo\/image\/","url":"https:\/\/ambitionsverige.se\/wp-content\/uploads\/2025\/11\/ambition-sverige-logotyp.png","contentUrl":"https:\/\/ambitionsverige.se\/wp-content\/uploads\/2025\/11\/ambition-sverige-logotyp.png","width":512,"height":512,"caption":"Ambition Sverige"},"image":{"@id":"https:\/\/ambitionsverige.se\/#\/schema\/logo\/image\/"},"sameAs":["https:\/\/www.facebook.com\/AmbitionSverige","https:\/\/x.com\/ambitionsverige","https:\/\/www.instagram.com\/ambitionsverige","https:\/\/www.youtube.com\/@ambitionsverige1","https:\/\/t.me\/sverigeforst1"]}]}},"_links":{"self":[{"href":"https:\/\/ambitionsverige.se\/en\/wp-json\/wp\/v2\/pages\/1707","targetHints":{"allow":["GET"]}}],"collection":[{"href":"https:\/\/ambitionsverige.se\/en\/wp-json\/wp\/v2\/pages"}],"about":[{"href":"https:\/\/ambitionsverige.se\/en\/wp-json\/wp\/v2\/types\/page"}],"author":[{"embeddable":true,"href":"https:\/\/ambitionsverige.se\/en\/wp-json\/wp\/v2\/users\/1"}],"replies":[{"embeddable":true,"href":"https:\/\/ambitionsverige.se\/en\/wp-json\/wp\/v2\/comments?post=1707"}],"version-history":[{"count":1,"href":"https:\/\/ambitionsverige.se\/en\/wp-json\/wp\/v2\/pages\/1707\/revisions"}],"predecessor-version":[{"id":1708,"href":"https:\/\/ambitionsverige.se\/en\/wp-json\/wp\/v2\/pages\/1707\/revisions\/1708"}],"up":[{"embeddable":true,"href":"https:\/\/ambitionsverige.se\/en\/wp-json\/wp\/v2\/pages\/451"}],"wp:featuredmedia":[{"embeddable":true,"href":"https:\/\/ambitionsverige.se\/en\/wp-json\/wp\/v2\/media\/1889"}],"wp:attachment":[{"href":"https:\/\/ambitionsverige.se\/en\/wp-json\/wp\/v2\/media?parent=1707"}],"wp:term":[{"taxonomy":"local_branch","embeddable":true,"href":"https:\/\/ambitionsverige.se\/en\/wp-json\/wp\/v2\/local_branch?post=1707"}],"curies":[{"name":"wp","href":"https:\/\/api.w.org\/{rel}","templated":true}]}}