{"id":1838,"date":"2026-03-12T15:06:26","date_gmt":"2026-03-12T14:06:26","guid":{"rendered":"https:\/\/ambitionsverige.se\/?page_id=1838"},"modified":"2026-03-15T12:09:50","modified_gmt":"2026-03-15T11:09:50","slug":"profilbildmedlogotyp","status":"publish","type":"page","link":"https:\/\/ambitionsverige.se\/en\/profilbildmedlogotyp\/","title":{"rendered":"Profilbild med logotyp"},"content":{"rendered":"<style>\n    .logmaker-wrapper {\n        width: 100vw; \n        position: relative; \n        left: 50%; \n        transform: translateX(-50%); \n        display: flex; \n        justify-content: center; \n        background: transparent; \n        box-sizing: border-box;\n    }\n    \n    .logmaker-inner {\n        width: 100%; \n        max-width: 1200px; \n        padding: 0 20px;\n        \n        \/* \ud83d\udc47 H\u00c4R \u00c4NDRAR DU HUR MYCKET \u00c5T H\u00d6GER DEN SKA FLYTTAS \ud83d\udc47 *\/\n        \/* \u00d6ka siffran f\u00f6r att flytta mer \u00e5t h\u00f6ger (t.ex. 200px), minska f\u00f6r att flytta tillbaka *\/\n        transform: translateX(150px); \n        transition: transform 0.3s ease;\n    }\n\n    \/* P\u00e5 mobilsk\u00e4rmar nollst\u00e4ller vi f\u00f6rskjutningen s\u00e5 appen \u00e4r snyggt centrerad igen *\/\n    @media (max-width: 900px) {\n        .logmaker-inner {\n            transform: translateX(0);\n        }\n    }\n<\/style>\n\n<div class=\"logmaker-wrapper\">\n    <div class=\"logmaker-inner\">\n        <iframe \n            id=\"logmaker-iframe\" \n            src=\"https:\/\/logmaker.onrender.com\/\" \n            style=\"width: 100%; border: none; overflow: hidden; display: block; background: transparent; transition: height 0.2s ease;\" \n            scrolling=\"no\"\n            title=\"Skapa profilbild med logotyp\">\n        <\/iframe>\n    <\/div>\n<\/div>\n\n<script>\nwindow.addEventListener('message', function(e) {\n    if (e.origin !== \"https:\/\/logmaker.onrender.com\") return;\n\n    if (e.data && e.data.type === 'logmakerHeight') {\n        var iframe = document.getElementById('logmaker-iframe');\n        if (iframe) {\n            iframe.style.height = e.data.height + 'px';\n        }\n    }\n}, false);\n<\/script>\n\n\n\n<p><\/p>","protected":false},"excerpt":{"rendered":"","protected":false},"author":1,"featured_media":0,"parent":0,"menu_order":0,"comment_status":"closed","ping_status":"closed","template":"","meta":{"footnotes":""},"local_branch":[],"class_list":["post-1838","page","type-page","status-publish","hentry"],"yoast_head":"<!-- This site is optimized with the Yoast SEO plugin v27.6 - https:\/\/yoast.com\/product\/yoast-seo-wordpress\/ -->\n<title>Profilbild med logotyp - Ambition Sverige<\/title>\n<meta name=\"robots\" content=\"index, follow, max-snippet:-1, max-image-preview:large, max-video-preview:-1\" \/>\n<link rel=\"canonical\" href=\"https:\/\/ambitionsverige.se\/en\/profilbildmedlogotyp\/\" \/>\n<meta property=\"og:locale\" content=\"en_GB\" \/>\n<meta property=\"og:type\" content=\"article\" \/>\n<meta property=\"og:title\" content=\"Profilbild med logotyp - Ambition Sverige\" \/>\n<meta property=\"og:url\" content=\"https:\/\/ambitionsverige.se\/en\/profilbildmedlogotyp\/\" \/>\n<meta property=\"og:site_name\" content=\"Ambition Sverige\" \/>\n<meta property=\"article:publisher\" content=\"https:\/\/www.facebook.com\/AmbitionSverige\" \/>\n<meta property=\"article:modified_time\" content=\"2026-03-15T11:09:50+00:00\" \/>\n<meta name=\"twitter:card\" content=\"summary_large_image\" \/>\n<meta name=\"twitter:site\" content=\"@ambitionsverige\" \/>\n<script type=\"application\/ld+json\" class=\"yoast-schema-graph\">{\"@context\":\"https:\\\/\\\/schema.org\",\"@graph\":[{\"@type\":\"WebPage\",\"@id\":\"https:\\\/\\\/ambitionsverige.se\\\/profilbildmedlogotyp\\\/\",\"url\":\"https:\\\/\\\/ambitionsverige.se\\\/profilbildmedlogotyp\\\/\",\"name\":\"Profilbild med logotyp - Ambition Sverige\",\"isPartOf\":{\"@id\":\"https:\\\/\\\/ambitionsverige.se\\\/#website\"},\"datePublished\":\"2026-03-12T14:06:26+00:00\",\"dateModified\":\"2026-03-15T11:09:50+00:00\",\"breadcrumb\":{\"@id\":\"https:\\\/\\\/ambitionsverige.se\\\/profilbildmedlogotyp\\\/#breadcrumb\"},\"inLanguage\":\"en-GB\",\"potentialAction\":[{\"@type\":\"ReadAction\",\"target\":[\"https:\\\/\\\/ambitionsverige.se\\\/profilbildmedlogotyp\\\/\"]}]},{\"@type\":\"BreadcrumbList\",\"@id\":\"https:\\\/\\\/ambitionsverige.se\\\/profilbildmedlogotyp\\\/#breadcrumb\",\"itemListElement\":[{\"@type\":\"ListItem\",\"position\":1,\"name\":\"Hem\",\"item\":\"https:\\\/\\\/ambitionsverige.se\\\/\"},{\"@type\":\"ListItem\",\"position\":2,\"name\":\"Profilbild med logotyp\"}]},{\"@type\":\"WebSite\",\"@id\":\"https:\\\/\\\/ambitionsverige.se\\\/#website\",\"url\":\"https:\\\/\\\/ambitionsverige.se\\\/\",\"name\":\"Ambition Sverige\",\"description\":\"\",\"publisher\":{\"@id\":\"https:\\\/\\\/ambitionsverige.se\\\/#organization\"},\"potentialAction\":[{\"@type\":\"SearchAction\",\"target\":{\"@type\":\"EntryPoint\",\"urlTemplate\":\"https:\\\/\\\/ambitionsverige.se\\\/?s={search_term_string}\"},\"query-input\":{\"@type\":\"PropertyValueSpecification\",\"valueRequired\":true,\"valueName\":\"search_term_string\"}}],\"inLanguage\":\"en-GB\"},{\"@type\":\"Organization\",\"@id\":\"https:\\\/\\\/ambitionsverige.se\\\/#organization\",\"name\":\"Ambition Sverige\",\"url\":\"https:\\\/\\\/ambitionsverige.se\\\/\",\"logo\":{\"@type\":\"ImageObject\",\"inLanguage\":\"en-GB\",\"@id\":\"https:\\\/\\\/ambitionsverige.se\\\/#\\\/schema\\\/logo\\\/image\\\/\",\"url\":\"https:\\\/\\\/ambitionsverige.se\\\/wp-content\\\/uploads\\\/2025\\\/11\\\/ambition-sverige-logotyp.png\",\"contentUrl\":\"https:\\\/\\\/ambitionsverige.se\\\/wp-content\\\/uploads\\\/2025\\\/11\\\/ambition-sverige-logotyp.png\",\"width\":512,\"height\":512,\"caption\":\"Ambition Sverige\"},\"image\":{\"@id\":\"https:\\\/\\\/ambitionsverige.se\\\/#\\\/schema\\\/logo\\\/image\\\/\"},\"sameAs\":[\"https:\\\/\\\/www.facebook.com\\\/AmbitionSverige\",\"https:\\\/\\\/x.com\\\/ambitionsverige\",\"https:\\\/\\\/www.instagram.com\\\/ambitionsverige\",\"https:\\\/\\\/www.youtube.com\\\/@ambitionsverige1\",\"https:\\\/\\\/t.me\\\/sverigeforst1\"]}]}<\/script>\n<!-- \/ Yoast SEO plugin. -->","yoast_head_json":{"title":"Profilbild med logotyp - Ambition Sverige","robots":{"index":"index","follow":"follow","max-snippet":"max-snippet:-1","max-image-preview":"max-image-preview:large","max-video-preview":"max-video-preview:-1"},"canonical":"https:\/\/ambitionsverige.se\/en\/profilbildmedlogotyp\/","og_locale":"en_GB","og_type":"article","og_title":"Profilbild med logotyp - Ambition Sverige","og_url":"https:\/\/ambitionsverige.se\/en\/profilbildmedlogotyp\/","og_site_name":"Ambition Sverige","article_publisher":"https:\/\/www.facebook.com\/AmbitionSverige","article_modified_time":"2026-03-15T11:09:50+00:00","twitter_card":"summary_large_image","twitter_site":"@ambitionsverige","schema":{"@context":"https:\/\/schema.org","@graph":[{"@type":"WebPage","@id":"https:\/\/ambitionsverige.se\/profilbildmedlogotyp\/","url":"https:\/\/ambitionsverige.se\/profilbildmedlogotyp\/","name":"Profilbild med logotyp - Ambition Sverige","isPartOf":{"@id":"https:\/\/ambitionsverige.se\/#website"},"datePublished":"2026-03-12T14:06:26+00:00","dateModified":"2026-03-15T11:09:50+00:00","breadcrumb":{"@id":"https:\/\/ambitionsverige.se\/profilbildmedlogotyp\/#breadcrumb"},"inLanguage":"en-GB","potentialAction":[{"@type":"ReadAction","target":["https:\/\/ambitionsverige.se\/profilbildmedlogotyp\/"]}]},{"@type":"BreadcrumbList","@id":"https:\/\/ambitionsverige.se\/profilbildmedlogotyp\/#breadcrumb","itemListElement":[{"@type":"ListItem","position":1,"name":"Hem","item":"https:\/\/ambitionsverige.se\/"},{"@type":"ListItem","position":2,"name":"Profilbild med logotyp"}]},{"@type":"WebSite","@id":"https:\/\/ambitionsverige.se\/#website","url":"https:\/\/ambitionsverige.se\/","name":"Ambition Sverige","description":"","publisher":{"@id":"https:\/\/ambitionsverige.se\/#organization"},"potentialAction":[{"@type":"SearchAction","target":{"@type":"EntryPoint","urlTemplate":"https:\/\/ambitionsverige.se\/?s={search_term_string}"},"query-input":{"@type":"PropertyValueSpecification","valueRequired":true,"valueName":"search_term_string"}}],"inLanguage":"en-GB"},{"@type":"Organization","@id":"https:\/\/ambitionsverige.se\/#organization","name":"Ambition Sverige","url":"https:\/\/ambitionsverige.se\/","logo":{"@type":"ImageObject","inLanguage":"en-GB","@id":"https:\/\/ambitionsverige.se\/#\/schema\/logo\/image\/","url":"https:\/\/ambitionsverige.se\/wp-content\/uploads\/2025\/11\/ambition-sverige-logotyp.png","contentUrl":"https:\/\/ambitionsverige.se\/wp-content\/uploads\/2025\/11\/ambition-sverige-logotyp.png","width":512,"height":512,"caption":"Ambition Sverige"},"image":{"@id":"https:\/\/ambitionsverige.se\/#\/schema\/logo\/image\/"},"sameAs":["https:\/\/www.facebook.com\/AmbitionSverige","https:\/\/x.com\/ambitionsverige","https:\/\/www.instagram.com\/ambitionsverige","https:\/\/www.youtube.com\/@ambitionsverige1","https:\/\/t.me\/sverigeforst1"]}]}},"_links":{"self":[{"href":"https:\/\/ambitionsverige.se\/en\/wp-json\/wp\/v2\/pages\/1838","targetHints":{"allow":["GET"]}}],"collection":[{"href":"https:\/\/ambitionsverige.se\/en\/wp-json\/wp\/v2\/pages"}],"about":[{"href":"https:\/\/ambitionsverige.se\/en\/wp-json\/wp\/v2\/types\/page"}],"author":[{"embeddable":true,"href":"https:\/\/ambitionsverige.se\/en\/wp-json\/wp\/v2\/users\/1"}],"replies":[{"embeddable":true,"href":"https:\/\/ambitionsverige.se\/en\/wp-json\/wp\/v2\/comments?post=1838"}],"version-history":[{"count":24,"href":"https:\/\/ambitionsverige.se\/en\/wp-json\/wp\/v2\/pages\/1838\/revisions"}],"predecessor-version":[{"id":1877,"href":"https:\/\/ambitionsverige.se\/en\/wp-json\/wp\/v2\/pages\/1838\/revisions\/1877"}],"wp:attachment":[{"href":"https:\/\/ambitionsverige.se\/en\/wp-json\/wp\/v2\/media?parent=1838"}],"wp:term":[{"taxonomy":"local_branch","embeddable":true,"href":"https:\/\/ambitionsverige.se\/en\/wp-json\/wp\/v2\/local_branch?post=1838"}],"curies":[{"name":"wp","href":"https:\/\/api.w.org\/{rel}","templated":true}]}}