{"id":1920,"date":"2026-04-05T12:01:58","date_gmt":"2026-04-05T10:01:58","guid":{"rendered":"https:\/\/ambitionsverige.se\/?page_id=1920"},"modified":"2026-04-07T14:44:12","modified_gmt":"2026-04-07T12:44:12","slug":"namnbyte","status":"publish","type":"page","link":"https:\/\/ambitionsverige.se\/en\/namnbyte\/","title":{"rendered":"Ambition Sverige i J\u00e4rf\u00e4lla"},"content":{"rendered":"<figure class=\"wp-block-image size-large\"><img loading=\"lazy\" decoding=\"async\" width=\"1024\" height=\"184\" src=\"https:\/\/ambitionsverige.se\/wp-content\/uploads\/2026\/04\/Barkarbykyrka-1024x184.png\" alt=\"\" class=\"wp-image-1927\" srcset=\"https:\/\/ambitionsverige.se\/wp-content\/uploads\/2026\/04\/Barkarbykyrka-1024x184.png 1024w, https:\/\/ambitionsverige.se\/wp-content\/uploads\/2026\/04\/Barkarbykyrka-300x54.png 300w, https:\/\/ambitionsverige.se\/wp-content\/uploads\/2026\/04\/Barkarbykyrka-768x138.png 768w, https:\/\/ambitionsverige.se\/wp-content\/uploads\/2026\/04\/Barkarbykyrka-1536x277.png 1536w, https:\/\/ambitionsverige.se\/wp-content\/uploads\/2026\/04\/Barkarbykyrka-2048x369.png 2048w, https:\/\/ambitionsverige.se\/wp-content\/uploads\/2026\/04\/Barkarbykyrka-18x3.png 18w\" sizes=\"auto, (max-width: 1024px) 100vw, 1024px\" \/><\/figure>\n\n\n\n<p>F\u00f6reningen Granskning J\u00e4rf\u00e4lla \u00f6verg\u00e5r nu till Ambition Sverige J\u00e4rf\u00e4lla. Vi blir d\u00e4rmed en kommunavdelning och vi st\u00e4ller upp i val till Kommunfullm\u00e4ktige. Avsikt \u00e4r att fortsatt granska den politiska f\u00f6rsamling som styr och f\u00f6rfogar \u00f6ver v\u00e5ra gemensamma tillg\u00e5ngar. Genom stram ekonomisk styrning vill vi \u00e5terst\u00e4lla J\u00e4rf\u00e4llas st\u00e4llning som en produktiv kommun som bidrar till landets v\u00e4lst\u00e5nd och inte belastar statens budget med kommunala utj\u00e4mningsbidrag. Staten kommer att beh\u00f6va alla tillg\u00e4ngliga medel f\u00f6r att st\u00e4rka v\u00e5rt f\u00f6rsvar samtidigt med diplomatiska insatser f\u00f6r goda relationer internationellt.<\/p>\n\n\n\n<div class=\"wp-block-buttons is-layout-flex wp-block-buttons-is-layout-flex\">\n<div class=\"wp-block-button\"><a class=\"wp-block-button__link has-black-color has-luminous-vivid-amber-background-color has-text-color has-background has-link-color has-small-font-size has-custom-font-size wp-element-button\" href=\"https:\/\/ambitionsverige.se\/en\/jarfalla\/\"><strong>&lt; <\/strong>Home<\/a><\/div>\n<\/div>","protected":false},"excerpt":{"rendered":"<p>F\u00f6reningen Granskning J\u00e4rf\u00e4lla \u00f6verg\u00e5r nu till Ambition Sverige J\u00e4rf\u00e4lla. Vi blir d\u00e4rmed en kommunavdelning och vi st\u00e4ller upp i val till Kommunfullm\u00e4ktige. Avsikt \u00e4r att fortsatt granska den politiska f\u00f6rsamling som styr och f\u00f6rfogar \u00f6ver v\u00e5ra gemensamma tillg\u00e5ngar. Genom stram ekonomisk styrning vill vi \u00e5terst\u00e4lla J\u00e4rf\u00e4llas st\u00e4llning som en produktiv kommun som bidrar till landets [&hellip;]<\/p>\n","protected":false},"author":5,"featured_media":1927,"parent":0,"menu_order":0,"comment_status":"closed","ping_status":"closed","template":"","meta":{"footnotes":""},"local_branch":[47],"class_list":["post-1920","page","type-page","status-publish","has-post-thumbnail","hentry"],"yoast_head":"<!-- This site is optimized with the Yoast SEO plugin v27.4 - https:\/\/yoast.com\/product\/yoast-seo-wordpress\/ -->\n<title>Ambition Sverige i J\u00e4rf\u00e4lla - Ambition Sverige<\/title>\n<meta name=\"robots\" content=\"index, follow, max-snippet:-1, max-image-preview:large, max-video-preview:-1\" \/>\n<link rel=\"canonical\" href=\"https:\/\/ambitionsverige.se\/en\/namnbyte\/\" \/>\n<meta property=\"og:locale\" content=\"en_GB\" \/>\n<meta property=\"og:type\" content=\"article\" \/>\n<meta property=\"og:title\" content=\"Ambition Sverige i J\u00e4rf\u00e4lla - Ambition Sverige\" \/>\n<meta property=\"og:description\" content=\"F\u00f6reningen Granskning J\u00e4rf\u00e4lla \u00f6verg\u00e5r nu till Ambition Sverige J\u00e4rf\u00e4lla. Vi blir d\u00e4rmed en kommunavdelning och vi st\u00e4ller upp i val till Kommunfullm\u00e4ktige. Avsikt \u00e4r att fortsatt granska den politiska f\u00f6rsamling som styr och f\u00f6rfogar \u00f6ver v\u00e5ra gemensamma tillg\u00e5ngar. Genom stram ekonomisk styrning vill vi \u00e5terst\u00e4lla J\u00e4rf\u00e4llas st\u00e4llning som en produktiv kommun som bidrar till landets [&hellip;]\" \/>\n<meta property=\"og:url\" content=\"https:\/\/ambitionsverige.se\/en\/namnbyte\/\" \/>\n<meta property=\"og:site_name\" content=\"Ambition Sverige\" \/>\n<meta property=\"article:publisher\" content=\"https:\/\/www.facebook.com\/AmbitionSverige\" \/>\n<meta property=\"article:modified_time\" content=\"2026-04-07T12:44:12+00:00\" \/>\n<meta property=\"og:image\" content=\"https:\/\/ambitionsverige.se\/wp-content\/uploads\/2026\/04\/Barkarbykyrka-1024x184.png\" \/>\n\t<meta property=\"og:image:width\" content=\"1024\" \/>\n\t<meta property=\"og:image:height\" content=\"184\" \/>\n\t<meta property=\"og:image:type\" content=\"image\/png\" \/>\n<meta name=\"twitter:card\" content=\"summary_large_image\" \/>\n<meta name=\"twitter:site\" content=\"@ambitionsverige\" \/>\n<meta name=\"twitter:label1\" content=\"Estimated reading time\" \/>\n\t<meta name=\"twitter:data1\" content=\"1 minute\" \/>\n<script type=\"application\/ld+json\" class=\"yoast-schema-graph\">{\"@context\":\"https:\\\/\\\/schema.org\",\"@graph\":[{\"@type\":\"WebPage\",\"@id\":\"https:\\\/\\\/ambitionsverige.se\\\/namnbyte\\\/\",\"url\":\"https:\\\/\\\/ambitionsverige.se\\\/namnbyte\\\/\",\"name\":\"Ambition Sverige i J\u00e4rf\u00e4lla - Ambition Sverige\",\"isPartOf\":{\"@id\":\"https:\\\/\\\/ambitionsverige.se\\\/#website\"},\"primaryImageOfPage\":{\"@id\":\"https:\\\/\\\/ambitionsverige.se\\\/namnbyte\\\/#primaryimage\"},\"image\":{\"@id\":\"https:\\\/\\\/ambitionsverige.se\\\/namnbyte\\\/#primaryimage\"},\"thumbnailUrl\":\"https:\\\/\\\/ambitionsverige.se\\\/wp-content\\\/uploads\\\/2026\\\/04\\\/Barkarbykyrka-scaled.png\",\"datePublished\":\"2026-04-05T10:01:58+00:00\",\"dateModified\":\"2026-04-07T12:44:12+00:00\",\"breadcrumb\":{\"@id\":\"https:\\\/\\\/ambitionsverige.se\\\/namnbyte\\\/#breadcrumb\"},\"inLanguage\":\"en-GB\",\"potentialAction\":[{\"@type\":\"ReadAction\",\"target\":[\"https:\\\/\\\/ambitionsverige.se\\\/namnbyte\\\/\"]}]},{\"@type\":\"ImageObject\",\"inLanguage\":\"en-GB\",\"@id\":\"https:\\\/\\\/ambitionsverige.se\\\/namnbyte\\\/#primaryimage\",\"url\":\"https:\\\/\\\/ambitionsverige.se\\\/wp-content\\\/uploads\\\/2026\\\/04\\\/Barkarbykyrka-scaled.png\",\"contentUrl\":\"https:\\\/\\\/ambitionsverige.se\\\/wp-content\\\/uploads\\\/2026\\\/04\\\/Barkarbykyrka-scaled.png\",\"width\":2560,\"height\":461},{\"@type\":\"BreadcrumbList\",\"@id\":\"https:\\\/\\\/ambitionsverige.se\\\/namnbyte\\\/#breadcrumb\",\"itemListElement\":[{\"@type\":\"ListItem\",\"position\":1,\"name\":\"Hem\",\"item\":\"https:\\\/\\\/ambitionsverige.se\\\/\"},{\"@type\":\"ListItem\",\"position\":2,\"name\":\"Ambition Sverige i J\u00e4rf\u00e4lla\"}]},{\"@type\":\"WebSite\",\"@id\":\"https:\\\/\\\/ambitionsverige.se\\\/#website\",\"url\":\"https:\\\/\\\/ambitionsverige.se\\\/\",\"name\":\"Ambition Sverige\",\"description\":\"\",\"publisher\":{\"@id\":\"https:\\\/\\\/ambitionsverige.se\\\/#organization\"},\"potentialAction\":[{\"@type\":\"SearchAction\",\"target\":{\"@type\":\"EntryPoint\",\"urlTemplate\":\"https:\\\/\\\/ambitionsverige.se\\\/?s={search_term_string}\"},\"query-input\":{\"@type\":\"PropertyValueSpecification\",\"valueRequired\":true,\"valueName\":\"search_term_string\"}}],\"inLanguage\":\"en-GB\"},{\"@type\":\"Organization\",\"@id\":\"https:\\\/\\\/ambitionsverige.se\\\/#organization\",\"name\":\"Ambition Sverige\",\"url\":\"https:\\\/\\\/ambitionsverige.se\\\/\",\"logo\":{\"@type\":\"ImageObject\",\"inLanguage\":\"en-GB\",\"@id\":\"https:\\\/\\\/ambitionsverige.se\\\/#\\\/schema\\\/logo\\\/image\\\/\",\"url\":\"https:\\\/\\\/ambitionsverige.se\\\/wp-content\\\/uploads\\\/2025\\\/11\\\/ambition-sverige-logotyp.png\",\"contentUrl\":\"https:\\\/\\\/ambitionsverige.se\\\/wp-content\\\/uploads\\\/2025\\\/11\\\/ambition-sverige-logotyp.png\",\"width\":512,\"height\":512,\"caption\":\"Ambition Sverige\"},\"image\":{\"@id\":\"https:\\\/\\\/ambitionsverige.se\\\/#\\\/schema\\\/logo\\\/image\\\/\"},\"sameAs\":[\"https:\\\/\\\/www.facebook.com\\\/AmbitionSverige\",\"https:\\\/\\\/x.com\\\/ambitionsverige\",\"https:\\\/\\\/www.instagram.com\\\/ambitionsverige\",\"https:\\\/\\\/www.youtube.com\\\/@ambitionsverige1\",\"https:\\\/\\\/t.me\\\/sverigeforst1\"]}]}<\/script>\n<!-- \/ Yoast SEO plugin. -->","yoast_head_json":{"title":"Ambition Sverige i J\u00e4rf\u00e4lla - Ambition Sverige","robots":{"index":"index","follow":"follow","max-snippet":"max-snippet:-1","max-image-preview":"max-image-preview:large","max-video-preview":"max-video-preview:-1"},"canonical":"https:\/\/ambitionsverige.se\/en\/namnbyte\/","og_locale":"en_GB","og_type":"article","og_title":"Ambition Sverige i J\u00e4rf\u00e4lla - Ambition Sverige","og_description":"F\u00f6reningen Granskning J\u00e4rf\u00e4lla \u00f6verg\u00e5r nu till Ambition Sverige J\u00e4rf\u00e4lla. Vi blir d\u00e4rmed en kommunavdelning och vi st\u00e4ller upp i val till Kommunfullm\u00e4ktige. Avsikt \u00e4r att fortsatt granska den politiska f\u00f6rsamling som styr och f\u00f6rfogar \u00f6ver v\u00e5ra gemensamma tillg\u00e5ngar. Genom stram ekonomisk styrning vill vi \u00e5terst\u00e4lla J\u00e4rf\u00e4llas st\u00e4llning som en produktiv kommun som bidrar till landets [&hellip;]","og_url":"https:\/\/ambitionsverige.se\/en\/namnbyte\/","og_site_name":"Ambition Sverige","article_publisher":"https:\/\/www.facebook.com\/AmbitionSverige","article_modified_time":"2026-04-07T12:44:12+00:00","og_image":[{"width":1024,"height":184,"url":"https:\/\/ambitionsverige.se\/wp-content\/uploads\/2026\/04\/Barkarbykyrka-1024x184.png","type":"image\/png"}],"twitter_card":"summary_large_image","twitter_site":"@ambitionsverige","twitter_misc":{"Estimated reading time":"1 minute"},"schema":{"@context":"https:\/\/schema.org","@graph":[{"@type":"WebPage","@id":"https:\/\/ambitionsverige.se\/namnbyte\/","url":"https:\/\/ambitionsverige.se\/namnbyte\/","name":"Ambition Sverige i J\u00e4rf\u00e4lla - Ambition Sverige","isPartOf":{"@id":"https:\/\/ambitionsverige.se\/#website"},"primaryImageOfPage":{"@id":"https:\/\/ambitionsverige.se\/namnbyte\/#primaryimage"},"image":{"@id":"https:\/\/ambitionsverige.se\/namnbyte\/#primaryimage"},"thumbnailUrl":"https:\/\/ambitionsverige.se\/wp-content\/uploads\/2026\/04\/Barkarbykyrka-scaled.png","datePublished":"2026-04-05T10:01:58+00:00","dateModified":"2026-04-07T12:44:12+00:00","breadcrumb":{"@id":"https:\/\/ambitionsverige.se\/namnbyte\/#breadcrumb"},"inLanguage":"en-GB","potentialAction":[{"@type":"ReadAction","target":["https:\/\/ambitionsverige.se\/namnbyte\/"]}]},{"@type":"ImageObject","inLanguage":"en-GB","@id":"https:\/\/ambitionsverige.se\/namnbyte\/#primaryimage","url":"https:\/\/ambitionsverige.se\/wp-content\/uploads\/2026\/04\/Barkarbykyrka-scaled.png","contentUrl":"https:\/\/ambitionsverige.se\/wp-content\/uploads\/2026\/04\/Barkarbykyrka-scaled.png","width":2560,"height":461},{"@type":"BreadcrumbList","@id":"https:\/\/ambitionsverige.se\/namnbyte\/#breadcrumb","itemListElement":[{"@type":"ListItem","position":1,"name":"Hem","item":"https:\/\/ambitionsverige.se\/"},{"@type":"ListItem","position":2,"name":"Ambition Sverige i J\u00e4rf\u00e4lla"}]},{"@type":"WebSite","@id":"https:\/\/ambitionsverige.se\/#website","url":"https:\/\/ambitionsverige.se\/","name":"Ambition Sverige","description":"","publisher":{"@id":"https:\/\/ambitionsverige.se\/#organization"},"potentialAction":[{"@type":"SearchAction","target":{"@type":"EntryPoint","urlTemplate":"https:\/\/ambitionsverige.se\/?s={search_term_string}"},"query-input":{"@type":"PropertyValueSpecification","valueRequired":true,"valueName":"search_term_string"}}],"inLanguage":"en-GB"},{"@type":"Organization","@id":"https:\/\/ambitionsverige.se\/#organization","name":"Ambition Sverige","url":"https:\/\/ambitionsverige.se\/","logo":{"@type":"ImageObject","inLanguage":"en-GB","@id":"https:\/\/ambitionsverige.se\/#\/schema\/logo\/image\/","url":"https:\/\/ambitionsverige.se\/wp-content\/uploads\/2025\/11\/ambition-sverige-logotyp.png","contentUrl":"https:\/\/ambitionsverige.se\/wp-content\/uploads\/2025\/11\/ambition-sverige-logotyp.png","width":512,"height":512,"caption":"Ambition Sverige"},"image":{"@id":"https:\/\/ambitionsverige.se\/#\/schema\/logo\/image\/"},"sameAs":["https:\/\/www.facebook.com\/AmbitionSverige","https:\/\/x.com\/ambitionsverige","https:\/\/www.instagram.com\/ambitionsverige","https:\/\/www.youtube.com\/@ambitionsverige1","https:\/\/t.me\/sverigeforst1"]}]}},"_links":{"self":[{"href":"https:\/\/ambitionsverige.se\/en\/wp-json\/wp\/v2\/pages\/1920","targetHints":{"allow":["GET"]}}],"collection":[{"href":"https:\/\/ambitionsverige.se\/en\/wp-json\/wp\/v2\/pages"}],"about":[{"href":"https:\/\/ambitionsverige.se\/en\/wp-json\/wp\/v2\/types\/page"}],"author":[{"embeddable":true,"href":"https:\/\/ambitionsverige.se\/en\/wp-json\/wp\/v2\/users\/5"}],"replies":[{"embeddable":true,"href":"https:\/\/ambitionsverige.se\/en\/wp-json\/wp\/v2\/comments?post=1920"}],"version-history":[{"count":10,"href":"https:\/\/ambitionsverige.se\/en\/wp-json\/wp\/v2\/pages\/1920\/revisions"}],"predecessor-version":[{"id":2097,"href":"https:\/\/ambitionsverige.se\/en\/wp-json\/wp\/v2\/pages\/1920\/revisions\/2097"}],"wp:featuredmedia":[{"embeddable":true,"href":"https:\/\/ambitionsverige.se\/en\/wp-json\/wp\/v2\/media\/1927"}],"wp:attachment":[{"href":"https:\/\/ambitionsverige.se\/en\/wp-json\/wp\/v2\/media?parent=1920"}],"wp:term":[{"taxonomy":"local_branch","embeddable":true,"href":"https:\/\/ambitionsverige.se\/en\/wp-json\/wp\/v2\/local_branch?post=1920"}],"curies":[{"name":"wp","href":"https:\/\/api.w.org\/{rel}","templated":true}]}}