{"id":457,"date":"2025-10-05T19:07:35","date_gmt":"2025-10-05T17:07:35","guid":{"rendered":"https:\/\/ambitionsverige.se\/?page_id=457"},"modified":"2026-02-22T10:00:56","modified_gmt":"2026-02-22T09:00:56","slug":"torbjorn-sassersson","status":"publish","type":"page","link":"https:\/\/ambitionsverige.se\/en\/politiker\/torbjorn-sassersson\/","title":{"rendered":"Torbj\u00f6rn Sassersson"},"content":{"rendered":"<p>Torbj\u00f6rn has worked as a journalist since 1995 and is the editor of the independent magazine NewsVoice, which he founded in 2011. He is a natural scientist and holds a bachelor's degree in environmental management from Stockholm University. Torbj\u00f6rn covers geopolitics and he frequently publishes and writes about Africa, China, the Middle East and South America (global South and East). Torbj\u00f6rn sees journalism as an important work for cultural exchange and bridge building between cultures, and he is inspired by Johan Galtung's peace journalism.<\/p>","protected":false},"excerpt":{"rendered":"<p>Torbj\u00f6rn arbetar som journalist sedan 1995 och \u00e4r redakt\u00f6r f\u00f6r den oberoende tidningen NewsVoice, som han grundade 2011. Han \u00e4r naturvetare och har en fil kand inom milj\u00f6v\u00e5rd fr\u00e5n Stockholms universitet. Torbj\u00f6rn omv\u00e4rldsbevakar geopolitiken och han publicerar och skriver frekvent om Afrika, Kina, Mellan\u00f6stern och Sydamerika (globala Syd och \u00d6st). Torbj\u00f6rn betraktar journalistik som ett [&hellip;]<\/p>\n","protected":false},"author":1,"featured_media":1777,"parent":451,"menu_order":0,"comment_status":"closed","ping_status":"closed","template":"politiker\/torbjorn-sassersson.php","meta":{"footnotes":""},"local_branch":[],"class_list":["post-457","page","type-page","status-publish","has-post-thumbnail","hentry"],"yoast_head":"<!-- This site is optimized with the Yoast SEO plugin v27.4 - https:\/\/yoast.com\/product\/yoast-seo-wordpress\/ -->\n<title>Torbj\u00f6rn Sassersson - Ambition Sverige<\/title>\n<meta name=\"robots\" content=\"index, follow, max-snippet:-1, max-image-preview:large, max-video-preview:-1\" \/>\n<link rel=\"canonical\" href=\"https:\/\/ambitionsverige.se\/en\/politicians\/torbjorn-sassersson\/\" \/>\n<meta property=\"og:locale\" content=\"en_GB\" \/>\n<meta property=\"og:type\" content=\"article\" \/>\n<meta property=\"og:title\" content=\"Torbj\u00f6rn Sassersson - Ambition Sverige\" \/>\n<meta property=\"og:description\" content=\"Torbj\u00f6rn arbetar som journalist sedan 1995 och \u00e4r redakt\u00f6r f\u00f6r den oberoende tidningen NewsVoice, som han grundade 2011. Han \u00e4r naturvetare och har en fil kand inom milj\u00f6v\u00e5rd fr\u00e5n Stockholms universitet. Torbj\u00f6rn omv\u00e4rldsbevakar geopolitiken och han publicerar och skriver frekvent om Afrika, Kina, Mellan\u00f6stern och Sydamerika (globala Syd och \u00d6st). Torbj\u00f6rn betraktar journalistik som ett [&hellip;]\" \/>\n<meta property=\"og:url\" content=\"https:\/\/ambitionsverige.se\/en\/politicians\/torbjorn-sassersson\/\" \/>\n<meta property=\"og:site_name\" content=\"Ambition Sverige\" \/>\n<meta property=\"article:publisher\" content=\"https:\/\/www.facebook.com\/AmbitionSverige\" \/>\n<meta property=\"article:modified_time\" content=\"2026-02-22T09:00:56+00:00\" \/>\n<meta property=\"og:image\" content=\"https:\/\/ambitionsverige.se\/wp-content\/uploads\/2026\/02\/torbjorn-sassersson.jpg\" \/>\n\t<meta property=\"og:image:width\" content=\"2082\" \/>\n\t<meta property=\"og:image:height\" content=\"2082\" \/>\n\t<meta property=\"og:image:type\" content=\"image\/jpeg\" \/>\n<meta name=\"twitter:card\" content=\"summary_large_image\" \/>\n<meta name=\"twitter:site\" content=\"@ambitionsverige\" \/>\n<meta name=\"twitter:label1\" content=\"Estimated reading time\" \/>\n\t<meta name=\"twitter:data1\" content=\"1 minute\" \/>\n<script type=\"application\/ld+json\" class=\"yoast-schema-graph\">{\"@context\":\"https:\\\/\\\/schema.org\",\"@graph\":[{\"@type\":\"WebPage\",\"@id\":\"https:\\\/\\\/ambitionsverige.se\\\/politiker\\\/torbjorn-sassersson\\\/\",\"url\":\"https:\\\/\\\/ambitionsverige.se\\\/politiker\\\/torbjorn-sassersson\\\/\",\"name\":\"Torbj\u00f6rn Sassersson - Ambition Sverige\",\"isPartOf\":{\"@id\":\"https:\\\/\\\/ambitionsverige.se\\\/#website\"},\"primaryImageOfPage\":{\"@id\":\"https:\\\/\\\/ambitionsverige.se\\\/politiker\\\/torbjorn-sassersson\\\/#primaryimage\"},\"image\":{\"@id\":\"https:\\\/\\\/ambitionsverige.se\\\/politiker\\\/torbjorn-sassersson\\\/#primaryimage\"},\"thumbnailUrl\":\"https:\\\/\\\/ambitionsverige.se\\\/wp-content\\\/uploads\\\/2026\\\/02\\\/torbjorn-sassersson.jpg\",\"datePublished\":\"2025-10-05T17:07:35+00:00\",\"dateModified\":\"2026-02-22T09:00:56+00:00\",\"breadcrumb\":{\"@id\":\"https:\\\/\\\/ambitionsverige.se\\\/politiker\\\/torbjorn-sassersson\\\/#breadcrumb\"},\"inLanguage\":\"en-GB\",\"potentialAction\":[{\"@type\":\"ReadAction\",\"target\":[\"https:\\\/\\\/ambitionsverige.se\\\/politiker\\\/torbjorn-sassersson\\\/\"]}]},{\"@type\":\"ImageObject\",\"inLanguage\":\"en-GB\",\"@id\":\"https:\\\/\\\/ambitionsverige.se\\\/politiker\\\/torbjorn-sassersson\\\/#primaryimage\",\"url\":\"https:\\\/\\\/ambitionsverige.se\\\/wp-content\\\/uploads\\\/2026\\\/02\\\/torbjorn-sassersson.jpg\",\"contentUrl\":\"https:\\\/\\\/ambitionsverige.se\\\/wp-content\\\/uploads\\\/2026\\\/02\\\/torbjorn-sassersson.jpg\",\"width\":2082,\"height\":2082},{\"@type\":\"BreadcrumbList\",\"@id\":\"https:\\\/\\\/ambitionsverige.se\\\/politiker\\\/torbjorn-sassersson\\\/#breadcrumb\",\"itemListElement\":[{\"@type\":\"ListItem\",\"position\":1,\"name\":\"Hem\",\"item\":\"https:\\\/\\\/ambitionsverige.se\\\/\"},{\"@type\":\"ListItem\",\"position\":2,\"name\":\"V\u00e5ra politiker &amp; medarbetare\",\"item\":\"https:\\\/\\\/ambitionsverige.se\\\/politiker\\\/\"},{\"@type\":\"ListItem\",\"position\":3,\"name\":\"Torbj\u00f6rn Sassersson\"}]},{\"@type\":\"WebSite\",\"@id\":\"https:\\\/\\\/ambitionsverige.se\\\/#website\",\"url\":\"https:\\\/\\\/ambitionsverige.se\\\/\",\"name\":\"Ambition Sverige\",\"description\":\"\",\"publisher\":{\"@id\":\"https:\\\/\\\/ambitionsverige.se\\\/#organization\"},\"potentialAction\":[{\"@type\":\"SearchAction\",\"target\":{\"@type\":\"EntryPoint\",\"urlTemplate\":\"https:\\\/\\\/ambitionsverige.se\\\/?s={search_term_string}\"},\"query-input\":{\"@type\":\"PropertyValueSpecification\",\"valueRequired\":true,\"valueName\":\"search_term_string\"}}],\"inLanguage\":\"en-GB\"},{\"@type\":\"Organization\",\"@id\":\"https:\\\/\\\/ambitionsverige.se\\\/#organization\",\"name\":\"Ambition Sverige\",\"url\":\"https:\\\/\\\/ambitionsverige.se\\\/\",\"logo\":{\"@type\":\"ImageObject\",\"inLanguage\":\"en-GB\",\"@id\":\"https:\\\/\\\/ambitionsverige.se\\\/#\\\/schema\\\/logo\\\/image\\\/\",\"url\":\"https:\\\/\\\/ambitionsverige.se\\\/wp-content\\\/uploads\\\/2025\\\/11\\\/ambition-sverige-logotyp.png\",\"contentUrl\":\"https:\\\/\\\/ambitionsverige.se\\\/wp-content\\\/uploads\\\/2025\\\/11\\\/ambition-sverige-logotyp.png\",\"width\":512,\"height\":512,\"caption\":\"Ambition Sverige\"},\"image\":{\"@id\":\"https:\\\/\\\/ambitionsverige.se\\\/#\\\/schema\\\/logo\\\/image\\\/\"},\"sameAs\":[\"https:\\\/\\\/www.facebook.com\\\/AmbitionSverige\",\"https:\\\/\\\/x.com\\\/ambitionsverige\",\"https:\\\/\\\/www.instagram.com\\\/ambitionsverige\",\"https:\\\/\\\/www.youtube.com\\\/@ambitionsverige1\",\"https:\\\/\\\/t.me\\\/sverigeforst1\"]}]}<\/script>\n<!-- \/ Yoast SEO plugin. -->","yoast_head_json":{"title":"Torbj\u00f6rn Sassersson - Ambition Sverige","robots":{"index":"index","follow":"follow","max-snippet":"max-snippet:-1","max-image-preview":"max-image-preview:large","max-video-preview":"max-video-preview:-1"},"canonical":"https:\/\/ambitionsverige.se\/en\/politicians\/torbjorn-sassersson\/","og_locale":"en_GB","og_type":"article","og_title":"Torbj\u00f6rn Sassersson - Ambition Sverige","og_description":"Torbj\u00f6rn arbetar som journalist sedan 1995 och \u00e4r redakt\u00f6r f\u00f6r den oberoende tidningen NewsVoice, som han grundade 2011. Han \u00e4r naturvetare och har en fil kand inom milj\u00f6v\u00e5rd fr\u00e5n Stockholms universitet. Torbj\u00f6rn omv\u00e4rldsbevakar geopolitiken och han publicerar och skriver frekvent om Afrika, Kina, Mellan\u00f6stern och Sydamerika (globala Syd och \u00d6st). Torbj\u00f6rn betraktar journalistik som ett [&hellip;]","og_url":"https:\/\/ambitionsverige.se\/en\/politicians\/torbjorn-sassersson\/","og_site_name":"Ambition Sverige","article_publisher":"https:\/\/www.facebook.com\/AmbitionSverige","article_modified_time":"2026-02-22T09:00:56+00:00","og_image":[{"width":2082,"height":2082,"url":"https:\/\/ambitionsverige.se\/wp-content\/uploads\/2026\/02\/torbjorn-sassersson.jpg","type":"image\/jpeg"}],"twitter_card":"summary_large_image","twitter_site":"@ambitionsverige","twitter_misc":{"Estimated reading time":"1 minute"},"schema":{"@context":"https:\/\/schema.org","@graph":[{"@type":"WebPage","@id":"https:\/\/ambitionsverige.se\/politiker\/torbjorn-sassersson\/","url":"https:\/\/ambitionsverige.se\/politiker\/torbjorn-sassersson\/","name":"Torbj\u00f6rn Sassersson - Ambition Sverige","isPartOf":{"@id":"https:\/\/ambitionsverige.se\/#website"},"primaryImageOfPage":{"@id":"https:\/\/ambitionsverige.se\/politiker\/torbjorn-sassersson\/#primaryimage"},"image":{"@id":"https:\/\/ambitionsverige.se\/politiker\/torbjorn-sassersson\/#primaryimage"},"thumbnailUrl":"https:\/\/ambitionsverige.se\/wp-content\/uploads\/2026\/02\/torbjorn-sassersson.jpg","datePublished":"2025-10-05T17:07:35+00:00","dateModified":"2026-02-22T09:00:56+00:00","breadcrumb":{"@id":"https:\/\/ambitionsverige.se\/politiker\/torbjorn-sassersson\/#breadcrumb"},"inLanguage":"en-GB","potentialAction":[{"@type":"ReadAction","target":["https:\/\/ambitionsverige.se\/politiker\/torbjorn-sassersson\/"]}]},{"@type":"ImageObject","inLanguage":"en-GB","@id":"https:\/\/ambitionsverige.se\/politiker\/torbjorn-sassersson\/#primaryimage","url":"https:\/\/ambitionsverige.se\/wp-content\/uploads\/2026\/02\/torbjorn-sassersson.jpg","contentUrl":"https:\/\/ambitionsverige.se\/wp-content\/uploads\/2026\/02\/torbjorn-sassersson.jpg","width":2082,"height":2082},{"@type":"BreadcrumbList","@id":"https:\/\/ambitionsverige.se\/politiker\/torbjorn-sassersson\/#breadcrumb","itemListElement":[{"@type":"ListItem","position":1,"name":"Hem","item":"https:\/\/ambitionsverige.se\/"},{"@type":"ListItem","position":2,"name":"V\u00e5ra politiker &amp; medarbetare","item":"https:\/\/ambitionsverige.se\/politiker\/"},{"@type":"ListItem","position":3,"name":"Torbj\u00f6rn Sassersson"}]},{"@type":"WebSite","@id":"https:\/\/ambitionsverige.se\/#website","url":"https:\/\/ambitionsverige.se\/","name":"Ambition Sverige","description":"","publisher":{"@id":"https:\/\/ambitionsverige.se\/#organization"},"potentialAction":[{"@type":"SearchAction","target":{"@type":"EntryPoint","urlTemplate":"https:\/\/ambitionsverige.se\/?s={search_term_string}"},"query-input":{"@type":"PropertyValueSpecification","valueRequired":true,"valueName":"search_term_string"}}],"inLanguage":"en-GB"},{"@type":"Organization","@id":"https:\/\/ambitionsverige.se\/#organization","name":"Ambition Sverige","url":"https:\/\/ambitionsverige.se\/","logo":{"@type":"ImageObject","inLanguage":"en-GB","@id":"https:\/\/ambitionsverige.se\/#\/schema\/logo\/image\/","url":"https:\/\/ambitionsverige.se\/wp-content\/uploads\/2025\/11\/ambition-sverige-logotyp.png","contentUrl":"https:\/\/ambitionsverige.se\/wp-content\/uploads\/2025\/11\/ambition-sverige-logotyp.png","width":512,"height":512,"caption":"Ambition Sverige"},"image":{"@id":"https:\/\/ambitionsverige.se\/#\/schema\/logo\/image\/"},"sameAs":["https:\/\/www.facebook.com\/AmbitionSverige","https:\/\/x.com\/ambitionsverige","https:\/\/www.instagram.com\/ambitionsverige","https:\/\/www.youtube.com\/@ambitionsverige1","https:\/\/t.me\/sverigeforst1"]}]}},"_links":{"self":[{"href":"https:\/\/ambitionsverige.se\/en\/wp-json\/wp\/v2\/pages\/457","targetHints":{"allow":["GET"]}}],"collection":[{"href":"https:\/\/ambitionsverige.se\/en\/wp-json\/wp\/v2\/pages"}],"about":[{"href":"https:\/\/ambitionsverige.se\/en\/wp-json\/wp\/v2\/types\/page"}],"author":[{"embeddable":true,"href":"https:\/\/ambitionsverige.se\/en\/wp-json\/wp\/v2\/users\/1"}],"replies":[{"embeddable":true,"href":"https:\/\/ambitionsverige.se\/en\/wp-json\/wp\/v2\/comments?post=457"}],"version-history":[{"count":5,"href":"https:\/\/ambitionsverige.se\/en\/wp-json\/wp\/v2\/pages\/457\/revisions"}],"predecessor-version":[{"id":1502,"href":"https:\/\/ambitionsverige.se\/en\/wp-json\/wp\/v2\/pages\/457\/revisions\/1502"}],"up":[{"embeddable":true,"href":"https:\/\/ambitionsverige.se\/en\/wp-json\/wp\/v2\/pages\/451"}],"wp:featuredmedia":[{"embeddable":true,"href":"https:\/\/ambitionsverige.se\/en\/wp-json\/wp\/v2\/media\/1777"}],"wp:attachment":[{"href":"https:\/\/ambitionsverige.se\/en\/wp-json\/wp\/v2\/media?parent=457"}],"wp:term":[{"taxonomy":"local_branch","embeddable":true,"href":"https:\/\/ambitionsverige.se\/en\/wp-json\/wp\/v2\/local_branch?post=457"}],"curies":[{"name":"wp","href":"https:\/\/api.w.org\/{rel}","templated":true}]}}