{"id":467,"date":"2025-10-05T20:59:02","date_gmt":"2025-10-05T18:59:02","guid":{"rendered":"https:\/\/ambitionsverige.se\/?page_id=467"},"modified":"2026-02-21T10:45:00","modified_gmt":"2026-02-21T09:45:00","slug":"ulf-gabrielsson","status":"publish","type":"page","link":"https:\/\/ambitionsverige.se\/en\/politiker\/ulf-gabrielsson\/","title":{"rendered":"Ulf Gabrielsson"},"content":{"rendered":"<p>Ulf Gabrielsson comes from Eskilstuna and has worked in the Swedish Defence Forces as a fighter pilot. He completed the military academy with a major's degree and after his military career worked as a pilot in civil aviation.<\/p>\n\n\n\n<p>For the last 25 years of his career, Ulf was a captain on the heavy aircraft, flying intercontinental for Vingresor to destinations around the world. Ulf left aviation a few years ago.<\/p>\n\n\n\n<p>For the past five years, he has been working with Elsa Widding to produce her video channel Climate Carousel on YouTube. It currently has 32 000 followers.<\/p>\n\n\n\n<p>En mer utf\u00f6rlig beskrivning av Ulf finns att ta del av p\u00e5 swebbTV sommarprogram <a href=\"https:\/\/swebbtv.se\/w\/dm9sKidynyjR7GZLMzENdU\" target=\"_blank\" rel=\"noreferrer noopener\">2024<\/a>.<\/p>","protected":false},"excerpt":{"rendered":"<p>Ulf Gabrielsson kommer fr\u00e5n Eskilstuna och har jobbat inom svenska f\u00f6rsvaret som stridspilot. Han har genomg\u00e5tt milit\u00e4rh\u00f6gskolan med majorsgrad och har efter sin milit\u00e4ra karri\u00e4r arbetat som pilot inom civilflyget. Under de sista 25 \u00e5ren av sin yrkesbana var Ulf kapten p\u00e5 de tunga flygmaskinerna och fl\u00f6g interkontinentalt f\u00f6r Vingresor till destinationer runtom i v\u00e4rlden. [&hellip;]<\/p>\n","protected":false},"author":1,"featured_media":1481,"parent":451,"menu_order":0,"comment_status":"closed","ping_status":"closed","template":"politiker\/ulf-gabrielsson.php","meta":{"footnotes":""},"local_branch":[],"class_list":["post-467","page","type-page","status-publish","has-post-thumbnail","hentry"],"yoast_head":"<!-- This site is optimized with the Yoast SEO plugin v27.4 - https:\/\/yoast.com\/product\/yoast-seo-wordpress\/ -->\n<title>Ulf Gabrielsson - Ambition Sverige<\/title>\n<meta name=\"robots\" content=\"index, follow, max-snippet:-1, max-image-preview:large, max-video-preview:-1\" \/>\n<link rel=\"canonical\" href=\"https:\/\/ambitionsverige.se\/en\/politicians\/ulf-gabrielsson\/\" \/>\n<meta property=\"og:locale\" content=\"en_GB\" \/>\n<meta property=\"og:type\" content=\"article\" \/>\n<meta property=\"og:title\" content=\"Ulf Gabrielsson - Ambition Sverige\" \/>\n<meta property=\"og:description\" content=\"Ulf Gabrielsson kommer fr\u00e5n Eskilstuna och har jobbat inom svenska f\u00f6rsvaret som stridspilot. Han har genomg\u00e5tt milit\u00e4rh\u00f6gskolan med majorsgrad och har efter sin milit\u00e4ra karri\u00e4r arbetat som pilot inom civilflyget. Under de sista 25 \u00e5ren av sin yrkesbana var Ulf kapten p\u00e5 de tunga flygmaskinerna och fl\u00f6g interkontinentalt f\u00f6r Vingresor till destinationer runtom i v\u00e4rlden. [&hellip;]\" \/>\n<meta property=\"og:url\" content=\"https:\/\/ambitionsverige.se\/en\/politicians\/ulf-gabrielsson\/\" \/>\n<meta property=\"og:site_name\" content=\"Ambition Sverige\" \/>\n<meta property=\"article:publisher\" content=\"https:\/\/www.facebook.com\/AmbitionSverige\" \/>\n<meta property=\"article:modified_time\" content=\"2026-02-21T09:45:00+00:00\" \/>\n<meta property=\"og:image\" content=\"https:\/\/ambitionsverige.se\/wp-content\/uploads\/2026\/01\/ulf-gabrielsson.jpg\" \/>\n\t<meta property=\"og:image:width\" content=\"1000\" \/>\n\t<meta property=\"og:image:height\" content=\"1000\" \/>\n\t<meta property=\"og:image:type\" content=\"image\/jpeg\" \/>\n<meta name=\"twitter:card\" content=\"summary_large_image\" \/>\n<meta name=\"twitter:site\" content=\"@ambitionsverige\" \/>\n<meta name=\"twitter:label1\" content=\"Estimated reading time\" \/>\n\t<meta name=\"twitter:data1\" content=\"1 minute\" \/>\n<script type=\"application\/ld+json\" class=\"yoast-schema-graph\">{\"@context\":\"https:\\\/\\\/schema.org\",\"@graph\":[{\"@type\":\"WebPage\",\"@id\":\"https:\\\/\\\/ambitionsverige.se\\\/politiker\\\/ulf-gabrielsson\\\/\",\"url\":\"https:\\\/\\\/ambitionsverige.se\\\/politiker\\\/ulf-gabrielsson\\\/\",\"name\":\"Ulf Gabrielsson - Ambition Sverige\",\"isPartOf\":{\"@id\":\"https:\\\/\\\/ambitionsverige.se\\\/#website\"},\"primaryImageOfPage\":{\"@id\":\"https:\\\/\\\/ambitionsverige.se\\\/politiker\\\/ulf-gabrielsson\\\/#primaryimage\"},\"image\":{\"@id\":\"https:\\\/\\\/ambitionsverige.se\\\/politiker\\\/ulf-gabrielsson\\\/#primaryimage\"},\"thumbnailUrl\":\"https:\\\/\\\/ambitionsverige.se\\\/wp-content\\\/uploads\\\/2026\\\/01\\\/ulf-gabrielsson.jpg\",\"datePublished\":\"2025-10-05T18:59:02+00:00\",\"dateModified\":\"2026-02-21T09:45:00+00:00\",\"breadcrumb\":{\"@id\":\"https:\\\/\\\/ambitionsverige.se\\\/politiker\\\/ulf-gabrielsson\\\/#breadcrumb\"},\"inLanguage\":\"en-GB\",\"potentialAction\":[{\"@type\":\"ReadAction\",\"target\":[\"https:\\\/\\\/ambitionsverige.se\\\/politiker\\\/ulf-gabrielsson\\\/\"]}]},{\"@type\":\"ImageObject\",\"inLanguage\":\"en-GB\",\"@id\":\"https:\\\/\\\/ambitionsverige.se\\\/politiker\\\/ulf-gabrielsson\\\/#primaryimage\",\"url\":\"https:\\\/\\\/ambitionsverige.se\\\/wp-content\\\/uploads\\\/2026\\\/01\\\/ulf-gabrielsson.jpg\",\"contentUrl\":\"https:\\\/\\\/ambitionsverige.se\\\/wp-content\\\/uploads\\\/2026\\\/01\\\/ulf-gabrielsson.jpg\",\"width\":1000,\"height\":1000,\"caption\":\"Ulf Gabrielsson - Ambition Sverige\"},{\"@type\":\"BreadcrumbList\",\"@id\":\"https:\\\/\\\/ambitionsverige.se\\\/politiker\\\/ulf-gabrielsson\\\/#breadcrumb\",\"itemListElement\":[{\"@type\":\"ListItem\",\"position\":1,\"name\":\"Hem\",\"item\":\"https:\\\/\\\/ambitionsverige.se\\\/\"},{\"@type\":\"ListItem\",\"position\":2,\"name\":\"V\u00e5ra politiker &amp; medarbetare\",\"item\":\"https:\\\/\\\/ambitionsverige.se\\\/politiker\\\/\"},{\"@type\":\"ListItem\",\"position\":3,\"name\":\"Ulf Gabrielsson\"}]},{\"@type\":\"WebSite\",\"@id\":\"https:\\\/\\\/ambitionsverige.se\\\/#website\",\"url\":\"https:\\\/\\\/ambitionsverige.se\\\/\",\"name\":\"Ambition Sverige\",\"description\":\"\",\"publisher\":{\"@id\":\"https:\\\/\\\/ambitionsverige.se\\\/#organization\"},\"potentialAction\":[{\"@type\":\"SearchAction\",\"target\":{\"@type\":\"EntryPoint\",\"urlTemplate\":\"https:\\\/\\\/ambitionsverige.se\\\/?s={search_term_string}\"},\"query-input\":{\"@type\":\"PropertyValueSpecification\",\"valueRequired\":true,\"valueName\":\"search_term_string\"}}],\"inLanguage\":\"en-GB\"},{\"@type\":\"Organization\",\"@id\":\"https:\\\/\\\/ambitionsverige.se\\\/#organization\",\"name\":\"Ambition Sverige\",\"url\":\"https:\\\/\\\/ambitionsverige.se\\\/\",\"logo\":{\"@type\":\"ImageObject\",\"inLanguage\":\"en-GB\",\"@id\":\"https:\\\/\\\/ambitionsverige.se\\\/#\\\/schema\\\/logo\\\/image\\\/\",\"url\":\"https:\\\/\\\/ambitionsverige.se\\\/wp-content\\\/uploads\\\/2025\\\/11\\\/ambition-sverige-logotyp.png\",\"contentUrl\":\"https:\\\/\\\/ambitionsverige.se\\\/wp-content\\\/uploads\\\/2025\\\/11\\\/ambition-sverige-logotyp.png\",\"width\":512,\"height\":512,\"caption\":\"Ambition Sverige\"},\"image\":{\"@id\":\"https:\\\/\\\/ambitionsverige.se\\\/#\\\/schema\\\/logo\\\/image\\\/\"},\"sameAs\":[\"https:\\\/\\\/www.facebook.com\\\/AmbitionSverige\",\"https:\\\/\\\/x.com\\\/ambitionsverige\",\"https:\\\/\\\/www.instagram.com\\\/ambitionsverige\",\"https:\\\/\\\/www.youtube.com\\\/@ambitionsverige1\",\"https:\\\/\\\/t.me\\\/sverigeforst1\"]}]}<\/script>\n<!-- \/ Yoast SEO plugin. -->","yoast_head_json":{"title":"Ulf Gabrielsson - Ambition Sverige","robots":{"index":"index","follow":"follow","max-snippet":"max-snippet:-1","max-image-preview":"max-image-preview:large","max-video-preview":"max-video-preview:-1"},"canonical":"https:\/\/ambitionsverige.se\/en\/politicians\/ulf-gabrielsson\/","og_locale":"en_GB","og_type":"article","og_title":"Ulf Gabrielsson - Ambition Sverige","og_description":"Ulf Gabrielsson kommer fr\u00e5n Eskilstuna och har jobbat inom svenska f\u00f6rsvaret som stridspilot. Han har genomg\u00e5tt milit\u00e4rh\u00f6gskolan med majorsgrad och har efter sin milit\u00e4ra karri\u00e4r arbetat som pilot inom civilflyget. Under de sista 25 \u00e5ren av sin yrkesbana var Ulf kapten p\u00e5 de tunga flygmaskinerna och fl\u00f6g interkontinentalt f\u00f6r Vingresor till destinationer runtom i v\u00e4rlden. [&hellip;]","og_url":"https:\/\/ambitionsverige.se\/en\/politicians\/ulf-gabrielsson\/","og_site_name":"Ambition Sverige","article_publisher":"https:\/\/www.facebook.com\/AmbitionSverige","article_modified_time":"2026-02-21T09:45:00+00:00","og_image":[{"width":1000,"height":1000,"url":"https:\/\/ambitionsverige.se\/wp-content\/uploads\/2026\/01\/ulf-gabrielsson.jpg","type":"image\/jpeg"}],"twitter_card":"summary_large_image","twitter_site":"@ambitionsverige","twitter_misc":{"Estimated reading time":"1 minute"},"schema":{"@context":"https:\/\/schema.org","@graph":[{"@type":"WebPage","@id":"https:\/\/ambitionsverige.se\/politiker\/ulf-gabrielsson\/","url":"https:\/\/ambitionsverige.se\/politiker\/ulf-gabrielsson\/","name":"Ulf Gabrielsson - Ambition Sverige","isPartOf":{"@id":"https:\/\/ambitionsverige.se\/#website"},"primaryImageOfPage":{"@id":"https:\/\/ambitionsverige.se\/politiker\/ulf-gabrielsson\/#primaryimage"},"image":{"@id":"https:\/\/ambitionsverige.se\/politiker\/ulf-gabrielsson\/#primaryimage"},"thumbnailUrl":"https:\/\/ambitionsverige.se\/wp-content\/uploads\/2026\/01\/ulf-gabrielsson.jpg","datePublished":"2025-10-05T18:59:02+00:00","dateModified":"2026-02-21T09:45:00+00:00","breadcrumb":{"@id":"https:\/\/ambitionsverige.se\/politiker\/ulf-gabrielsson\/#breadcrumb"},"inLanguage":"en-GB","potentialAction":[{"@type":"ReadAction","target":["https:\/\/ambitionsverige.se\/politiker\/ulf-gabrielsson\/"]}]},{"@type":"ImageObject","inLanguage":"en-GB","@id":"https:\/\/ambitionsverige.se\/politiker\/ulf-gabrielsson\/#primaryimage","url":"https:\/\/ambitionsverige.se\/wp-content\/uploads\/2026\/01\/ulf-gabrielsson.jpg","contentUrl":"https:\/\/ambitionsverige.se\/wp-content\/uploads\/2026\/01\/ulf-gabrielsson.jpg","width":1000,"height":1000,"caption":"Ulf Gabrielsson - Ambition Sverige"},{"@type":"BreadcrumbList","@id":"https:\/\/ambitionsverige.se\/politiker\/ulf-gabrielsson\/#breadcrumb","itemListElement":[{"@type":"ListItem","position":1,"name":"Hem","item":"https:\/\/ambitionsverige.se\/"},{"@type":"ListItem","position":2,"name":"V\u00e5ra politiker &amp; medarbetare","item":"https:\/\/ambitionsverige.se\/politiker\/"},{"@type":"ListItem","position":3,"name":"Ulf Gabrielsson"}]},{"@type":"WebSite","@id":"https:\/\/ambitionsverige.se\/#website","url":"https:\/\/ambitionsverige.se\/","name":"Ambition Sverige","description":"","publisher":{"@id":"https:\/\/ambitionsverige.se\/#organization"},"potentialAction":[{"@type":"SearchAction","target":{"@type":"EntryPoint","urlTemplate":"https:\/\/ambitionsverige.se\/?s={search_term_string}"},"query-input":{"@type":"PropertyValueSpecification","valueRequired":true,"valueName":"search_term_string"}}],"inLanguage":"en-GB"},{"@type":"Organization","@id":"https:\/\/ambitionsverige.se\/#organization","name":"Ambition Sverige","url":"https:\/\/ambitionsverige.se\/","logo":{"@type":"ImageObject","inLanguage":"en-GB","@id":"https:\/\/ambitionsverige.se\/#\/schema\/logo\/image\/","url":"https:\/\/ambitionsverige.se\/wp-content\/uploads\/2025\/11\/ambition-sverige-logotyp.png","contentUrl":"https:\/\/ambitionsverige.se\/wp-content\/uploads\/2025\/11\/ambition-sverige-logotyp.png","width":512,"height":512,"caption":"Ambition Sverige"},"image":{"@id":"https:\/\/ambitionsverige.se\/#\/schema\/logo\/image\/"},"sameAs":["https:\/\/www.facebook.com\/AmbitionSverige","https:\/\/x.com\/ambitionsverige","https:\/\/www.instagram.com\/ambitionsverige","https:\/\/www.youtube.com\/@ambitionsverige1","https:\/\/t.me\/sverigeforst1"]}]}},"_links":{"self":[{"href":"https:\/\/ambitionsverige.se\/en\/wp-json\/wp\/v2\/pages\/467","targetHints":{"allow":["GET"]}}],"collection":[{"href":"https:\/\/ambitionsverige.se\/en\/wp-json\/wp\/v2\/pages"}],"about":[{"href":"https:\/\/ambitionsverige.se\/en\/wp-json\/wp\/v2\/types\/page"}],"author":[{"embeddable":true,"href":"https:\/\/ambitionsverige.se\/en\/wp-json\/wp\/v2\/users\/1"}],"replies":[{"embeddable":true,"href":"https:\/\/ambitionsverige.se\/en\/wp-json\/wp\/v2\/comments?post=467"}],"version-history":[{"count":6,"href":"https:\/\/ambitionsverige.se\/en\/wp-json\/wp\/v2\/pages\/467\/revisions"}],"predecessor-version":[{"id":1483,"href":"https:\/\/ambitionsverige.se\/en\/wp-json\/wp\/v2\/pages\/467\/revisions\/1483"}],"up":[{"embeddable":true,"href":"https:\/\/ambitionsverige.se\/en\/wp-json\/wp\/v2\/pages\/451"}],"wp:featuredmedia":[{"embeddable":true,"href":"https:\/\/ambitionsverige.se\/en\/wp-json\/wp\/v2\/media\/1481"}],"wp:attachment":[{"href":"https:\/\/ambitionsverige.se\/en\/wp-json\/wp\/v2\/media?parent=467"}],"wp:term":[{"taxonomy":"local_branch","embeddable":true,"href":"https:\/\/ambitionsverige.se\/en\/wp-json\/wp\/v2\/local_branch?post=467"}],"curies":[{"name":"wp","href":"https:\/\/api.w.org\/{rel}","templated":true}]}}