{"id":504,"date":"2025-10-06T00:50:23","date_gmt":"2025-10-05T22:50:23","guid":{"rendered":"https:\/\/ambitionsverige.se\/?page_id=504"},"modified":"2026-02-21T12:13:57","modified_gmt":"2026-02-21T11:13:57","slug":"micael-hamberg","status":"publish","type":"page","link":"https:\/\/ambitionsverige.se\/en\/politiker\/micael-hamberg\/","title":{"rendered":"Micael Hamberg"},"content":{"rendered":"<p class=\"western\">Micael kommer fr\u00e5n Kiruna men bor och arbetar idag i Uppsala. Micael \u00e4r civilingenj\u00f6r i teknisk fysik och har studerat p\u00e5 Fysikum. Han har \u00e4ven en MBA i ekonomi.&nbsp;Micael har arbetat i flera ledande positioner i n\u00e4ringslivet och startat&nbsp;ett antal bolag samt verkat som VD. Han har ett brinnande intresse f\u00f6r nationalekonomi och har skrivit en bok i \u00e4mnet med titeln &#8221;Krasch Boom Bang &#8211; Pengar och ekonomiska kriser&#8221; P\u00e5 fritiden har han t\u00e4vlat aktivt inom bowlingsporten och varit ordf\u00f6rande i svenska bowlingf\u00f6rbundet.<\/p>\n\n\n\n<p class=\"western\">Micael is known from SwebbTV and Ekonomimagasinet.<\/p>","protected":false},"excerpt":{"rendered":"<p>Micael kommer fr\u00e5n Kiruna men bor och arbetar idag i Uppsala. Micael \u00e4r civilingenj\u00f6r i teknisk fysik och har studerat p\u00e5 Fysikum. Han har \u00e4ven en MBA i ekonomi.&nbsp;Micael har arbetat i flera ledande positioner i n\u00e4ringslivet och startat&nbsp;ett antal bolag samt verkat som VD. Han har ett brinnande intresse f\u00f6r nationalekonomi och har skrivit [&hellip;]<\/p>\n","protected":false},"author":1,"featured_media":1775,"parent":451,"menu_order":0,"comment_status":"closed","ping_status":"closed","template":"politiker\/micael-hamberg.php","meta":{"footnotes":""},"local_branch":[],"class_list":["post-504","page","type-page","status-publish","has-post-thumbnail","hentry"],"yoast_head":"<!-- This site is optimized with the Yoast SEO plugin v27.4 - https:\/\/yoast.com\/product\/yoast-seo-wordpress\/ -->\n<title>Micael Hamberg - Ambition Sverige<\/title>\n<meta name=\"robots\" content=\"index, follow, max-snippet:-1, max-image-preview:large, max-video-preview:-1\" \/>\n<link rel=\"canonical\" href=\"https:\/\/ambitionsverige.se\/en\/politicians\/micael-hamberg\/\" \/>\n<meta property=\"og:locale\" content=\"en_GB\" \/>\n<meta property=\"og:type\" content=\"article\" \/>\n<meta property=\"og:title\" content=\"Micael Hamberg - Ambition Sverige\" \/>\n<meta property=\"og:description\" content=\"Micael kommer fr\u00e5n Kiruna men bor och arbetar idag i Uppsala. Micael \u00e4r civilingenj\u00f6r i teknisk fysik och har studerat p\u00e5 Fysikum. Han har \u00e4ven en MBA i ekonomi.&nbsp;Micael har arbetat i flera ledande positioner i n\u00e4ringslivet och startat&nbsp;ett antal bolag samt verkat som VD. Han har ett brinnande intresse f\u00f6r nationalekonomi och har skrivit [&hellip;]\" \/>\n<meta property=\"og:url\" content=\"https:\/\/ambitionsverige.se\/en\/politicians\/micael-hamberg\/\" \/>\n<meta property=\"og:site_name\" content=\"Ambition Sverige\" \/>\n<meta property=\"article:publisher\" content=\"https:\/\/www.facebook.com\/AmbitionSverige\" \/>\n<meta property=\"article:modified_time\" content=\"2026-02-21T11:13:57+00:00\" \/>\n<meta property=\"og:image\" content=\"https:\/\/ambitionsverige.se\/wp-content\/uploads\/2026\/02\/micael-hamberg-new.jpg\" \/>\n\t<meta property=\"og:image:width\" content=\"2512\" \/>\n\t<meta property=\"og:image:height\" content=\"2512\" \/>\n\t<meta property=\"og:image:type\" content=\"image\/jpeg\" \/>\n<meta name=\"twitter:card\" content=\"summary_large_image\" \/>\n<meta name=\"twitter:site\" content=\"@ambitionsverige\" \/>\n<meta name=\"twitter:label1\" content=\"Estimated reading time\" \/>\n\t<meta name=\"twitter:data1\" content=\"1 minute\" \/>\n<script type=\"application\/ld+json\" class=\"yoast-schema-graph\">{\"@context\":\"https:\\\/\\\/schema.org\",\"@graph\":[{\"@type\":\"WebPage\",\"@id\":\"https:\\\/\\\/ambitionsverige.se\\\/politiker\\\/micael-hamberg\\\/\",\"url\":\"https:\\\/\\\/ambitionsverige.se\\\/politiker\\\/micael-hamberg\\\/\",\"name\":\"Micael Hamberg - Ambition Sverige\",\"isPartOf\":{\"@id\":\"https:\\\/\\\/ambitionsverige.se\\\/#website\"},\"primaryImageOfPage\":{\"@id\":\"https:\\\/\\\/ambitionsverige.se\\\/politiker\\\/micael-hamberg\\\/#primaryimage\"},\"image\":{\"@id\":\"https:\\\/\\\/ambitionsverige.se\\\/politiker\\\/micael-hamberg\\\/#primaryimage\"},\"thumbnailUrl\":\"https:\\\/\\\/ambitionsverige.se\\\/wp-content\\\/uploads\\\/2026\\\/02\\\/micael-hamberg-new.jpg\",\"datePublished\":\"2025-10-05T22:50:23+00:00\",\"dateModified\":\"2026-02-21T11:13:57+00:00\",\"breadcrumb\":{\"@id\":\"https:\\\/\\\/ambitionsverige.se\\\/politiker\\\/micael-hamberg\\\/#breadcrumb\"},\"inLanguage\":\"en-GB\",\"potentialAction\":[{\"@type\":\"ReadAction\",\"target\":[\"https:\\\/\\\/ambitionsverige.se\\\/politiker\\\/micael-hamberg\\\/\"]}]},{\"@type\":\"ImageObject\",\"inLanguage\":\"en-GB\",\"@id\":\"https:\\\/\\\/ambitionsverige.se\\\/politiker\\\/micael-hamberg\\\/#primaryimage\",\"url\":\"https:\\\/\\\/ambitionsverige.se\\\/wp-content\\\/uploads\\\/2026\\\/02\\\/micael-hamberg-new.jpg\",\"contentUrl\":\"https:\\\/\\\/ambitionsverige.se\\\/wp-content\\\/uploads\\\/2026\\\/02\\\/micael-hamberg-new.jpg\",\"width\":2512,\"height\":2512},{\"@type\":\"BreadcrumbList\",\"@id\":\"https:\\\/\\\/ambitionsverige.se\\\/politiker\\\/micael-hamberg\\\/#breadcrumb\",\"itemListElement\":[{\"@type\":\"ListItem\",\"position\":1,\"name\":\"Hem\",\"item\":\"https:\\\/\\\/ambitionsverige.se\\\/\"},{\"@type\":\"ListItem\",\"position\":2,\"name\":\"V\u00e5ra politiker &amp; medarbetare\",\"item\":\"https:\\\/\\\/ambitionsverige.se\\\/politiker\\\/\"},{\"@type\":\"ListItem\",\"position\":3,\"name\":\"Micael Hamberg\"}]},{\"@type\":\"WebSite\",\"@id\":\"https:\\\/\\\/ambitionsverige.se\\\/#website\",\"url\":\"https:\\\/\\\/ambitionsverige.se\\\/\",\"name\":\"Ambition Sverige\",\"description\":\"\",\"publisher\":{\"@id\":\"https:\\\/\\\/ambitionsverige.se\\\/#organization\"},\"potentialAction\":[{\"@type\":\"SearchAction\",\"target\":{\"@type\":\"EntryPoint\",\"urlTemplate\":\"https:\\\/\\\/ambitionsverige.se\\\/?s={search_term_string}\"},\"query-input\":{\"@type\":\"PropertyValueSpecification\",\"valueRequired\":true,\"valueName\":\"search_term_string\"}}],\"inLanguage\":\"en-GB\"},{\"@type\":\"Organization\",\"@id\":\"https:\\\/\\\/ambitionsverige.se\\\/#organization\",\"name\":\"Ambition Sverige\",\"url\":\"https:\\\/\\\/ambitionsverige.se\\\/\",\"logo\":{\"@type\":\"ImageObject\",\"inLanguage\":\"en-GB\",\"@id\":\"https:\\\/\\\/ambitionsverige.se\\\/#\\\/schema\\\/logo\\\/image\\\/\",\"url\":\"https:\\\/\\\/ambitionsverige.se\\\/wp-content\\\/uploads\\\/2025\\\/11\\\/ambition-sverige-logotyp.png\",\"contentUrl\":\"https:\\\/\\\/ambitionsverige.se\\\/wp-content\\\/uploads\\\/2025\\\/11\\\/ambition-sverige-logotyp.png\",\"width\":512,\"height\":512,\"caption\":\"Ambition Sverige\"},\"image\":{\"@id\":\"https:\\\/\\\/ambitionsverige.se\\\/#\\\/schema\\\/logo\\\/image\\\/\"},\"sameAs\":[\"https:\\\/\\\/www.facebook.com\\\/AmbitionSverige\",\"https:\\\/\\\/x.com\\\/ambitionsverige\",\"https:\\\/\\\/www.instagram.com\\\/ambitionsverige\",\"https:\\\/\\\/www.youtube.com\\\/@ambitionsverige1\",\"https:\\\/\\\/t.me\\\/sverigeforst1\"]}]}<\/script>\n<!-- \/ Yoast SEO plugin. -->","yoast_head_json":{"title":"Micael Hamberg - Ambition Sverige","robots":{"index":"index","follow":"follow","max-snippet":"max-snippet:-1","max-image-preview":"max-image-preview:large","max-video-preview":"max-video-preview:-1"},"canonical":"https:\/\/ambitionsverige.se\/en\/politicians\/micael-hamberg\/","og_locale":"en_GB","og_type":"article","og_title":"Micael Hamberg - Ambition Sverige","og_description":"Micael kommer fr\u00e5n Kiruna men bor och arbetar idag i Uppsala. Micael \u00e4r civilingenj\u00f6r i teknisk fysik och har studerat p\u00e5 Fysikum. Han har \u00e4ven en MBA i ekonomi.&nbsp;Micael har arbetat i flera ledande positioner i n\u00e4ringslivet och startat&nbsp;ett antal bolag samt verkat som VD. Han har ett brinnande intresse f\u00f6r nationalekonomi och har skrivit [&hellip;]","og_url":"https:\/\/ambitionsverige.se\/en\/politicians\/micael-hamberg\/","og_site_name":"Ambition Sverige","article_publisher":"https:\/\/www.facebook.com\/AmbitionSverige","article_modified_time":"2026-02-21T11:13:57+00:00","og_image":[{"width":2512,"height":2512,"url":"https:\/\/ambitionsverige.se\/wp-content\/uploads\/2026\/02\/micael-hamberg-new.jpg","type":"image\/jpeg"}],"twitter_card":"summary_large_image","twitter_site":"@ambitionsverige","twitter_misc":{"Estimated reading time":"1 minute"},"schema":{"@context":"https:\/\/schema.org","@graph":[{"@type":"WebPage","@id":"https:\/\/ambitionsverige.se\/politiker\/micael-hamberg\/","url":"https:\/\/ambitionsverige.se\/politiker\/micael-hamberg\/","name":"Micael Hamberg - Ambition Sverige","isPartOf":{"@id":"https:\/\/ambitionsverige.se\/#website"},"primaryImageOfPage":{"@id":"https:\/\/ambitionsverige.se\/politiker\/micael-hamberg\/#primaryimage"},"image":{"@id":"https:\/\/ambitionsverige.se\/politiker\/micael-hamberg\/#primaryimage"},"thumbnailUrl":"https:\/\/ambitionsverige.se\/wp-content\/uploads\/2026\/02\/micael-hamberg-new.jpg","datePublished":"2025-10-05T22:50:23+00:00","dateModified":"2026-02-21T11:13:57+00:00","breadcrumb":{"@id":"https:\/\/ambitionsverige.se\/politiker\/micael-hamberg\/#breadcrumb"},"inLanguage":"en-GB","potentialAction":[{"@type":"ReadAction","target":["https:\/\/ambitionsverige.se\/politiker\/micael-hamberg\/"]}]},{"@type":"ImageObject","inLanguage":"en-GB","@id":"https:\/\/ambitionsverige.se\/politiker\/micael-hamberg\/#primaryimage","url":"https:\/\/ambitionsverige.se\/wp-content\/uploads\/2026\/02\/micael-hamberg-new.jpg","contentUrl":"https:\/\/ambitionsverige.se\/wp-content\/uploads\/2026\/02\/micael-hamberg-new.jpg","width":2512,"height":2512},{"@type":"BreadcrumbList","@id":"https:\/\/ambitionsverige.se\/politiker\/micael-hamberg\/#breadcrumb","itemListElement":[{"@type":"ListItem","position":1,"name":"Hem","item":"https:\/\/ambitionsverige.se\/"},{"@type":"ListItem","position":2,"name":"V\u00e5ra politiker &amp; medarbetare","item":"https:\/\/ambitionsverige.se\/politiker\/"},{"@type":"ListItem","position":3,"name":"Micael Hamberg"}]},{"@type":"WebSite","@id":"https:\/\/ambitionsverige.se\/#website","url":"https:\/\/ambitionsverige.se\/","name":"Ambition Sverige","description":"","publisher":{"@id":"https:\/\/ambitionsverige.se\/#organization"},"potentialAction":[{"@type":"SearchAction","target":{"@type":"EntryPoint","urlTemplate":"https:\/\/ambitionsverige.se\/?s={search_term_string}"},"query-input":{"@type":"PropertyValueSpecification","valueRequired":true,"valueName":"search_term_string"}}],"inLanguage":"en-GB"},{"@type":"Organization","@id":"https:\/\/ambitionsverige.se\/#organization","name":"Ambition Sverige","url":"https:\/\/ambitionsverige.se\/","logo":{"@type":"ImageObject","inLanguage":"en-GB","@id":"https:\/\/ambitionsverige.se\/#\/schema\/logo\/image\/","url":"https:\/\/ambitionsverige.se\/wp-content\/uploads\/2025\/11\/ambition-sverige-logotyp.png","contentUrl":"https:\/\/ambitionsverige.se\/wp-content\/uploads\/2025\/11\/ambition-sverige-logotyp.png","width":512,"height":512,"caption":"Ambition Sverige"},"image":{"@id":"https:\/\/ambitionsverige.se\/#\/schema\/logo\/image\/"},"sameAs":["https:\/\/www.facebook.com\/AmbitionSverige","https:\/\/x.com\/ambitionsverige","https:\/\/www.instagram.com\/ambitionsverige","https:\/\/www.youtube.com\/@ambitionsverige1","https:\/\/t.me\/sverigeforst1"]}]}},"_links":{"self":[{"href":"https:\/\/ambitionsverige.se\/en\/wp-json\/wp\/v2\/pages\/504","targetHints":{"allow":["GET"]}}],"collection":[{"href":"https:\/\/ambitionsverige.se\/en\/wp-json\/wp\/v2\/pages"}],"about":[{"href":"https:\/\/ambitionsverige.se\/en\/wp-json\/wp\/v2\/types\/page"}],"author":[{"embeddable":true,"href":"https:\/\/ambitionsverige.se\/en\/wp-json\/wp\/v2\/users\/1"}],"replies":[{"embeddable":true,"href":"https:\/\/ambitionsverige.se\/en\/wp-json\/wp\/v2\/comments?post=504"}],"version-history":[{"count":3,"href":"https:\/\/ambitionsverige.se\/en\/wp-json\/wp\/v2\/pages\/504\/revisions"}],"predecessor-version":[{"id":1488,"href":"https:\/\/ambitionsverige.se\/en\/wp-json\/wp\/v2\/pages\/504\/revisions\/1488"}],"up":[{"embeddable":true,"href":"https:\/\/ambitionsverige.se\/en\/wp-json\/wp\/v2\/pages\/451"}],"wp:featuredmedia":[{"embeddable":true,"href":"https:\/\/ambitionsverige.se\/en\/wp-json\/wp\/v2\/media\/1775"}],"wp:attachment":[{"href":"https:\/\/ambitionsverige.se\/en\/wp-json\/wp\/v2\/media?parent=504"}],"wp:term":[{"taxonomy":"local_branch","embeddable":true,"href":"https:\/\/ambitionsverige.se\/en\/wp-json\/wp\/v2\/local_branch?post=504"}],"curies":[{"name":"wp","href":"https:\/\/api.w.org\/{rel}","templated":true}]}}