{"id":526,"date":"2025-10-06T09:48:28","date_gmt":"2025-10-06T07:48:28","guid":{"rendered":"https:\/\/ambitionsverige.se\/?page_id=526"},"modified":"2026-02-21T11:20:06","modified_gmt":"2026-02-21T10:20:06","slug":"mareike-claussen","status":"publish","type":"page","link":"https:\/\/ambitionsverige.se\/en\/politiker\/mareike-claussen\/","title":{"rendered":"Mareike Claussen"},"content":{"rendered":"<p>Mareike was born and raised in Germany, but moved to Sweden in 2007. She is a trained biologist and doctor with a PhD in genetics. Mareike specialises in general medicine and has over 15 years of experience in primary care and holistic health.<\/p>\n\n\n\n<p>In 2024, she founded a growing chain of vitamin clinics, focusing on intravenous vitamin C treatments, preventive medicine and innovative nutritional solutions. Mareike combines clinical expertise with entrepreneurship, where her driving force is to find the real causes behind disease and illness. At the Vitamin Clinic, she meets people every day who are looking for alternatives and complements to traditional care.<\/p>","protected":false},"excerpt":{"rendered":"<p>Mareike \u00e4r f\u00f6dd och uppvuxen i Tyskland, men flyttade till Sverige 2007. Hon \u00e4r utbildad biolog och l\u00e4kare med en doktorsexamen i genetik. Mareike \u00e4r specialistl\u00e4kare i allm\u00e4nmedicin och har \u00f6ver 15 \u00e5rs erfarenhet inom prim\u00e4rv\u00e5rd och helhetsh\u00e4lsa. 2024 grundade hon en v\u00e4xande kedja av vitaminkliniker, med fokus p\u00e5 intraven\u00f6sa C-vitaminbehandlingar, f\u00f6rebyggande medicin och innovativa [&hellip;]<\/p>\n","protected":false},"author":1,"featured_media":1538,"parent":451,"menu_order":0,"comment_status":"closed","ping_status":"closed","template":"politiker\/mareike-claussen.php","meta":{"footnotes":""},"local_branch":[],"class_list":["post-526","page","type-page","status-publish","has-post-thumbnail","hentry"],"yoast_head":"<!-- This site is optimized with the Yoast SEO plugin v27.4 - https:\/\/yoast.com\/product\/yoast-seo-wordpress\/ -->\n<title>Mareike Claussen - Ambition Sverige<\/title>\n<meta name=\"robots\" content=\"index, follow, max-snippet:-1, max-image-preview:large, max-video-preview:-1\" \/>\n<link rel=\"canonical\" href=\"https:\/\/ambitionsverige.se\/en\/politicians\/mareike-claussen\/\" \/>\n<meta property=\"og:locale\" content=\"en_GB\" \/>\n<meta property=\"og:type\" content=\"article\" \/>\n<meta property=\"og:title\" content=\"Mareike Claussen - Ambition Sverige\" \/>\n<meta property=\"og:description\" content=\"Mareike \u00e4r f\u00f6dd och uppvuxen i Tyskland, men flyttade till Sverige 2007. Hon \u00e4r utbildad biolog och l\u00e4kare med en doktorsexamen i genetik. Mareike \u00e4r specialistl\u00e4kare i allm\u00e4nmedicin och har \u00f6ver 15 \u00e5rs erfarenhet inom prim\u00e4rv\u00e5rd och helhetsh\u00e4lsa. 2024 grundade hon en v\u00e4xande kedja av vitaminkliniker, med fokus p\u00e5 intraven\u00f6sa C-vitaminbehandlingar, f\u00f6rebyggande medicin och innovativa [&hellip;]\" \/>\n<meta property=\"og:url\" content=\"https:\/\/ambitionsverige.se\/en\/politicians\/mareike-claussen\/\" \/>\n<meta property=\"og:site_name\" content=\"Ambition Sverige\" \/>\n<meta property=\"article:publisher\" content=\"https:\/\/www.facebook.com\/AmbitionSverige\" \/>\n<meta property=\"article:modified_time\" content=\"2026-02-21T10:20:06+00:00\" \/>\n<meta property=\"og:image\" content=\"https:\/\/ambitionsverige.se\/wp-content\/uploads\/2026\/01\/mareike-claussen.jpg\" \/>\n\t<meta property=\"og:image:width\" content=\"774\" \/>\n\t<meta property=\"og:image:height\" content=\"774\" \/>\n\t<meta property=\"og:image:type\" content=\"image\/jpeg\" \/>\n<meta name=\"twitter:card\" content=\"summary_large_image\" \/>\n<meta name=\"twitter:site\" content=\"@ambitionsverige\" \/>\n<meta name=\"twitter:label1\" content=\"Estimated reading time\" \/>\n\t<meta name=\"twitter:data1\" content=\"1 minute\" \/>\n<script type=\"application\/ld+json\" class=\"yoast-schema-graph\">{\"@context\":\"https:\\\/\\\/schema.org\",\"@graph\":[{\"@type\":\"WebPage\",\"@id\":\"https:\\\/\\\/ambitionsverige.se\\\/politiker\\\/mareike-claussen\\\/\",\"url\":\"https:\\\/\\\/ambitionsverige.se\\\/politiker\\\/mareike-claussen\\\/\",\"name\":\"Mareike Claussen - Ambition Sverige\",\"isPartOf\":{\"@id\":\"https:\\\/\\\/ambitionsverige.se\\\/#website\"},\"primaryImageOfPage\":{\"@id\":\"https:\\\/\\\/ambitionsverige.se\\\/politiker\\\/mareike-claussen\\\/#primaryimage\"},\"image\":{\"@id\":\"https:\\\/\\\/ambitionsverige.se\\\/politiker\\\/mareike-claussen\\\/#primaryimage\"},\"thumbnailUrl\":\"https:\\\/\\\/ambitionsverige.se\\\/wp-content\\\/uploads\\\/2026\\\/01\\\/mareike-claussen.jpg\",\"datePublished\":\"2025-10-06T07:48:28+00:00\",\"dateModified\":\"2026-02-21T10:20:06+00:00\",\"breadcrumb\":{\"@id\":\"https:\\\/\\\/ambitionsverige.se\\\/politiker\\\/mareike-claussen\\\/#breadcrumb\"},\"inLanguage\":\"en-GB\",\"potentialAction\":[{\"@type\":\"ReadAction\",\"target\":[\"https:\\\/\\\/ambitionsverige.se\\\/politiker\\\/mareike-claussen\\\/\"]}]},{\"@type\":\"ImageObject\",\"inLanguage\":\"en-GB\",\"@id\":\"https:\\\/\\\/ambitionsverige.se\\\/politiker\\\/mareike-claussen\\\/#primaryimage\",\"url\":\"https:\\\/\\\/ambitionsverige.se\\\/wp-content\\\/uploads\\\/2026\\\/01\\\/mareike-claussen.jpg\",\"contentUrl\":\"https:\\\/\\\/ambitionsverige.se\\\/wp-content\\\/uploads\\\/2026\\\/01\\\/mareike-claussen.jpg\",\"width\":774,\"height\":774,\"caption\":\"Mareike Claussen - Ambition Sverige\"},{\"@type\":\"BreadcrumbList\",\"@id\":\"https:\\\/\\\/ambitionsverige.se\\\/politiker\\\/mareike-claussen\\\/#breadcrumb\",\"itemListElement\":[{\"@type\":\"ListItem\",\"position\":1,\"name\":\"Hem\",\"item\":\"https:\\\/\\\/ambitionsverige.se\\\/\"},{\"@type\":\"ListItem\",\"position\":2,\"name\":\"V\u00e5ra politiker &amp; medarbetare\",\"item\":\"https:\\\/\\\/ambitionsverige.se\\\/politiker\\\/\"},{\"@type\":\"ListItem\",\"position\":3,\"name\":\"Mareike Claussen\"}]},{\"@type\":\"WebSite\",\"@id\":\"https:\\\/\\\/ambitionsverige.se\\\/#website\",\"url\":\"https:\\\/\\\/ambitionsverige.se\\\/\",\"name\":\"Ambition Sverige\",\"description\":\"\",\"publisher\":{\"@id\":\"https:\\\/\\\/ambitionsverige.se\\\/#organization\"},\"potentialAction\":[{\"@type\":\"SearchAction\",\"target\":{\"@type\":\"EntryPoint\",\"urlTemplate\":\"https:\\\/\\\/ambitionsverige.se\\\/?s={search_term_string}\"},\"query-input\":{\"@type\":\"PropertyValueSpecification\",\"valueRequired\":true,\"valueName\":\"search_term_string\"}}],\"inLanguage\":\"en-GB\"},{\"@type\":\"Organization\",\"@id\":\"https:\\\/\\\/ambitionsverige.se\\\/#organization\",\"name\":\"Ambition Sverige\",\"url\":\"https:\\\/\\\/ambitionsverige.se\\\/\",\"logo\":{\"@type\":\"ImageObject\",\"inLanguage\":\"en-GB\",\"@id\":\"https:\\\/\\\/ambitionsverige.se\\\/#\\\/schema\\\/logo\\\/image\\\/\",\"url\":\"https:\\\/\\\/ambitionsverige.se\\\/wp-content\\\/uploads\\\/2025\\\/11\\\/ambition-sverige-logotyp.png\",\"contentUrl\":\"https:\\\/\\\/ambitionsverige.se\\\/wp-content\\\/uploads\\\/2025\\\/11\\\/ambition-sverige-logotyp.png\",\"width\":512,\"height\":512,\"caption\":\"Ambition Sverige\"},\"image\":{\"@id\":\"https:\\\/\\\/ambitionsverige.se\\\/#\\\/schema\\\/logo\\\/image\\\/\"},\"sameAs\":[\"https:\\\/\\\/www.facebook.com\\\/AmbitionSverige\",\"https:\\\/\\\/x.com\\\/ambitionsverige\",\"https:\\\/\\\/www.instagram.com\\\/ambitionsverige\",\"https:\\\/\\\/www.youtube.com\\\/@ambitionsverige1\",\"https:\\\/\\\/t.me\\\/sverigeforst1\"]}]}<\/script>\n<!-- \/ Yoast SEO plugin. -->","yoast_head_json":{"title":"Mareike Claussen - Ambition Sverige","robots":{"index":"index","follow":"follow","max-snippet":"max-snippet:-1","max-image-preview":"max-image-preview:large","max-video-preview":"max-video-preview:-1"},"canonical":"https:\/\/ambitionsverige.se\/en\/politicians\/mareike-claussen\/","og_locale":"en_GB","og_type":"article","og_title":"Mareike Claussen - Ambition Sverige","og_description":"Mareike \u00e4r f\u00f6dd och uppvuxen i Tyskland, men flyttade till Sverige 2007. Hon \u00e4r utbildad biolog och l\u00e4kare med en doktorsexamen i genetik. Mareike \u00e4r specialistl\u00e4kare i allm\u00e4nmedicin och har \u00f6ver 15 \u00e5rs erfarenhet inom prim\u00e4rv\u00e5rd och helhetsh\u00e4lsa. 2024 grundade hon en v\u00e4xande kedja av vitaminkliniker, med fokus p\u00e5 intraven\u00f6sa C-vitaminbehandlingar, f\u00f6rebyggande medicin och innovativa [&hellip;]","og_url":"https:\/\/ambitionsverige.se\/en\/politicians\/mareike-claussen\/","og_site_name":"Ambition Sverige","article_publisher":"https:\/\/www.facebook.com\/AmbitionSverige","article_modified_time":"2026-02-21T10:20:06+00:00","og_image":[{"width":774,"height":774,"url":"https:\/\/ambitionsverige.se\/wp-content\/uploads\/2026\/01\/mareike-claussen.jpg","type":"image\/jpeg"}],"twitter_card":"summary_large_image","twitter_site":"@ambitionsverige","twitter_misc":{"Estimated reading time":"1 minute"},"schema":{"@context":"https:\/\/schema.org","@graph":[{"@type":"WebPage","@id":"https:\/\/ambitionsverige.se\/politiker\/mareike-claussen\/","url":"https:\/\/ambitionsverige.se\/politiker\/mareike-claussen\/","name":"Mareike Claussen - Ambition Sverige","isPartOf":{"@id":"https:\/\/ambitionsverige.se\/#website"},"primaryImageOfPage":{"@id":"https:\/\/ambitionsverige.se\/politiker\/mareike-claussen\/#primaryimage"},"image":{"@id":"https:\/\/ambitionsverige.se\/politiker\/mareike-claussen\/#primaryimage"},"thumbnailUrl":"https:\/\/ambitionsverige.se\/wp-content\/uploads\/2026\/01\/mareike-claussen.jpg","datePublished":"2025-10-06T07:48:28+00:00","dateModified":"2026-02-21T10:20:06+00:00","breadcrumb":{"@id":"https:\/\/ambitionsverige.se\/politiker\/mareike-claussen\/#breadcrumb"},"inLanguage":"en-GB","potentialAction":[{"@type":"ReadAction","target":["https:\/\/ambitionsverige.se\/politiker\/mareike-claussen\/"]}]},{"@type":"ImageObject","inLanguage":"en-GB","@id":"https:\/\/ambitionsverige.se\/politiker\/mareike-claussen\/#primaryimage","url":"https:\/\/ambitionsverige.se\/wp-content\/uploads\/2026\/01\/mareike-claussen.jpg","contentUrl":"https:\/\/ambitionsverige.se\/wp-content\/uploads\/2026\/01\/mareike-claussen.jpg","width":774,"height":774,"caption":"Mareike Claussen - Ambition Sverige"},{"@type":"BreadcrumbList","@id":"https:\/\/ambitionsverige.se\/politiker\/mareike-claussen\/#breadcrumb","itemListElement":[{"@type":"ListItem","position":1,"name":"Hem","item":"https:\/\/ambitionsverige.se\/"},{"@type":"ListItem","position":2,"name":"V\u00e5ra politiker &amp; medarbetare","item":"https:\/\/ambitionsverige.se\/politiker\/"},{"@type":"ListItem","position":3,"name":"Mareike Claussen"}]},{"@type":"WebSite","@id":"https:\/\/ambitionsverige.se\/#website","url":"https:\/\/ambitionsverige.se\/","name":"Ambition Sverige","description":"","publisher":{"@id":"https:\/\/ambitionsverige.se\/#organization"},"potentialAction":[{"@type":"SearchAction","target":{"@type":"EntryPoint","urlTemplate":"https:\/\/ambitionsverige.se\/?s={search_term_string}"},"query-input":{"@type":"PropertyValueSpecification","valueRequired":true,"valueName":"search_term_string"}}],"inLanguage":"en-GB"},{"@type":"Organization","@id":"https:\/\/ambitionsverige.se\/#organization","name":"Ambition Sverige","url":"https:\/\/ambitionsverige.se\/","logo":{"@type":"ImageObject","inLanguage":"en-GB","@id":"https:\/\/ambitionsverige.se\/#\/schema\/logo\/image\/","url":"https:\/\/ambitionsverige.se\/wp-content\/uploads\/2025\/11\/ambition-sverige-logotyp.png","contentUrl":"https:\/\/ambitionsverige.se\/wp-content\/uploads\/2025\/11\/ambition-sverige-logotyp.png","width":512,"height":512,"caption":"Ambition Sverige"},"image":{"@id":"https:\/\/ambitionsverige.se\/#\/schema\/logo\/image\/"},"sameAs":["https:\/\/www.facebook.com\/AmbitionSverige","https:\/\/x.com\/ambitionsverige","https:\/\/www.instagram.com\/ambitionsverige","https:\/\/www.youtube.com\/@ambitionsverige1","https:\/\/t.me\/sverigeforst1"]}]}},"_links":{"self":[{"href":"https:\/\/ambitionsverige.se\/en\/wp-json\/wp\/v2\/pages\/526","targetHints":{"allow":["GET"]}}],"collection":[{"href":"https:\/\/ambitionsverige.se\/en\/wp-json\/wp\/v2\/pages"}],"about":[{"href":"https:\/\/ambitionsverige.se\/en\/wp-json\/wp\/v2\/types\/page"}],"author":[{"embeddable":true,"href":"https:\/\/ambitionsverige.se\/en\/wp-json\/wp\/v2\/users\/1"}],"replies":[{"embeddable":true,"href":"https:\/\/ambitionsverige.se\/en\/wp-json\/wp\/v2\/comments?post=526"}],"version-history":[{"count":4,"href":"https:\/\/ambitionsverige.se\/en\/wp-json\/wp\/v2\/pages\/526\/revisions"}],"predecessor-version":[{"id":1539,"href":"https:\/\/ambitionsverige.se\/en\/wp-json\/wp\/v2\/pages\/526\/revisions\/1539"}],"up":[{"embeddable":true,"href":"https:\/\/ambitionsverige.se\/en\/wp-json\/wp\/v2\/pages\/451"}],"wp:featuredmedia":[{"embeddable":true,"href":"https:\/\/ambitionsverige.se\/en\/wp-json\/wp\/v2\/media\/1538"}],"wp:attachment":[{"href":"https:\/\/ambitionsverige.se\/en\/wp-json\/wp\/v2\/media?parent=526"}],"wp:term":[{"taxonomy":"local_branch","embeddable":true,"href":"https:\/\/ambitionsverige.se\/en\/wp-json\/wp\/v2\/local_branch?post=526"}],"curies":[{"name":"wp","href":"https:\/\/api.w.org\/{rel}","templated":true}]}}