{"id":543,"date":"2025-10-06T10:38:04","date_gmt":"2025-10-06T08:38:04","guid":{"rendered":"https:\/\/ambitionsverige.se\/?page_id=543"},"modified":"2026-02-21T11:21:06","modified_gmt":"2026-02-21T10:21:06","slug":"kenneth-gehrke","status":"publish","type":"page","link":"https:\/\/ambitionsverige.se\/en\/politiker\/kenneth-gehrke\/","title":{"rendered":"Kenneth Gehrke"},"content":{"rendered":"<p>Kenneth was born and raised in Stockholm. He is a graduate engineer in power and heat technology with a keen interest in energy, climate issues and Green Tech solutions.<\/p>\n\n\n\n<p>Kenneth has worked with product optimisation and process efficiency in industry, but has also been politically involved at municipal level. He has extensive experience of business development, leadership and organisational development in large multinational companies.<\/p>\n\n\n\n<p>For several years Kenneth has been involved in various projects with energy companies in Sweden and Finland. The last 3 years he has been involved in energy issues for handling of Biochar solutions as well as environmental issues such as treatment of sludge water to eliminate PFAS, Microplastics and pharmaceutical residues.<\/p>\n\n\n\n<p>Kenneth's driving force is that decisions taken in the field of energy should be based on facts and impact analyses.<\/p>\n\n\n\n<p><\/p>","protected":false},"excerpt":{"rendered":"<p>Kenneth \u00e4r f\u00f6dd och uppvuxen i Stockholm. Han \u00e4r h\u00f6gskoleingenj\u00f6r i kraft- och v\u00e4rmeteknologi med ett stort intresse f\u00f6r energi, klimatfr\u00e5gor och Green Tech-l\u00f6sningar. Kenneth har bland annat arbetat med produktoptimering och processeffektivisering inom industrin, men \u00e4ven varit politiskt engagerad p\u00e5 kommunal niv\u00e5. Han har en l\u00e5ng erfarenhet av verksamhetsutveckling, ledarskap och organisationsutveckling i stora [&hellip;]<\/p>\n","protected":false},"author":1,"featured_media":1549,"parent":451,"menu_order":0,"comment_status":"closed","ping_status":"closed","template":"politiker\/kenneth-gehrke.php","meta":{"footnotes":""},"local_branch":[],"class_list":["post-543","page","type-page","status-publish","has-post-thumbnail","hentry"],"yoast_head":"<!-- This site is optimized with the Yoast SEO plugin v27.4 - https:\/\/yoast.com\/product\/yoast-seo-wordpress\/ -->\n<title>Kenneth Gehrke - Ambition Sverige<\/title>\n<meta name=\"robots\" content=\"index, follow, max-snippet:-1, max-image-preview:large, max-video-preview:-1\" \/>\n<link rel=\"canonical\" href=\"https:\/\/ambitionsverige.se\/en\/politicians\/kenneth-gehrke\/\" \/>\n<meta property=\"og:locale\" content=\"en_GB\" \/>\n<meta property=\"og:type\" content=\"article\" \/>\n<meta property=\"og:title\" content=\"Kenneth Gehrke - Ambition Sverige\" \/>\n<meta property=\"og:description\" content=\"Kenneth \u00e4r f\u00f6dd och uppvuxen i Stockholm. Han \u00e4r h\u00f6gskoleingenj\u00f6r i kraft- och v\u00e4rmeteknologi med ett stort intresse f\u00f6r energi, klimatfr\u00e5gor och Green Tech-l\u00f6sningar. Kenneth har bland annat arbetat med produktoptimering och processeffektivisering inom industrin, men \u00e4ven varit politiskt engagerad p\u00e5 kommunal niv\u00e5. Han har en l\u00e5ng erfarenhet av verksamhetsutveckling, ledarskap och organisationsutveckling i stora [&hellip;]\" \/>\n<meta property=\"og:url\" content=\"https:\/\/ambitionsverige.se\/en\/politicians\/kenneth-gehrke\/\" \/>\n<meta property=\"og:site_name\" content=\"Ambition Sverige\" \/>\n<meta property=\"article:publisher\" content=\"https:\/\/www.facebook.com\/AmbitionSverige\" \/>\n<meta property=\"article:modified_time\" content=\"2026-02-21T10:21:06+00:00\" \/>\n<meta property=\"og:image\" content=\"https:\/\/ambitionsverige.se\/wp-content\/uploads\/2026\/01\/kenneth-gehrke.jpg\" \/>\n\t<meta property=\"og:image:width\" content=\"427\" \/>\n\t<meta property=\"og:image:height\" content=\"427\" \/>\n\t<meta property=\"og:image:type\" content=\"image\/jpeg\" \/>\n<meta name=\"twitter:card\" content=\"summary_large_image\" \/>\n<meta name=\"twitter:site\" content=\"@ambitionsverige\" \/>\n<meta name=\"twitter:label1\" content=\"Estimated reading time\" \/>\n\t<meta name=\"twitter:data1\" content=\"1 minute\" \/>\n<script type=\"application\/ld+json\" class=\"yoast-schema-graph\">{\"@context\":\"https:\\\/\\\/schema.org\",\"@graph\":[{\"@type\":\"WebPage\",\"@id\":\"https:\\\/\\\/ambitionsverige.se\\\/politiker\\\/kenneth-gehrke\\\/\",\"url\":\"https:\\\/\\\/ambitionsverige.se\\\/politiker\\\/kenneth-gehrke\\\/\",\"name\":\"Kenneth Gehrke - Ambition Sverige\",\"isPartOf\":{\"@id\":\"https:\\\/\\\/ambitionsverige.se\\\/#website\"},\"primaryImageOfPage\":{\"@id\":\"https:\\\/\\\/ambitionsverige.se\\\/politiker\\\/kenneth-gehrke\\\/#primaryimage\"},\"image\":{\"@id\":\"https:\\\/\\\/ambitionsverige.se\\\/politiker\\\/kenneth-gehrke\\\/#primaryimage\"},\"thumbnailUrl\":\"https:\\\/\\\/ambitionsverige.se\\\/wp-content\\\/uploads\\\/2026\\\/01\\\/kenneth-gehrke.jpg\",\"datePublished\":\"2025-10-06T08:38:04+00:00\",\"dateModified\":\"2026-02-21T10:21:06+00:00\",\"breadcrumb\":{\"@id\":\"https:\\\/\\\/ambitionsverige.se\\\/politiker\\\/kenneth-gehrke\\\/#breadcrumb\"},\"inLanguage\":\"en-GB\",\"potentialAction\":[{\"@type\":\"ReadAction\",\"target\":[\"https:\\\/\\\/ambitionsverige.se\\\/politiker\\\/kenneth-gehrke\\\/\"]}]},{\"@type\":\"ImageObject\",\"inLanguage\":\"en-GB\",\"@id\":\"https:\\\/\\\/ambitionsverige.se\\\/politiker\\\/kenneth-gehrke\\\/#primaryimage\",\"url\":\"https:\\\/\\\/ambitionsverige.se\\\/wp-content\\\/uploads\\\/2026\\\/01\\\/kenneth-gehrke.jpg\",\"contentUrl\":\"https:\\\/\\\/ambitionsverige.se\\\/wp-content\\\/uploads\\\/2026\\\/01\\\/kenneth-gehrke.jpg\",\"width\":427,\"height\":427,\"caption\":\"Kenneth Gehrke - Ambition Sverige\"},{\"@type\":\"BreadcrumbList\",\"@id\":\"https:\\\/\\\/ambitionsverige.se\\\/politiker\\\/kenneth-gehrke\\\/#breadcrumb\",\"itemListElement\":[{\"@type\":\"ListItem\",\"position\":1,\"name\":\"Hem\",\"item\":\"https:\\\/\\\/ambitionsverige.se\\\/\"},{\"@type\":\"ListItem\",\"position\":2,\"name\":\"V\u00e5ra politiker &amp; medarbetare\",\"item\":\"https:\\\/\\\/ambitionsverige.se\\\/politiker\\\/\"},{\"@type\":\"ListItem\",\"position\":3,\"name\":\"Kenneth Gehrke\"}]},{\"@type\":\"WebSite\",\"@id\":\"https:\\\/\\\/ambitionsverige.se\\\/#website\",\"url\":\"https:\\\/\\\/ambitionsverige.se\\\/\",\"name\":\"Ambition Sverige\",\"description\":\"\",\"publisher\":{\"@id\":\"https:\\\/\\\/ambitionsverige.se\\\/#organization\"},\"potentialAction\":[{\"@type\":\"SearchAction\",\"target\":{\"@type\":\"EntryPoint\",\"urlTemplate\":\"https:\\\/\\\/ambitionsverige.se\\\/?s={search_term_string}\"},\"query-input\":{\"@type\":\"PropertyValueSpecification\",\"valueRequired\":true,\"valueName\":\"search_term_string\"}}],\"inLanguage\":\"en-GB\"},{\"@type\":\"Organization\",\"@id\":\"https:\\\/\\\/ambitionsverige.se\\\/#organization\",\"name\":\"Ambition Sverige\",\"url\":\"https:\\\/\\\/ambitionsverige.se\\\/\",\"logo\":{\"@type\":\"ImageObject\",\"inLanguage\":\"en-GB\",\"@id\":\"https:\\\/\\\/ambitionsverige.se\\\/#\\\/schema\\\/logo\\\/image\\\/\",\"url\":\"https:\\\/\\\/ambitionsverige.se\\\/wp-content\\\/uploads\\\/2025\\\/11\\\/ambition-sverige-logotyp.png\",\"contentUrl\":\"https:\\\/\\\/ambitionsverige.se\\\/wp-content\\\/uploads\\\/2025\\\/11\\\/ambition-sverige-logotyp.png\",\"width\":512,\"height\":512,\"caption\":\"Ambition Sverige\"},\"image\":{\"@id\":\"https:\\\/\\\/ambitionsverige.se\\\/#\\\/schema\\\/logo\\\/image\\\/\"},\"sameAs\":[\"https:\\\/\\\/www.facebook.com\\\/AmbitionSverige\",\"https:\\\/\\\/x.com\\\/ambitionsverige\",\"https:\\\/\\\/www.instagram.com\\\/ambitionsverige\",\"https:\\\/\\\/www.youtube.com\\\/@ambitionsverige1\",\"https:\\\/\\\/t.me\\\/sverigeforst1\"]}]}<\/script>\n<!-- \/ Yoast SEO plugin. -->","yoast_head_json":{"title":"Kenneth Gehrke - Ambition Sverige","robots":{"index":"index","follow":"follow","max-snippet":"max-snippet:-1","max-image-preview":"max-image-preview:large","max-video-preview":"max-video-preview:-1"},"canonical":"https:\/\/ambitionsverige.se\/en\/politicians\/kenneth-gehrke\/","og_locale":"en_GB","og_type":"article","og_title":"Kenneth Gehrke - Ambition Sverige","og_description":"Kenneth \u00e4r f\u00f6dd och uppvuxen i Stockholm. Han \u00e4r h\u00f6gskoleingenj\u00f6r i kraft- och v\u00e4rmeteknologi med ett stort intresse f\u00f6r energi, klimatfr\u00e5gor och Green Tech-l\u00f6sningar. Kenneth har bland annat arbetat med produktoptimering och processeffektivisering inom industrin, men \u00e4ven varit politiskt engagerad p\u00e5 kommunal niv\u00e5. Han har en l\u00e5ng erfarenhet av verksamhetsutveckling, ledarskap och organisationsutveckling i stora [&hellip;]","og_url":"https:\/\/ambitionsverige.se\/en\/politicians\/kenneth-gehrke\/","og_site_name":"Ambition Sverige","article_publisher":"https:\/\/www.facebook.com\/AmbitionSverige","article_modified_time":"2026-02-21T10:21:06+00:00","og_image":[{"width":427,"height":427,"url":"https:\/\/ambitionsverige.se\/wp-content\/uploads\/2026\/01\/kenneth-gehrke.jpg","type":"image\/jpeg"}],"twitter_card":"summary_large_image","twitter_site":"@ambitionsverige","twitter_misc":{"Estimated reading time":"1 minute"},"schema":{"@context":"https:\/\/schema.org","@graph":[{"@type":"WebPage","@id":"https:\/\/ambitionsverige.se\/politiker\/kenneth-gehrke\/","url":"https:\/\/ambitionsverige.se\/politiker\/kenneth-gehrke\/","name":"Kenneth Gehrke - Ambition Sverige","isPartOf":{"@id":"https:\/\/ambitionsverige.se\/#website"},"primaryImageOfPage":{"@id":"https:\/\/ambitionsverige.se\/politiker\/kenneth-gehrke\/#primaryimage"},"image":{"@id":"https:\/\/ambitionsverige.se\/politiker\/kenneth-gehrke\/#primaryimage"},"thumbnailUrl":"https:\/\/ambitionsverige.se\/wp-content\/uploads\/2026\/01\/kenneth-gehrke.jpg","datePublished":"2025-10-06T08:38:04+00:00","dateModified":"2026-02-21T10:21:06+00:00","breadcrumb":{"@id":"https:\/\/ambitionsverige.se\/politiker\/kenneth-gehrke\/#breadcrumb"},"inLanguage":"en-GB","potentialAction":[{"@type":"ReadAction","target":["https:\/\/ambitionsverige.se\/politiker\/kenneth-gehrke\/"]}]},{"@type":"ImageObject","inLanguage":"en-GB","@id":"https:\/\/ambitionsverige.se\/politiker\/kenneth-gehrke\/#primaryimage","url":"https:\/\/ambitionsverige.se\/wp-content\/uploads\/2026\/01\/kenneth-gehrke.jpg","contentUrl":"https:\/\/ambitionsverige.se\/wp-content\/uploads\/2026\/01\/kenneth-gehrke.jpg","width":427,"height":427,"caption":"Kenneth Gehrke - Ambition Sverige"},{"@type":"BreadcrumbList","@id":"https:\/\/ambitionsverige.se\/politiker\/kenneth-gehrke\/#breadcrumb","itemListElement":[{"@type":"ListItem","position":1,"name":"Hem","item":"https:\/\/ambitionsverige.se\/"},{"@type":"ListItem","position":2,"name":"V\u00e5ra politiker &amp; medarbetare","item":"https:\/\/ambitionsverige.se\/politiker\/"},{"@type":"ListItem","position":3,"name":"Kenneth Gehrke"}]},{"@type":"WebSite","@id":"https:\/\/ambitionsverige.se\/#website","url":"https:\/\/ambitionsverige.se\/","name":"Ambition Sverige","description":"","publisher":{"@id":"https:\/\/ambitionsverige.se\/#organization"},"potentialAction":[{"@type":"SearchAction","target":{"@type":"EntryPoint","urlTemplate":"https:\/\/ambitionsverige.se\/?s={search_term_string}"},"query-input":{"@type":"PropertyValueSpecification","valueRequired":true,"valueName":"search_term_string"}}],"inLanguage":"en-GB"},{"@type":"Organization","@id":"https:\/\/ambitionsverige.se\/#organization","name":"Ambition Sverige","url":"https:\/\/ambitionsverige.se\/","logo":{"@type":"ImageObject","inLanguage":"en-GB","@id":"https:\/\/ambitionsverige.se\/#\/schema\/logo\/image\/","url":"https:\/\/ambitionsverige.se\/wp-content\/uploads\/2025\/11\/ambition-sverige-logotyp.png","contentUrl":"https:\/\/ambitionsverige.se\/wp-content\/uploads\/2025\/11\/ambition-sverige-logotyp.png","width":512,"height":512,"caption":"Ambition Sverige"},"image":{"@id":"https:\/\/ambitionsverige.se\/#\/schema\/logo\/image\/"},"sameAs":["https:\/\/www.facebook.com\/AmbitionSverige","https:\/\/x.com\/ambitionsverige","https:\/\/www.instagram.com\/ambitionsverige","https:\/\/www.youtube.com\/@ambitionsverige1","https:\/\/t.me\/sverigeforst1"]}]}},"_links":{"self":[{"href":"https:\/\/ambitionsverige.se\/en\/wp-json\/wp\/v2\/pages\/543","targetHints":{"allow":["GET"]}}],"collection":[{"href":"https:\/\/ambitionsverige.se\/en\/wp-json\/wp\/v2\/pages"}],"about":[{"href":"https:\/\/ambitionsverige.se\/en\/wp-json\/wp\/v2\/types\/page"}],"author":[{"embeddable":true,"href":"https:\/\/ambitionsverige.se\/en\/wp-json\/wp\/v2\/users\/1"}],"replies":[{"embeddable":true,"href":"https:\/\/ambitionsverige.se\/en\/wp-json\/wp\/v2\/comments?post=543"}],"version-history":[{"count":4,"href":"https:\/\/ambitionsverige.se\/en\/wp-json\/wp\/v2\/pages\/543\/revisions"}],"predecessor-version":[{"id":1550,"href":"https:\/\/ambitionsverige.se\/en\/wp-json\/wp\/v2\/pages\/543\/revisions\/1550"}],"up":[{"embeddable":true,"href":"https:\/\/ambitionsverige.se\/en\/wp-json\/wp\/v2\/pages\/451"}],"wp:featuredmedia":[{"embeddable":true,"href":"https:\/\/ambitionsverige.se\/en\/wp-json\/wp\/v2\/media\/1549"}],"wp:attachment":[{"href":"https:\/\/ambitionsverige.se\/en\/wp-json\/wp\/v2\/media?parent=543"}],"wp:term":[{"taxonomy":"local_branch","embeddable":true,"href":"https:\/\/ambitionsverige.se\/en\/wp-json\/wp\/v2\/local_branch?post=543"}],"curies":[{"name":"wp","href":"https:\/\/api.w.org\/{rel}","templated":true}]}}