{"id":695,"date":"2025-10-12T19:00:27","date_gmt":"2025-10-12T17:00:27","guid":{"rendered":"https:\/\/ambitionsverige.se\/?page_id=695"},"modified":"2026-02-21T11:36:55","modified_gmt":"2026-02-21T10:36:55","slug":"goran-varmby","status":"publish","type":"page","link":"https:\/\/ambitionsverige.se\/en\/politiker\/goran-varmby\/","title":{"rendered":"G\u00f6ran V\u00e4rmby"},"content":{"rendered":"<p>G\u00f6ran V\u00e4rmby is from Gothenburg and started his career as a campaign leader at Greenpeace Sweden in the 1980s, where he mainly demanded an end to chlorine bleaching of paper pulp and action programmes against environmental toxins. He was then recruited by the then Minister for the Environment, Birgitta Dahl, to the Gothenburg Environmental Project, an initiative to radically improve the environment in Gothenburg. Not least was the ambition to significantly reduce emissions from Volvo and the refineries. G\u00f6ran has also worked with well-known politicians such as Ingvar Carlsson (S), Anna Lindh and he has been active at the business office in Gothenburg.<\/p>\n\n\n\n<p>G\u00f6ran also has a solid career as a consultant in the environmental field with clients such as Statoil, Astra, Schenker, Bilspedition, various municipalities, SNF and many more. He was also engaged by G\u00f6ran Persson (S) in the environmental group for the UN Rio meeting and he was for some years environmental manager in Gothenburg and advisor to G\u00f6ran Johansson, former municipal councilor in Gothenburg on environmental issues.<\/p>\n\n\n\n<p>For several years G\u00f6ran was involved in a wide range of projects abroad in countries such as South Africa, India and China. In recent years G\u00f6ran V\u00e4rmby has been a columnist on the editorial page of G\u00f6teborgsposten.<\/p>","protected":false},"excerpt":{"rendered":"<p>G\u00f6ran V\u00e4rmby \u00e4r fr\u00e5n G\u00f6teborg och startade sin karri\u00e4r som kampanjledare p\u00e5 Greenpeace Sverige p\u00e5 \u00e5ttiotalet d\u00e4r han framf\u00f6rallt kr\u00e4vde ett stopp f\u00f6r klorblekning av pappersmassa och \u00e5tg\u00e4rdsprogram mot milj\u00f6gifter. D\u00e4refter rekryterades han av d\u00e5varande milj\u00f6minister Birgitta Dahl till \u201dMilj\u00f6projekt G\u00f6teborg\u201d, ett initiativ f\u00f6r att radikalt f\u00f6rb\u00e4ttra milj\u00f6n i G\u00f6teborg. Inte minst fanns ambitionen att [&hellip;]<\/p>\n","protected":false},"author":1,"featured_media":1553,"parent":451,"menu_order":0,"comment_status":"closed","ping_status":"closed","template":"politiker\/goran-varmby.php","meta":{"footnotes":""},"local_branch":[],"class_list":["post-695","page","type-page","status-publish","has-post-thumbnail","hentry"],"yoast_head":"<!-- This site is optimized with the Yoast SEO plugin v27.4 - https:\/\/yoast.com\/product\/yoast-seo-wordpress\/ -->\n<title>G\u00f6ran V\u00e4rmby - Ambition Sverige<\/title>\n<meta name=\"robots\" content=\"index, follow, max-snippet:-1, max-image-preview:large, max-video-preview:-1\" \/>\n<link rel=\"canonical\" href=\"https:\/\/ambitionsverige.se\/en\/politicians\/goran-varmby\/\" \/>\n<meta property=\"og:locale\" content=\"en_GB\" \/>\n<meta property=\"og:type\" content=\"article\" \/>\n<meta property=\"og:title\" content=\"G\u00f6ran V\u00e4rmby - Ambition Sverige\" \/>\n<meta property=\"og:description\" content=\"G\u00f6ran V\u00e4rmby \u00e4r fr\u00e5n G\u00f6teborg och startade sin karri\u00e4r som kampanjledare p\u00e5 Greenpeace Sverige p\u00e5 \u00e5ttiotalet d\u00e4r han framf\u00f6rallt kr\u00e4vde ett stopp f\u00f6r klorblekning av pappersmassa och \u00e5tg\u00e4rdsprogram mot milj\u00f6gifter. D\u00e4refter rekryterades han av d\u00e5varande milj\u00f6minister Birgitta Dahl till \u201dMilj\u00f6projekt G\u00f6teborg\u201d, ett initiativ f\u00f6r att radikalt f\u00f6rb\u00e4ttra milj\u00f6n i G\u00f6teborg. Inte minst fanns ambitionen att [&hellip;]\" \/>\n<meta property=\"og:url\" content=\"https:\/\/ambitionsverige.se\/en\/politicians\/goran-varmby\/\" \/>\n<meta property=\"og:site_name\" content=\"Ambition Sverige\" \/>\n<meta property=\"article:publisher\" content=\"https:\/\/www.facebook.com\/AmbitionSverige\" \/>\n<meta property=\"article:modified_time\" content=\"2026-02-21T10:36:55+00:00\" \/>\n<meta property=\"og:image\" content=\"https:\/\/ambitionsverige.se\/wp-content\/uploads\/2026\/01\/goran-varmby.jpg\" \/>\n\t<meta property=\"og:image:width\" content=\"1000\" \/>\n\t<meta property=\"og:image:height\" content=\"1000\" \/>\n\t<meta property=\"og:image:type\" content=\"image\/jpeg\" \/>\n<meta name=\"twitter:card\" content=\"summary_large_image\" \/>\n<meta name=\"twitter:site\" content=\"@ambitionsverige\" \/>\n<meta name=\"twitter:label1\" content=\"Estimated reading time\" \/>\n\t<meta name=\"twitter:data1\" content=\"2 minutes\" \/>\n<script type=\"application\/ld+json\" class=\"yoast-schema-graph\">{\"@context\":\"https:\\\/\\\/schema.org\",\"@graph\":[{\"@type\":\"WebPage\",\"@id\":\"https:\\\/\\\/ambitionsverige.se\\\/politiker\\\/goran-varmby\\\/\",\"url\":\"https:\\\/\\\/ambitionsverige.se\\\/politiker\\\/goran-varmby\\\/\",\"name\":\"G\u00f6ran V\u00e4rmby - Ambition Sverige\",\"isPartOf\":{\"@id\":\"https:\\\/\\\/ambitionsverige.se\\\/#website\"},\"primaryImageOfPage\":{\"@id\":\"https:\\\/\\\/ambitionsverige.se\\\/politiker\\\/goran-varmby\\\/#primaryimage\"},\"image\":{\"@id\":\"https:\\\/\\\/ambitionsverige.se\\\/politiker\\\/goran-varmby\\\/#primaryimage\"},\"thumbnailUrl\":\"https:\\\/\\\/ambitionsverige.se\\\/wp-content\\\/uploads\\\/2026\\\/01\\\/goran-varmby.jpg\",\"datePublished\":\"2025-10-12T17:00:27+00:00\",\"dateModified\":\"2026-02-21T10:36:55+00:00\",\"breadcrumb\":{\"@id\":\"https:\\\/\\\/ambitionsverige.se\\\/politiker\\\/goran-varmby\\\/#breadcrumb\"},\"inLanguage\":\"en-GB\",\"potentialAction\":[{\"@type\":\"ReadAction\",\"target\":[\"https:\\\/\\\/ambitionsverige.se\\\/politiker\\\/goran-varmby\\\/\"]}]},{\"@type\":\"ImageObject\",\"inLanguage\":\"en-GB\",\"@id\":\"https:\\\/\\\/ambitionsverige.se\\\/politiker\\\/goran-varmby\\\/#primaryimage\",\"url\":\"https:\\\/\\\/ambitionsverige.se\\\/wp-content\\\/uploads\\\/2026\\\/01\\\/goran-varmby.jpg\",\"contentUrl\":\"https:\\\/\\\/ambitionsverige.se\\\/wp-content\\\/uploads\\\/2026\\\/01\\\/goran-varmby.jpg\",\"width\":1000,\"height\":1000,\"caption\":\"G\u00f6ran V\u00e4rmby - Ambition Sverige\"},{\"@type\":\"BreadcrumbList\",\"@id\":\"https:\\\/\\\/ambitionsverige.se\\\/politiker\\\/goran-varmby\\\/#breadcrumb\",\"itemListElement\":[{\"@type\":\"ListItem\",\"position\":1,\"name\":\"Hem\",\"item\":\"https:\\\/\\\/ambitionsverige.se\\\/\"},{\"@type\":\"ListItem\",\"position\":2,\"name\":\"V\u00e5ra politiker &amp; medarbetare\",\"item\":\"https:\\\/\\\/ambitionsverige.se\\\/politiker\\\/\"},{\"@type\":\"ListItem\",\"position\":3,\"name\":\"G\u00f6ran V\u00e4rmby\"}]},{\"@type\":\"WebSite\",\"@id\":\"https:\\\/\\\/ambitionsverige.se\\\/#website\",\"url\":\"https:\\\/\\\/ambitionsverige.se\\\/\",\"name\":\"Ambition Sverige\",\"description\":\"\",\"publisher\":{\"@id\":\"https:\\\/\\\/ambitionsverige.se\\\/#organization\"},\"potentialAction\":[{\"@type\":\"SearchAction\",\"target\":{\"@type\":\"EntryPoint\",\"urlTemplate\":\"https:\\\/\\\/ambitionsverige.se\\\/?s={search_term_string}\"},\"query-input\":{\"@type\":\"PropertyValueSpecification\",\"valueRequired\":true,\"valueName\":\"search_term_string\"}}],\"inLanguage\":\"en-GB\"},{\"@type\":\"Organization\",\"@id\":\"https:\\\/\\\/ambitionsverige.se\\\/#organization\",\"name\":\"Ambition Sverige\",\"url\":\"https:\\\/\\\/ambitionsverige.se\\\/\",\"logo\":{\"@type\":\"ImageObject\",\"inLanguage\":\"en-GB\",\"@id\":\"https:\\\/\\\/ambitionsverige.se\\\/#\\\/schema\\\/logo\\\/image\\\/\",\"url\":\"https:\\\/\\\/ambitionsverige.se\\\/wp-content\\\/uploads\\\/2025\\\/11\\\/ambition-sverige-logotyp.png\",\"contentUrl\":\"https:\\\/\\\/ambitionsverige.se\\\/wp-content\\\/uploads\\\/2025\\\/11\\\/ambition-sverige-logotyp.png\",\"width\":512,\"height\":512,\"caption\":\"Ambition Sverige\"},\"image\":{\"@id\":\"https:\\\/\\\/ambitionsverige.se\\\/#\\\/schema\\\/logo\\\/image\\\/\"},\"sameAs\":[\"https:\\\/\\\/www.facebook.com\\\/AmbitionSverige\",\"https:\\\/\\\/x.com\\\/ambitionsverige\",\"https:\\\/\\\/www.instagram.com\\\/ambitionsverige\",\"https:\\\/\\\/www.youtube.com\\\/@ambitionsverige1\",\"https:\\\/\\\/t.me\\\/sverigeforst1\"]}]}<\/script>\n<!-- \/ Yoast SEO plugin. -->","yoast_head_json":{"title":"G\u00f6ran V\u00e4rmby - Ambition Sverige","robots":{"index":"index","follow":"follow","max-snippet":"max-snippet:-1","max-image-preview":"max-image-preview:large","max-video-preview":"max-video-preview:-1"},"canonical":"https:\/\/ambitionsverige.se\/en\/politicians\/goran-varmby\/","og_locale":"en_GB","og_type":"article","og_title":"G\u00f6ran V\u00e4rmby - Ambition Sverige","og_description":"G\u00f6ran V\u00e4rmby \u00e4r fr\u00e5n G\u00f6teborg och startade sin karri\u00e4r som kampanjledare p\u00e5 Greenpeace Sverige p\u00e5 \u00e5ttiotalet d\u00e4r han framf\u00f6rallt kr\u00e4vde ett stopp f\u00f6r klorblekning av pappersmassa och \u00e5tg\u00e4rdsprogram mot milj\u00f6gifter. D\u00e4refter rekryterades han av d\u00e5varande milj\u00f6minister Birgitta Dahl till \u201dMilj\u00f6projekt G\u00f6teborg\u201d, ett initiativ f\u00f6r att radikalt f\u00f6rb\u00e4ttra milj\u00f6n i G\u00f6teborg. Inte minst fanns ambitionen att [&hellip;]","og_url":"https:\/\/ambitionsverige.se\/en\/politicians\/goran-varmby\/","og_site_name":"Ambition Sverige","article_publisher":"https:\/\/www.facebook.com\/AmbitionSverige","article_modified_time":"2026-02-21T10:36:55+00:00","og_image":[{"width":1000,"height":1000,"url":"https:\/\/ambitionsverige.se\/wp-content\/uploads\/2026\/01\/goran-varmby.jpg","type":"image\/jpeg"}],"twitter_card":"summary_large_image","twitter_site":"@ambitionsverige","twitter_misc":{"Estimated reading time":"2 minutes"},"schema":{"@context":"https:\/\/schema.org","@graph":[{"@type":"WebPage","@id":"https:\/\/ambitionsverige.se\/politiker\/goran-varmby\/","url":"https:\/\/ambitionsverige.se\/politiker\/goran-varmby\/","name":"G\u00f6ran V\u00e4rmby - Ambition Sverige","isPartOf":{"@id":"https:\/\/ambitionsverige.se\/#website"},"primaryImageOfPage":{"@id":"https:\/\/ambitionsverige.se\/politiker\/goran-varmby\/#primaryimage"},"image":{"@id":"https:\/\/ambitionsverige.se\/politiker\/goran-varmby\/#primaryimage"},"thumbnailUrl":"https:\/\/ambitionsverige.se\/wp-content\/uploads\/2026\/01\/goran-varmby.jpg","datePublished":"2025-10-12T17:00:27+00:00","dateModified":"2026-02-21T10:36:55+00:00","breadcrumb":{"@id":"https:\/\/ambitionsverige.se\/politiker\/goran-varmby\/#breadcrumb"},"inLanguage":"en-GB","potentialAction":[{"@type":"ReadAction","target":["https:\/\/ambitionsverige.se\/politiker\/goran-varmby\/"]}]},{"@type":"ImageObject","inLanguage":"en-GB","@id":"https:\/\/ambitionsverige.se\/politiker\/goran-varmby\/#primaryimage","url":"https:\/\/ambitionsverige.se\/wp-content\/uploads\/2026\/01\/goran-varmby.jpg","contentUrl":"https:\/\/ambitionsverige.se\/wp-content\/uploads\/2026\/01\/goran-varmby.jpg","width":1000,"height":1000,"caption":"G\u00f6ran V\u00e4rmby - Ambition Sverige"},{"@type":"BreadcrumbList","@id":"https:\/\/ambitionsverige.se\/politiker\/goran-varmby\/#breadcrumb","itemListElement":[{"@type":"ListItem","position":1,"name":"Hem","item":"https:\/\/ambitionsverige.se\/"},{"@type":"ListItem","position":2,"name":"V\u00e5ra politiker &amp; medarbetare","item":"https:\/\/ambitionsverige.se\/politiker\/"},{"@type":"ListItem","position":3,"name":"G\u00f6ran V\u00e4rmby"}]},{"@type":"WebSite","@id":"https:\/\/ambitionsverige.se\/#website","url":"https:\/\/ambitionsverige.se\/","name":"Ambition Sverige","description":"","publisher":{"@id":"https:\/\/ambitionsverige.se\/#organization"},"potentialAction":[{"@type":"SearchAction","target":{"@type":"EntryPoint","urlTemplate":"https:\/\/ambitionsverige.se\/?s={search_term_string}"},"query-input":{"@type":"PropertyValueSpecification","valueRequired":true,"valueName":"search_term_string"}}],"inLanguage":"en-GB"},{"@type":"Organization","@id":"https:\/\/ambitionsverige.se\/#organization","name":"Ambition Sverige","url":"https:\/\/ambitionsverige.se\/","logo":{"@type":"ImageObject","inLanguage":"en-GB","@id":"https:\/\/ambitionsverige.se\/#\/schema\/logo\/image\/","url":"https:\/\/ambitionsverige.se\/wp-content\/uploads\/2025\/11\/ambition-sverige-logotyp.png","contentUrl":"https:\/\/ambitionsverige.se\/wp-content\/uploads\/2025\/11\/ambition-sverige-logotyp.png","width":512,"height":512,"caption":"Ambition Sverige"},"image":{"@id":"https:\/\/ambitionsverige.se\/#\/schema\/logo\/image\/"},"sameAs":["https:\/\/www.facebook.com\/AmbitionSverige","https:\/\/x.com\/ambitionsverige","https:\/\/www.instagram.com\/ambitionsverige","https:\/\/www.youtube.com\/@ambitionsverige1","https:\/\/t.me\/sverigeforst1"]}]}},"_links":{"self":[{"href":"https:\/\/ambitionsverige.se\/en\/wp-json\/wp\/v2\/pages\/695","targetHints":{"allow":["GET"]}}],"collection":[{"href":"https:\/\/ambitionsverige.se\/en\/wp-json\/wp\/v2\/pages"}],"about":[{"href":"https:\/\/ambitionsverige.se\/en\/wp-json\/wp\/v2\/types\/page"}],"author":[{"embeddable":true,"href":"https:\/\/ambitionsverige.se\/en\/wp-json\/wp\/v2\/users\/1"}],"replies":[{"embeddable":true,"href":"https:\/\/ambitionsverige.se\/en\/wp-json\/wp\/v2\/comments?post=695"}],"version-history":[{"count":3,"href":"https:\/\/ambitionsverige.se\/en\/wp-json\/wp\/v2\/pages\/695\/revisions"}],"predecessor-version":[{"id":1554,"href":"https:\/\/ambitionsverige.se\/en\/wp-json\/wp\/v2\/pages\/695\/revisions\/1554"}],"up":[{"embeddable":true,"href":"https:\/\/ambitionsverige.se\/en\/wp-json\/wp\/v2\/pages\/451"}],"wp:featuredmedia":[{"embeddable":true,"href":"https:\/\/ambitionsverige.se\/en\/wp-json\/wp\/v2\/media\/1553"}],"wp:attachment":[{"href":"https:\/\/ambitionsverige.se\/en\/wp-json\/wp\/v2\/media?parent=695"}],"wp:term":[{"taxonomy":"local_branch","embeddable":true,"href":"https:\/\/ambitionsverige.se\/en\/wp-json\/wp\/v2\/local_branch?post=695"}],"curies":[{"name":"wp","href":"https:\/\/api.w.org\/{rel}","templated":true}]}}