{"id":702,"date":"2025-10-13T08:35:00","date_gmt":"2025-10-13T06:35:00","guid":{"rendered":"https:\/\/ambitionsverige.se\/?page_id=702"},"modified":"2026-03-23T10:56:11","modified_gmt":"2026-03-23T09:56:11","slug":"olle-lack","status":"publish","type":"page","link":"https:\/\/ambitionsverige.se\/en\/politiker\/olle-lack\/","title":{"rendered":"Olle Lack"},"content":{"rendered":"<p>Olle Lack is originally from G\u00e4llivare. He has been a fighter pilot in the Air Force and flew Viggen in the reconnaissance and attack systems for 17 years.<\/p>\n<p>After the military academy, he obtained the rank of Major and has served in many leadership positions in the Air Force. Olle has also trained officers from all branches of the Air Force, but especially fellow pilots throughout his career.<\/p>\n<p>For four years in civil aviation, he flew the Fokker 50.<\/p>\n<p>Olle then returned to the Air Force where he served as a pilot on the SAAB 340 AEW&amp;C (Airborne Early Warning and Control) radar reconnaissance aircraft.<\/p>\n<p>He also served as a pilot on government aircraft flying for the Cabinet Office, the Court and the Royal Family. He has also conducted flights under the Ministry of Foreign Affairs such as Open Skies missions in several European countries, including Russia and Ukraine. Olle participated in several NATO-led exercises (BALTOPS) where he gained good insight into how NATO operates.<\/p>","protected":false},"excerpt":{"rendered":"<p>Olle Lack kommer ursprungligen fr\u00e5n G\u00e4llivare. Han har varit stridspilot i flygvapnet och fl\u00f6g Viggen i spanings- och attacksystemen i 17 \u00e5r. Efter milit\u00e4rh\u00f6gskolan fick han majorsgrad och har verkat i m\u00e5nga chefsbefattningar inom flygvapnet. Olle har ocks\u00e5 utbildat officerare fr\u00e5n alla fack i flygvapnet, men speciellt pilotkollegor under hela sin karri\u00e4r. Under fyra \u00e5r [&hellip;]<\/p>\n","protected":false},"author":1,"featured_media":1886,"parent":451,"menu_order":0,"comment_status":"closed","ping_status":"closed","template":"politiker\/olle-lack.php","meta":{"footnotes":""},"local_branch":[],"class_list":["post-702","page","type-page","status-publish","has-post-thumbnail","hentry"],"yoast_head":"<!-- This site is optimized with the Yoast SEO plugin v27.4 - https:\/\/yoast.com\/product\/yoast-seo-wordpress\/ -->\n<title>Olle Lack - Ambition Sverige<\/title>\n<meta name=\"robots\" content=\"index, follow, max-snippet:-1, max-image-preview:large, max-video-preview:-1\" \/>\n<link rel=\"canonical\" href=\"https:\/\/ambitionsverige.se\/en\/politicians\/olle-lack\/\" \/>\n<meta property=\"og:locale\" content=\"en_GB\" \/>\n<meta property=\"og:type\" content=\"article\" \/>\n<meta property=\"og:title\" content=\"Olle Lack - Ambition Sverige\" \/>\n<meta property=\"og:description\" content=\"Olle Lack kommer ursprungligen fr\u00e5n G\u00e4llivare. Han har varit stridspilot i flygvapnet och fl\u00f6g Viggen i spanings- och attacksystemen i 17 \u00e5r. Efter milit\u00e4rh\u00f6gskolan fick han majorsgrad och har verkat i m\u00e5nga chefsbefattningar inom flygvapnet. Olle har ocks\u00e5 utbildat officerare fr\u00e5n alla fack i flygvapnet, men speciellt pilotkollegor under hela sin karri\u00e4r. Under fyra \u00e5r [&hellip;]\" \/>\n<meta property=\"og:url\" content=\"https:\/\/ambitionsverige.se\/en\/politicians\/olle-lack\/\" \/>\n<meta property=\"og:site_name\" content=\"Ambition Sverige\" \/>\n<meta property=\"article:publisher\" content=\"https:\/\/www.facebook.com\/AmbitionSverige\" \/>\n<meta property=\"article:modified_time\" content=\"2026-03-23T09:56:11+00:00\" \/>\n<meta property=\"og:image\" content=\"https:\/\/ambitionsverige.se\/wp-content\/uploads\/2026\/03\/olle-lack-1024x1024.jpg\" \/>\n\t<meta property=\"og:image:width\" content=\"1024\" \/>\n\t<meta property=\"og:image:height\" content=\"1024\" \/>\n\t<meta property=\"og:image:type\" content=\"image\/jpeg\" \/>\n<meta name=\"twitter:card\" content=\"summary_large_image\" \/>\n<meta name=\"twitter:site\" content=\"@ambitionsverige\" \/>\n<meta name=\"twitter:label1\" content=\"Estimated reading time\" \/>\n\t<meta name=\"twitter:data1\" content=\"1 minute\" \/>\n<script type=\"application\/ld+json\" class=\"yoast-schema-graph\">{\"@context\":\"https:\\\/\\\/schema.org\",\"@graph\":[{\"@type\":\"WebPage\",\"@id\":\"https:\\\/\\\/ambitionsverige.se\\\/politiker\\\/olle-lack\\\/\",\"url\":\"https:\\\/\\\/ambitionsverige.se\\\/politiker\\\/olle-lack\\\/\",\"name\":\"Olle Lack - Ambition Sverige\",\"isPartOf\":{\"@id\":\"https:\\\/\\\/ambitionsverige.se\\\/#website\"},\"primaryImageOfPage\":{\"@id\":\"https:\\\/\\\/ambitionsverige.se\\\/politiker\\\/olle-lack\\\/#primaryimage\"},\"image\":{\"@id\":\"https:\\\/\\\/ambitionsverige.se\\\/politiker\\\/olle-lack\\\/#primaryimage\"},\"thumbnailUrl\":\"https:\\\/\\\/ambitionsverige.se\\\/wp-content\\\/uploads\\\/2026\\\/03\\\/olle-lack.jpg\",\"datePublished\":\"2025-10-13T06:35:00+00:00\",\"dateModified\":\"2026-03-23T09:56:11+00:00\",\"breadcrumb\":{\"@id\":\"https:\\\/\\\/ambitionsverige.se\\\/politiker\\\/olle-lack\\\/#breadcrumb\"},\"inLanguage\":\"en-GB\",\"potentialAction\":[{\"@type\":\"ReadAction\",\"target\":[\"https:\\\/\\\/ambitionsverige.se\\\/politiker\\\/olle-lack\\\/\"]}]},{\"@type\":\"ImageObject\",\"inLanguage\":\"en-GB\",\"@id\":\"https:\\\/\\\/ambitionsverige.se\\\/politiker\\\/olle-lack\\\/#primaryimage\",\"url\":\"https:\\\/\\\/ambitionsverige.se\\\/wp-content\\\/uploads\\\/2026\\\/03\\\/olle-lack.jpg\",\"contentUrl\":\"https:\\\/\\\/ambitionsverige.se\\\/wp-content\\\/uploads\\\/2026\\\/03\\\/olle-lack.jpg\",\"width\":1587,\"height\":1587,\"caption\":\"olle-lack\"},{\"@type\":\"BreadcrumbList\",\"@id\":\"https:\\\/\\\/ambitionsverige.se\\\/politiker\\\/olle-lack\\\/#breadcrumb\",\"itemListElement\":[{\"@type\":\"ListItem\",\"position\":1,\"name\":\"Hem\",\"item\":\"https:\\\/\\\/ambitionsverige.se\\\/\"},{\"@type\":\"ListItem\",\"position\":2,\"name\":\"V\u00e5ra politiker &amp; medarbetare\",\"item\":\"https:\\\/\\\/ambitionsverige.se\\\/politiker\\\/\"},{\"@type\":\"ListItem\",\"position\":3,\"name\":\"Olle Lack\"}]},{\"@type\":\"WebSite\",\"@id\":\"https:\\\/\\\/ambitionsverige.se\\\/#website\",\"url\":\"https:\\\/\\\/ambitionsverige.se\\\/\",\"name\":\"Ambition Sverige\",\"description\":\"\",\"publisher\":{\"@id\":\"https:\\\/\\\/ambitionsverige.se\\\/#organization\"},\"potentialAction\":[{\"@type\":\"SearchAction\",\"target\":{\"@type\":\"EntryPoint\",\"urlTemplate\":\"https:\\\/\\\/ambitionsverige.se\\\/?s={search_term_string}\"},\"query-input\":{\"@type\":\"PropertyValueSpecification\",\"valueRequired\":true,\"valueName\":\"search_term_string\"}}],\"inLanguage\":\"en-GB\"},{\"@type\":\"Organization\",\"@id\":\"https:\\\/\\\/ambitionsverige.se\\\/#organization\",\"name\":\"Ambition Sverige\",\"url\":\"https:\\\/\\\/ambitionsverige.se\\\/\",\"logo\":{\"@type\":\"ImageObject\",\"inLanguage\":\"en-GB\",\"@id\":\"https:\\\/\\\/ambitionsverige.se\\\/#\\\/schema\\\/logo\\\/image\\\/\",\"url\":\"https:\\\/\\\/ambitionsverige.se\\\/wp-content\\\/uploads\\\/2025\\\/11\\\/ambition-sverige-logotyp.png\",\"contentUrl\":\"https:\\\/\\\/ambitionsverige.se\\\/wp-content\\\/uploads\\\/2025\\\/11\\\/ambition-sverige-logotyp.png\",\"width\":512,\"height\":512,\"caption\":\"Ambition Sverige\"},\"image\":{\"@id\":\"https:\\\/\\\/ambitionsverige.se\\\/#\\\/schema\\\/logo\\\/image\\\/\"},\"sameAs\":[\"https:\\\/\\\/www.facebook.com\\\/AmbitionSverige\",\"https:\\\/\\\/x.com\\\/ambitionsverige\",\"https:\\\/\\\/www.instagram.com\\\/ambitionsverige\",\"https:\\\/\\\/www.youtube.com\\\/@ambitionsverige1\",\"https:\\\/\\\/t.me\\\/sverigeforst1\"]}]}<\/script>\n<!-- \/ Yoast SEO plugin. -->","yoast_head_json":{"title":"Olle Lack - Ambition Sverige","robots":{"index":"index","follow":"follow","max-snippet":"max-snippet:-1","max-image-preview":"max-image-preview:large","max-video-preview":"max-video-preview:-1"},"canonical":"https:\/\/ambitionsverige.se\/en\/politicians\/olle-lack\/","og_locale":"en_GB","og_type":"article","og_title":"Olle Lack - Ambition Sverige","og_description":"Olle Lack kommer ursprungligen fr\u00e5n G\u00e4llivare. Han har varit stridspilot i flygvapnet och fl\u00f6g Viggen i spanings- och attacksystemen i 17 \u00e5r. Efter milit\u00e4rh\u00f6gskolan fick han majorsgrad och har verkat i m\u00e5nga chefsbefattningar inom flygvapnet. Olle har ocks\u00e5 utbildat officerare fr\u00e5n alla fack i flygvapnet, men speciellt pilotkollegor under hela sin karri\u00e4r. Under fyra \u00e5r [&hellip;]","og_url":"https:\/\/ambitionsverige.se\/en\/politicians\/olle-lack\/","og_site_name":"Ambition Sverige","article_publisher":"https:\/\/www.facebook.com\/AmbitionSverige","article_modified_time":"2026-03-23T09:56:11+00:00","og_image":[{"width":1024,"height":1024,"url":"https:\/\/ambitionsverige.se\/wp-content\/uploads\/2026\/03\/olle-lack-1024x1024.jpg","type":"image\/jpeg"}],"twitter_card":"summary_large_image","twitter_site":"@ambitionsverige","twitter_misc":{"Estimated reading time":"1 minute"},"schema":{"@context":"https:\/\/schema.org","@graph":[{"@type":"WebPage","@id":"https:\/\/ambitionsverige.se\/politiker\/olle-lack\/","url":"https:\/\/ambitionsverige.se\/politiker\/olle-lack\/","name":"Olle Lack - Ambition Sverige","isPartOf":{"@id":"https:\/\/ambitionsverige.se\/#website"},"primaryImageOfPage":{"@id":"https:\/\/ambitionsverige.se\/politiker\/olle-lack\/#primaryimage"},"image":{"@id":"https:\/\/ambitionsverige.se\/politiker\/olle-lack\/#primaryimage"},"thumbnailUrl":"https:\/\/ambitionsverige.se\/wp-content\/uploads\/2026\/03\/olle-lack.jpg","datePublished":"2025-10-13T06:35:00+00:00","dateModified":"2026-03-23T09:56:11+00:00","breadcrumb":{"@id":"https:\/\/ambitionsverige.se\/politiker\/olle-lack\/#breadcrumb"},"inLanguage":"en-GB","potentialAction":[{"@type":"ReadAction","target":["https:\/\/ambitionsverige.se\/politiker\/olle-lack\/"]}]},{"@type":"ImageObject","inLanguage":"en-GB","@id":"https:\/\/ambitionsverige.se\/politiker\/olle-lack\/#primaryimage","url":"https:\/\/ambitionsverige.se\/wp-content\/uploads\/2026\/03\/olle-lack.jpg","contentUrl":"https:\/\/ambitionsverige.se\/wp-content\/uploads\/2026\/03\/olle-lack.jpg","width":1587,"height":1587,"caption":"olle-lack"},{"@type":"BreadcrumbList","@id":"https:\/\/ambitionsverige.se\/politiker\/olle-lack\/#breadcrumb","itemListElement":[{"@type":"ListItem","position":1,"name":"Hem","item":"https:\/\/ambitionsverige.se\/"},{"@type":"ListItem","position":2,"name":"V\u00e5ra politiker &amp; medarbetare","item":"https:\/\/ambitionsverige.se\/politiker\/"},{"@type":"ListItem","position":3,"name":"Olle Lack"}]},{"@type":"WebSite","@id":"https:\/\/ambitionsverige.se\/#website","url":"https:\/\/ambitionsverige.se\/","name":"Ambition Sverige","description":"","publisher":{"@id":"https:\/\/ambitionsverige.se\/#organization"},"potentialAction":[{"@type":"SearchAction","target":{"@type":"EntryPoint","urlTemplate":"https:\/\/ambitionsverige.se\/?s={search_term_string}"},"query-input":{"@type":"PropertyValueSpecification","valueRequired":true,"valueName":"search_term_string"}}],"inLanguage":"en-GB"},{"@type":"Organization","@id":"https:\/\/ambitionsverige.se\/#organization","name":"Ambition Sverige","url":"https:\/\/ambitionsverige.se\/","logo":{"@type":"ImageObject","inLanguage":"en-GB","@id":"https:\/\/ambitionsverige.se\/#\/schema\/logo\/image\/","url":"https:\/\/ambitionsverige.se\/wp-content\/uploads\/2025\/11\/ambition-sverige-logotyp.png","contentUrl":"https:\/\/ambitionsverige.se\/wp-content\/uploads\/2025\/11\/ambition-sverige-logotyp.png","width":512,"height":512,"caption":"Ambition Sverige"},"image":{"@id":"https:\/\/ambitionsverige.se\/#\/schema\/logo\/image\/"},"sameAs":["https:\/\/www.facebook.com\/AmbitionSverige","https:\/\/x.com\/ambitionsverige","https:\/\/www.instagram.com\/ambitionsverige","https:\/\/www.youtube.com\/@ambitionsverige1","https:\/\/t.me\/sverigeforst1"]}]}},"_links":{"self":[{"href":"https:\/\/ambitionsverige.se\/en\/wp-json\/wp\/v2\/pages\/702","targetHints":{"allow":["GET"]}}],"collection":[{"href":"https:\/\/ambitionsverige.se\/en\/wp-json\/wp\/v2\/pages"}],"about":[{"href":"https:\/\/ambitionsverige.se\/en\/wp-json\/wp\/v2\/types\/page"}],"author":[{"embeddable":true,"href":"https:\/\/ambitionsverige.se\/en\/wp-json\/wp\/v2\/users\/1"}],"replies":[{"embeddable":true,"href":"https:\/\/ambitionsverige.se\/en\/wp-json\/wp\/v2\/comments?post=702"}],"version-history":[{"count":5,"href":"https:\/\/ambitionsverige.se\/en\/wp-json\/wp\/v2\/pages\/702\/revisions"}],"predecessor-version":[{"id":742,"href":"https:\/\/ambitionsverige.se\/en\/wp-json\/wp\/v2\/pages\/702\/revisions\/742"}],"up":[{"embeddable":true,"href":"https:\/\/ambitionsverige.se\/en\/wp-json\/wp\/v2\/pages\/451"}],"wp:featuredmedia":[{"embeddable":true,"href":"https:\/\/ambitionsverige.se\/en\/wp-json\/wp\/v2\/media\/1886"}],"wp:attachment":[{"href":"https:\/\/ambitionsverige.se\/en\/wp-json\/wp\/v2\/media?parent=702"}],"wp:term":[{"taxonomy":"local_branch","embeddable":true,"href":"https:\/\/ambitionsverige.se\/en\/wp-json\/wp\/v2\/local_branch?post=702"}],"curies":[{"name":"wp","href":"https:\/\/api.w.org\/{rel}","templated":true}]}}