{"id":157,"date":"2025-06-05T19:30:11","date_gmt":"2025-06-05T17:30:11","guid":{"rendered":"https:\/\/ambitionsverige.se\/?page_id=157"},"modified":"2026-01-16T09:09:21","modified_gmt":"2026-01-16T08:09:21","slug":"elsa-widding","status":"publish","type":"page","link":"https:\/\/ambitionsverige.se\/es\/politiker\/elsa-widding\/","title":{"rendered":"Elsa Widding"},"content":{"rendered":"<p>Elsa Widding procede de Gotemburgo, pero vive en Estocolmo desde hace varios a\u00f1os. En oto\u00f1o de 2022, Elsa se present\u00f3 a las elecciones parlamentarias por SD, pero por diversos motivos opt\u00f3 por abandonar el partido en mayo de 2023. Desde entonces, ha sido diputada activa como miembro sin partido y en mayo de 2025 fund\u00f3 el partido Ambition Sverige. Elsa es una experta en energ\u00eda con varios puestos de responsabilidad a sus espaldas en grandes empresas energ\u00e9ticas. Entre otras cosas, trabaj\u00f3 como experta en las Oficinas del Gobierno con responsabilidad sobre Vattenfall bajo el anterior Gobierno de centro-derecha. Widding se dio a conocer a la opini\u00f3n p\u00fablica se\u00f1alando la costos\u00edsima compra de la empresa energ\u00e9tica holandesa Nuon por parte de Vattenfall como una gran p\u00e9rdida para el Estado sueco. En la actualidad, Elsa Widding est\u00e1 seriamente preocupada por c\u00f3mo se est\u00e1 distorsionando la investigaci\u00f3n sobre el clima incluso antes de que llegue al IPCC, el grupo de expertos sobre el clima de la ONU.<\/p>\n\n\n\n<p>En mer utf\u00f6rlig beskrivning av Elsa finns att ta del av p\u00e5 SwebbTV sommarprogram f\u00f6r \u00e5r <a href=\"https:\/\/swebbtv.se\/w\/envLv4RrmkCkG1xcXZRmiQ\" target=\"_blank\" rel=\"noreferrer noopener\">2025<\/a> y <a href=\"https:\/\/swebbtv.se\/w\/hA7HQRHJSTvPPm96UGSCyH\" target=\"_blank\" rel=\"noreferrer noopener\">2023<\/a>.<\/p>","protected":false},"excerpt":{"rendered":"<p>Elsa Widding kommer fr\u00e5n G\u00f6teborg men har bott flera \u00e5r i Stockholm. H\u00f6sten 2022 st\u00e4llde Elsa upp i riksdagsvalet f\u00f6r SD men av olika anledningar valde hon att l\u00e4mna partiet i maj 2023. Sedan dess har hon varit aktiv riksdagsledamot som partil\u00f6s och i maj 2025 grundade hon partiet Ambition Sverige. Elsa \u00e4r energiexpert med [&hellip;]<\/p>\n","protected":false},"author":1,"featured_media":1480,"parent":451,"menu_order":0,"comment_status":"closed","ping_status":"closed","template":"politiker\/elsa-widding.php","meta":{"footnotes":""},"local_branch":[],"class_list":["post-157","page","type-page","status-publish","has-post-thumbnail","hentry"],"yoast_head":"<!-- This site is optimized with the Yoast SEO plugin v27.4 - https:\/\/yoast.com\/product\/yoast-seo-wordpress\/ -->\n<title>Elsa Widding - Partiledare f\u00f6r Ambition Sverige<\/title>\n<meta name=\"description\" content=\"Grundaren av det nya partiet Ambition Sverige, \u00e4r den redan riksk\u00e4nda profilen Elsa Widding, 57.\" \/>\n<meta name=\"robots\" content=\"index, follow, max-snippet:-1, max-image-preview:large, max-video-preview:-1\" \/>\n<link rel=\"canonical\" href=\"https:\/\/ambitionsverige.se\/es\/politico\/elsa-widding\/\" \/>\n<meta property=\"og:locale\" content=\"es_ES\" \/>\n<meta property=\"og:type\" content=\"article\" \/>\n<meta property=\"og:title\" content=\"Elsa Widding - Partiledare f\u00f6r Ambition Sverige\" \/>\n<meta property=\"og:description\" content=\"Grundaren av det nya partiet Ambition Sverige, \u00e4r den redan riksk\u00e4nda profilen Elsa Widding, 57.\" \/>\n<meta property=\"og:url\" content=\"https:\/\/ambitionsverige.se\/es\/politico\/elsa-widding\/\" \/>\n<meta property=\"og:site_name\" content=\"Ambition Sverige\" \/>\n<meta property=\"article:publisher\" content=\"https:\/\/www.facebook.com\/AmbitionSverige\" \/>\n<meta property=\"article:modified_time\" content=\"2026-01-16T08:09:21+00:00\" \/>\n<meta property=\"og:image\" content=\"https:\/\/ambitionsverige.se\/wp-content\/uploads\/2026\/01\/elsa-widding.jpg\" \/>\n\t<meta property=\"og:image:width\" content=\"906\" \/>\n\t<meta property=\"og:image:height\" content=\"906\" \/>\n\t<meta property=\"og:image:type\" content=\"image\/jpeg\" \/>\n<meta name=\"twitter:card\" content=\"summary_large_image\" \/>\n<meta name=\"twitter:site\" content=\"@ambitionsverige\" \/>\n<meta name=\"twitter:label1\" content=\"Tiempo de lectura\" \/>\n\t<meta name=\"twitter:data1\" content=\"1 minuto\" \/>\n<script type=\"application\/ld+json\" class=\"yoast-schema-graph\">{\"@context\":\"https:\\\/\\\/schema.org\",\"@graph\":[{\"@type\":\"WebPage\",\"@id\":\"https:\\\/\\\/ambitionsverige.se\\\/politiker\\\/elsa-widding\\\/\",\"url\":\"https:\\\/\\\/ambitionsverige.se\\\/politiker\\\/elsa-widding\\\/\",\"name\":\"Elsa Widding - Partiledare f\u00f6r Ambition Sverige\",\"isPartOf\":{\"@id\":\"https:\\\/\\\/ambitionsverige.se\\\/#website\"},\"primaryImageOfPage\":{\"@id\":\"https:\\\/\\\/ambitionsverige.se\\\/politiker\\\/elsa-widding\\\/#primaryimage\"},\"image\":{\"@id\":\"https:\\\/\\\/ambitionsverige.se\\\/politiker\\\/elsa-widding\\\/#primaryimage\"},\"thumbnailUrl\":\"https:\\\/\\\/ambitionsverige.se\\\/wp-content\\\/uploads\\\/2026\\\/01\\\/elsa-widding.jpg\",\"datePublished\":\"2025-06-05T17:30:11+00:00\",\"dateModified\":\"2026-01-16T08:09:21+00:00\",\"description\":\"Grundaren av det nya partiet Ambition Sverige, \u00e4r den redan riksk\u00e4nda profilen Elsa Widding, 57.\",\"breadcrumb\":{\"@id\":\"https:\\\/\\\/ambitionsverige.se\\\/politiker\\\/elsa-widding\\\/#breadcrumb\"},\"inLanguage\":\"es\",\"potentialAction\":[{\"@type\":\"ReadAction\",\"target\":[\"https:\\\/\\\/ambitionsverige.se\\\/politiker\\\/elsa-widding\\\/\"]}]},{\"@type\":\"ImageObject\",\"inLanguage\":\"es\",\"@id\":\"https:\\\/\\\/ambitionsverige.se\\\/politiker\\\/elsa-widding\\\/#primaryimage\",\"url\":\"https:\\\/\\\/ambitionsverige.se\\\/wp-content\\\/uploads\\\/2026\\\/01\\\/elsa-widding.jpg\",\"contentUrl\":\"https:\\\/\\\/ambitionsverige.se\\\/wp-content\\\/uploads\\\/2026\\\/01\\\/elsa-widding.jpg\",\"width\":906,\"height\":906,\"caption\":\"Elsa Widding - Ambition Sverige\"},{\"@type\":\"BreadcrumbList\",\"@id\":\"https:\\\/\\\/ambitionsverige.se\\\/politiker\\\/elsa-widding\\\/#breadcrumb\",\"itemListElement\":[{\"@type\":\"ListItem\",\"position\":1,\"name\":\"Hem\",\"item\":\"https:\\\/\\\/ambitionsverige.se\\\/\"},{\"@type\":\"ListItem\",\"position\":2,\"name\":\"V\u00e5ra politiker &amp; medarbetare\",\"item\":\"https:\\\/\\\/ambitionsverige.se\\\/politiker\\\/\"},{\"@type\":\"ListItem\",\"position\":3,\"name\":\"Elsa Widding\"}]},{\"@type\":\"WebSite\",\"@id\":\"https:\\\/\\\/ambitionsverige.se\\\/#website\",\"url\":\"https:\\\/\\\/ambitionsverige.se\\\/\",\"name\":\"Ambition Sverige\",\"description\":\"\",\"publisher\":{\"@id\":\"https:\\\/\\\/ambitionsverige.se\\\/#organization\"},\"potentialAction\":[{\"@type\":\"SearchAction\",\"target\":{\"@type\":\"EntryPoint\",\"urlTemplate\":\"https:\\\/\\\/ambitionsverige.se\\\/?s={search_term_string}\"},\"query-input\":{\"@type\":\"PropertyValueSpecification\",\"valueRequired\":true,\"valueName\":\"search_term_string\"}}],\"inLanguage\":\"es\"},{\"@type\":\"Organization\",\"@id\":\"https:\\\/\\\/ambitionsverige.se\\\/#organization\",\"name\":\"Ambition Sverige\",\"url\":\"https:\\\/\\\/ambitionsverige.se\\\/\",\"logo\":{\"@type\":\"ImageObject\",\"inLanguage\":\"es\",\"@id\":\"https:\\\/\\\/ambitionsverige.se\\\/#\\\/schema\\\/logo\\\/image\\\/\",\"url\":\"https:\\\/\\\/ambitionsverige.se\\\/wp-content\\\/uploads\\\/2025\\\/11\\\/ambition-sverige-logotyp.png\",\"contentUrl\":\"https:\\\/\\\/ambitionsverige.se\\\/wp-content\\\/uploads\\\/2025\\\/11\\\/ambition-sverige-logotyp.png\",\"width\":512,\"height\":512,\"caption\":\"Ambition Sverige\"},\"image\":{\"@id\":\"https:\\\/\\\/ambitionsverige.se\\\/#\\\/schema\\\/logo\\\/image\\\/\"},\"sameAs\":[\"https:\\\/\\\/www.facebook.com\\\/AmbitionSverige\",\"https:\\\/\\\/x.com\\\/ambitionsverige\",\"https:\\\/\\\/www.instagram.com\\\/ambitionsverige\",\"https:\\\/\\\/www.youtube.com\\\/@ambitionsverige1\",\"https:\\\/\\\/t.me\\\/sverigeforst1\"]}]}<\/script>\n<!-- \/ Yoast SEO plugin. -->","yoast_head_json":{"title":"Elsa Widding - L\u00edder del partido Ambition Sverige","description":"La fundadora del nuevo partido, Ambition Sverige, es la ya reconocida a nivel nacional Elsa Widding, de 57 a\u00f1os.","robots":{"index":"index","follow":"follow","max-snippet":"max-snippet:-1","max-image-preview":"max-image-preview:large","max-video-preview":"max-video-preview:-1"},"canonical":"https:\/\/ambitionsverige.se\/es\/politico\/elsa-widding\/","og_locale":"es_ES","og_type":"article","og_title":"Elsa Widding - Partiledare f\u00f6r Ambition Sverige","og_description":"Grundaren av det nya partiet Ambition Sverige, \u00e4r den redan riksk\u00e4nda profilen Elsa Widding, 57.","og_url":"https:\/\/ambitionsverige.se\/es\/politico\/elsa-widding\/","og_site_name":"Ambition Sverige","article_publisher":"https:\/\/www.facebook.com\/AmbitionSverige","article_modified_time":"2026-01-16T08:09:21+00:00","og_image":[{"width":906,"height":906,"url":"https:\/\/ambitionsverige.se\/wp-content\/uploads\/2026\/01\/elsa-widding.jpg","type":"image\/jpeg"}],"twitter_card":"summary_large_image","twitter_site":"@ambitionsverige","twitter_misc":{"Tiempo de lectura":"1 minuto"},"schema":{"@context":"https:\/\/schema.org","@graph":[{"@type":"WebPage","@id":"https:\/\/ambitionsverige.se\/politiker\/elsa-widding\/","url":"https:\/\/ambitionsverige.se\/politiker\/elsa-widding\/","name":"Elsa Widding - L\u00edder del partido Ambition Sverige","isPartOf":{"@id":"https:\/\/ambitionsverige.se\/#website"},"primaryImageOfPage":{"@id":"https:\/\/ambitionsverige.se\/politiker\/elsa-widding\/#primaryimage"},"image":{"@id":"https:\/\/ambitionsverige.se\/politiker\/elsa-widding\/#primaryimage"},"thumbnailUrl":"https:\/\/ambitionsverige.se\/wp-content\/uploads\/2026\/01\/elsa-widding.jpg","datePublished":"2025-06-05T17:30:11+00:00","dateModified":"2026-01-16T08:09:21+00:00","description":"La fundadora del nuevo partido, Ambition Sverige, es la ya reconocida a nivel nacional Elsa Widding, de 57 a\u00f1os.","breadcrumb":{"@id":"https:\/\/ambitionsverige.se\/politiker\/elsa-widding\/#breadcrumb"},"inLanguage":"es","potentialAction":[{"@type":"ReadAction","target":["https:\/\/ambitionsverige.se\/politiker\/elsa-widding\/"]}]},{"@type":"ImageObject","inLanguage":"es","@id":"https:\/\/ambitionsverige.se\/politiker\/elsa-widding\/#primaryimage","url":"https:\/\/ambitionsverige.se\/wp-content\/uploads\/2026\/01\/elsa-widding.jpg","contentUrl":"https:\/\/ambitionsverige.se\/wp-content\/uploads\/2026\/01\/elsa-widding.jpg","width":906,"height":906,"caption":"Elsa Widding - Ambition Sverige"},{"@type":"BreadcrumbList","@id":"https:\/\/ambitionsverige.se\/politiker\/elsa-widding\/#breadcrumb","itemListElement":[{"@type":"ListItem","position":1,"name":"Hem","item":"https:\/\/ambitionsverige.se\/"},{"@type":"ListItem","position":2,"name":"V\u00e5ra politiker &amp; medarbetare","item":"https:\/\/ambitionsverige.se\/politiker\/"},{"@type":"ListItem","position":3,"name":"Elsa Widding"}]},{"@type":"WebSite","@id":"https:\/\/ambitionsverige.se\/#website","url":"https:\/\/ambitionsverige.se\/","name":"Ambition Sverige","description":"","publisher":{"@id":"https:\/\/ambitionsverige.se\/#organization"},"potentialAction":[{"@type":"SearchAction","target":{"@type":"EntryPoint","urlTemplate":"https:\/\/ambitionsverige.se\/?s={search_term_string}"},"query-input":{"@type":"PropertyValueSpecification","valueRequired":true,"valueName":"search_term_string"}}],"inLanguage":"es"},{"@type":"Organization","@id":"https:\/\/ambitionsverige.se\/#organization","name":"Ambition Sverige","url":"https:\/\/ambitionsverige.se\/","logo":{"@type":"ImageObject","inLanguage":"es","@id":"https:\/\/ambitionsverige.se\/#\/schema\/logo\/image\/","url":"https:\/\/ambitionsverige.se\/wp-content\/uploads\/2025\/11\/ambition-sverige-logotyp.png","contentUrl":"https:\/\/ambitionsverige.se\/wp-content\/uploads\/2025\/11\/ambition-sverige-logotyp.png","width":512,"height":512,"caption":"Ambition Sverige"},"image":{"@id":"https:\/\/ambitionsverige.se\/#\/schema\/logo\/image\/"},"sameAs":["https:\/\/www.facebook.com\/AmbitionSverige","https:\/\/x.com\/ambitionsverige","https:\/\/www.instagram.com\/ambitionsverige","https:\/\/www.youtube.com\/@ambitionsverige1","https:\/\/t.me\/sverigeforst1"]}]}},"_links":{"self":[{"href":"https:\/\/ambitionsverige.se\/es\/wp-json\/wp\/v2\/pages\/157","targetHints":{"allow":["GET"]}}],"collection":[{"href":"https:\/\/ambitionsverige.se\/es\/wp-json\/wp\/v2\/pages"}],"about":[{"href":"https:\/\/ambitionsverige.se\/es\/wp-json\/wp\/v2\/types\/page"}],"author":[{"embeddable":true,"href":"https:\/\/ambitionsverige.se\/es\/wp-json\/wp\/v2\/users\/1"}],"replies":[{"embeddable":true,"href":"https:\/\/ambitionsverige.se\/es\/wp-json\/wp\/v2\/comments?post=157"}],"version-history":[{"count":8,"href":"https:\/\/ambitionsverige.se\/es\/wp-json\/wp\/v2\/pages\/157\/revisions"}],"predecessor-version":[{"id":1468,"href":"https:\/\/ambitionsverige.se\/es\/wp-json\/wp\/v2\/pages\/157\/revisions\/1468"}],"up":[{"embeddable":true,"href":"https:\/\/ambitionsverige.se\/es\/wp-json\/wp\/v2\/pages\/451"}],"wp:featuredmedia":[{"embeddable":true,"href":"https:\/\/ambitionsverige.se\/es\/wp-json\/wp\/v2\/media\/1480"}],"wp:attachment":[{"href":"https:\/\/ambitionsverige.se\/es\/wp-json\/wp\/v2\/media?parent=157"}],"wp:term":[{"taxonomy":"local_branch","embeddable":true,"href":"https:\/\/ambitionsverige.se\/es\/wp-json\/wp\/v2\/local_branch?post=157"}],"curies":[{"name":"wp","href":"https:\/\/api.w.org\/{rel}","templated":true}]}}