{"id":1666,"date":"2026-02-06T20:49:49","date_gmt":"2026-02-06T19:49:49","guid":{"rendered":"https:\/\/ambitionsverige.se\/?page_id=1666"},"modified":"2026-02-21T11:11:36","modified_gmt":"2026-02-21T10:11:36","slug":"ronny-svarto","status":"publish","type":"page","link":"https:\/\/ambitionsverige.se\/es\/politiker\/ronny-svarto\/","title":{"rendered":"Ronny Svarto"},"content":{"rendered":"<p>Ronny Svarto \u00e4r f\u00f6dd och uppvuxen i Vilhelminafj\u00e4llen i V\u00e4sterbottens l\u00e4n och har levt st\u00f6rre delen av sitt liv i fj\u00e4llmilj\u00f6. Sedan 47 \u00e5r tillbaka bor och verkar han \u00e5ret runt p\u00e5 en statlig fj\u00e4llg\u00e5rd p\u00e5 Vardofj\u00e4ll.<\/p>\n\n\n\n<p>Ronny har en l\u00e5ng och praktiskt f\u00f6rankrad arbetslivserfarenhet. Han har arbetat som byggnadsarbetare, renslaktare och \u00e4lgslaktare. D\u00e4rut\u00f6ver har han varit lastbilschauff\u00f6r med ansvar f\u00f6r ren\u00adtransporter samt deltagit i renst\u00e4ngselarbete och \u00f6demarkstransporter.<\/p>\n\n\n\n<p>Parallellt har han bedrivit sm\u00e5skaligt jordbruk med djurh\u00e5llning p\u00e5 fj\u00e4llg\u00e5rden. Erfarenheterna str\u00e4cker sig \u00f6ver flera decennier av arbete n\u00e4ra naturen.<\/p>\n\n\n\n<p>Politiskt \u00e4r Ronny registrerad same i Sametinget och har varit sametingsledamot i plenum under tv\u00e5 mandatperioder, sammanlagt \u00e5tta \u00e5r. Han har \u00e4ven suttit som ledamot i Vilhelmina kommuns politiska organ under tre mandatperioder, totalt tolv \u00e5r.<\/p>\n\n\n\n<p>D\u00e4rut\u00f6ver har Ronny tj\u00e4nstgjort som n\u00e4mndeman vid Lycksele tingsr\u00e4tt. Han engagerar sig s\u00e4rskilt f\u00f6r att minska detaljstyrning och on\u00f6diga avgifter f\u00f6r boende och sm\u00e5skalig verksamhet i glesbygden, f\u00f6r att skapa b\u00e4ttre f\u00f6ruts\u00e4ttningar f\u00f6r lokalt sm\u00e5f\u00f6retagande.<\/p>","protected":false},"excerpt":{"rendered":"<p>Ronny Svarto \u00e4r f\u00f6dd och uppvuxen i Vilhelminafj\u00e4llen i V\u00e4sterbottens l\u00e4n och har levt st\u00f6rre delen av sitt liv i fj\u00e4llmilj\u00f6. Sedan 47 \u00e5r tillbaka bor och verkar han \u00e5ret runt p\u00e5 en statlig fj\u00e4llg\u00e5rd p\u00e5 Vardofj\u00e4ll. Ronny har en l\u00e5ng och praktiskt f\u00f6rankrad arbetslivserfarenhet. Han har arbetat som byggnadsarbetare, renslaktare och \u00e4lgslaktare. D\u00e4rut\u00f6ver har [&hellip;]<\/p>\n","protected":false},"author":1,"featured_media":1767,"parent":451,"menu_order":0,"comment_status":"closed","ping_status":"closed","template":"politiker\/ronny-svarto.php","meta":{"footnotes":""},"local_branch":[],"class_list":["post-1666","page","type-page","status-publish","has-post-thumbnail","hentry"],"yoast_head":"<!-- This site is optimized with the Yoast SEO plugin v27.4 - https:\/\/yoast.com\/product\/yoast-seo-wordpress\/ -->\n<title>Ronny Svarto - Ambition Sverige<\/title>\n<meta name=\"robots\" content=\"index, follow, max-snippet:-1, max-image-preview:large, max-video-preview:-1\" \/>\n<link rel=\"canonical\" href=\"https:\/\/ambitionsverige.se\/es\/politico\/ronny-svarto\/\" \/>\n<meta property=\"og:locale\" content=\"es_ES\" \/>\n<meta property=\"og:type\" content=\"article\" \/>\n<meta property=\"og:title\" content=\"Ronny Svarto - Ambition Sverige\" \/>\n<meta property=\"og:description\" content=\"Ronny Svarto \u00e4r f\u00f6dd och uppvuxen i Vilhelminafj\u00e4llen i V\u00e4sterbottens l\u00e4n och har levt st\u00f6rre delen av sitt liv i fj\u00e4llmilj\u00f6. Sedan 47 \u00e5r tillbaka bor och verkar han \u00e5ret runt p\u00e5 en statlig fj\u00e4llg\u00e5rd p\u00e5 Vardofj\u00e4ll. Ronny har en l\u00e5ng och praktiskt f\u00f6rankrad arbetslivserfarenhet. Han har arbetat som byggnadsarbetare, renslaktare och \u00e4lgslaktare. D\u00e4rut\u00f6ver har [&hellip;]\" \/>\n<meta property=\"og:url\" content=\"https:\/\/ambitionsverige.se\/es\/politico\/ronny-svarto\/\" \/>\n<meta property=\"og:site_name\" content=\"Ambition Sverige\" \/>\n<meta property=\"article:publisher\" content=\"https:\/\/www.facebook.com\/AmbitionSverige\" \/>\n<meta property=\"article:modified_time\" content=\"2026-02-21T10:11:36+00:00\" \/>\n<meta property=\"og:image\" content=\"https:\/\/ambitionsverige.se\/wp-content\/uploads\/2026\/02\/ronny-svarto3.png\" \/>\n\t<meta property=\"og:image:width\" content=\"1024\" \/>\n\t<meta property=\"og:image:height\" content=\"1024\" \/>\n\t<meta property=\"og:image:type\" content=\"image\/png\" \/>\n<meta name=\"twitter:card\" content=\"summary_large_image\" \/>\n<meta name=\"twitter:site\" content=\"@ambitionsverige\" \/>\n<meta name=\"twitter:label1\" content=\"Tiempo de lectura\" \/>\n\t<meta name=\"twitter:data1\" content=\"1 minuto\" \/>\n<script type=\"application\/ld+json\" class=\"yoast-schema-graph\">{\"@context\":\"https:\\\/\\\/schema.org\",\"@graph\":[{\"@type\":\"WebPage\",\"@id\":\"https:\\\/\\\/ambitionsverige.se\\\/politiker\\\/ronny-svarto\\\/\",\"url\":\"https:\\\/\\\/ambitionsverige.se\\\/politiker\\\/ronny-svarto\\\/\",\"name\":\"Ronny Svarto - Ambition Sverige\",\"isPartOf\":{\"@id\":\"https:\\\/\\\/ambitionsverige.se\\\/#website\"},\"primaryImageOfPage\":{\"@id\":\"https:\\\/\\\/ambitionsverige.se\\\/politiker\\\/ronny-svarto\\\/#primaryimage\"},\"image\":{\"@id\":\"https:\\\/\\\/ambitionsverige.se\\\/politiker\\\/ronny-svarto\\\/#primaryimage\"},\"thumbnailUrl\":\"https:\\\/\\\/ambitionsverige.se\\\/wp-content\\\/uploads\\\/2026\\\/02\\\/ronny-svarto3.png\",\"datePublished\":\"2026-02-06T19:49:49+00:00\",\"dateModified\":\"2026-02-21T10:11:36+00:00\",\"breadcrumb\":{\"@id\":\"https:\\\/\\\/ambitionsverige.se\\\/politiker\\\/ronny-svarto\\\/#breadcrumb\"},\"inLanguage\":\"es\",\"potentialAction\":[{\"@type\":\"ReadAction\",\"target\":[\"https:\\\/\\\/ambitionsverige.se\\\/politiker\\\/ronny-svarto\\\/\"]}]},{\"@type\":\"ImageObject\",\"inLanguage\":\"es\",\"@id\":\"https:\\\/\\\/ambitionsverige.se\\\/politiker\\\/ronny-svarto\\\/#primaryimage\",\"url\":\"https:\\\/\\\/ambitionsverige.se\\\/wp-content\\\/uploads\\\/2026\\\/02\\\/ronny-svarto3.png\",\"contentUrl\":\"https:\\\/\\\/ambitionsverige.se\\\/wp-content\\\/uploads\\\/2026\\\/02\\\/ronny-svarto3.png\",\"width\":1024,\"height\":1024},{\"@type\":\"BreadcrumbList\",\"@id\":\"https:\\\/\\\/ambitionsverige.se\\\/politiker\\\/ronny-svarto\\\/#breadcrumb\",\"itemListElement\":[{\"@type\":\"ListItem\",\"position\":1,\"name\":\"Hem\",\"item\":\"https:\\\/\\\/ambitionsverige.se\\\/\"},{\"@type\":\"ListItem\",\"position\":2,\"name\":\"V\u00e5ra politiker &amp; medarbetare\",\"item\":\"https:\\\/\\\/ambitionsverige.se\\\/politiker\\\/\"},{\"@type\":\"ListItem\",\"position\":3,\"name\":\"Ronny Svarto\"}]},{\"@type\":\"WebSite\",\"@id\":\"https:\\\/\\\/ambitionsverige.se\\\/#website\",\"url\":\"https:\\\/\\\/ambitionsverige.se\\\/\",\"name\":\"Ambition Sverige\",\"description\":\"\",\"publisher\":{\"@id\":\"https:\\\/\\\/ambitionsverige.se\\\/#organization\"},\"potentialAction\":[{\"@type\":\"SearchAction\",\"target\":{\"@type\":\"EntryPoint\",\"urlTemplate\":\"https:\\\/\\\/ambitionsverige.se\\\/?s={search_term_string}\"},\"query-input\":{\"@type\":\"PropertyValueSpecification\",\"valueRequired\":true,\"valueName\":\"search_term_string\"}}],\"inLanguage\":\"es\"},{\"@type\":\"Organization\",\"@id\":\"https:\\\/\\\/ambitionsverige.se\\\/#organization\",\"name\":\"Ambition Sverige\",\"url\":\"https:\\\/\\\/ambitionsverige.se\\\/\",\"logo\":{\"@type\":\"ImageObject\",\"inLanguage\":\"es\",\"@id\":\"https:\\\/\\\/ambitionsverige.se\\\/#\\\/schema\\\/logo\\\/image\\\/\",\"url\":\"https:\\\/\\\/ambitionsverige.se\\\/wp-content\\\/uploads\\\/2025\\\/11\\\/ambition-sverige-logotyp.png\",\"contentUrl\":\"https:\\\/\\\/ambitionsverige.se\\\/wp-content\\\/uploads\\\/2025\\\/11\\\/ambition-sverige-logotyp.png\",\"width\":512,\"height\":512,\"caption\":\"Ambition Sverige\"},\"image\":{\"@id\":\"https:\\\/\\\/ambitionsverige.se\\\/#\\\/schema\\\/logo\\\/image\\\/\"},\"sameAs\":[\"https:\\\/\\\/www.facebook.com\\\/AmbitionSverige\",\"https:\\\/\\\/x.com\\\/ambitionsverige\",\"https:\\\/\\\/www.instagram.com\\\/ambitionsverige\",\"https:\\\/\\\/www.youtube.com\\\/@ambitionsverige1\",\"https:\\\/\\\/t.me\\\/sverigeforst1\"]}]}<\/script>\n<!-- \/ Yoast SEO plugin. -->","yoast_head_json":{"title":"Ronny Svarto - Ambition Sverige","robots":{"index":"index","follow":"follow","max-snippet":"max-snippet:-1","max-image-preview":"max-image-preview:large","max-video-preview":"max-video-preview:-1"},"canonical":"https:\/\/ambitionsverige.se\/es\/politico\/ronny-svarto\/","og_locale":"es_ES","og_type":"article","og_title":"Ronny Svarto - Ambition Sverige","og_description":"Ronny Svarto \u00e4r f\u00f6dd och uppvuxen i Vilhelminafj\u00e4llen i V\u00e4sterbottens l\u00e4n och har levt st\u00f6rre delen av sitt liv i fj\u00e4llmilj\u00f6. Sedan 47 \u00e5r tillbaka bor och verkar han \u00e5ret runt p\u00e5 en statlig fj\u00e4llg\u00e5rd p\u00e5 Vardofj\u00e4ll. Ronny har en l\u00e5ng och praktiskt f\u00f6rankrad arbetslivserfarenhet. Han har arbetat som byggnadsarbetare, renslaktare och \u00e4lgslaktare. D\u00e4rut\u00f6ver har [&hellip;]","og_url":"https:\/\/ambitionsverige.se\/es\/politico\/ronny-svarto\/","og_site_name":"Ambition Sverige","article_publisher":"https:\/\/www.facebook.com\/AmbitionSverige","article_modified_time":"2026-02-21T10:11:36+00:00","og_image":[{"width":1024,"height":1024,"url":"https:\/\/ambitionsverige.se\/wp-content\/uploads\/2026\/02\/ronny-svarto3.png","type":"image\/png"}],"twitter_card":"summary_large_image","twitter_site":"@ambitionsverige","twitter_misc":{"Tiempo de lectura":"1 minuto"},"schema":{"@context":"https:\/\/schema.org","@graph":[{"@type":"WebPage","@id":"https:\/\/ambitionsverige.se\/politiker\/ronny-svarto\/","url":"https:\/\/ambitionsverige.se\/politiker\/ronny-svarto\/","name":"Ronny Svarto - Ambition Sverige","isPartOf":{"@id":"https:\/\/ambitionsverige.se\/#website"},"primaryImageOfPage":{"@id":"https:\/\/ambitionsverige.se\/politiker\/ronny-svarto\/#primaryimage"},"image":{"@id":"https:\/\/ambitionsverige.se\/politiker\/ronny-svarto\/#primaryimage"},"thumbnailUrl":"https:\/\/ambitionsverige.se\/wp-content\/uploads\/2026\/02\/ronny-svarto3.png","datePublished":"2026-02-06T19:49:49+00:00","dateModified":"2026-02-21T10:11:36+00:00","breadcrumb":{"@id":"https:\/\/ambitionsverige.se\/politiker\/ronny-svarto\/#breadcrumb"},"inLanguage":"es","potentialAction":[{"@type":"ReadAction","target":["https:\/\/ambitionsverige.se\/politiker\/ronny-svarto\/"]}]},{"@type":"ImageObject","inLanguage":"es","@id":"https:\/\/ambitionsverige.se\/politiker\/ronny-svarto\/#primaryimage","url":"https:\/\/ambitionsverige.se\/wp-content\/uploads\/2026\/02\/ronny-svarto3.png","contentUrl":"https:\/\/ambitionsverige.se\/wp-content\/uploads\/2026\/02\/ronny-svarto3.png","width":1024,"height":1024},{"@type":"BreadcrumbList","@id":"https:\/\/ambitionsverige.se\/politiker\/ronny-svarto\/#breadcrumb","itemListElement":[{"@type":"ListItem","position":1,"name":"Hem","item":"https:\/\/ambitionsverige.se\/"},{"@type":"ListItem","position":2,"name":"V\u00e5ra politiker &amp; medarbetare","item":"https:\/\/ambitionsverige.se\/politiker\/"},{"@type":"ListItem","position":3,"name":"Ronny Svarto"}]},{"@type":"WebSite","@id":"https:\/\/ambitionsverige.se\/#website","url":"https:\/\/ambitionsverige.se\/","name":"Ambition Sverige","description":"","publisher":{"@id":"https:\/\/ambitionsverige.se\/#organization"},"potentialAction":[{"@type":"SearchAction","target":{"@type":"EntryPoint","urlTemplate":"https:\/\/ambitionsverige.se\/?s={search_term_string}"},"query-input":{"@type":"PropertyValueSpecification","valueRequired":true,"valueName":"search_term_string"}}],"inLanguage":"es"},{"@type":"Organization","@id":"https:\/\/ambitionsverige.se\/#organization","name":"Ambition Sverige","url":"https:\/\/ambitionsverige.se\/","logo":{"@type":"ImageObject","inLanguage":"es","@id":"https:\/\/ambitionsverige.se\/#\/schema\/logo\/image\/","url":"https:\/\/ambitionsverige.se\/wp-content\/uploads\/2025\/11\/ambition-sverige-logotyp.png","contentUrl":"https:\/\/ambitionsverige.se\/wp-content\/uploads\/2025\/11\/ambition-sverige-logotyp.png","width":512,"height":512,"caption":"Ambition Sverige"},"image":{"@id":"https:\/\/ambitionsverige.se\/#\/schema\/logo\/image\/"},"sameAs":["https:\/\/www.facebook.com\/AmbitionSverige","https:\/\/x.com\/ambitionsverige","https:\/\/www.instagram.com\/ambitionsverige","https:\/\/www.youtube.com\/@ambitionsverige1","https:\/\/t.me\/sverigeforst1"]}]}},"_links":{"self":[{"href":"https:\/\/ambitionsverige.se\/es\/wp-json\/wp\/v2\/pages\/1666","targetHints":{"allow":["GET"]}}],"collection":[{"href":"https:\/\/ambitionsverige.se\/es\/wp-json\/wp\/v2\/pages"}],"about":[{"href":"https:\/\/ambitionsverige.se\/es\/wp-json\/wp\/v2\/types\/page"}],"author":[{"embeddable":true,"href":"https:\/\/ambitionsverige.se\/es\/wp-json\/wp\/v2\/users\/1"}],"replies":[{"embeddable":true,"href":"https:\/\/ambitionsverige.se\/es\/wp-json\/wp\/v2\/comments?post=1666"}],"version-history":[{"count":2,"href":"https:\/\/ambitionsverige.se\/es\/wp-json\/wp\/v2\/pages\/1666\/revisions"}],"predecessor-version":[{"id":1669,"href":"https:\/\/ambitionsverige.se\/es\/wp-json\/wp\/v2\/pages\/1666\/revisions\/1669"}],"up":[{"embeddable":true,"href":"https:\/\/ambitionsverige.se\/es\/wp-json\/wp\/v2\/pages\/451"}],"wp:featuredmedia":[{"embeddable":true,"href":"https:\/\/ambitionsverige.se\/es\/wp-json\/wp\/v2\/media\/1767"}],"wp:attachment":[{"href":"https:\/\/ambitionsverige.se\/es\/wp-json\/wp\/v2\/media?parent=1666"}],"wp:term":[{"taxonomy":"local_branch","embeddable":true,"href":"https:\/\/ambitionsverige.se\/es\/wp-json\/wp\/v2\/local_branch?post=1666"}],"curies":[{"name":"wp","href":"https:\/\/api.w.org\/{rel}","templated":true}]}}