{"id":1675,"date":"2026-02-10T13:05:15","date_gmt":"2026-02-10T12:05:15","guid":{"rendered":"https:\/\/ambitionsverige.se\/?page_id=1675"},"modified":"2026-03-28T19:42:40","modified_gmt":"2026-03-28T18:42:40","slug":"anneli-kullberg","status":"publish","type":"page","link":"https:\/\/ambitionsverige.se\/es\/politiker\/anneli-kullberg\/","title":{"rendered":"Anneli Kullberg"},"content":{"rendered":"<p>Anneli Kullberg kommer fr\u00e5n G\u00f6teborg och har en examen inom internationella relationer med fokus p\u00e5 Mellan\u00f6sternkunskap och politisk islam. Hon har studerat freds- och konfliktkunskap p\u00e5 masterniv\u00e5 vid European Peace University och \u00e4r aktiv i fr\u00e5gan om islamism.<\/p>\n\n\n\n<p>I yrkeslivet har hon fler\u00e5rig erfarenhet av ledarskap inom industrin och har p\u00e5 senare \u00e5r skolat om sig till arbetsmilj\u00f6ingenj\u00f6r. Ett m\u00e5ng\u00e5rigt sidointresse har varit f\u00f6rebyggande h\u00e4lsa och livsstilsoml\u00e4ggning f\u00f6r att undvika ett v\u00e5rdberoende.<\/p>\n\n\n\n<p>Anneli \u00e4r engagerad i lokala fr\u00e5gor i Marks kommun d\u00e4r hon \u00e4r bosatt och \u00e4r flitigt f\u00f6rekommande i Markbladet som debatt\u00f6r.<\/p>","protected":false},"excerpt":{"rendered":"<p>Anneli Kullberg kommer fr\u00e5n G\u00f6teborg och har en examen inom internationella relationer med fokus p\u00e5 Mellan\u00f6sternkunskap och politisk islam. Hon har studerat freds- och konfliktkunskap p\u00e5 masterniv\u00e5 vid European Peace University och \u00e4r aktiv i fr\u00e5gan om islamism. I yrkeslivet har hon fler\u00e5rig erfarenhet av ledarskap inom industrin och har p\u00e5 senare \u00e5r skolat om [&hellip;]<\/p>\n","protected":false},"author":1,"featured_media":1897,"parent":451,"menu_order":0,"comment_status":"closed","ping_status":"closed","template":"politiker\/anneli-kullberg.php","meta":{"footnotes":""},"local_branch":[],"class_list":["post-1675","page","type-page","status-publish","has-post-thumbnail","hentry"],"yoast_head":"<!-- This site is optimized with the Yoast SEO plugin v27.4 - https:\/\/yoast.com\/product\/yoast-seo-wordpress\/ -->\n<title>Anneli Kullberg - Ambition Sverige<\/title>\n<meta name=\"robots\" content=\"index, follow, max-snippet:-1, max-image-preview:large, max-video-preview:-1\" \/>\n<link rel=\"canonical\" href=\"https:\/\/ambitionsverige.se\/es\/politico\/anneli-kullberg\/\" \/>\n<meta property=\"og:locale\" content=\"es_ES\" \/>\n<meta property=\"og:type\" content=\"article\" \/>\n<meta property=\"og:title\" content=\"Anneli Kullberg - Ambition Sverige\" \/>\n<meta property=\"og:description\" content=\"Anneli Kullberg kommer fr\u00e5n G\u00f6teborg och har en examen inom internationella relationer med fokus p\u00e5 Mellan\u00f6sternkunskap och politisk islam. Hon har studerat freds- och konfliktkunskap p\u00e5 masterniv\u00e5 vid European Peace University och \u00e4r aktiv i fr\u00e5gan om islamism. I yrkeslivet har hon fler\u00e5rig erfarenhet av ledarskap inom industrin och har p\u00e5 senare \u00e5r skolat om [&hellip;]\" \/>\n<meta property=\"og:url\" content=\"https:\/\/ambitionsverige.se\/es\/politico\/anneli-kullberg\/\" \/>\n<meta property=\"og:site_name\" content=\"Ambition Sverige\" \/>\n<meta property=\"article:publisher\" content=\"https:\/\/www.facebook.com\/AmbitionSverige\" \/>\n<meta property=\"article:modified_time\" content=\"2026-03-28T18:42:40+00:00\" \/>\n<meta property=\"og:image\" content=\"https:\/\/ambitionsverige.se\/wp-content\/uploads\/2026\/03\/anneli-kullberg.jpg\" \/>\n\t<meta property=\"og:image:width\" content=\"1200\" \/>\n\t<meta property=\"og:image:height\" content=\"1200\" \/>\n\t<meta property=\"og:image:type\" content=\"image\/jpeg\" \/>\n<meta name=\"twitter:card\" content=\"summary_large_image\" \/>\n<meta name=\"twitter:site\" content=\"@ambitionsverige\" \/>\n<meta name=\"twitter:label1\" content=\"Tiempo de lectura\" \/>\n\t<meta name=\"twitter:data1\" content=\"1 minuto\" \/>\n<script type=\"application\/ld+json\" class=\"yoast-schema-graph\">{\"@context\":\"https:\\\/\\\/schema.org\",\"@graph\":[{\"@type\":\"WebPage\",\"@id\":\"https:\\\/\\\/ambitionsverige.se\\\/politiker\\\/anneli-kullberg\\\/\",\"url\":\"https:\\\/\\\/ambitionsverige.se\\\/politiker\\\/anneli-kullberg\\\/\",\"name\":\"Anneli Kullberg - Ambition Sverige\",\"isPartOf\":{\"@id\":\"https:\\\/\\\/ambitionsverige.se\\\/#website\"},\"primaryImageOfPage\":{\"@id\":\"https:\\\/\\\/ambitionsverige.se\\\/politiker\\\/anneli-kullberg\\\/#primaryimage\"},\"image\":{\"@id\":\"https:\\\/\\\/ambitionsverige.se\\\/politiker\\\/anneli-kullberg\\\/#primaryimage\"},\"thumbnailUrl\":\"https:\\\/\\\/ambitionsverige.se\\\/wp-content\\\/uploads\\\/2026\\\/03\\\/anneli-kullberg.jpg\",\"datePublished\":\"2026-02-10T12:05:15+00:00\",\"dateModified\":\"2026-03-28T18:42:40+00:00\",\"breadcrumb\":{\"@id\":\"https:\\\/\\\/ambitionsverige.se\\\/politiker\\\/anneli-kullberg\\\/#breadcrumb\"},\"inLanguage\":\"es\",\"potentialAction\":[{\"@type\":\"ReadAction\",\"target\":[\"https:\\\/\\\/ambitionsverige.se\\\/politiker\\\/anneli-kullberg\\\/\"]}]},{\"@type\":\"ImageObject\",\"inLanguage\":\"es\",\"@id\":\"https:\\\/\\\/ambitionsverige.se\\\/politiker\\\/anneli-kullberg\\\/#primaryimage\",\"url\":\"https:\\\/\\\/ambitionsverige.se\\\/wp-content\\\/uploads\\\/2026\\\/03\\\/anneli-kullberg.jpg\",\"contentUrl\":\"https:\\\/\\\/ambitionsverige.se\\\/wp-content\\\/uploads\\\/2026\\\/03\\\/anneli-kullberg.jpg\",\"width\":1200,\"height\":1200,\"caption\":\"anneli-kullberg\"},{\"@type\":\"BreadcrumbList\",\"@id\":\"https:\\\/\\\/ambitionsverige.se\\\/politiker\\\/anneli-kullberg\\\/#breadcrumb\",\"itemListElement\":[{\"@type\":\"ListItem\",\"position\":1,\"name\":\"Hem\",\"item\":\"https:\\\/\\\/ambitionsverige.se\\\/\"},{\"@type\":\"ListItem\",\"position\":2,\"name\":\"V\u00e5ra politiker &amp; medarbetare\",\"item\":\"https:\\\/\\\/ambitionsverige.se\\\/politiker\\\/\"},{\"@type\":\"ListItem\",\"position\":3,\"name\":\"Anneli Kullberg\"}]},{\"@type\":\"WebSite\",\"@id\":\"https:\\\/\\\/ambitionsverige.se\\\/#website\",\"url\":\"https:\\\/\\\/ambitionsverige.se\\\/\",\"name\":\"Ambition Sverige\",\"description\":\"\",\"publisher\":{\"@id\":\"https:\\\/\\\/ambitionsverige.se\\\/#organization\"},\"potentialAction\":[{\"@type\":\"SearchAction\",\"target\":{\"@type\":\"EntryPoint\",\"urlTemplate\":\"https:\\\/\\\/ambitionsverige.se\\\/?s={search_term_string}\"},\"query-input\":{\"@type\":\"PropertyValueSpecification\",\"valueRequired\":true,\"valueName\":\"search_term_string\"}}],\"inLanguage\":\"es\"},{\"@type\":\"Organization\",\"@id\":\"https:\\\/\\\/ambitionsverige.se\\\/#organization\",\"name\":\"Ambition Sverige\",\"url\":\"https:\\\/\\\/ambitionsverige.se\\\/\",\"logo\":{\"@type\":\"ImageObject\",\"inLanguage\":\"es\",\"@id\":\"https:\\\/\\\/ambitionsverige.se\\\/#\\\/schema\\\/logo\\\/image\\\/\",\"url\":\"https:\\\/\\\/ambitionsverige.se\\\/wp-content\\\/uploads\\\/2025\\\/11\\\/ambition-sverige-logotyp.png\",\"contentUrl\":\"https:\\\/\\\/ambitionsverige.se\\\/wp-content\\\/uploads\\\/2025\\\/11\\\/ambition-sverige-logotyp.png\",\"width\":512,\"height\":512,\"caption\":\"Ambition Sverige\"},\"image\":{\"@id\":\"https:\\\/\\\/ambitionsverige.se\\\/#\\\/schema\\\/logo\\\/image\\\/\"},\"sameAs\":[\"https:\\\/\\\/www.facebook.com\\\/AmbitionSverige\",\"https:\\\/\\\/x.com\\\/ambitionsverige\",\"https:\\\/\\\/www.instagram.com\\\/ambitionsverige\",\"https:\\\/\\\/www.youtube.com\\\/@ambitionsverige1\",\"https:\\\/\\\/t.me\\\/sverigeforst1\"]}]}<\/script>\n<!-- \/ Yoast SEO plugin. -->","yoast_head_json":{"title":"Anneli Kullberg - Ambition Sverige","robots":{"index":"index","follow":"follow","max-snippet":"max-snippet:-1","max-image-preview":"max-image-preview:large","max-video-preview":"max-video-preview:-1"},"canonical":"https:\/\/ambitionsverige.se\/es\/politico\/anneli-kullberg\/","og_locale":"es_ES","og_type":"article","og_title":"Anneli Kullberg - Ambition Sverige","og_description":"Anneli Kullberg kommer fr\u00e5n G\u00f6teborg och har en examen inom internationella relationer med fokus p\u00e5 Mellan\u00f6sternkunskap och politisk islam. Hon har studerat freds- och konfliktkunskap p\u00e5 masterniv\u00e5 vid European Peace University och \u00e4r aktiv i fr\u00e5gan om islamism. I yrkeslivet har hon fler\u00e5rig erfarenhet av ledarskap inom industrin och har p\u00e5 senare \u00e5r skolat om [&hellip;]","og_url":"https:\/\/ambitionsverige.se\/es\/politico\/anneli-kullberg\/","og_site_name":"Ambition Sverige","article_publisher":"https:\/\/www.facebook.com\/AmbitionSverige","article_modified_time":"2026-03-28T18:42:40+00:00","og_image":[{"width":1200,"height":1200,"url":"https:\/\/ambitionsverige.se\/wp-content\/uploads\/2026\/03\/anneli-kullberg.jpg","type":"image\/jpeg"}],"twitter_card":"summary_large_image","twitter_site":"@ambitionsverige","twitter_misc":{"Tiempo de lectura":"1 minuto"},"schema":{"@context":"https:\/\/schema.org","@graph":[{"@type":"WebPage","@id":"https:\/\/ambitionsverige.se\/politiker\/anneli-kullberg\/","url":"https:\/\/ambitionsverige.se\/politiker\/anneli-kullberg\/","name":"Anneli Kullberg - Ambition Sverige","isPartOf":{"@id":"https:\/\/ambitionsverige.se\/#website"},"primaryImageOfPage":{"@id":"https:\/\/ambitionsverige.se\/politiker\/anneli-kullberg\/#primaryimage"},"image":{"@id":"https:\/\/ambitionsverige.se\/politiker\/anneli-kullberg\/#primaryimage"},"thumbnailUrl":"https:\/\/ambitionsverige.se\/wp-content\/uploads\/2026\/03\/anneli-kullberg.jpg","datePublished":"2026-02-10T12:05:15+00:00","dateModified":"2026-03-28T18:42:40+00:00","breadcrumb":{"@id":"https:\/\/ambitionsverige.se\/politiker\/anneli-kullberg\/#breadcrumb"},"inLanguage":"es","potentialAction":[{"@type":"ReadAction","target":["https:\/\/ambitionsverige.se\/politiker\/anneli-kullberg\/"]}]},{"@type":"ImageObject","inLanguage":"es","@id":"https:\/\/ambitionsverige.se\/politiker\/anneli-kullberg\/#primaryimage","url":"https:\/\/ambitionsverige.se\/wp-content\/uploads\/2026\/03\/anneli-kullberg.jpg","contentUrl":"https:\/\/ambitionsverige.se\/wp-content\/uploads\/2026\/03\/anneli-kullberg.jpg","width":1200,"height":1200,"caption":"anneli-kullberg"},{"@type":"BreadcrumbList","@id":"https:\/\/ambitionsverige.se\/politiker\/anneli-kullberg\/#breadcrumb","itemListElement":[{"@type":"ListItem","position":1,"name":"Hem","item":"https:\/\/ambitionsverige.se\/"},{"@type":"ListItem","position":2,"name":"V\u00e5ra politiker &amp; medarbetare","item":"https:\/\/ambitionsverige.se\/politiker\/"},{"@type":"ListItem","position":3,"name":"Anneli Kullberg"}]},{"@type":"WebSite","@id":"https:\/\/ambitionsverige.se\/#website","url":"https:\/\/ambitionsverige.se\/","name":"Ambition Sverige","description":"","publisher":{"@id":"https:\/\/ambitionsverige.se\/#organization"},"potentialAction":[{"@type":"SearchAction","target":{"@type":"EntryPoint","urlTemplate":"https:\/\/ambitionsverige.se\/?s={search_term_string}"},"query-input":{"@type":"PropertyValueSpecification","valueRequired":true,"valueName":"search_term_string"}}],"inLanguage":"es"},{"@type":"Organization","@id":"https:\/\/ambitionsverige.se\/#organization","name":"Ambition Sverige","url":"https:\/\/ambitionsverige.se\/","logo":{"@type":"ImageObject","inLanguage":"es","@id":"https:\/\/ambitionsverige.se\/#\/schema\/logo\/image\/","url":"https:\/\/ambitionsverige.se\/wp-content\/uploads\/2025\/11\/ambition-sverige-logotyp.png","contentUrl":"https:\/\/ambitionsverige.se\/wp-content\/uploads\/2025\/11\/ambition-sverige-logotyp.png","width":512,"height":512,"caption":"Ambition Sverige"},"image":{"@id":"https:\/\/ambitionsverige.se\/#\/schema\/logo\/image\/"},"sameAs":["https:\/\/www.facebook.com\/AmbitionSverige","https:\/\/x.com\/ambitionsverige","https:\/\/www.instagram.com\/ambitionsverige","https:\/\/www.youtube.com\/@ambitionsverige1","https:\/\/t.me\/sverigeforst1"]}]}},"_links":{"self":[{"href":"https:\/\/ambitionsverige.se\/es\/wp-json\/wp\/v2\/pages\/1675","targetHints":{"allow":["GET"]}}],"collection":[{"href":"https:\/\/ambitionsverige.se\/es\/wp-json\/wp\/v2\/pages"}],"about":[{"href":"https:\/\/ambitionsverige.se\/es\/wp-json\/wp\/v2\/types\/page"}],"author":[{"embeddable":true,"href":"https:\/\/ambitionsverige.se\/es\/wp-json\/wp\/v2\/users\/1"}],"replies":[{"embeddable":true,"href":"https:\/\/ambitionsverige.se\/es\/wp-json\/wp\/v2\/comments?post=1675"}],"version-history":[{"count":5,"href":"https:\/\/ambitionsverige.se\/es\/wp-json\/wp\/v2\/pages\/1675\/revisions"}],"predecessor-version":[{"id":1682,"href":"https:\/\/ambitionsverige.se\/es\/wp-json\/wp\/v2\/pages\/1675\/revisions\/1682"}],"up":[{"embeddable":true,"href":"https:\/\/ambitionsverige.se\/es\/wp-json\/wp\/v2\/pages\/451"}],"wp:featuredmedia":[{"embeddable":true,"href":"https:\/\/ambitionsverige.se\/es\/wp-json\/wp\/v2\/media\/1897"}],"wp:attachment":[{"href":"https:\/\/ambitionsverige.se\/es\/wp-json\/wp\/v2\/media?parent=1675"}],"wp:term":[{"taxonomy":"local_branch","embeddable":true,"href":"https:\/\/ambitionsverige.se\/es\/wp-json\/wp\/v2\/local_branch?post=1675"}],"curies":[{"name":"wp","href":"https:\/\/api.w.org\/{rel}","templated":true}]}}