{"id":1683,"date":"2026-02-23T13:15:20","date_gmt":"2026-02-23T12:15:20","guid":{"rendered":"https:\/\/ambitionsverige.se\/?page_id=1683"},"modified":"2026-02-23T13:54:14","modified_gmt":"2026-02-23T12:54:14","slug":"1683-2","status":"publish","type":"page","link":"https:\/\/ambitionsverige.se\/es\/politiker\/1683-2\/","title":{"rendered":""},"content":{"rendered":"<style>\n.profile-portrait {\n  width: 306px;\n  height: 306px;\n  margin-bottom: 2rem;\n}\n\n.profile-portrait img {\n  width: 100%;\n  height: 100%;\n  object-fit: cover;\n  border-radius: 100%;\n  display: block;\n}\n\n\/* Fokusomr\u00e5de + Kontakt \u2013 svart och fet text *\/\np.focus-area a,\np.mail a {\n  color: #000 !important;\n  font-weight: bold;\n  text-decoration: underline;\n}\n<\/style>\n\n<div class=\"profile-portrait\">\n  <img loading=\"lazy\" decoding=\"async\"\n    src=\"https:\/\/ambitionsverige.se\/wp-content\/uploads\/2026\/02\/exempelbild.png\"\n    alt=\"Anna Svensson\"\n    width=\"306\"\n    height=\"306\"\n  >\n<\/div>\n\n\n<h2 class=\"wp-block-heading\">Anna Svensson (Fiktiv)<\/h2>\n\n\n\n<p>\nStyrelseledamot och ansvarig f\u00f6r digital kommunikation.\n<\/p>\n\n\n\n<p class=\"focus-area\">\nFokusomr\u00e5de<br>\n<a href=\"https:\/\/ambitionsverige.se\/es\/politica\/cuello\/\">Salud y bienestar<\/a>, \n<a href=\"https:\/\/ambitionsverige.se\/es\/politica\/educacion-y-formacion\/\">Educaci\u00f3n y formaci\u00f3n<\/a>\n<\/p>\n\n\n\n<p class=\"mail\">\nContacto:<br>\n<a href=\"mailto:f\u00f6rnamn.efternamn@ambitionsverige.se\">f\u00f6rnamn.efternamn@ambitionsverige.se<\/a>\n<\/p>\n\n\n\n<p>\nAnna Svensson (Fiktiv) kommer fr\u00e5n Norrk\u00f6ping och har en bakgrund inom digital kommunikation och marknadsf\u00f6ring med inriktning p\u00e5 strategiskt varum\u00e4rkesarbete och digitala kanaler. Hon har arbetat med inneh\u00e5llsproduktion, kampanjplanering och analys inom fr\u00e4mst webb, sociala medier och e-postmarknadsf\u00f6ring.\n<\/p>\n\n\n\n<p>\nI yrkeslivet har hon arbetat som digital marknadsf\u00f6rare och kommunikationskonsult, d\u00e4r hon ansvarat f\u00f6r att utveckla och optimera digital n\u00e4rvaro, driva datadrivna kampanjer och f\u00f6rb\u00e4ttra anv\u00e4ndarupplevelser. Hon har \u00e4ven erfarenhet av SEO, annonsering och uppf\u00f6ljning av digitala resultat.\n<\/p>\n\n\n\n<p>\nAnna har ett starkt intresse f\u00f6r digital transparens, tillg\u00e4nglig kommunikation och h\u00e5llbar marknadsf\u00f6ring. Hon engagerar sig i lokala initiativ kring entrepren\u00f6rskap, utbildning och digital kompetens, och deltar aktivt i samh\u00e4llsdebatten i fr\u00e5gor som r\u00f6r medielandskap, plattformsberoende och digital p\u00e5verkan.\n<\/p>","protected":false},"excerpt":{"rendered":"<p>Anna Svensson (Fiktiv) Styrelseledamot och ansvarig f\u00f6r digital kommunikation. Fokusomr\u00e5de H\u00e4lsa, Utbildning Kontakt: f\u00f6rnamn.efternamn@ambitionsverige.se Anna Svensson (Fiktiv) kommer fr\u00e5n Norrk\u00f6ping och har en bakgrund inom digital kommunikation och marknadsf\u00f6ring med inriktning p\u00e5 strategiskt varum\u00e4rkesarbete och digitala kanaler. Hon har arbetat med inneh\u00e5llsproduktion, kampanjplanering och analys inom fr\u00e4mst webb, sociala medier och e-postmarknadsf\u00f6ring. I yrkeslivet har [&hellip;]<\/p>\n","protected":false},"author":1,"featured_media":0,"parent":451,"menu_order":0,"comment_status":"closed","ping_status":"closed","template":"","meta":{"footnotes":""},"local_branch":[],"class_list":["post-1683","page","type-page","status-publish","hentry"],"yoast_head":"<!-- This site is optimized with the Yoast SEO plugin v27.4 - https:\/\/yoast.com\/product\/yoast-seo-wordpress\/ -->\n<title>- Ambition Sverige<\/title>\n<meta name=\"robots\" content=\"index, follow, max-snippet:-1, max-image-preview:large, max-video-preview:-1\" \/>\n<link rel=\"canonical\" href=\"https:\/\/ambitionsverige.se\/es\/politico\/1683-2\/\" \/>\n<meta property=\"og:locale\" content=\"es_ES\" \/>\n<meta property=\"og:type\" content=\"article\" \/>\n<meta property=\"og:title\" content=\"- Ambition Sverige\" \/>\n<meta property=\"og:description\" content=\"Anna Svensson (Fiktiv) Styrelseledamot och ansvarig f\u00f6r digital kommunikation. Fokusomr\u00e5de H\u00e4lsa, Utbildning Kontakt: f\u00f6rnamn.efternamn@ambitionsverige.se Anna Svensson (Fiktiv) kommer fr\u00e5n Norrk\u00f6ping och har en bakgrund inom digital kommunikation och marknadsf\u00f6ring med inriktning p\u00e5 strategiskt varum\u00e4rkesarbete och digitala kanaler. Hon har arbetat med inneh\u00e5llsproduktion, kampanjplanering och analys inom fr\u00e4mst webb, sociala medier och e-postmarknadsf\u00f6ring. I yrkeslivet har [&hellip;]\" \/>\n<meta property=\"og:url\" content=\"https:\/\/ambitionsverige.se\/es\/politico\/1683-2\/\" \/>\n<meta property=\"og:site_name\" content=\"Ambition Sverige\" \/>\n<meta property=\"article:publisher\" content=\"https:\/\/www.facebook.com\/AmbitionSverige\" \/>\n<meta property=\"article:modified_time\" content=\"2026-02-23T12:54:14+00:00\" \/>\n<meta name=\"twitter:card\" content=\"summary_large_image\" \/>\n<meta name=\"twitter:site\" content=\"@ambitionsverige\" \/>\n<meta name=\"twitter:label1\" content=\"Tiempo de lectura\" \/>\n\t<meta name=\"twitter:data1\" content=\"1 minuto\" \/>\n<script type=\"application\/ld+json\" class=\"yoast-schema-graph\">{\"@context\":\"https:\\\/\\\/schema.org\",\"@graph\":[{\"@type\":\"WebPage\",\"@id\":\"https:\\\/\\\/ambitionsverige.se\\\/politiker\\\/1683-2\\\/\",\"url\":\"https:\\\/\\\/ambitionsverige.se\\\/politiker\\\/1683-2\\\/\",\"name\":\"- Ambition Sverige\",\"isPartOf\":{\"@id\":\"https:\\\/\\\/ambitionsverige.se\\\/#website\"},\"datePublished\":\"2026-02-23T12:15:20+00:00\",\"dateModified\":\"2026-02-23T12:54:14+00:00\",\"breadcrumb\":{\"@id\":\"https:\\\/\\\/ambitionsverige.se\\\/politiker\\\/1683-2\\\/#breadcrumb\"},\"inLanguage\":\"es\",\"potentialAction\":[{\"@type\":\"ReadAction\",\"target\":[\"https:\\\/\\\/ambitionsverige.se\\\/politiker\\\/1683-2\\\/\"]}]},{\"@type\":\"BreadcrumbList\",\"@id\":\"https:\\\/\\\/ambitionsverige.se\\\/politiker\\\/1683-2\\\/#breadcrumb\",\"itemListElement\":[{\"@type\":\"ListItem\",\"position\":1,\"name\":\"Hem\",\"item\":\"https:\\\/\\\/ambitionsverige.se\\\/\"},{\"@type\":\"ListItem\",\"position\":2,\"name\":\"V\u00e5ra politiker &amp; medarbetare\",\"item\":\"https:\\\/\\\/ambitionsverige.se\\\/politiker\\\/\"}]},{\"@type\":\"WebSite\",\"@id\":\"https:\\\/\\\/ambitionsverige.se\\\/#website\",\"url\":\"https:\\\/\\\/ambitionsverige.se\\\/\",\"name\":\"Ambition Sverige\",\"description\":\"\",\"publisher\":{\"@id\":\"https:\\\/\\\/ambitionsverige.se\\\/#organization\"},\"potentialAction\":[{\"@type\":\"SearchAction\",\"target\":{\"@type\":\"EntryPoint\",\"urlTemplate\":\"https:\\\/\\\/ambitionsverige.se\\\/?s={search_term_string}\"},\"query-input\":{\"@type\":\"PropertyValueSpecification\",\"valueRequired\":true,\"valueName\":\"search_term_string\"}}],\"inLanguage\":\"es\"},{\"@type\":\"Organization\",\"@id\":\"https:\\\/\\\/ambitionsverige.se\\\/#organization\",\"name\":\"Ambition Sverige\",\"url\":\"https:\\\/\\\/ambitionsverige.se\\\/\",\"logo\":{\"@type\":\"ImageObject\",\"inLanguage\":\"es\",\"@id\":\"https:\\\/\\\/ambitionsverige.se\\\/#\\\/schema\\\/logo\\\/image\\\/\",\"url\":\"https:\\\/\\\/ambitionsverige.se\\\/wp-content\\\/uploads\\\/2025\\\/11\\\/ambition-sverige-logotyp.png\",\"contentUrl\":\"https:\\\/\\\/ambitionsverige.se\\\/wp-content\\\/uploads\\\/2025\\\/11\\\/ambition-sverige-logotyp.png\",\"width\":512,\"height\":512,\"caption\":\"Ambition Sverige\"},\"image\":{\"@id\":\"https:\\\/\\\/ambitionsverige.se\\\/#\\\/schema\\\/logo\\\/image\\\/\"},\"sameAs\":[\"https:\\\/\\\/www.facebook.com\\\/AmbitionSverige\",\"https:\\\/\\\/x.com\\\/ambitionsverige\",\"https:\\\/\\\/www.instagram.com\\\/ambitionsverige\",\"https:\\\/\\\/www.youtube.com\\\/@ambitionsverige1\",\"https:\\\/\\\/t.me\\\/sverigeforst1\"]}]}<\/script>\n<!-- \/ Yoast SEO plugin. -->","yoast_head_json":{"title":"- Ambition Sverige","robots":{"index":"index","follow":"follow","max-snippet":"max-snippet:-1","max-image-preview":"max-image-preview:large","max-video-preview":"max-video-preview:-1"},"canonical":"https:\/\/ambitionsverige.se\/es\/politico\/1683-2\/","og_locale":"es_ES","og_type":"article","og_title":"- Ambition Sverige","og_description":"Anna Svensson (Fiktiv) Styrelseledamot och ansvarig f\u00f6r digital kommunikation. Fokusomr\u00e5de H\u00e4lsa, Utbildning Kontakt: f\u00f6rnamn.efternamn@ambitionsverige.se Anna Svensson (Fiktiv) kommer fr\u00e5n Norrk\u00f6ping och har en bakgrund inom digital kommunikation och marknadsf\u00f6ring med inriktning p\u00e5 strategiskt varum\u00e4rkesarbete och digitala kanaler. Hon har arbetat med inneh\u00e5llsproduktion, kampanjplanering och analys inom fr\u00e4mst webb, sociala medier och e-postmarknadsf\u00f6ring. I yrkeslivet har [&hellip;]","og_url":"https:\/\/ambitionsverige.se\/es\/politico\/1683-2\/","og_site_name":"Ambition Sverige","article_publisher":"https:\/\/www.facebook.com\/AmbitionSverige","article_modified_time":"2026-02-23T12:54:14+00:00","twitter_card":"summary_large_image","twitter_site":"@ambitionsverige","twitter_misc":{"Tiempo de lectura":"1 minuto"},"schema":{"@context":"https:\/\/schema.org","@graph":[{"@type":"WebPage","@id":"https:\/\/ambitionsverige.se\/politiker\/1683-2\/","url":"https:\/\/ambitionsverige.se\/politiker\/1683-2\/","name":"- Ambition Sverige","isPartOf":{"@id":"https:\/\/ambitionsverige.se\/#website"},"datePublished":"2026-02-23T12:15:20+00:00","dateModified":"2026-02-23T12:54:14+00:00","breadcrumb":{"@id":"https:\/\/ambitionsverige.se\/politiker\/1683-2\/#breadcrumb"},"inLanguage":"es","potentialAction":[{"@type":"ReadAction","target":["https:\/\/ambitionsverige.se\/politiker\/1683-2\/"]}]},{"@type":"BreadcrumbList","@id":"https:\/\/ambitionsverige.se\/politiker\/1683-2\/#breadcrumb","itemListElement":[{"@type":"ListItem","position":1,"name":"Hem","item":"https:\/\/ambitionsverige.se\/"},{"@type":"ListItem","position":2,"name":"V\u00e5ra politiker &amp; medarbetare","item":"https:\/\/ambitionsverige.se\/politiker\/"}]},{"@type":"WebSite","@id":"https:\/\/ambitionsverige.se\/#website","url":"https:\/\/ambitionsverige.se\/","name":"Ambition Sverige","description":"","publisher":{"@id":"https:\/\/ambitionsverige.se\/#organization"},"potentialAction":[{"@type":"SearchAction","target":{"@type":"EntryPoint","urlTemplate":"https:\/\/ambitionsverige.se\/?s={search_term_string}"},"query-input":{"@type":"PropertyValueSpecification","valueRequired":true,"valueName":"search_term_string"}}],"inLanguage":"es"},{"@type":"Organization","@id":"https:\/\/ambitionsverige.se\/#organization","name":"Ambition Sverige","url":"https:\/\/ambitionsverige.se\/","logo":{"@type":"ImageObject","inLanguage":"es","@id":"https:\/\/ambitionsverige.se\/#\/schema\/logo\/image\/","url":"https:\/\/ambitionsverige.se\/wp-content\/uploads\/2025\/11\/ambition-sverige-logotyp.png","contentUrl":"https:\/\/ambitionsverige.se\/wp-content\/uploads\/2025\/11\/ambition-sverige-logotyp.png","width":512,"height":512,"caption":"Ambition Sverige"},"image":{"@id":"https:\/\/ambitionsverige.se\/#\/schema\/logo\/image\/"},"sameAs":["https:\/\/www.facebook.com\/AmbitionSverige","https:\/\/x.com\/ambitionsverige","https:\/\/www.instagram.com\/ambitionsverige","https:\/\/www.youtube.com\/@ambitionsverige1","https:\/\/t.me\/sverigeforst1"]}]}},"_links":{"self":[{"href":"https:\/\/ambitionsverige.se\/es\/wp-json\/wp\/v2\/pages\/1683","targetHints":{"allow":["GET"]}}],"collection":[{"href":"https:\/\/ambitionsverige.se\/es\/wp-json\/wp\/v2\/pages"}],"about":[{"href":"https:\/\/ambitionsverige.se\/es\/wp-json\/wp\/v2\/types\/page"}],"author":[{"embeddable":true,"href":"https:\/\/ambitionsverige.se\/es\/wp-json\/wp\/v2\/users\/1"}],"replies":[{"embeddable":true,"href":"https:\/\/ambitionsverige.se\/es\/wp-json\/wp\/v2\/comments?post=1683"}],"version-history":[{"count":41,"href":"https:\/\/ambitionsverige.se\/es\/wp-json\/wp\/v2\/pages\/1683\/revisions"}],"predecessor-version":[{"id":1803,"href":"https:\/\/ambitionsverige.se\/es\/wp-json\/wp\/v2\/pages\/1683\/revisions\/1803"}],"up":[{"embeddable":true,"href":"https:\/\/ambitionsverige.se\/es\/wp-json\/wp\/v2\/pages\/451"}],"wp:attachment":[{"href":"https:\/\/ambitionsverige.se\/es\/wp-json\/wp\/v2\/media?parent=1683"}],"wp:term":[{"taxonomy":"local_branch","embeddable":true,"href":"https:\/\/ambitionsverige.se\/es\/wp-json\/wp\/v2\/local_branch?post=1683"}],"curies":[{"name":"wp","href":"https:\/\/api.w.org\/{rel}","templated":true}]}}