{"id":2230,"date":"2026-04-21T10:58:48","date_gmt":"2026-04-21T08:58:48","guid":{"rendered":"https:\/\/ambitionsverige.se\/?page_id=2230"},"modified":"2026-04-21T10:58:51","modified_gmt":"2026-04-21T08:58:51","slug":"eva-theen-johansson","status":"publish","type":"page","link":"https:\/\/ambitionsverige.se\/es\/eva-theen-johansson\/","title":{"rendered":"Eva Th\u00e9en Johansson"},"content":{"rendered":"<p>Eva \u00e4r f\u00f6dd och uppvuxen i Bor\u00e5s. Hon har en bakgrund som produktutformare\/direktris inom textilindustrin. D\u00e4refter som egen f\u00f6retagare tillsammans med sin man Torbj\u00f6rn i det digitala textiltryckeriet TOBEX. Under drygt 40 \u00e5r som fritidspolitiker har Eva haft m\u00e5nga politiska uppdrag inom Bor\u00e5s Stad i&nbsp; kommunfullm\u00e4ktige, i kommunstyrelse, n\u00e4mnd och sist i presidiet f\u00f6r Bor\u00e5s Energi och Milj\u00f6 under 10\u00e5r.<\/p>\n\n\n\n<p>Sj\u00e4lvst\u00e4ndighet f\u00f6r Sverige, milj\u00f6 och h\u00e4lsofr\u00e5gor ligger Eva varmt om hj\u00e4rtat. F\u00f6r fyra \u00e5r sedan var hon med och startade den ideella folkh\u00e4lsof\u00f6reningen NOVA Health Support. F\u00f6reningen arbetar f\u00f6r helhetsh\u00e4lsa med st\u00f6rre valfrihet och en integrativ v\u00e5rd \u2013 d\u00e4r skolmedicinsk v\u00e5rd arbetar tillsammans med komplement\u00e4r och alternativ medicin\/v\u00e5rd!<\/p>\n\n\n\n<p><\/p>","protected":false},"excerpt":{"rendered":"<p>Eva \u00e4r f\u00f6dd och uppvuxen i Bor\u00e5s. Hon har en bakgrund som produktutformare\/direktris inom textilindustrin. D\u00e4refter som egen f\u00f6retagare tillsammans med sin man Torbj\u00f6rn i det digitala textiltryckeriet TOBEX. Under drygt 40 \u00e5r som fritidspolitiker har Eva haft m\u00e5nga politiska uppdrag inom Bor\u00e5s Stad i&nbsp; kommunfullm\u00e4ktige, i kommunstyrelse, n\u00e4mnd och sist i presidiet f\u00f6r Bor\u00e5s [&hellip;]<\/p>\n","protected":false},"author":1,"featured_media":2231,"parent":0,"menu_order":0,"comment_status":"closed","ping_status":"closed","template":"politiker\/eva-theen-johansson.php","meta":{"footnotes":""},"local_branch":[],"class_list":["post-2230","page","type-page","status-publish","has-post-thumbnail","hentry"],"yoast_head":"<!-- This site is optimized with the Yoast SEO plugin v27.4 - https:\/\/yoast.com\/product\/yoast-seo-wordpress\/ -->\n<title>Eva Th\u00e9en Johansson - Ambition Sverige<\/title>\n<meta name=\"robots\" content=\"index, follow, max-snippet:-1, max-image-preview:large, max-video-preview:-1\" \/>\n<link rel=\"canonical\" href=\"https:\/\/ambitionsverige.se\/es\/eva-theen-johansson\/\" \/>\n<meta property=\"og:locale\" content=\"es_ES\" \/>\n<meta property=\"og:type\" content=\"article\" \/>\n<meta property=\"og:title\" content=\"Eva Th\u00e9en Johansson - Ambition Sverige\" \/>\n<meta property=\"og:description\" content=\"Eva \u00e4r f\u00f6dd och uppvuxen i Bor\u00e5s. Hon har en bakgrund som produktutformare\/direktris inom textilindustrin. D\u00e4refter som egen f\u00f6retagare tillsammans med sin man Torbj\u00f6rn i det digitala textiltryckeriet TOBEX. Under drygt 40 \u00e5r som fritidspolitiker har Eva haft m\u00e5nga politiska uppdrag inom Bor\u00e5s Stad i&nbsp; kommunfullm\u00e4ktige, i kommunstyrelse, n\u00e4mnd och sist i presidiet f\u00f6r Bor\u00e5s [&hellip;]\" \/>\n<meta property=\"og:url\" content=\"https:\/\/ambitionsverige.se\/es\/eva-theen-johansson\/\" \/>\n<meta property=\"og:site_name\" content=\"Ambition Sverige\" \/>\n<meta property=\"article:publisher\" content=\"https:\/\/www.facebook.com\/AmbitionSverige\" \/>\n<meta property=\"article:modified_time\" content=\"2026-04-21T08:58:51+00:00\" \/>\n<meta property=\"og:image\" content=\"https:\/\/ambitionsverige.se\/wp-content\/uploads\/2026\/04\/eva-theen-johansson.jpg\" \/>\n\t<meta property=\"og:image:width\" content=\"994\" \/>\n\t<meta property=\"og:image:height\" content=\"995\" \/>\n\t<meta property=\"og:image:type\" content=\"image\/jpeg\" \/>\n<meta name=\"twitter:card\" content=\"summary_large_image\" \/>\n<meta name=\"twitter:site\" content=\"@ambitionsverige\" \/>\n<meta name=\"twitter:label1\" content=\"Tiempo de lectura\" \/>\n\t<meta name=\"twitter:data1\" content=\"1 minuto\" \/>\n<script type=\"application\/ld+json\" class=\"yoast-schema-graph\">{\"@context\":\"https:\\\/\\\/schema.org\",\"@graph\":[{\"@type\":\"WebPage\",\"@id\":\"https:\\\/\\\/ambitionsverige.se\\\/eva-theen-johansson\\\/\",\"url\":\"https:\\\/\\\/ambitionsverige.se\\\/eva-theen-johansson\\\/\",\"name\":\"Eva Th\u00e9en Johansson - Ambition Sverige\",\"isPartOf\":{\"@id\":\"https:\\\/\\\/ambitionsverige.se\\\/#website\"},\"primaryImageOfPage\":{\"@id\":\"https:\\\/\\\/ambitionsverige.se\\\/eva-theen-johansson\\\/#primaryimage\"},\"image\":{\"@id\":\"https:\\\/\\\/ambitionsverige.se\\\/eva-theen-johansson\\\/#primaryimage\"},\"thumbnailUrl\":\"https:\\\/\\\/ambitionsverige.se\\\/wp-content\\\/uploads\\\/2026\\\/04\\\/eva-theen-johansson.jpg\",\"datePublished\":\"2026-04-21T08:58:48+00:00\",\"dateModified\":\"2026-04-21T08:58:51+00:00\",\"breadcrumb\":{\"@id\":\"https:\\\/\\\/ambitionsverige.se\\\/eva-theen-johansson\\\/#breadcrumb\"},\"inLanguage\":\"es\",\"potentialAction\":[{\"@type\":\"ReadAction\",\"target\":[\"https:\\\/\\\/ambitionsverige.se\\\/eva-theen-johansson\\\/\"]}]},{\"@type\":\"ImageObject\",\"inLanguage\":\"es\",\"@id\":\"https:\\\/\\\/ambitionsverige.se\\\/eva-theen-johansson\\\/#primaryimage\",\"url\":\"https:\\\/\\\/ambitionsverige.se\\\/wp-content\\\/uploads\\\/2026\\\/04\\\/eva-theen-johansson.jpg\",\"contentUrl\":\"https:\\\/\\\/ambitionsverige.se\\\/wp-content\\\/uploads\\\/2026\\\/04\\\/eva-theen-johansson.jpg\",\"width\":994,\"height\":995},{\"@type\":\"BreadcrumbList\",\"@id\":\"https:\\\/\\\/ambitionsverige.se\\\/eva-theen-johansson\\\/#breadcrumb\",\"itemListElement\":[{\"@type\":\"ListItem\",\"position\":1,\"name\":\"Hem\",\"item\":\"https:\\\/\\\/ambitionsverige.se\\\/\"},{\"@type\":\"ListItem\",\"position\":2,\"name\":\"Eva Th\u00e9en Johansson\"}]},{\"@type\":\"WebSite\",\"@id\":\"https:\\\/\\\/ambitionsverige.se\\\/#website\",\"url\":\"https:\\\/\\\/ambitionsverige.se\\\/\",\"name\":\"Ambition Sverige\",\"description\":\"\",\"publisher\":{\"@id\":\"https:\\\/\\\/ambitionsverige.se\\\/#organization\"},\"potentialAction\":[{\"@type\":\"SearchAction\",\"target\":{\"@type\":\"EntryPoint\",\"urlTemplate\":\"https:\\\/\\\/ambitionsverige.se\\\/?s={search_term_string}\"},\"query-input\":{\"@type\":\"PropertyValueSpecification\",\"valueRequired\":true,\"valueName\":\"search_term_string\"}}],\"inLanguage\":\"es\"},{\"@type\":\"Organization\",\"@id\":\"https:\\\/\\\/ambitionsverige.se\\\/#organization\",\"name\":\"Ambition Sverige\",\"url\":\"https:\\\/\\\/ambitionsverige.se\\\/\",\"logo\":{\"@type\":\"ImageObject\",\"inLanguage\":\"es\",\"@id\":\"https:\\\/\\\/ambitionsverige.se\\\/#\\\/schema\\\/logo\\\/image\\\/\",\"url\":\"https:\\\/\\\/ambitionsverige.se\\\/wp-content\\\/uploads\\\/2025\\\/11\\\/ambition-sverige-logotyp.png\",\"contentUrl\":\"https:\\\/\\\/ambitionsverige.se\\\/wp-content\\\/uploads\\\/2025\\\/11\\\/ambition-sverige-logotyp.png\",\"width\":512,\"height\":512,\"caption\":\"Ambition Sverige\"},\"image\":{\"@id\":\"https:\\\/\\\/ambitionsverige.se\\\/#\\\/schema\\\/logo\\\/image\\\/\"},\"sameAs\":[\"https:\\\/\\\/www.facebook.com\\\/AmbitionSverige\",\"https:\\\/\\\/x.com\\\/ambitionsverige\",\"https:\\\/\\\/www.instagram.com\\\/ambitionsverige\",\"https:\\\/\\\/www.youtube.com\\\/@ambitionsverige1\",\"https:\\\/\\\/t.me\\\/sverigeforst1\"]}]}<\/script>\n<!-- \/ Yoast SEO plugin. -->","yoast_head_json":{"title":"Eva Th\u00e9en Johansson - Ambition Sverige","robots":{"index":"index","follow":"follow","max-snippet":"max-snippet:-1","max-image-preview":"max-image-preview:large","max-video-preview":"max-video-preview:-1"},"canonical":"https:\/\/ambitionsverige.se\/es\/eva-theen-johansson\/","og_locale":"es_ES","og_type":"article","og_title":"Eva Th\u00e9en Johansson - Ambition Sverige","og_description":"Eva \u00e4r f\u00f6dd och uppvuxen i Bor\u00e5s. Hon har en bakgrund som produktutformare\/direktris inom textilindustrin. D\u00e4refter som egen f\u00f6retagare tillsammans med sin man Torbj\u00f6rn i det digitala textiltryckeriet TOBEX. Under drygt 40 \u00e5r som fritidspolitiker har Eva haft m\u00e5nga politiska uppdrag inom Bor\u00e5s Stad i&nbsp; kommunfullm\u00e4ktige, i kommunstyrelse, n\u00e4mnd och sist i presidiet f\u00f6r Bor\u00e5s [&hellip;]","og_url":"https:\/\/ambitionsverige.se\/es\/eva-theen-johansson\/","og_site_name":"Ambition Sverige","article_publisher":"https:\/\/www.facebook.com\/AmbitionSverige","article_modified_time":"2026-04-21T08:58:51+00:00","og_image":[{"width":994,"height":995,"url":"https:\/\/ambitionsverige.se\/wp-content\/uploads\/2026\/04\/eva-theen-johansson.jpg","type":"image\/jpeg"}],"twitter_card":"summary_large_image","twitter_site":"@ambitionsverige","twitter_misc":{"Tiempo de lectura":"1 minuto"},"schema":{"@context":"https:\/\/schema.org","@graph":[{"@type":"WebPage","@id":"https:\/\/ambitionsverige.se\/eva-theen-johansson\/","url":"https:\/\/ambitionsverige.se\/eva-theen-johansson\/","name":"Eva Th\u00e9en Johansson - Ambition Sverige","isPartOf":{"@id":"https:\/\/ambitionsverige.se\/#website"},"primaryImageOfPage":{"@id":"https:\/\/ambitionsverige.se\/eva-theen-johansson\/#primaryimage"},"image":{"@id":"https:\/\/ambitionsverige.se\/eva-theen-johansson\/#primaryimage"},"thumbnailUrl":"https:\/\/ambitionsverige.se\/wp-content\/uploads\/2026\/04\/eva-theen-johansson.jpg","datePublished":"2026-04-21T08:58:48+00:00","dateModified":"2026-04-21T08:58:51+00:00","breadcrumb":{"@id":"https:\/\/ambitionsverige.se\/eva-theen-johansson\/#breadcrumb"},"inLanguage":"es","potentialAction":[{"@type":"ReadAction","target":["https:\/\/ambitionsverige.se\/eva-theen-johansson\/"]}]},{"@type":"ImageObject","inLanguage":"es","@id":"https:\/\/ambitionsverige.se\/eva-theen-johansson\/#primaryimage","url":"https:\/\/ambitionsverige.se\/wp-content\/uploads\/2026\/04\/eva-theen-johansson.jpg","contentUrl":"https:\/\/ambitionsverige.se\/wp-content\/uploads\/2026\/04\/eva-theen-johansson.jpg","width":994,"height":995},{"@type":"BreadcrumbList","@id":"https:\/\/ambitionsverige.se\/eva-theen-johansson\/#breadcrumb","itemListElement":[{"@type":"ListItem","position":1,"name":"Hem","item":"https:\/\/ambitionsverige.se\/"},{"@type":"ListItem","position":2,"name":"Eva Th\u00e9en Johansson"}]},{"@type":"WebSite","@id":"https:\/\/ambitionsverige.se\/#website","url":"https:\/\/ambitionsverige.se\/","name":"Ambition Sverige","description":"","publisher":{"@id":"https:\/\/ambitionsverige.se\/#organization"},"potentialAction":[{"@type":"SearchAction","target":{"@type":"EntryPoint","urlTemplate":"https:\/\/ambitionsverige.se\/?s={search_term_string}"},"query-input":{"@type":"PropertyValueSpecification","valueRequired":true,"valueName":"search_term_string"}}],"inLanguage":"es"},{"@type":"Organization","@id":"https:\/\/ambitionsverige.se\/#organization","name":"Ambition Sverige","url":"https:\/\/ambitionsverige.se\/","logo":{"@type":"ImageObject","inLanguage":"es","@id":"https:\/\/ambitionsverige.se\/#\/schema\/logo\/image\/","url":"https:\/\/ambitionsverige.se\/wp-content\/uploads\/2025\/11\/ambition-sverige-logotyp.png","contentUrl":"https:\/\/ambitionsverige.se\/wp-content\/uploads\/2025\/11\/ambition-sverige-logotyp.png","width":512,"height":512,"caption":"Ambition Sverige"},"image":{"@id":"https:\/\/ambitionsverige.se\/#\/schema\/logo\/image\/"},"sameAs":["https:\/\/www.facebook.com\/AmbitionSverige","https:\/\/x.com\/ambitionsverige","https:\/\/www.instagram.com\/ambitionsverige","https:\/\/www.youtube.com\/@ambitionsverige1","https:\/\/t.me\/sverigeforst1"]}]}},"_links":{"self":[{"href":"https:\/\/ambitionsverige.se\/es\/wp-json\/wp\/v2\/pages\/2230","targetHints":{"allow":["GET"]}}],"collection":[{"href":"https:\/\/ambitionsverige.se\/es\/wp-json\/wp\/v2\/pages"}],"about":[{"href":"https:\/\/ambitionsverige.se\/es\/wp-json\/wp\/v2\/types\/page"}],"author":[{"embeddable":true,"href":"https:\/\/ambitionsverige.se\/es\/wp-json\/wp\/v2\/users\/1"}],"replies":[{"embeddable":true,"href":"https:\/\/ambitionsverige.se\/es\/wp-json\/wp\/v2\/comments?post=2230"}],"version-history":[{"count":1,"href":"https:\/\/ambitionsverige.se\/es\/wp-json\/wp\/v2\/pages\/2230\/revisions"}],"predecessor-version":[{"id":2232,"href":"https:\/\/ambitionsverige.se\/es\/wp-json\/wp\/v2\/pages\/2230\/revisions\/2232"}],"wp:featuredmedia":[{"embeddable":true,"href":"https:\/\/ambitionsverige.se\/es\/wp-json\/wp\/v2\/media\/2231"}],"wp:attachment":[{"href":"https:\/\/ambitionsverige.se\/es\/wp-json\/wp\/v2\/media?parent=2230"}],"wp:term":[{"taxonomy":"local_branch","embeddable":true,"href":"https:\/\/ambitionsverige.se\/es\/wp-json\/wp\/v2\/local_branch?post=2230"}],"curies":[{"name":"wp","href":"https:\/\/api.w.org\/{rel}","templated":true}]}}