{"id":379,"date":"2025-08-30T14:49:21","date_gmt":"2025-08-30T12:49:21","guid":{"rendered":"https:\/\/ambitionsverige.se\/?page_id=379"},"modified":"2026-01-16T17:23:57","modified_gmt":"2026-01-16T16:23:57","slug":"ser-cinco-principios","status":"publish","type":"page","link":"https:\/\/ambitionsverige.se\/es\/politik\/vara-fem-principer\/","title":{"rendered":"Nuestros cinco principios"},"content":{"rendered":"<p><strong>- Durante siglos, estos cinco principios han protegido a las personas del abuso de poder y han sentado las bases de las sociedades libres.<\/strong><\/p>\n\n\n\n<h2 class=\"wp-block-heading\">El poder debe estar bajo la ley<\/h2>\n\n\n\n<p>En 1215, el rey de Inglaterra se vio obligado a aceptar que \u00e9l tambi\u00e9n estaba sometido a la ley. <em>Carta Magna<\/em> se convirti\u00f3 en el punto de partida de la seguridad jur\u00eddica y la responsabilidad.<\/p>\n\n\n\n<p>En Suecia hemos ido en la direcci\u00f3n opuesta. La responsabilidad de los funcionarios se aboli\u00f3 en 1976, lo que significa que las decisiones gubernamentales que perjudican a los ciudadanos rara vez conllevan responsabilidad para la persona que tom\u00f3 la decisi\u00f3n. Las consecuencias son que se dejan pasar los errores y los abusos de poder. Cuando los poderosos pueden estar por encima de la ley, el Estado de derecho deja de funcionar.<\/p>\n\n\n\n<p>Ambition Sverige quiere restablecer la verdadera responsabilidad de los funcionarios. La ley debe aplicarse a todos, incluidos los que ejercen el poder.<\/p>\n\n\n\n<h2 class=\"wp-block-heading\">Protecci\u00f3n contra la detenci\u00f3n arbitraria<\/h2>\n\n\n\n<p>El principio de <em>Habeas Corpus<\/em> protege a las personas de ser encarceladas o perseguidas sin motivos legales. Pero hoy en Suecia vemos c\u00f3mo se utiliza pol\u00edticamente el poder judicial. Un ejemplo es el caso de Julian Assange, al que las autoridades suecas mantuvieron en el limbo jur\u00eddico durante una d\u00e9cada, no por el delito, sino por razones pol\u00edticas.<\/p>\n\n\n\n<p>Ambition Sverige quiere proteger a las personas de la detenci\u00f3n arbitraria. Nadie debe ser perseguido por sus convicciones pol\u00edticas, y toda detenci\u00f3n debe ser revisada por un tribunal independiente.<\/p>\n\n\n\n<h2 class=\"wp-block-heading\">El bien del pueblo y de la naci\u00f3n en primer lugar<\/h2>\n\n\n\n<p>Principios <em>virtud<\/em> - que <em>siempre<\/em> anteponer el bien de la naci\u00f3n y del pueblo al beneficio personal- ha desaparecido en Suecia. Un ejemplo claro es la pol\u00edtica energ\u00e9tica, en la que se cerr\u00f3 una central nuclear plenamente operativa por motivos pol\u00edticos, lo que provoc\u00f3 una subida vertiginosa de los precios de la electricidad para hogares y empresas. En lugar de responsabilidad a largo plazo, se opt\u00f3 por un posicionamiento a corto plazo, y el pueblo pag\u00f3 el precio. Cuando el poder se antepone al pueblo, se socavan los cimientos de la democracia.<\/p>\n\n\n\n<p>Ambition Sverige quiere restaurar el principio de anteponer el bien del pueblo y de la naci\u00f3n. Las decisiones deben servir siempre al bien de la naci\u00f3n, no a juegos de poder, carreras o intereses internacionales.<\/p>\n\n\n\n<h2 class=\"wp-block-heading\">Derecho internacional<\/h2>\n\n\n\n<p>El derecho internacional se basa en tres principios fundamentales: soberan\u00eda, autodeterminaci\u00f3n y no injerencia. Se crearon para proteger a los Estados del control externo y garantizar la paz. Pero en la Suecia de hoy vemos c\u00f3mo estos principios se desprecian cada vez m\u00e1s. A trav\u00e9s de la OTAN, el DCA, el DSA, el eIDAS 2.0, el euro digital, ChatControl y la UE, estamos concediendo a las potencias extranjeras una influencia de gran alcance sobre nuestro territorio y nuestras vidas.<\/p>\n\n\n\n<p>Adem\u00e1s, nuestras propias leyes, como la Ley FRA, corren el riesgo de abrir la puerta a la vigilancia masiva y a las restricciones de la privacidad y la libertad de expresi\u00f3n. Cuando el Estado esp\u00eda al pueblo, se pierde la democracia.<\/p>\n\n\n\n<p>Suecia respetar\u00e1 la soberan\u00eda de otros Estados y exigir\u00e1 respeto para la nuestra. Ni los Estados extranjeros ni las organizaciones internacionales deben controlar nuestras pol\u00edticas, nuestra seguridad o nuestro territorio.<\/p>\n\n\n\n<h2 class=\"wp-block-heading\">Derechos humanos, tambi\u00e9n en la vejez<\/h2>\n\n\n\n<p>Los derechos humanos no s\u00f3lo tienen que ver con la libertad de expresi\u00f3n y la privacidad, sino tambi\u00e9n con el derecho a una vejez segura y a la asistencia sanitaria.<\/p>\n\n\n\n<p>Durante la pandemia de COVID-19, vimos c\u00f3mo se pon\u00edan en peligro estos derechos. Miles de ancianos no tuvieron acceso a los cuidados que necesitaban. En su lugar, recibieron cuidados paliativos, a menudo sin contacto previo con un m\u00e9dico. No se trataba de un malentendido. Fue un fallo sist\u00e9mico en el que toda una generaci\u00f3n fue tratada como una carga, no como personas con derecho a la vida y a la dignidad.<\/p>\n\n\n\n<h2 class=\"wp-block-heading\">Ambition Sverige trabajar\u00e1 para:<\/h2>\n\n\n\n<ul class=\"wp-block-list\">\n<li>Restablecer estos cinco principios en Suecia.<\/li>\n\n\n\n<li>Reintroducir la responsabilidad real de pol\u00edticos y funcionarios.<\/li>\n\n\n\n<li>Defender la soberan\u00eda y la autodeterminaci\u00f3n de Suecia.<\/li>\n\n\n\n<li>Construir un Estado que proteja realmente a sus ciudadanos, no un poder que se proteja a s\u00ed mismo.<\/li>\n<\/ul>","protected":false},"excerpt":{"rendered":"<p>&#8211; Dessa fem principer har i \u00e5rhundraden skyddat m\u00e4nniskor mot maktmissbruk och lagt grunden f\u00f6r fria samh\u00e4llen. Makten ska st\u00e5 under lagen \u00c5r 1215 tvingades kungen i England acceptera att \u00e4ven han stod under lagen. Magna Carta blev startpunkten f\u00f6r r\u00e4ttss\u00e4kerhet och ansvarsutkr\u00e4vande. I Sverige har vi g\u00e5tt i motsatt riktning. Tj\u00e4nstemannaansvaret avskaffades 1976, vilket [&hellip;]<\/p>\n","protected":false},"author":1,"featured_media":0,"parent":50,"menu_order":0,"comment_status":"closed","ping_status":"closed","template":"","meta":{"footnotes":""},"local_branch":[],"class_list":["post-379","page","type-page","status-publish","hentry"],"yoast_head":"<!-- This site is optimized with the Yoast SEO plugin v27.4 - https:\/\/yoast.com\/product\/yoast-seo-wordpress\/ -->\n<title>V\u00e5ra fem principer - Ambition Sverige<\/title>\n<meta name=\"robots\" content=\"index, follow, max-snippet:-1, max-image-preview:large, max-video-preview:-1\" \/>\n<link rel=\"canonical\" href=\"https:\/\/ambitionsverige.se\/es\/politica\/ser-cinco-principios\/\" \/>\n<meta property=\"og:locale\" content=\"es_ES\" \/>\n<meta property=\"og:type\" content=\"article\" \/>\n<meta property=\"og:title\" content=\"V\u00e5ra fem principer - Ambition Sverige\" \/>\n<meta property=\"og:description\" content=\"&#8211; Dessa fem principer har i \u00e5rhundraden skyddat m\u00e4nniskor mot maktmissbruk och lagt grunden f\u00f6r fria samh\u00e4llen. Makten ska st\u00e5 under lagen \u00c5r 1215 tvingades kungen i England acceptera att \u00e4ven han stod under lagen. Magna Carta blev startpunkten f\u00f6r r\u00e4ttss\u00e4kerhet och ansvarsutkr\u00e4vande. I Sverige har vi g\u00e5tt i motsatt riktning. Tj\u00e4nstemannaansvaret avskaffades 1976, vilket [&hellip;]\" \/>\n<meta property=\"og:url\" content=\"https:\/\/ambitionsverige.se\/es\/politica\/ser-cinco-principios\/\" \/>\n<meta property=\"og:site_name\" content=\"Ambition Sverige\" \/>\n<meta property=\"article:publisher\" content=\"https:\/\/www.facebook.com\/AmbitionSverige\" \/>\n<meta property=\"article:modified_time\" content=\"2026-01-16T16:23:57+00:00\" \/>\n<meta name=\"twitter:card\" content=\"summary_large_image\" \/>\n<meta name=\"twitter:site\" content=\"@ambitionsverige\" \/>\n<meta name=\"twitter:label1\" content=\"Tiempo de lectura\" \/>\n\t<meta name=\"twitter:data1\" content=\"3 minutos\" \/>\n<script type=\"application\/ld+json\" class=\"yoast-schema-graph\">{\"@context\":\"https:\\\/\\\/schema.org\",\"@graph\":[{\"@type\":\"WebPage\",\"@id\":\"https:\\\/\\\/ambitionsverige.se\\\/politik\\\/vara-fem-principer\\\/\",\"url\":\"https:\\\/\\\/ambitionsverige.se\\\/politik\\\/vara-fem-principer\\\/\",\"name\":\"V\u00e5ra fem principer - Ambition Sverige\",\"isPartOf\":{\"@id\":\"https:\\\/\\\/ambitionsverige.se\\\/#website\"},\"datePublished\":\"2025-08-30T12:49:21+00:00\",\"dateModified\":\"2026-01-16T16:23:57+00:00\",\"breadcrumb\":{\"@id\":\"https:\\\/\\\/ambitionsverige.se\\\/politik\\\/vara-fem-principer\\\/#breadcrumb\"},\"inLanguage\":\"es\",\"potentialAction\":[{\"@type\":\"ReadAction\",\"target\":[\"https:\\\/\\\/ambitionsverige.se\\\/politik\\\/vara-fem-principer\\\/\"]}]},{\"@type\":\"BreadcrumbList\",\"@id\":\"https:\\\/\\\/ambitionsverige.se\\\/politik\\\/vara-fem-principer\\\/#breadcrumb\",\"itemListElement\":[{\"@type\":\"ListItem\",\"position\":1,\"name\":\"Hem\",\"item\":\"https:\\\/\\\/ambitionsverige.se\\\/\"},{\"@type\":\"ListItem\",\"position\":2,\"name\":\"V\u00e5r politik\",\"item\":\"https:\\\/\\\/ambitionsverige.se\\\/politik\\\/\"},{\"@type\":\"ListItem\",\"position\":3,\"name\":\"V\u00e5ra fem principer\"}]},{\"@type\":\"WebSite\",\"@id\":\"https:\\\/\\\/ambitionsverige.se\\\/#website\",\"url\":\"https:\\\/\\\/ambitionsverige.se\\\/\",\"name\":\"Ambition Sverige\",\"description\":\"\",\"publisher\":{\"@id\":\"https:\\\/\\\/ambitionsverige.se\\\/#organization\"},\"potentialAction\":[{\"@type\":\"SearchAction\",\"target\":{\"@type\":\"EntryPoint\",\"urlTemplate\":\"https:\\\/\\\/ambitionsverige.se\\\/?s={search_term_string}\"},\"query-input\":{\"@type\":\"PropertyValueSpecification\",\"valueRequired\":true,\"valueName\":\"search_term_string\"}}],\"inLanguage\":\"es\"},{\"@type\":\"Organization\",\"@id\":\"https:\\\/\\\/ambitionsverige.se\\\/#organization\",\"name\":\"Ambition Sverige\",\"url\":\"https:\\\/\\\/ambitionsverige.se\\\/\",\"logo\":{\"@type\":\"ImageObject\",\"inLanguage\":\"es\",\"@id\":\"https:\\\/\\\/ambitionsverige.se\\\/#\\\/schema\\\/logo\\\/image\\\/\",\"url\":\"https:\\\/\\\/ambitionsverige.se\\\/wp-content\\\/uploads\\\/2025\\\/11\\\/ambition-sverige-logotyp.png\",\"contentUrl\":\"https:\\\/\\\/ambitionsverige.se\\\/wp-content\\\/uploads\\\/2025\\\/11\\\/ambition-sverige-logotyp.png\",\"width\":512,\"height\":512,\"caption\":\"Ambition Sverige\"},\"image\":{\"@id\":\"https:\\\/\\\/ambitionsverige.se\\\/#\\\/schema\\\/logo\\\/image\\\/\"},\"sameAs\":[\"https:\\\/\\\/www.facebook.com\\\/AmbitionSverige\",\"https:\\\/\\\/x.com\\\/ambitionsverige\",\"https:\\\/\\\/www.instagram.com\\\/ambitionsverige\",\"https:\\\/\\\/www.youtube.com\\\/@ambitionsverige1\",\"https:\\\/\\\/t.me\\\/sverigeforst1\"]}]}<\/script>\n<!-- \/ Yoast SEO plugin. -->","yoast_head_json":{"title":"Nuestros cinco principios - Ambition Sverige","robots":{"index":"index","follow":"follow","max-snippet":"max-snippet:-1","max-image-preview":"max-image-preview:large","max-video-preview":"max-video-preview:-1"},"canonical":"https:\/\/ambitionsverige.se\/es\/politica\/ser-cinco-principios\/","og_locale":"es_ES","og_type":"article","og_title":"V\u00e5ra fem principer - Ambition Sverige","og_description":"&#8211; Dessa fem principer har i \u00e5rhundraden skyddat m\u00e4nniskor mot maktmissbruk och lagt grunden f\u00f6r fria samh\u00e4llen. Makten ska st\u00e5 under lagen \u00c5r 1215 tvingades kungen i England acceptera att \u00e4ven han stod under lagen. Magna Carta blev startpunkten f\u00f6r r\u00e4ttss\u00e4kerhet och ansvarsutkr\u00e4vande. I Sverige har vi g\u00e5tt i motsatt riktning. Tj\u00e4nstemannaansvaret avskaffades 1976, vilket [&hellip;]","og_url":"https:\/\/ambitionsverige.se\/es\/politica\/ser-cinco-principios\/","og_site_name":"Ambition Sverige","article_publisher":"https:\/\/www.facebook.com\/AmbitionSverige","article_modified_time":"2026-01-16T16:23:57+00:00","twitter_card":"summary_large_image","twitter_site":"@ambitionsverige","twitter_misc":{"Tiempo de lectura":"3 minutos"},"schema":{"@context":"https:\/\/schema.org","@graph":[{"@type":"WebPage","@id":"https:\/\/ambitionsverige.se\/politik\/vara-fem-principer\/","url":"https:\/\/ambitionsverige.se\/politik\/vara-fem-principer\/","name":"Nuestros cinco principios - Ambition Sverige","isPartOf":{"@id":"https:\/\/ambitionsverige.se\/#website"},"datePublished":"2025-08-30T12:49:21+00:00","dateModified":"2026-01-16T16:23:57+00:00","breadcrumb":{"@id":"https:\/\/ambitionsverige.se\/politik\/vara-fem-principer\/#breadcrumb"},"inLanguage":"es","potentialAction":[{"@type":"ReadAction","target":["https:\/\/ambitionsverige.se\/politik\/vara-fem-principer\/"]}]},{"@type":"BreadcrumbList","@id":"https:\/\/ambitionsverige.se\/politik\/vara-fem-principer\/#breadcrumb","itemListElement":[{"@type":"ListItem","position":1,"name":"Hem","item":"https:\/\/ambitionsverige.se\/"},{"@type":"ListItem","position":2,"name":"V\u00e5r politik","item":"https:\/\/ambitionsverige.se\/politik\/"},{"@type":"ListItem","position":3,"name":"V\u00e5ra fem principer"}]},{"@type":"WebSite","@id":"https:\/\/ambitionsverige.se\/#website","url":"https:\/\/ambitionsverige.se\/","name":"Ambition Sverige","description":"","publisher":{"@id":"https:\/\/ambitionsverige.se\/#organization"},"potentialAction":[{"@type":"SearchAction","target":{"@type":"EntryPoint","urlTemplate":"https:\/\/ambitionsverige.se\/?s={search_term_string}"},"query-input":{"@type":"PropertyValueSpecification","valueRequired":true,"valueName":"search_term_string"}}],"inLanguage":"es"},{"@type":"Organization","@id":"https:\/\/ambitionsverige.se\/#organization","name":"Ambition Sverige","url":"https:\/\/ambitionsverige.se\/","logo":{"@type":"ImageObject","inLanguage":"es","@id":"https:\/\/ambitionsverige.se\/#\/schema\/logo\/image\/","url":"https:\/\/ambitionsverige.se\/wp-content\/uploads\/2025\/11\/ambition-sverige-logotyp.png","contentUrl":"https:\/\/ambitionsverige.se\/wp-content\/uploads\/2025\/11\/ambition-sverige-logotyp.png","width":512,"height":512,"caption":"Ambition Sverige"},"image":{"@id":"https:\/\/ambitionsverige.se\/#\/schema\/logo\/image\/"},"sameAs":["https:\/\/www.facebook.com\/AmbitionSverige","https:\/\/x.com\/ambitionsverige","https:\/\/www.instagram.com\/ambitionsverige","https:\/\/www.youtube.com\/@ambitionsverige1","https:\/\/t.me\/sverigeforst1"]}]}},"_links":{"self":[{"href":"https:\/\/ambitionsverige.se\/es\/wp-json\/wp\/v2\/pages\/379","targetHints":{"allow":["GET"]}}],"collection":[{"href":"https:\/\/ambitionsverige.se\/es\/wp-json\/wp\/v2\/pages"}],"about":[{"href":"https:\/\/ambitionsverige.se\/es\/wp-json\/wp\/v2\/types\/page"}],"author":[{"embeddable":true,"href":"https:\/\/ambitionsverige.se\/es\/wp-json\/wp\/v2\/users\/1"}],"replies":[{"embeddable":true,"href":"https:\/\/ambitionsverige.se\/es\/wp-json\/wp\/v2\/comments?post=379"}],"version-history":[{"count":4,"href":"https:\/\/ambitionsverige.se\/es\/wp-json\/wp\/v2\/pages\/379\/revisions"}],"predecessor-version":[{"id":1620,"href":"https:\/\/ambitionsverige.se\/es\/wp-json\/wp\/v2\/pages\/379\/revisions\/1620"}],"up":[{"embeddable":true,"href":"https:\/\/ambitionsverige.se\/es\/wp-json\/wp\/v2\/pages\/50"}],"wp:attachment":[{"href":"https:\/\/ambitionsverige.se\/es\/wp-json\/wp\/v2\/media?parent=379"}],"wp:term":[{"taxonomy":"local_branch","embeddable":true,"href":"https:\/\/ambitionsverige.se\/es\/wp-json\/wp\/v2\/local_branch?post=379"}],"curies":[{"name":"wp","href":"https:\/\/api.w.org\/{rel}","templated":true}]}}