{"id":387,"date":"2025-09-01T16:15:41","date_gmt":"2025-09-01T14:15:41","guid":{"rendered":"https:\/\/ambitionsverige.se\/?page_id=387"},"modified":"2026-01-16T11:04:50","modified_gmt":"2026-01-16T10:04:50","slug":"digitalizacion-e-ia","status":"publish","type":"page","link":"https:\/\/ambitionsverige.se\/es\/politik\/digitalisering-och-ai\/","title":{"rendered":"Minimizar los riesgos de la digitalizaci\u00f3n y la IA"},"content":{"rendered":"<p><strong>- Privacidad personal en lugar de dictadura digital.<\/strong><\/p>\n\n\n\n<p>Sistema tecnol\u00f3gico que permite el control directo por parte de quienes detentan el poder.<\/p>\n\n\n\n<h2 class=\"wp-block-heading\">Identidad digital, moneda digital e inteligencia artificial: una nueva infraestructura mundial con consecuencias de largo alcance<\/h2>\n\n\n\n<p><i>Los sistemas de identidad digital, las monedas digitales de los bancos centrales (CBDC) y la inteligencia artificial (IA) constituyen, en su conjunto, un emergente <\/i><i><b>infraestructura digital mundial que se est\u00e1 integrando gradualmente en nuestras estructuras sociales.<\/b><\/i><i>. T\u00e9cnicamente, gran parte de esta infraestructura ya existe, pero es ahora cuando se hacen patentes todas sus implicaciones. Quien controle esta infraestructura controlar\u00e1 efectivamente el desarrollo de la sociedad.<\/i><\/p>\n\n\n\n<p>A pesar de los beneficios potenciales en t\u00e9rminos de mayor eficiencia, comodidad y accesibilidad, los riesgos de esta evoluci\u00f3n son tangibles y fundamentales. La vinculaci\u00f3n de los monederos digitales, controlados por un actor central como la Comisi\u00f3n Europea, a la identidad digital de un individuo crea una <b>sistema tecnol\u00f3gico que permite a los responsables tener un control directo<\/b> sobre la participaci\u00f3n econ\u00f3mica y social de los ciudadanos en la sociedad. Esto abre un nuevo tipo de gobernanza que antes era t\u00e9cnicamente imposible: el derecho a gastar el propio dinero, viajar o acceder a los servicios sociales puede condicionarse, restringirse o bloquearse en tiempo real.<\/p>\n\n\n\n<p>Al mismo tiempo, se est\u00e1 produciendo una revoluci\u00f3n paralela en el campo de la inteligencia artificial. La IA se define esencialmente como sistemas que pueden comunicarse y actuar de forma que imitan la inteligencia humana: razonando, tomando decisiones, resolviendo problemas complejos y adapt\u00e1ndose a la nueva informaci\u00f3n.<\/p>\n\n\n\n<p>A medida que la IA se integra con otras tecnolog\u00edas basadas en datos, como el almacenamiento avanzado de datos, el aprendizaje autom\u00e1tico, el procesamiento de im\u00e1genes y lenguaje y las tecnolog\u00edas de sensores, estamos experimentando una transformaci\u00f3n tecnol\u00f3gica de enorme alcance. Lo que estamos presenciando no es una evoluci\u00f3n gradual, sino un profundo cambio sist\u00e9mico, probablemente m\u00e1s r\u00e1pido y de mayor alcance que cualquier otra revoluci\u00f3n tecnol\u00f3gica anterior desde la industrializaci\u00f3n. Los efectos se dejar\u00e1n sentir en todos los \u00e1mbitos de la sociedad: desde la econom\u00eda, la justicia y la educaci\u00f3n hasta la administraci\u00f3n p\u00fablica y la toma de decisiones democr\u00e1tica.<\/p>\n\n\n\n<p>Por lo tanto, es crucial comprender que esta infraestructura -aunque se comercialice como tecnol\u00f3gicamente neutra y socialmente beneficiosa- en la pr\u00e1ctica crea nuevas estructuras de poder. Estructuras que pueden reforzar el control, la vigilancia y la desigualdad, si no se regulan o se conf\u00edan a agentes privados o supranacionales sin supervisi\u00f3n democr\u00e1tica. No se trata de un detalle t\u00e9cnico. Se trata de un desplazamiento estructural del poder, de los ciudadanos a los sistemas, del control democr\u00e1tico a la vigilancia mediante c\u00f3digos. Quien controle esta infraestructura controlar\u00e1 en la pr\u00e1ctica el desarrollo de la sociedad.<\/p>\n\n\n\n<h2 class=\"wp-block-heading\">La cuesti\u00f3n ya no es si esto ocurre, sino en qu\u00e9 condiciones.<\/h2>\n\n\n\n<p>Hasta ahora, la pol\u00edtica ha sido reactiva, lenta y t\u00e9cnicamente ignorante. El Gobierno ha creado el llamado Consejo Nacional de Inteligencia Artificial, pero se trata de un foro de debate poco unido, sin competencias claras, sin control independiente y sin profundidad t\u00e9cnica. No es un organismo que pueda asumir la responsabilidad de proteger a la sociedad sueca de los riesgos -y aprovechar las oportunidades- que traen consigo la infraestructura digital y la IA. Pero estas mismas tecnolog\u00edas tambi\u00e9n son capaces de distorsionar la opini\u00f3n, cimentar el poder, marginar profesiones y convertir a las personas en consumidores vigilados de un sistema que no entienden.<\/p>\n\n\n\n<h2 class=\"wp-block-heading\">Ambition Sverige se esforzar\u00e1 por:<\/h2>\n\n\n\n<p><strong>En cuanto a las identificaciones digitales y las monedas digitales de los bancos centrales:<\/strong><\/p>\n\n\n\n<ul class=\"wp-block-list\">\n<li>Exigir un debate p\u00fablico y un refer\u00e9ndum antes de implantar el DNI y la moneda digital del banco central.<\/li>\n\n\n\n<li>Exigimos que se otorgue a cada persona plena propiedad legal y control sobre sus propios datos biom\u00e9tricos, incluido el derecho al consentimiento, la restricci\u00f3n, la trazabilidad y la protecci\u00f3n financiera frente a la explotaci\u00f3n comercial.<\/li>\n\n\n\n<li>Pedimos que se ponga fin al v\u00ednculo obligatorio entre los sistemas de identificaci\u00f3n y las transacciones financieras.<\/li>\n\n\n\n<li>Asegurar y preservar el efectivo como un derecho legal protegido.<\/li>\n\n\n\n<li>Establecer l\u00edmites legales a lo que las monedas digitales y los sistemas de identificaci\u00f3n pueden contener, registrar y controlar.<\/li>\n\n\n\n<li>Crear opciones de identidad digital abiertas y no controladas centralmente.<\/li>\n<\/ul>\n\n\n\n<p><strong>En cuanto a la IA:<\/strong><\/p>\n\n\n\n<ul class=\"wp-block-list\">\n<li>Por ello, Ambition Sverige exige que el acceso a la informaci\u00f3n en Internet siga siendo libre, abierto y sin censura, porque la libertad de informaci\u00f3n es un requisito b\u00e1sico para la democracia, la libertad de expresi\u00f3n y una sociedad libre. Por tanto, la IA que se ofrece a los ciudadanos suecos debe cumplir estos requisitos.<\/li>\n\n\n\n<li>Reclamamos una infraestructura nacional de IA. Deben desarrollarse modelos de IA financiados p\u00fablicamente y examinados de forma abierta y transparente, basados en las leyes, la lengua, la cultura y la \u00e9tica locales.<\/li>\n\n\n\n<li>Exigimos que ninguna IA pueda tomar decisiones que afecten a la vida de las personas sin total transparencia, responsabilidad legal y control humano, como en la legislaci\u00f3n danesa. Debe quedar claro qui\u00e9n est\u00e1 detr\u00e1s de una decisi\u00f3n tomada por IA, en qu\u00e9 datos se basa y qu\u00e9 valores se han priorizado. Las decisiones automatizadas deben ser siempre recurribles.<\/li>\n\n\n\n<li>Soberan\u00eda de los datos - Todos los datos sensibles, especialmente de las autoridades p\u00fablicas, las escuelas y la sanidad, deben ser almacenados y procesados dentro de las fronteras de Suecia y por actores bajo control democr\u00e1tico (no la UE ni actores globales y privados).<\/li>\n\n\n\n<li>Alfabetizaci\u00f3n digital - Los ciudadanos y los responsables de la toma de decisiones deben recibir formaci\u00f3n sobre las nuevas tecnolog\u00edas y la IA.<\/li>\n\n\n\n<li>Regulaci\u00f3n activa para evitar la dependencia de plataformas y promover opciones abiertas e interoperables.<\/li>\n\n\n\n<li>Ambition Sverige pide que se inicien los trabajos para identificar y analizar los riesgos asociados a la IA en los sistemas de seguridad militares y civiles y el desarrollo de la protecci\u00f3n de las infraestructuras cr\u00edticas frente a los ataques, el sabotaje o la desinformaci\u00f3n impulsados por la IA.<\/li>\n\n\n\n<li>Por \u00faltimo, pedimos que se desarrollen nuestras capacidades de defensa contra los sistemas de armas aut\u00f3nomas y los ataques dirigidos digitalmente, y que se refuercen las salvaguardias jur\u00eddicas, \u00e9ticas y t\u00e9cnicas internacionales contra el uso de la IA contra la poblaci\u00f3n, por parte de otros Estados o de agentes privados.<\/li>\n<\/ul>","protected":false},"excerpt":{"rendered":"<p>&#8211; Personlig integritet i st\u00e4llet f\u00f6r digital diktatur. Teknologiskt system som ger makthavare m\u00f6jlighet till direkt kontroll. Digital identitet, digital valuta och artificiell intelligens \u2013 en ny global infrastruktur med l\u00e5ngtg\u00e5ende konsekvenser Digitala identitetssystem, centralbankernas digitala valutor (CBDC) och artificiell intelligens (AI) utg\u00f6r tillsammans en framv\u00e4xande global digital infrastruktur som stegvis integreras i v\u00e5ra samh\u00e4llsstrukturer. [&hellip;]<\/p>\n","protected":false},"author":1,"featured_media":1574,"parent":50,"menu_order":0,"comment_status":"closed","ping_status":"closed","template":"politik\/digitalisering-och-AI.php","meta":{"footnotes":""},"local_branch":[],"class_list":["post-387","page","type-page","status-publish","has-post-thumbnail","hentry"],"yoast_head":"<!-- This site is optimized with the Yoast SEO plugin v27.4 - https:\/\/yoast.com\/product\/yoast-seo-wordpress\/ -->\n<title>Minimera riskerna med digitalisering och AI - Ambition Sverige<\/title>\n<meta name=\"description\" content=\"Personlig integritet i st\u00e4llet f\u00f6r digital diktatur.\" \/>\n<meta name=\"robots\" content=\"index, follow, max-snippet:-1, max-image-preview:large, max-video-preview:-1\" \/>\n<link rel=\"canonical\" href=\"https:\/\/ambitionsverige.se\/es\/politica\/digitalizacion-e-ia\/\" \/>\n<meta property=\"og:locale\" content=\"es_ES\" \/>\n<meta property=\"og:type\" content=\"article\" \/>\n<meta property=\"og:title\" content=\"Minimera riskerna med digitalisering och AI - Ambition Sverige\" \/>\n<meta property=\"og:description\" content=\"Personlig integritet i st\u00e4llet f\u00f6r digital diktatur.\" \/>\n<meta property=\"og:url\" content=\"https:\/\/ambitionsverige.se\/es\/politica\/digitalizacion-e-ia\/\" \/>\n<meta property=\"og:site_name\" content=\"Ambition Sverige\" \/>\n<meta property=\"article:publisher\" content=\"https:\/\/www.facebook.com\/AmbitionSverige\" \/>\n<meta property=\"article:modified_time\" content=\"2026-01-16T10:04:50+00:00\" \/>\n<meta property=\"og:image\" content=\"https:\/\/ambitionsverige.se\/wp-content\/uploads\/2026\/01\/minimera-riskerna-med-digitalisering-och-ai.jpg\" \/>\n\t<meta property=\"og:image:width\" content=\"1024\" \/>\n\t<meta property=\"og:image:height\" content=\"576\" \/>\n\t<meta property=\"og:image:type\" content=\"image\/jpeg\" \/>\n<meta name=\"twitter:card\" content=\"summary_large_image\" \/>\n<meta name=\"twitter:site\" content=\"@ambitionsverige\" \/>\n<meta name=\"twitter:label1\" content=\"Tiempo de lectura\" \/>\n\t<meta name=\"twitter:data1\" content=\"5 minutos\" \/>\n<script type=\"application\/ld+json\" class=\"yoast-schema-graph\">{\"@context\":\"https:\\\/\\\/schema.org\",\"@graph\":[{\"@type\":\"WebPage\",\"@id\":\"https:\\\/\\\/ambitionsverige.se\\\/politik\\\/digitalisering-och-ai\\\/\",\"url\":\"https:\\\/\\\/ambitionsverige.se\\\/politik\\\/digitalisering-och-ai\\\/\",\"name\":\"Minimera riskerna med digitalisering och AI - Ambition Sverige\",\"isPartOf\":{\"@id\":\"https:\\\/\\\/ambitionsverige.se\\\/#website\"},\"primaryImageOfPage\":{\"@id\":\"https:\\\/\\\/ambitionsverige.se\\\/politik\\\/digitalisering-och-ai\\\/#primaryimage\"},\"image\":{\"@id\":\"https:\\\/\\\/ambitionsverige.se\\\/politik\\\/digitalisering-och-ai\\\/#primaryimage\"},\"thumbnailUrl\":\"https:\\\/\\\/ambitionsverige.se\\\/wp-content\\\/uploads\\\/2026\\\/01\\\/minimera-riskerna-med-digitalisering-och-ai.jpg\",\"datePublished\":\"2025-09-01T14:15:41+00:00\",\"dateModified\":\"2026-01-16T10:04:50+00:00\",\"description\":\"Personlig integritet i st\u00e4llet f\u00f6r digital diktatur.\",\"breadcrumb\":{\"@id\":\"https:\\\/\\\/ambitionsverige.se\\\/politik\\\/digitalisering-och-ai\\\/#breadcrumb\"},\"inLanguage\":\"es\",\"potentialAction\":[{\"@type\":\"ReadAction\",\"target\":[\"https:\\\/\\\/ambitionsverige.se\\\/politik\\\/digitalisering-och-ai\\\/\"]}]},{\"@type\":\"ImageObject\",\"inLanguage\":\"es\",\"@id\":\"https:\\\/\\\/ambitionsverige.se\\\/politik\\\/digitalisering-och-ai\\\/#primaryimage\",\"url\":\"https:\\\/\\\/ambitionsverige.se\\\/wp-content\\\/uploads\\\/2026\\\/01\\\/minimera-riskerna-med-digitalisering-och-ai.jpg\",\"contentUrl\":\"https:\\\/\\\/ambitionsverige.se\\\/wp-content\\\/uploads\\\/2026\\\/01\\\/minimera-riskerna-med-digitalisering-och-ai.jpg\",\"width\":1024,\"height\":576,\"caption\":\"Futuristisk stad i miniatyr\"},{\"@type\":\"BreadcrumbList\",\"@id\":\"https:\\\/\\\/ambitionsverige.se\\\/politik\\\/digitalisering-och-ai\\\/#breadcrumb\",\"itemListElement\":[{\"@type\":\"ListItem\",\"position\":1,\"name\":\"Hem\",\"item\":\"https:\\\/\\\/ambitionsverige.se\\\/\"},{\"@type\":\"ListItem\",\"position\":2,\"name\":\"V\u00e5r politik\",\"item\":\"https:\\\/\\\/ambitionsverige.se\\\/politik\\\/\"},{\"@type\":\"ListItem\",\"position\":3,\"name\":\"Minimera riskerna med digitalisering och AI\"}]},{\"@type\":\"WebSite\",\"@id\":\"https:\\\/\\\/ambitionsverige.se\\\/#website\",\"url\":\"https:\\\/\\\/ambitionsverige.se\\\/\",\"name\":\"Ambition Sverige\",\"description\":\"\",\"publisher\":{\"@id\":\"https:\\\/\\\/ambitionsverige.se\\\/#organization\"},\"potentialAction\":[{\"@type\":\"SearchAction\",\"target\":{\"@type\":\"EntryPoint\",\"urlTemplate\":\"https:\\\/\\\/ambitionsverige.se\\\/?s={search_term_string}\"},\"query-input\":{\"@type\":\"PropertyValueSpecification\",\"valueRequired\":true,\"valueName\":\"search_term_string\"}}],\"inLanguage\":\"es\"},{\"@type\":\"Organization\",\"@id\":\"https:\\\/\\\/ambitionsverige.se\\\/#organization\",\"name\":\"Ambition Sverige\",\"url\":\"https:\\\/\\\/ambitionsverige.se\\\/\",\"logo\":{\"@type\":\"ImageObject\",\"inLanguage\":\"es\",\"@id\":\"https:\\\/\\\/ambitionsverige.se\\\/#\\\/schema\\\/logo\\\/image\\\/\",\"url\":\"https:\\\/\\\/ambitionsverige.se\\\/wp-content\\\/uploads\\\/2025\\\/11\\\/ambition-sverige-logotyp.png\",\"contentUrl\":\"https:\\\/\\\/ambitionsverige.se\\\/wp-content\\\/uploads\\\/2025\\\/11\\\/ambition-sverige-logotyp.png\",\"width\":512,\"height\":512,\"caption\":\"Ambition Sverige\"},\"image\":{\"@id\":\"https:\\\/\\\/ambitionsverige.se\\\/#\\\/schema\\\/logo\\\/image\\\/\"},\"sameAs\":[\"https:\\\/\\\/www.facebook.com\\\/AmbitionSverige\",\"https:\\\/\\\/x.com\\\/ambitionsverige\",\"https:\\\/\\\/www.instagram.com\\\/ambitionsverige\",\"https:\\\/\\\/www.youtube.com\\\/@ambitionsverige1\",\"https:\\\/\\\/t.me\\\/sverigeforst1\"]}]}<\/script>\n<!-- \/ Yoast SEO plugin. -->","yoast_head_json":{"title":"Minimizar los riesgos de la digitalizaci\u00f3n y la IA - Ambition Sverige","description":"Privacidad personal en lugar de dictadura digital.","robots":{"index":"index","follow":"follow","max-snippet":"max-snippet:-1","max-image-preview":"max-image-preview:large","max-video-preview":"max-video-preview:-1"},"canonical":"https:\/\/ambitionsverige.se\/es\/politica\/digitalizacion-e-ia\/","og_locale":"es_ES","og_type":"article","og_title":"Minimera riskerna med digitalisering och AI - Ambition Sverige","og_description":"Personlig integritet i st\u00e4llet f\u00f6r digital diktatur.","og_url":"https:\/\/ambitionsverige.se\/es\/politica\/digitalizacion-e-ia\/","og_site_name":"Ambition Sverige","article_publisher":"https:\/\/www.facebook.com\/AmbitionSverige","article_modified_time":"2026-01-16T10:04:50+00:00","og_image":[{"width":1024,"height":576,"url":"https:\/\/ambitionsverige.se\/wp-content\/uploads\/2026\/01\/minimera-riskerna-med-digitalisering-och-ai.jpg","type":"image\/jpeg"}],"twitter_card":"summary_large_image","twitter_site":"@ambitionsverige","twitter_misc":{"Tiempo de lectura":"5 minutos"},"schema":{"@context":"https:\/\/schema.org","@graph":[{"@type":"WebPage","@id":"https:\/\/ambitionsverige.se\/politik\/digitalisering-och-ai\/","url":"https:\/\/ambitionsverige.se\/politik\/digitalisering-och-ai\/","name":"Minimizar los riesgos de la digitalizaci\u00f3n y la IA - Ambition Sverige","isPartOf":{"@id":"https:\/\/ambitionsverige.se\/#website"},"primaryImageOfPage":{"@id":"https:\/\/ambitionsverige.se\/politik\/digitalisering-och-ai\/#primaryimage"},"image":{"@id":"https:\/\/ambitionsverige.se\/politik\/digitalisering-och-ai\/#primaryimage"},"thumbnailUrl":"https:\/\/ambitionsverige.se\/wp-content\/uploads\/2026\/01\/minimera-riskerna-med-digitalisering-och-ai.jpg","datePublished":"2025-09-01T14:15:41+00:00","dateModified":"2026-01-16T10:04:50+00:00","description":"Privacidad personal en lugar de dictadura digital.","breadcrumb":{"@id":"https:\/\/ambitionsverige.se\/politik\/digitalisering-och-ai\/#breadcrumb"},"inLanguage":"es","potentialAction":[{"@type":"ReadAction","target":["https:\/\/ambitionsverige.se\/politik\/digitalisering-och-ai\/"]}]},{"@type":"ImageObject","inLanguage":"es","@id":"https:\/\/ambitionsverige.se\/politik\/digitalisering-och-ai\/#primaryimage","url":"https:\/\/ambitionsverige.se\/wp-content\/uploads\/2026\/01\/minimera-riskerna-med-digitalisering-och-ai.jpg","contentUrl":"https:\/\/ambitionsverige.se\/wp-content\/uploads\/2026\/01\/minimera-riskerna-med-digitalisering-och-ai.jpg","width":1024,"height":576,"caption":"Futuristisk stad i miniatyr"},{"@type":"BreadcrumbList","@id":"https:\/\/ambitionsverige.se\/politik\/digitalisering-och-ai\/#breadcrumb","itemListElement":[{"@type":"ListItem","position":1,"name":"Hem","item":"https:\/\/ambitionsverige.se\/"},{"@type":"ListItem","position":2,"name":"V\u00e5r politik","item":"https:\/\/ambitionsverige.se\/politik\/"},{"@type":"ListItem","position":3,"name":"Minimera riskerna med digitalisering och AI"}]},{"@type":"WebSite","@id":"https:\/\/ambitionsverige.se\/#website","url":"https:\/\/ambitionsverige.se\/","name":"Ambition Sverige","description":"","publisher":{"@id":"https:\/\/ambitionsverige.se\/#organization"},"potentialAction":[{"@type":"SearchAction","target":{"@type":"EntryPoint","urlTemplate":"https:\/\/ambitionsverige.se\/?s={search_term_string}"},"query-input":{"@type":"PropertyValueSpecification","valueRequired":true,"valueName":"search_term_string"}}],"inLanguage":"es"},{"@type":"Organization","@id":"https:\/\/ambitionsverige.se\/#organization","name":"Ambition Sverige","url":"https:\/\/ambitionsverige.se\/","logo":{"@type":"ImageObject","inLanguage":"es","@id":"https:\/\/ambitionsverige.se\/#\/schema\/logo\/image\/","url":"https:\/\/ambitionsverige.se\/wp-content\/uploads\/2025\/11\/ambition-sverige-logotyp.png","contentUrl":"https:\/\/ambitionsverige.se\/wp-content\/uploads\/2025\/11\/ambition-sverige-logotyp.png","width":512,"height":512,"caption":"Ambition Sverige"},"image":{"@id":"https:\/\/ambitionsverige.se\/#\/schema\/logo\/image\/"},"sameAs":["https:\/\/www.facebook.com\/AmbitionSverige","https:\/\/x.com\/ambitionsverige","https:\/\/www.instagram.com\/ambitionsverige","https:\/\/www.youtube.com\/@ambitionsverige1","https:\/\/t.me\/sverigeforst1"]}]}},"_links":{"self":[{"href":"https:\/\/ambitionsverige.se\/es\/wp-json\/wp\/v2\/pages\/387","targetHints":{"allow":["GET"]}}],"collection":[{"href":"https:\/\/ambitionsverige.se\/es\/wp-json\/wp\/v2\/pages"}],"about":[{"href":"https:\/\/ambitionsverige.se\/es\/wp-json\/wp\/v2\/types\/page"}],"author":[{"embeddable":true,"href":"https:\/\/ambitionsverige.se\/es\/wp-json\/wp\/v2\/users\/1"}],"replies":[{"embeddable":true,"href":"https:\/\/ambitionsverige.se\/es\/wp-json\/wp\/v2\/comments?post=387"}],"version-history":[{"count":11,"href":"https:\/\/ambitionsverige.se\/es\/wp-json\/wp\/v2\/pages\/387\/revisions"}],"predecessor-version":[{"id":1576,"href":"https:\/\/ambitionsverige.se\/es\/wp-json\/wp\/v2\/pages\/387\/revisions\/1576"}],"up":[{"embeddable":true,"href":"https:\/\/ambitionsverige.se\/es\/wp-json\/wp\/v2\/pages\/50"}],"wp:featuredmedia":[{"embeddable":true,"href":"https:\/\/ambitionsverige.se\/es\/wp-json\/wp\/v2\/media\/1574"}],"wp:attachment":[{"href":"https:\/\/ambitionsverige.se\/es\/wp-json\/wp\/v2\/media?parent=387"}],"wp:term":[{"taxonomy":"local_branch","embeddable":true,"href":"https:\/\/ambitionsverige.se\/es\/wp-json\/wp\/v2\/local_branch?post=387"}],"curies":[{"name":"wp","href":"https:\/\/api.w.org\/{rel}","templated":true}]}}