{"id":389,"date":"2025-09-01T16:19:08","date_gmt":"2025-09-01T14:19:08","guid":{"rendered":"https:\/\/ambitionsverige.se\/?page_id=389"},"modified":"2026-01-16T11:13:22","modified_gmt":"2026-01-16T10:13:22","slug":"cultura-sueca","status":"publish","type":"page","link":"https:\/\/ambitionsverige.se\/es\/politik\/svensk-kultur\/","title":{"rendered":"Defender la cultura sueca"},"content":{"rendered":"<p><strong>- Restablecer una sociedad cohesionada.<\/strong><\/p>\n\n\n\n<h2 class=\"wp-block-heading\">Suecia en un vac\u00edo cultural<\/h2>\n\n\n\n<p>Durante varias d\u00e9cadas, Suecia se ha sumido en un vac\u00edo cultural en el que la identidad sueca se ha debilitado y, en muchos casos, se ha negado por completo. Lo que en apariencia se ha llamado multiculturalismo se ha utilizado en la pr\u00e1ctica como herramienta pol\u00edtica para socavar la cultura sueca. Esto no es el resultado de circunstancias desafortunadas, sino la consecuencia de un curso pol\u00edtico deliberado y a largo plazo, implementado sin el apoyo del pueblo. La decisi\u00f3n pol\u00edtica de transformar Suecia en una sociedad multicultural fue tomada en 1975 por el gobierno socialdem\u00f3crata dirigido por Olof Palme.<\/p>\n\n\n\n<p>En lugar de alimentar y comunicar lo que nos une -lengua, normas, valores, tradiciones-, los gobernantes, tanto de derechas como de izquierdas, han desmantelado partes fundamentales de nuestra base social. La cultura sueca ha quedado reducida a algo superficial o incluso problem\u00e1tico, mientras que se ha permitido que culturas paralelas con fuertes elementos religiosos y patriarcales se fortalezcan en ausencia de la cultura sueca. El resultado es una Suecia en la que se ha roto la cohesi\u00f3n, en la que la gente vive al lado pero no junta, y en la que se est\u00e1n erosionando valores fundamentales como la igualdad, la libertad y la responsabilidad.<\/p>\n\n\n\n<h2 class=\"wp-block-heading\">Sin una cultura de acogida fuerte, la sociedad se fragmenta<\/h2>\n\n\n\n<p>La cultura no es decoraci\u00f3n: es la base de valores compartidos que crea confianza entre las personas, proporciona br\u00fajula moral y cohesi\u00f3n social. Sin una cultura de acogida clara, no se crea diversidad, sino fragmentaci\u00f3n. Una sociedad sin cultura compartida se convierte en una sociedad sin responsabilidad compartida, en la que los distintos grupos establecen sus propias normas y leyes. Esto ha llevado a la aparici\u00f3n de sociedades paralelas en Suecia, donde la ley sueca y el ordenamiento jur\u00eddico ya no son evidentes. Donde los ni\u00f1os crecen sin conocer la lengua sueca, donde las mujeres viven bajo un fuerte control social y donde los l\u00edderes religiosos predican valores que entran en conflicto directo con el contrato social sueco.<\/p>\n\n\n\n<p>Cuando el Estado ya no se atreve a defender su propia cultura, se crea un vac\u00edo que siempre llena otro, y eso es lo que ha ocurrido ahora en Suecia. Esto no es una expresi\u00f3n de apertura, sino de capitulaci\u00f3n cultural. No es el resultado de las acciones de los inmigrantes, sino una responsabilidad que recae en los pol\u00edticos que han optado activamente por no defender lo sueco. Quienes han desmantelado nuestra cultura y la han llamado tolerancia han traicionado de hecho tanto a la gente como al futuro. Suecia ha perdido as\u00ed su claro papel de pa\u00eds de acogida y en la pr\u00e1ctica ha abierto la puerta a una forma de colonizaci\u00f3n ideol\u00f3gica, en la que sistemas de normas extranjeros se imponen a expensas de los nuestros.<\/p>\n\n\n\n<h2 class=\"wp-block-heading\">Libertad de expresi\u00f3n y medios de comunicaci\u00f3n independientes<\/h2>\n\n\n\n<p>La libertad de prensa y la libertad de expresi\u00f3n son expresiones culturales hist\u00f3ricamente fuertes en Suecia y deben ser garantizadas y protegidas de restricciones. Estas libertades son derechos humanos.<br>La libertad de expresi\u00f3n es la base de una sociedad que funciona. Junto con la Ley de Libertad de Prensa, la Ley de Libertad de Expresi\u00f3n es uno de los dos estatutos de los medios de comunicaci\u00f3n en Suecia.<\/p>\n\n\n\n<p>Sin libre acceso a la informaci\u00f3n no hay libre pensamiento, y sin libre pensamiento no hay democracia. La libertad de informaci\u00f3n es un requisito previo para la independencia de los medios de comunicaci\u00f3n.<\/p>\n\n\n\n<p>Ambition Sverige promueve la libertad de prensa y de expresi\u00f3n, as\u00ed como el periodismo libre, que act\u00faa como puente entre culturas dentro y fuera de Suecia para crear entendimiento y uni\u00f3n.<\/p>\n\n\n\n<h2 class=\"wp-block-heading\">Ambition Sverige trabajar\u00e1 para:<\/h2>\n\n\n\n<ol class=\"wp-block-list\">\n<li>Recuperar el papel de Suecia como pa\u00eds de acogida fuerte, con una cultura clara, segura y vibrante que impregne a toda la sociedad.<\/li>\n\n\n\n<li>Restaurar y salvaguardar la cultura sueca en las escuelas, las instituciones p\u00fablicas, el sistema judicial y el espacio p\u00fablico.<\/li>\n\n\n\n<li>Reconocer el papel de la cultura en la integraci\u00f3n y la cohesi\u00f3n, donde los nuevos ciudadanos se benefician no s\u00f3lo del bienestar, sino tambi\u00e9n de los valores que construyen la sociedad.<\/li>\n\n\n\n<li>Fomento de las tradiciones, la lengua, la historia y los valores comunitarios suecos mediante iniciativas estatales y municipales.<\/li>\n\n\n\n<li>Poner fin al apoyo p\u00fablico a actividades y escuelas contrarias a los valores suecos, incluida la ense\u00f1anza segregada por sexos y contraria a los valores.<\/li>\n\n\n\n<li>Reasignar recursos a actividades que refuercen la identidad sueca, la integraci\u00f3n y la cohesi\u00f3n social, especialmente entre los j\u00f3venes y los reci\u00e9n llegados.<\/li>\n\n\n\n<li>Restablecer un contrato social claro, donde los derechos est\u00e9n equilibrados con las obligaciones y donde el respeto de la ley y las normas suecas sea un requisito previo.<\/li>\n\n\n\n<li>Reforzar el lugar de la cultura en la construcci\u00f3n de la sociedad para hacer posible una verdadera diversidad, basada en el respeto y la responsabilidad compartida, no en la divisi\u00f3n y la complacencia.<\/li>\n<\/ol>\n\n\n\n<p><\/p>","protected":false},"excerpt":{"rendered":"<p>\u2013 \u00c5teruppr\u00e4tta ett sammanh\u00e5llet samh\u00e4lle. Sverige i ett kulturellt vakuum Under flera decennier har Sverige f\u00f6rts in i ett kulturellt vakuum d\u00e4r svensk identitet f\u00f6rsvagats och i m\u00e5nga fall f\u00f6rnekats helt. Vad som ut\u00e5t har kallats m\u00e5ngkultur har i praktiken anv\u00e4nts som politiskt verktyg f\u00f6r att underminera den svenska kulturen. Detta \u00e4r inte resultatet av [&hellip;]<\/p>\n","protected":false},"author":1,"featured_media":1580,"parent":50,"menu_order":0,"comment_status":"closed","ping_status":"closed","template":"politik\/svensk-kultur.php","meta":{"footnotes":""},"local_branch":[],"class_list":["post-389","page","type-page","status-publish","has-post-thumbnail","hentry"],"yoast_head":"<!-- This site is optimized with the Yoast SEO plugin v27.4 - https:\/\/yoast.com\/product\/yoast-seo-wordpress\/ -->\n<title>F\u00f6rsvara svensk kultur - Ambition Sverige<\/title>\n<meta name=\"robots\" content=\"index, follow, max-snippet:-1, max-image-preview:large, max-video-preview:-1\" \/>\n<link rel=\"canonical\" href=\"https:\/\/ambitionsverige.se\/es\/politica\/cultura-sueca\/\" \/>\n<meta property=\"og:locale\" content=\"es_ES\" \/>\n<meta property=\"og:type\" content=\"article\" \/>\n<meta property=\"og:title\" content=\"F\u00f6rsvara svensk kultur - Ambition Sverige\" \/>\n<meta property=\"og:description\" content=\"\u2013 \u00c5teruppr\u00e4tta ett sammanh\u00e5llet samh\u00e4lle. Sverige i ett kulturellt vakuum Under flera decennier har Sverige f\u00f6rts in i ett kulturellt vakuum d\u00e4r svensk identitet f\u00f6rsvagats och i m\u00e5nga fall f\u00f6rnekats helt. Vad som ut\u00e5t har kallats m\u00e5ngkultur har i praktiken anv\u00e4nts som politiskt verktyg f\u00f6r att underminera den svenska kulturen. Detta \u00e4r inte resultatet av [&hellip;]\" \/>\n<meta property=\"og:url\" content=\"https:\/\/ambitionsverige.se\/es\/politica\/cultura-sueca\/\" \/>\n<meta property=\"og:site_name\" content=\"Ambition Sverige\" \/>\n<meta property=\"article:publisher\" content=\"https:\/\/www.facebook.com\/AmbitionSverige\" \/>\n<meta property=\"article:modified_time\" content=\"2026-01-16T10:13:22+00:00\" \/>\n<meta property=\"og:image\" content=\"https:\/\/ambitionsverige.se\/wp-content\/uploads\/2026\/01\/forsvara-svensk-kultur.jpg\" \/>\n\t<meta property=\"og:image:width\" content=\"1920\" \/>\n\t<meta property=\"og:image:height\" content=\"1080\" \/>\n\t<meta property=\"og:image:type\" content=\"image\/jpeg\" \/>\n<meta name=\"twitter:card\" content=\"summary_large_image\" \/>\n<meta name=\"twitter:site\" content=\"@ambitionsverige\" \/>\n<meta name=\"twitter:label1\" content=\"Tiempo de lectura\" \/>\n\t<meta name=\"twitter:data1\" content=\"4 minutos\" \/>\n<script type=\"application\/ld+json\" class=\"yoast-schema-graph\">{\"@context\":\"https:\\\/\\\/schema.org\",\"@graph\":[{\"@type\":\"WebPage\",\"@id\":\"https:\\\/\\\/ambitionsverige.se\\\/politik\\\/svensk-kultur\\\/\",\"url\":\"https:\\\/\\\/ambitionsverige.se\\\/politik\\\/svensk-kultur\\\/\",\"name\":\"F\u00f6rsvara svensk kultur - Ambition Sverige\",\"isPartOf\":{\"@id\":\"https:\\\/\\\/ambitionsverige.se\\\/#website\"},\"primaryImageOfPage\":{\"@id\":\"https:\\\/\\\/ambitionsverige.se\\\/politik\\\/svensk-kultur\\\/#primaryimage\"},\"image\":{\"@id\":\"https:\\\/\\\/ambitionsverige.se\\\/politik\\\/svensk-kultur\\\/#primaryimage\"},\"thumbnailUrl\":\"https:\\\/\\\/ambitionsverige.se\\\/wp-content\\\/uploads\\\/2026\\\/01\\\/forsvara-svensk-kultur.jpg\",\"datePublished\":\"2025-09-01T14:19:08+00:00\",\"dateModified\":\"2026-01-16T10:13:22+00:00\",\"breadcrumb\":{\"@id\":\"https:\\\/\\\/ambitionsverige.se\\\/politik\\\/svensk-kultur\\\/#breadcrumb\"},\"inLanguage\":\"es\",\"potentialAction\":[{\"@type\":\"ReadAction\",\"target\":[\"https:\\\/\\\/ambitionsverige.se\\\/politik\\\/svensk-kultur\\\/\"]}]},{\"@type\":\"ImageObject\",\"inLanguage\":\"es\",\"@id\":\"https:\\\/\\\/ambitionsverige.se\\\/politik\\\/svensk-kultur\\\/#primaryimage\",\"url\":\"https:\\\/\\\/ambitionsverige.se\\\/wp-content\\\/uploads\\\/2026\\\/01\\\/forsvara-svensk-kultur.jpg\",\"contentUrl\":\"https:\\\/\\\/ambitionsverige.se\\\/wp-content\\\/uploads\\\/2026\\\/01\\\/forsvara-svensk-kultur.jpg\",\"width\":1920,\"height\":1080,\"caption\":\"Svensk tjej med midsommarkrans p\u00e5 huvudet och blommor i handen\"},{\"@type\":\"BreadcrumbList\",\"@id\":\"https:\\\/\\\/ambitionsverige.se\\\/politik\\\/svensk-kultur\\\/#breadcrumb\",\"itemListElement\":[{\"@type\":\"ListItem\",\"position\":1,\"name\":\"Hem\",\"item\":\"https:\\\/\\\/ambitionsverige.se\\\/\"},{\"@type\":\"ListItem\",\"position\":2,\"name\":\"V\u00e5r politik\",\"item\":\"https:\\\/\\\/ambitionsverige.se\\\/politik\\\/\"},{\"@type\":\"ListItem\",\"position\":3,\"name\":\"F\u00f6rsvara svensk kultur\"}]},{\"@type\":\"WebSite\",\"@id\":\"https:\\\/\\\/ambitionsverige.se\\\/#website\",\"url\":\"https:\\\/\\\/ambitionsverige.se\\\/\",\"name\":\"Ambition Sverige\",\"description\":\"\",\"publisher\":{\"@id\":\"https:\\\/\\\/ambitionsverige.se\\\/#organization\"},\"potentialAction\":[{\"@type\":\"SearchAction\",\"target\":{\"@type\":\"EntryPoint\",\"urlTemplate\":\"https:\\\/\\\/ambitionsverige.se\\\/?s={search_term_string}\"},\"query-input\":{\"@type\":\"PropertyValueSpecification\",\"valueRequired\":true,\"valueName\":\"search_term_string\"}}],\"inLanguage\":\"es\"},{\"@type\":\"Organization\",\"@id\":\"https:\\\/\\\/ambitionsverige.se\\\/#organization\",\"name\":\"Ambition Sverige\",\"url\":\"https:\\\/\\\/ambitionsverige.se\\\/\",\"logo\":{\"@type\":\"ImageObject\",\"inLanguage\":\"es\",\"@id\":\"https:\\\/\\\/ambitionsverige.se\\\/#\\\/schema\\\/logo\\\/image\\\/\",\"url\":\"https:\\\/\\\/ambitionsverige.se\\\/wp-content\\\/uploads\\\/2025\\\/11\\\/ambition-sverige-logotyp.png\",\"contentUrl\":\"https:\\\/\\\/ambitionsverige.se\\\/wp-content\\\/uploads\\\/2025\\\/11\\\/ambition-sverige-logotyp.png\",\"width\":512,\"height\":512,\"caption\":\"Ambition Sverige\"},\"image\":{\"@id\":\"https:\\\/\\\/ambitionsverige.se\\\/#\\\/schema\\\/logo\\\/image\\\/\"},\"sameAs\":[\"https:\\\/\\\/www.facebook.com\\\/AmbitionSverige\",\"https:\\\/\\\/x.com\\\/ambitionsverige\",\"https:\\\/\\\/www.instagram.com\\\/ambitionsverige\",\"https:\\\/\\\/www.youtube.com\\\/@ambitionsverige1\",\"https:\\\/\\\/t.me\\\/sverigeforst1\"]}]}<\/script>\n<!-- \/ Yoast SEO plugin. -->","yoast_head_json":{"title":"Defender la cultura sueca - Ambition Sverige","robots":{"index":"index","follow":"follow","max-snippet":"max-snippet:-1","max-image-preview":"max-image-preview:large","max-video-preview":"max-video-preview:-1"},"canonical":"https:\/\/ambitionsverige.se\/es\/politica\/cultura-sueca\/","og_locale":"es_ES","og_type":"article","og_title":"F\u00f6rsvara svensk kultur - Ambition Sverige","og_description":"\u2013 \u00c5teruppr\u00e4tta ett sammanh\u00e5llet samh\u00e4lle. Sverige i ett kulturellt vakuum Under flera decennier har Sverige f\u00f6rts in i ett kulturellt vakuum d\u00e4r svensk identitet f\u00f6rsvagats och i m\u00e5nga fall f\u00f6rnekats helt. Vad som ut\u00e5t har kallats m\u00e5ngkultur har i praktiken anv\u00e4nts som politiskt verktyg f\u00f6r att underminera den svenska kulturen. Detta \u00e4r inte resultatet av [&hellip;]","og_url":"https:\/\/ambitionsverige.se\/es\/politica\/cultura-sueca\/","og_site_name":"Ambition Sverige","article_publisher":"https:\/\/www.facebook.com\/AmbitionSverige","article_modified_time":"2026-01-16T10:13:22+00:00","og_image":[{"width":1920,"height":1080,"url":"https:\/\/ambitionsverige.se\/wp-content\/uploads\/2026\/01\/forsvara-svensk-kultur.jpg","type":"image\/jpeg"}],"twitter_card":"summary_large_image","twitter_site":"@ambitionsverige","twitter_misc":{"Tiempo de lectura":"4 minutos"},"schema":{"@context":"https:\/\/schema.org","@graph":[{"@type":"WebPage","@id":"https:\/\/ambitionsverige.se\/politik\/svensk-kultur\/","url":"https:\/\/ambitionsverige.se\/politik\/svensk-kultur\/","name":"Defender la cultura sueca - Ambition Sverige","isPartOf":{"@id":"https:\/\/ambitionsverige.se\/#website"},"primaryImageOfPage":{"@id":"https:\/\/ambitionsverige.se\/politik\/svensk-kultur\/#primaryimage"},"image":{"@id":"https:\/\/ambitionsverige.se\/politik\/svensk-kultur\/#primaryimage"},"thumbnailUrl":"https:\/\/ambitionsverige.se\/wp-content\/uploads\/2026\/01\/forsvara-svensk-kultur.jpg","datePublished":"2025-09-01T14:19:08+00:00","dateModified":"2026-01-16T10:13:22+00:00","breadcrumb":{"@id":"https:\/\/ambitionsverige.se\/politik\/svensk-kultur\/#breadcrumb"},"inLanguage":"es","potentialAction":[{"@type":"ReadAction","target":["https:\/\/ambitionsverige.se\/politik\/svensk-kultur\/"]}]},{"@type":"ImageObject","inLanguage":"es","@id":"https:\/\/ambitionsverige.se\/politik\/svensk-kultur\/#primaryimage","url":"https:\/\/ambitionsverige.se\/wp-content\/uploads\/2026\/01\/forsvara-svensk-kultur.jpg","contentUrl":"https:\/\/ambitionsverige.se\/wp-content\/uploads\/2026\/01\/forsvara-svensk-kultur.jpg","width":1920,"height":1080,"caption":"Svensk tjej med midsommarkrans p\u00e5 huvudet och blommor i handen"},{"@type":"BreadcrumbList","@id":"https:\/\/ambitionsverige.se\/politik\/svensk-kultur\/#breadcrumb","itemListElement":[{"@type":"ListItem","position":1,"name":"Hem","item":"https:\/\/ambitionsverige.se\/"},{"@type":"ListItem","position":2,"name":"V\u00e5r politik","item":"https:\/\/ambitionsverige.se\/politik\/"},{"@type":"ListItem","position":3,"name":"F\u00f6rsvara svensk kultur"}]},{"@type":"WebSite","@id":"https:\/\/ambitionsverige.se\/#website","url":"https:\/\/ambitionsverige.se\/","name":"Ambition Sverige","description":"","publisher":{"@id":"https:\/\/ambitionsverige.se\/#organization"},"potentialAction":[{"@type":"SearchAction","target":{"@type":"EntryPoint","urlTemplate":"https:\/\/ambitionsverige.se\/?s={search_term_string}"},"query-input":{"@type":"PropertyValueSpecification","valueRequired":true,"valueName":"search_term_string"}}],"inLanguage":"es"},{"@type":"Organization","@id":"https:\/\/ambitionsverige.se\/#organization","name":"Ambition Sverige","url":"https:\/\/ambitionsverige.se\/","logo":{"@type":"ImageObject","inLanguage":"es","@id":"https:\/\/ambitionsverige.se\/#\/schema\/logo\/image\/","url":"https:\/\/ambitionsverige.se\/wp-content\/uploads\/2025\/11\/ambition-sverige-logotyp.png","contentUrl":"https:\/\/ambitionsverige.se\/wp-content\/uploads\/2025\/11\/ambition-sverige-logotyp.png","width":512,"height":512,"caption":"Ambition Sverige"},"image":{"@id":"https:\/\/ambitionsverige.se\/#\/schema\/logo\/image\/"},"sameAs":["https:\/\/www.facebook.com\/AmbitionSverige","https:\/\/x.com\/ambitionsverige","https:\/\/www.instagram.com\/ambitionsverige","https:\/\/www.youtube.com\/@ambitionsverige1","https:\/\/t.me\/sverigeforst1"]}]}},"_links":{"self":[{"href":"https:\/\/ambitionsverige.se\/es\/wp-json\/wp\/v2\/pages\/389","targetHints":{"allow":["GET"]}}],"collection":[{"href":"https:\/\/ambitionsverige.se\/es\/wp-json\/wp\/v2\/pages"}],"about":[{"href":"https:\/\/ambitionsverige.se\/es\/wp-json\/wp\/v2\/types\/page"}],"author":[{"embeddable":true,"href":"https:\/\/ambitionsverige.se\/es\/wp-json\/wp\/v2\/users\/1"}],"replies":[{"embeddable":true,"href":"https:\/\/ambitionsverige.se\/es\/wp-json\/wp\/v2\/comments?post=389"}],"version-history":[{"count":6,"href":"https:\/\/ambitionsverige.se\/es\/wp-json\/wp\/v2\/pages\/389\/revisions"}],"predecessor-version":[{"id":1582,"href":"https:\/\/ambitionsverige.se\/es\/wp-json\/wp\/v2\/pages\/389\/revisions\/1582"}],"up":[{"embeddable":true,"href":"https:\/\/ambitionsverige.se\/es\/wp-json\/wp\/v2\/pages\/50"}],"wp:featuredmedia":[{"embeddable":true,"href":"https:\/\/ambitionsverige.se\/es\/wp-json\/wp\/v2\/media\/1580"}],"wp:attachment":[{"href":"https:\/\/ambitionsverige.se\/es\/wp-json\/wp\/v2\/media?parent=389"}],"wp:term":[{"taxonomy":"local_branch","embeddable":true,"href":"https:\/\/ambitionsverige.se\/es\/wp-json\/wp\/v2\/local_branch?post=389"}],"curies":[{"name":"wp","href":"https:\/\/api.w.org\/{rel}","templated":true}]}}