{"id":402,"date":"2025-09-01T16:40:00","date_gmt":"2025-09-01T14:40:00","guid":{"rendered":"https:\/\/ambitionsverige.se\/?page_id=402"},"modified":"2026-01-16T11:30:28","modified_gmt":"2026-01-16T10:30:28","slug":"pension","status":"publish","type":"page","link":"https:\/\/ambitionsverige.se\/es\/politik\/pension\/","title":{"rendered":"Vivir de su pensi\u00f3n"},"content":{"rendered":"<p><strong>- Mejores pensiones a trav\u00e9s del ahorro personal para pensiones y deducciones b\u00e1sicas m\u00e1s elevadas.<\/strong><\/p>\n\n\n\n<h2 class=\"wp-block-heading\">Tres partes de la pensi\u00f3n<\/h2>\n\n\n\n<p>Suecia cuenta actualmente con un sistema de pensiones que consta de tres partes: 1) Pensi\u00f3n estatal. Se basa en los ingresos y, en algunos casos, puede ser una pensi\u00f3n garantizada. 2) Pensi\u00f3n de jubilaci\u00f3n del trabajo, a menudo regulada por convenios colectivos. 3) Ahorro personal mediante cotizaciones voluntarias, por ejemplo un seguro de pensiones privado.<\/p>\n\n\n\n<p>La pensi\u00f3n nacional es esencialmente un r\u00e9gimen de reparto, lo que significa que los asalariados de hoy pagan cotizaciones de jubilaci\u00f3n a un r\u00e9gimen regulador, que a su vez abona pensiones a los pensionistas de hoy. As\u00ed pues, las cotizaciones de los asalariados se destinan directamente al pago de las pensiones.<\/p>\n\n\n\n<h2 class=\"wp-block-heading\">El sistema presenta dos problemas principales<\/h2>\n\n\n\n<p>El sistema se basa en el supuesto de que siempre hay al menos tantos trabajadores cotizando como pensionistas. Cuando hay menos cotizaciones que pagos al sistema p\u00fablico de pensiones, el colch\u00f3n se reduce y el dinero acabar\u00e1 agot\u00e1ndose. La evoluci\u00f3n demogr\u00e1fica sueca muestra que la poblaci\u00f3n envejece m\u00e1s deprisa de lo que nacen nuevos ni\u00f1os. Por consiguiente, ser\u00e1 dif\u00edcil garantizar a los asalariados de hoy la pensi\u00f3n a la que tienen derecho.<\/p>\n\n\n\n<p>Tambi\u00e9n significa que el trabajador no es propietario de su capital de pensi\u00f3n, salvo de la peque\u00f1a parte denominada pensi\u00f3n de prima (PPM). De los 18,5% que se abonan regularmente al sistema nacional de pensiones, 2,5% van a parar a la pensi\u00f3n de prima en propiedad. 16% van a parar a lo que se denominan \u201dfondos de reserva\u201d, gestionados por los fondos estatales de AP.<\/p>\n\n\n\n<p>Como todos los organismos p\u00fablicos, los fondos de AP tambi\u00e9n se ven afectados por decisiones pol\u00edticas. Un ejemplo de ello es la muy discutida inversi\u00f3n en Northvolt, que caus\u00f3 una p\u00e9rdida total de unos 5.800 millones de coronas en 2025, una inversi\u00f3n que no deber\u00eda haberse hecho y que redujo el capital de las pensiones en la misma cantidad.<\/p>\n\n\n\n<h2 class=\"wp-block-heading\">Los fondos PPM han ofrecido mejores rendimientos<\/h2>\n\n\n\n<p>Durante el periodo 2001-2024, la rentabilidad anual del ahorro medio en PPM ha ascendido aproximadamente a 7,4%, mientras que la rentabilidad correspondiente de los fondos AP ha sido de aproximadamente 3,4%. Incluso si no se ha optado activamente por el PPM, la rentabilidad de los fondos PPM ha sido aproximadamente el doble de la rentabilidad media de los fondos AP durante el mismo periodo. La gesti\u00f3n privada de las pensiones por cuenta propia conduce, por tanto, a pensiones m\u00e1s elevadas y, por ello, Ambition Sverige desea que el capital de pensiones nacional pase gradualmente a ser completamente por cuenta propia y gestionado como el sistema PPM.<\/p>\n\n\n\n<h2 class=\"wp-block-heading\">Las pensiones ser\u00e1n m\u00e1s elevadas y seguras gracias al aumento del subsidio b\u00e1sico<\/h2>\n\n\n\n<p>Aumentar las pensiones requiere m\u00e1s cotizaciones durante la vida laboral, primas m\u00e1s altas en las pensiones de jubilaci\u00f3n e igualdad de condiciones. Trabajar unos a\u00f1os m\u00e1s tambi\u00e9n supone una gran diferencia.<\/p>\n\n\n\n<p>La forma m\u00e1s eficaz de conseguir pensiones m\u00e1s altas es aumentar el subsidio b\u00e1sico. Esto aumenta la parte de los ingresos que no se grava en absoluto, favoreciendo a los pensionistas que, tras toda una vida de duro trabajo, siguen teniendo una pensi\u00f3n baja.<\/p>\n\n\n\n<p>Suecia tiene actualmente una deducci\u00f3n b\u00e1sica relativamente baja, con un m\u00e1ximo de 49 000 SEK. A modo de comparaci\u00f3n, Alemania tiene una deducci\u00f3n b\u00e1sica de 11 784 EUR (equivalente a unas 130 000 SEK) y Noruega, de unas 88 000 NOK (2024).<\/p>\n\n\n\n<p>Ambition Sverige quiere aumentar el subsidio b\u00e1sico a dos (2) Importes Base de Precios, que ser\u00e1n 117.600 SEK para 2025. De este modo, el subsidio b\u00e1sico ser\u00e1 m\u00e1s comparable al nivel de la renta m\u00ednima de subsistencia y tambi\u00e9n se mantendr\u00e1 a la par de la evoluci\u00f3n general de los costes.<\/p>\n\n\n\n<p>Ambition Sverige tambi\u00e9n cree que las parejas casadas deben ser libres de compartir sus pensiones entre ellos. Han compartido entre ellos las diversas circunstancias de la vida familiar, especialmente en el momento de la formaci\u00f3n de la familia, cuando la madre ha pasado a menudo mucho tiempo en casa con los hijos. Por lo tanto, es razonable que los c\u00f3nyuges tengan libertad para repartir sus pensiones entre ellos, sin restricciones ni limitaciones.<\/p>\n\n\n\n<h2 class=\"wp-block-heading\">Ambition Sverige trabajar\u00e1 para:<\/h2>\n\n\n\n<ul class=\"wp-block-list\">\n<li>Transformar el capital p\u00fablico de pensiones en un capital de pensiones totalmente aut\u00f3nomo, lejos de ser pol\u00edticamente conveniente.<\/li>\n\n\n\n<li>Reducci\u00f3n de los impuestos sobre las pensiones mediante el aumento de la deducci\u00f3n b\u00e1sica a dos bases de cotizaci\u00f3n.<\/li>\n\n\n\n<li>Permitir a los c\u00f3nyuges distribuir libremente el capital de pensi\u00f3n entre ellos.<\/li>\n\n\n\n<li>Aumentar las pensiones garantizadas para las personas con las pensiones m\u00e1s bajas.<\/li>\n<\/ul>","protected":false},"excerpt":{"rendered":"<p>&#8211; B\u00e4ttre pensioner genom egen\u00e4gt pensionssparande och h\u00f6gre grundavdrag. Tre delar av pensionen Sverige har idag ett pensionssystem som best\u00e5r av tre delar: 1) Allm\u00e4n pension fr\u00e5n staten. Den baseras p\u00e5 din inkomst och kan i vissa fall vara garantipension 2) Tj\u00e4nstepension fr\u00e5n arbetet, ofta reglerad via kollektivavtal 3) Eget sparande genom frivilliga ins\u00e4ttningar, till [&hellip;]<\/p>\n","protected":false},"author":1,"featured_media":1600,"parent":50,"menu_order":0,"comment_status":"closed","ping_status":"closed","template":"politik\/pension.php","meta":{"footnotes":""},"local_branch":[],"class_list":["post-402","page","type-page","status-publish","has-post-thumbnail","hentry"],"yoast_head":"<!-- This site is optimized with the Yoast SEO plugin v27.4 - https:\/\/yoast.com\/product\/yoast-seo-wordpress\/ -->\n<title>Pensionen ska g\u00e5 att leva p\u00e5 - Ambition Sverige<\/title>\n<meta name=\"description\" content=\"B\u00e4ttre pensioner genom egen\u00e4gt pensionssparande och h\u00f6gre grundavdrag.\" \/>\n<meta name=\"robots\" content=\"index, follow, max-snippet:-1, max-image-preview:large, max-video-preview:-1\" \/>\n<link rel=\"canonical\" href=\"https:\/\/ambitionsverige.se\/es\/politica\/pension\/\" \/>\n<meta property=\"og:locale\" content=\"es_ES\" \/>\n<meta property=\"og:type\" content=\"article\" \/>\n<meta property=\"og:title\" content=\"Pensionen ska g\u00e5 att leva p\u00e5 - Ambition Sverige\" \/>\n<meta property=\"og:description\" content=\"B\u00e4ttre pensioner genom egen\u00e4gt pensionssparande och h\u00f6gre grundavdrag.\" \/>\n<meta property=\"og:url\" content=\"https:\/\/ambitionsverige.se\/es\/politica\/pension\/\" \/>\n<meta property=\"og:site_name\" content=\"Ambition Sverige\" \/>\n<meta property=\"article:publisher\" content=\"https:\/\/www.facebook.com\/AmbitionSverige\" \/>\n<meta property=\"article:modified_time\" content=\"2026-01-16T10:30:28+00:00\" \/>\n<meta property=\"og:image\" content=\"https:\/\/ambitionsverige.se\/wp-content\/uploads\/2026\/01\/pensionen-ska-ga-att-leva-pa.webp\" \/>\n\t<meta property=\"og:image:width\" content=\"1920\" \/>\n\t<meta property=\"og:image:height\" content=\"1080\" \/>\n\t<meta property=\"og:image:type\" content=\"image\/webp\" \/>\n<meta name=\"twitter:card\" content=\"summary_large_image\" \/>\n<meta name=\"twitter:site\" content=\"@ambitionsverige\" \/>\n<meta name=\"twitter:label1\" content=\"Tiempo de lectura\" \/>\n\t<meta name=\"twitter:data1\" content=\"4 minutos\" \/>\n<script type=\"application\/ld+json\" class=\"yoast-schema-graph\">{\"@context\":\"https:\\\/\\\/schema.org\",\"@graph\":[{\"@type\":\"WebPage\",\"@id\":\"https:\\\/\\\/ambitionsverige.se\\\/politik\\\/pension\\\/\",\"url\":\"https:\\\/\\\/ambitionsverige.se\\\/politik\\\/pension\\\/\",\"name\":\"Pensionen ska g\u00e5 att leva p\u00e5 - Ambition Sverige\",\"isPartOf\":{\"@id\":\"https:\\\/\\\/ambitionsverige.se\\\/#website\"},\"primaryImageOfPage\":{\"@id\":\"https:\\\/\\\/ambitionsverige.se\\\/politik\\\/pension\\\/#primaryimage\"},\"image\":{\"@id\":\"https:\\\/\\\/ambitionsverige.se\\\/politik\\\/pension\\\/#primaryimage\"},\"thumbnailUrl\":\"https:\\\/\\\/ambitionsverige.se\\\/wp-content\\\/uploads\\\/2026\\\/01\\\/pensionen-ska-ga-att-leva-pa.webp\",\"datePublished\":\"2025-09-01T14:40:00+00:00\",\"dateModified\":\"2026-01-16T10:30:28+00:00\",\"description\":\"B\u00e4ttre pensioner genom egen\u00e4gt pensionssparande och h\u00f6gre grundavdrag.\",\"breadcrumb\":{\"@id\":\"https:\\\/\\\/ambitionsverige.se\\\/politik\\\/pension\\\/#breadcrumb\"},\"inLanguage\":\"es\",\"potentialAction\":[{\"@type\":\"ReadAction\",\"target\":[\"https:\\\/\\\/ambitionsverige.se\\\/politik\\\/pension\\\/\"]}]},{\"@type\":\"ImageObject\",\"inLanguage\":\"es\",\"@id\":\"https:\\\/\\\/ambitionsverige.se\\\/politik\\\/pension\\\/#primaryimage\",\"url\":\"https:\\\/\\\/ambitionsverige.se\\\/wp-content\\\/uploads\\\/2026\\\/01\\\/pensionen-ska-ga-att-leva-pa.webp\",\"contentUrl\":\"https:\\\/\\\/ambitionsverige.se\\\/wp-content\\\/uploads\\\/2026\\\/01\\\/pensionen-ska-ga-att-leva-pa.webp\",\"width\":1920,\"height\":1080,\"caption\":\"\u00c4ldre kvinna h\u00e5ller upp en blomv\u00e4xt\"},{\"@type\":\"BreadcrumbList\",\"@id\":\"https:\\\/\\\/ambitionsverige.se\\\/politik\\\/pension\\\/#breadcrumb\",\"itemListElement\":[{\"@type\":\"ListItem\",\"position\":1,\"name\":\"Hem\",\"item\":\"https:\\\/\\\/ambitionsverige.se\\\/\"},{\"@type\":\"ListItem\",\"position\":2,\"name\":\"V\u00e5r politik\",\"item\":\"https:\\\/\\\/ambitionsverige.se\\\/politik\\\/\"},{\"@type\":\"ListItem\",\"position\":3,\"name\":\"Pensionen ska g\u00e5 att leva p\u00e5\"}]},{\"@type\":\"WebSite\",\"@id\":\"https:\\\/\\\/ambitionsverige.se\\\/#website\",\"url\":\"https:\\\/\\\/ambitionsverige.se\\\/\",\"name\":\"Ambition Sverige\",\"description\":\"\",\"publisher\":{\"@id\":\"https:\\\/\\\/ambitionsverige.se\\\/#organization\"},\"potentialAction\":[{\"@type\":\"SearchAction\",\"target\":{\"@type\":\"EntryPoint\",\"urlTemplate\":\"https:\\\/\\\/ambitionsverige.se\\\/?s={search_term_string}\"},\"query-input\":{\"@type\":\"PropertyValueSpecification\",\"valueRequired\":true,\"valueName\":\"search_term_string\"}}],\"inLanguage\":\"es\"},{\"@type\":\"Organization\",\"@id\":\"https:\\\/\\\/ambitionsverige.se\\\/#organization\",\"name\":\"Ambition Sverige\",\"url\":\"https:\\\/\\\/ambitionsverige.se\\\/\",\"logo\":{\"@type\":\"ImageObject\",\"inLanguage\":\"es\",\"@id\":\"https:\\\/\\\/ambitionsverige.se\\\/#\\\/schema\\\/logo\\\/image\\\/\",\"url\":\"https:\\\/\\\/ambitionsverige.se\\\/wp-content\\\/uploads\\\/2025\\\/11\\\/ambition-sverige-logotyp.png\",\"contentUrl\":\"https:\\\/\\\/ambitionsverige.se\\\/wp-content\\\/uploads\\\/2025\\\/11\\\/ambition-sverige-logotyp.png\",\"width\":512,\"height\":512,\"caption\":\"Ambition Sverige\"},\"image\":{\"@id\":\"https:\\\/\\\/ambitionsverige.se\\\/#\\\/schema\\\/logo\\\/image\\\/\"},\"sameAs\":[\"https:\\\/\\\/www.facebook.com\\\/AmbitionSverige\",\"https:\\\/\\\/x.com\\\/ambitionsverige\",\"https:\\\/\\\/www.instagram.com\\\/ambitionsverige\",\"https:\\\/\\\/www.youtube.com\\\/@ambitionsverige1\",\"https:\\\/\\\/t.me\\\/sverigeforst1\"]}]}<\/script>\n<!-- \/ Yoast SEO plugin. -->","yoast_head_json":{"title":"Vivir de su pensi\u00f3n - Ambition Sverige","description":"Mejores pensiones a trav\u00e9s del ahorro personal para pensiones y deducciones b\u00e1sicas m\u00e1s elevadas.","robots":{"index":"index","follow":"follow","max-snippet":"max-snippet:-1","max-image-preview":"max-image-preview:large","max-video-preview":"max-video-preview:-1"},"canonical":"https:\/\/ambitionsverige.se\/es\/politica\/pension\/","og_locale":"es_ES","og_type":"article","og_title":"Pensionen ska g\u00e5 att leva p\u00e5 - Ambition Sverige","og_description":"B\u00e4ttre pensioner genom egen\u00e4gt pensionssparande och h\u00f6gre grundavdrag.","og_url":"https:\/\/ambitionsverige.se\/es\/politica\/pension\/","og_site_name":"Ambition Sverige","article_publisher":"https:\/\/www.facebook.com\/AmbitionSverige","article_modified_time":"2026-01-16T10:30:28+00:00","og_image":[{"width":1920,"height":1080,"url":"https:\/\/ambitionsverige.se\/wp-content\/uploads\/2026\/01\/pensionen-ska-ga-att-leva-pa.webp","type":"image\/webp"}],"twitter_card":"summary_large_image","twitter_site":"@ambitionsverige","twitter_misc":{"Tiempo de lectura":"4 minutos"},"schema":{"@context":"https:\/\/schema.org","@graph":[{"@type":"WebPage","@id":"https:\/\/ambitionsverige.se\/politik\/pension\/","url":"https:\/\/ambitionsverige.se\/politik\/pension\/","name":"Vivir de su pensi\u00f3n - Ambition Sverige","isPartOf":{"@id":"https:\/\/ambitionsverige.se\/#website"},"primaryImageOfPage":{"@id":"https:\/\/ambitionsverige.se\/politik\/pension\/#primaryimage"},"image":{"@id":"https:\/\/ambitionsverige.se\/politik\/pension\/#primaryimage"},"thumbnailUrl":"https:\/\/ambitionsverige.se\/wp-content\/uploads\/2026\/01\/pensionen-ska-ga-att-leva-pa.webp","datePublished":"2025-09-01T14:40:00+00:00","dateModified":"2026-01-16T10:30:28+00:00","description":"Mejores pensiones a trav\u00e9s del ahorro personal para pensiones y deducciones b\u00e1sicas m\u00e1s elevadas.","breadcrumb":{"@id":"https:\/\/ambitionsverige.se\/politik\/pension\/#breadcrumb"},"inLanguage":"es","potentialAction":[{"@type":"ReadAction","target":["https:\/\/ambitionsverige.se\/politik\/pension\/"]}]},{"@type":"ImageObject","inLanguage":"es","@id":"https:\/\/ambitionsverige.se\/politik\/pension\/#primaryimage","url":"https:\/\/ambitionsverige.se\/wp-content\/uploads\/2026\/01\/pensionen-ska-ga-att-leva-pa.webp","contentUrl":"https:\/\/ambitionsverige.se\/wp-content\/uploads\/2026\/01\/pensionen-ska-ga-att-leva-pa.webp","width":1920,"height":1080,"caption":"\u00c4ldre kvinna h\u00e5ller upp en blomv\u00e4xt"},{"@type":"BreadcrumbList","@id":"https:\/\/ambitionsverige.se\/politik\/pension\/#breadcrumb","itemListElement":[{"@type":"ListItem","position":1,"name":"Hem","item":"https:\/\/ambitionsverige.se\/"},{"@type":"ListItem","position":2,"name":"V\u00e5r politik","item":"https:\/\/ambitionsverige.se\/politik\/"},{"@type":"ListItem","position":3,"name":"Pensionen ska g\u00e5 att leva p\u00e5"}]},{"@type":"WebSite","@id":"https:\/\/ambitionsverige.se\/#website","url":"https:\/\/ambitionsverige.se\/","name":"Ambition Sverige","description":"","publisher":{"@id":"https:\/\/ambitionsverige.se\/#organization"},"potentialAction":[{"@type":"SearchAction","target":{"@type":"EntryPoint","urlTemplate":"https:\/\/ambitionsverige.se\/?s={search_term_string}"},"query-input":{"@type":"PropertyValueSpecification","valueRequired":true,"valueName":"search_term_string"}}],"inLanguage":"es"},{"@type":"Organization","@id":"https:\/\/ambitionsverige.se\/#organization","name":"Ambition Sverige","url":"https:\/\/ambitionsverige.se\/","logo":{"@type":"ImageObject","inLanguage":"es","@id":"https:\/\/ambitionsverige.se\/#\/schema\/logo\/image\/","url":"https:\/\/ambitionsverige.se\/wp-content\/uploads\/2025\/11\/ambition-sverige-logotyp.png","contentUrl":"https:\/\/ambitionsverige.se\/wp-content\/uploads\/2025\/11\/ambition-sverige-logotyp.png","width":512,"height":512,"caption":"Ambition Sverige"},"image":{"@id":"https:\/\/ambitionsverige.se\/#\/schema\/logo\/image\/"},"sameAs":["https:\/\/www.facebook.com\/AmbitionSverige","https:\/\/x.com\/ambitionsverige","https:\/\/www.instagram.com\/ambitionsverige","https:\/\/www.youtube.com\/@ambitionsverige1","https:\/\/t.me\/sverigeforst1"]}]}},"_links":{"self":[{"href":"https:\/\/ambitionsverige.se\/es\/wp-json\/wp\/v2\/pages\/402","targetHints":{"allow":["GET"]}}],"collection":[{"href":"https:\/\/ambitionsverige.se\/es\/wp-json\/wp\/v2\/pages"}],"about":[{"href":"https:\/\/ambitionsverige.se\/es\/wp-json\/wp\/v2\/types\/page"}],"author":[{"embeddable":true,"href":"https:\/\/ambitionsverige.se\/es\/wp-json\/wp\/v2\/users\/1"}],"replies":[{"embeddable":true,"href":"https:\/\/ambitionsverige.se\/es\/wp-json\/wp\/v2\/comments?post=402"}],"version-history":[{"count":5,"href":"https:\/\/ambitionsverige.se\/es\/wp-json\/wp\/v2\/pages\/402\/revisions"}],"predecessor-version":[{"id":1601,"href":"https:\/\/ambitionsverige.se\/es\/wp-json\/wp\/v2\/pages\/402\/revisions\/1601"}],"up":[{"embeddable":true,"href":"https:\/\/ambitionsverige.se\/es\/wp-json\/wp\/v2\/pages\/50"}],"wp:featuredmedia":[{"embeddable":true,"href":"https:\/\/ambitionsverige.se\/es\/wp-json\/wp\/v2\/media\/1600"}],"wp:attachment":[{"href":"https:\/\/ambitionsverige.se\/es\/wp-json\/wp\/v2\/media?parent=402"}],"wp:term":[{"taxonomy":"local_branch","embeddable":true,"href":"https:\/\/ambitionsverige.se\/es\/wp-json\/wp\/v2\/local_branch?post=402"}],"curies":[{"name":"wp","href":"https:\/\/api.w.org\/{rel}","templated":true}]}}