{"id":478,"date":"2025-10-05T21:45:07","date_gmt":"2025-10-05T19:45:07","guid":{"rendered":"https:\/\/ambitionsverige.se\/?page_id=478"},"modified":"2026-03-02T13:38:45","modified_gmt":"2026-03-02T12:38:45","slug":"kent-zachari","status":"publish","type":"page","link":"https:\/\/ambitionsverige.se\/es\/politiker\/kent-zachari\/","title":{"rendered":"Kent Zachari"},"content":{"rendered":"<p>Kent procede del norte de Suecia. Ha desarrollado una carrera de diez a\u00f1os en el Ej\u00e9rcito del Aire, donde trabaj\u00f3 como controlador de radares de caza. Despu\u00e9s, Kent se pas\u00f3 al mundo empresarial y trabaj\u00f3 en ventas, marketing, desarrollo empresarial y estrategias en distintos puestos para diferentes empresas. Tambi\u00e9n tiene experiencia en la creaci\u00f3n de empresas fuera de Suecia. Kent adquiri\u00f3 experiencia pol\u00edtica cuando fue uno de los impulsores de un partido local en J\u00e4rf\u00e4lla. El objetivo de ese partido era reducir el gasto municipal.<\/p>","protected":false},"excerpt":{"rendered":"<p>Kent kommer fr\u00e5n Norrland. Han har haft en tio\u00e5rig karri\u00e4r i flygvapnet, d\u00e4r han arbetade som radarjaktledare. D\u00e4refter gick Kent vidare till n\u00e4ringslivet och jobbade med f\u00f6rs\u00e4ljning, marknadsf\u00f6ring, aff\u00e4rsutveckling och strategier i olika roller f\u00f6r olika f\u00f6retag. Han har \u00e4ven erfarenhet fr\u00e5n att starta f\u00f6retag utanf\u00f6r Sverige. Politisk erfarenhet fick Kent n\u00e4r han var en [&hellip;]<\/p>\n","protected":false},"author":1,"featured_media":1816,"parent":451,"menu_order":0,"comment_status":"closed","ping_status":"closed","template":"politiker\/kent-zachari.php","meta":{"footnotes":""},"local_branch":[],"class_list":["post-478","page","type-page","status-publish","has-post-thumbnail","hentry"],"yoast_head":"<!-- This site is optimized with the Yoast SEO plugin v27.4 - https:\/\/yoast.com\/product\/yoast-seo-wordpress\/ -->\n<title>Kent Zachari - Ambition Sverige<\/title>\n<meta name=\"robots\" content=\"index, follow, max-snippet:-1, max-image-preview:large, max-video-preview:-1\" \/>\n<link rel=\"canonical\" href=\"https:\/\/ambitionsverige.se\/es\/politico\/kent-zachari\/\" \/>\n<meta property=\"og:locale\" content=\"es_ES\" \/>\n<meta property=\"og:type\" content=\"article\" \/>\n<meta property=\"og:title\" content=\"Kent Zachari - Ambition Sverige\" \/>\n<meta property=\"og:description\" content=\"Kent kommer fr\u00e5n Norrland. Han har haft en tio\u00e5rig karri\u00e4r i flygvapnet, d\u00e4r han arbetade som radarjaktledare. D\u00e4refter gick Kent vidare till n\u00e4ringslivet och jobbade med f\u00f6rs\u00e4ljning, marknadsf\u00f6ring, aff\u00e4rsutveckling och strategier i olika roller f\u00f6r olika f\u00f6retag. Han har \u00e4ven erfarenhet fr\u00e5n att starta f\u00f6retag utanf\u00f6r Sverige. Politisk erfarenhet fick Kent n\u00e4r han var en [&hellip;]\" \/>\n<meta property=\"og:url\" content=\"https:\/\/ambitionsverige.se\/es\/politico\/kent-zachari\/\" \/>\n<meta property=\"og:site_name\" content=\"Ambition Sverige\" \/>\n<meta property=\"article:publisher\" content=\"https:\/\/www.facebook.com\/AmbitionSverige\" \/>\n<meta property=\"article:modified_time\" content=\"2026-03-02T12:38:45+00:00\" \/>\n<meta property=\"og:image\" content=\"https:\/\/ambitionsverige.se\/wp-content\/uploads\/2026\/03\/Kent-Zachari.jpg\" \/>\n\t<meta property=\"og:image:width\" content=\"1000\" \/>\n\t<meta property=\"og:image:height\" content=\"1000\" \/>\n\t<meta property=\"og:image:type\" content=\"image\/jpeg\" \/>\n<meta name=\"twitter:card\" content=\"summary_large_image\" \/>\n<meta name=\"twitter:site\" content=\"@ambitionsverige\" \/>\n<meta name=\"twitter:label1\" content=\"Tiempo de lectura\" \/>\n\t<meta name=\"twitter:data1\" content=\"1 minuto\" \/>\n<script type=\"application\/ld+json\" class=\"yoast-schema-graph\">{\"@context\":\"https:\\\/\\\/schema.org\",\"@graph\":[{\"@type\":\"WebPage\",\"@id\":\"https:\\\/\\\/ambitionsverige.se\\\/politiker\\\/kent-zachari\\\/\",\"url\":\"https:\\\/\\\/ambitionsverige.se\\\/politiker\\\/kent-zachari\\\/\",\"name\":\"Kent Zachari - Ambition Sverige\",\"isPartOf\":{\"@id\":\"https:\\\/\\\/ambitionsverige.se\\\/#website\"},\"primaryImageOfPage\":{\"@id\":\"https:\\\/\\\/ambitionsverige.se\\\/politiker\\\/kent-zachari\\\/#primaryimage\"},\"image\":{\"@id\":\"https:\\\/\\\/ambitionsverige.se\\\/politiker\\\/kent-zachari\\\/#primaryimage\"},\"thumbnailUrl\":\"https:\\\/\\\/ambitionsverige.se\\\/wp-content\\\/uploads\\\/2026\\\/03\\\/Kent-Zachari.jpg\",\"datePublished\":\"2025-10-05T19:45:07+00:00\",\"dateModified\":\"2026-03-02T12:38:45+00:00\",\"breadcrumb\":{\"@id\":\"https:\\\/\\\/ambitionsverige.se\\\/politiker\\\/kent-zachari\\\/#breadcrumb\"},\"inLanguage\":\"es\",\"potentialAction\":[{\"@type\":\"ReadAction\",\"target\":[\"https:\\\/\\\/ambitionsverige.se\\\/politiker\\\/kent-zachari\\\/\"]}]},{\"@type\":\"ImageObject\",\"inLanguage\":\"es\",\"@id\":\"https:\\\/\\\/ambitionsverige.se\\\/politiker\\\/kent-zachari\\\/#primaryimage\",\"url\":\"https:\\\/\\\/ambitionsverige.se\\\/wp-content\\\/uploads\\\/2026\\\/03\\\/Kent-Zachari.jpg\",\"contentUrl\":\"https:\\\/\\\/ambitionsverige.se\\\/wp-content\\\/uploads\\\/2026\\\/03\\\/Kent-Zachari.jpg\",\"width\":1000,\"height\":1000},{\"@type\":\"BreadcrumbList\",\"@id\":\"https:\\\/\\\/ambitionsverige.se\\\/politiker\\\/kent-zachari\\\/#breadcrumb\",\"itemListElement\":[{\"@type\":\"ListItem\",\"position\":1,\"name\":\"Hem\",\"item\":\"https:\\\/\\\/ambitionsverige.se\\\/\"},{\"@type\":\"ListItem\",\"position\":2,\"name\":\"V\u00e5ra politiker &amp; medarbetare\",\"item\":\"https:\\\/\\\/ambitionsverige.se\\\/politiker\\\/\"},{\"@type\":\"ListItem\",\"position\":3,\"name\":\"Kent Zachari\"}]},{\"@type\":\"WebSite\",\"@id\":\"https:\\\/\\\/ambitionsverige.se\\\/#website\",\"url\":\"https:\\\/\\\/ambitionsverige.se\\\/\",\"name\":\"Ambition Sverige\",\"description\":\"\",\"publisher\":{\"@id\":\"https:\\\/\\\/ambitionsverige.se\\\/#organization\"},\"potentialAction\":[{\"@type\":\"SearchAction\",\"target\":{\"@type\":\"EntryPoint\",\"urlTemplate\":\"https:\\\/\\\/ambitionsverige.se\\\/?s={search_term_string}\"},\"query-input\":{\"@type\":\"PropertyValueSpecification\",\"valueRequired\":true,\"valueName\":\"search_term_string\"}}],\"inLanguage\":\"es\"},{\"@type\":\"Organization\",\"@id\":\"https:\\\/\\\/ambitionsverige.se\\\/#organization\",\"name\":\"Ambition Sverige\",\"url\":\"https:\\\/\\\/ambitionsverige.se\\\/\",\"logo\":{\"@type\":\"ImageObject\",\"inLanguage\":\"es\",\"@id\":\"https:\\\/\\\/ambitionsverige.se\\\/#\\\/schema\\\/logo\\\/image\\\/\",\"url\":\"https:\\\/\\\/ambitionsverige.se\\\/wp-content\\\/uploads\\\/2025\\\/11\\\/ambition-sverige-logotyp.png\",\"contentUrl\":\"https:\\\/\\\/ambitionsverige.se\\\/wp-content\\\/uploads\\\/2025\\\/11\\\/ambition-sverige-logotyp.png\",\"width\":512,\"height\":512,\"caption\":\"Ambition Sverige\"},\"image\":{\"@id\":\"https:\\\/\\\/ambitionsverige.se\\\/#\\\/schema\\\/logo\\\/image\\\/\"},\"sameAs\":[\"https:\\\/\\\/www.facebook.com\\\/AmbitionSverige\",\"https:\\\/\\\/x.com\\\/ambitionsverige\",\"https:\\\/\\\/www.instagram.com\\\/ambitionsverige\",\"https:\\\/\\\/www.youtube.com\\\/@ambitionsverige1\",\"https:\\\/\\\/t.me\\\/sverigeforst1\"]}]}<\/script>\n<!-- \/ Yoast SEO plugin. -->","yoast_head_json":{"title":"Kent Zachari - Ambition Sverige","robots":{"index":"index","follow":"follow","max-snippet":"max-snippet:-1","max-image-preview":"max-image-preview:large","max-video-preview":"max-video-preview:-1"},"canonical":"https:\/\/ambitionsverige.se\/es\/politico\/kent-zachari\/","og_locale":"es_ES","og_type":"article","og_title":"Kent Zachari - Ambition Sverige","og_description":"Kent kommer fr\u00e5n Norrland. Han har haft en tio\u00e5rig karri\u00e4r i flygvapnet, d\u00e4r han arbetade som radarjaktledare. D\u00e4refter gick Kent vidare till n\u00e4ringslivet och jobbade med f\u00f6rs\u00e4ljning, marknadsf\u00f6ring, aff\u00e4rsutveckling och strategier i olika roller f\u00f6r olika f\u00f6retag. Han har \u00e4ven erfarenhet fr\u00e5n att starta f\u00f6retag utanf\u00f6r Sverige. Politisk erfarenhet fick Kent n\u00e4r han var en [&hellip;]","og_url":"https:\/\/ambitionsverige.se\/es\/politico\/kent-zachari\/","og_site_name":"Ambition Sverige","article_publisher":"https:\/\/www.facebook.com\/AmbitionSverige","article_modified_time":"2026-03-02T12:38:45+00:00","og_image":[{"width":1000,"height":1000,"url":"https:\/\/ambitionsverige.se\/wp-content\/uploads\/2026\/03\/Kent-Zachari.jpg","type":"image\/jpeg"}],"twitter_card":"summary_large_image","twitter_site":"@ambitionsverige","twitter_misc":{"Tiempo de lectura":"1 minuto"},"schema":{"@context":"https:\/\/schema.org","@graph":[{"@type":"WebPage","@id":"https:\/\/ambitionsverige.se\/politiker\/kent-zachari\/","url":"https:\/\/ambitionsverige.se\/politiker\/kent-zachari\/","name":"Kent Zachari - Ambition Sverige","isPartOf":{"@id":"https:\/\/ambitionsverige.se\/#website"},"primaryImageOfPage":{"@id":"https:\/\/ambitionsverige.se\/politiker\/kent-zachari\/#primaryimage"},"image":{"@id":"https:\/\/ambitionsverige.se\/politiker\/kent-zachari\/#primaryimage"},"thumbnailUrl":"https:\/\/ambitionsverige.se\/wp-content\/uploads\/2026\/03\/Kent-Zachari.jpg","datePublished":"2025-10-05T19:45:07+00:00","dateModified":"2026-03-02T12:38:45+00:00","breadcrumb":{"@id":"https:\/\/ambitionsverige.se\/politiker\/kent-zachari\/#breadcrumb"},"inLanguage":"es","potentialAction":[{"@type":"ReadAction","target":["https:\/\/ambitionsverige.se\/politiker\/kent-zachari\/"]}]},{"@type":"ImageObject","inLanguage":"es","@id":"https:\/\/ambitionsverige.se\/politiker\/kent-zachari\/#primaryimage","url":"https:\/\/ambitionsverige.se\/wp-content\/uploads\/2026\/03\/Kent-Zachari.jpg","contentUrl":"https:\/\/ambitionsverige.se\/wp-content\/uploads\/2026\/03\/Kent-Zachari.jpg","width":1000,"height":1000},{"@type":"BreadcrumbList","@id":"https:\/\/ambitionsverige.se\/politiker\/kent-zachari\/#breadcrumb","itemListElement":[{"@type":"ListItem","position":1,"name":"Hem","item":"https:\/\/ambitionsverige.se\/"},{"@type":"ListItem","position":2,"name":"V\u00e5ra politiker &amp; medarbetare","item":"https:\/\/ambitionsverige.se\/politiker\/"},{"@type":"ListItem","position":3,"name":"Kent Zachari"}]},{"@type":"WebSite","@id":"https:\/\/ambitionsverige.se\/#website","url":"https:\/\/ambitionsverige.se\/","name":"Ambition Sverige","description":"","publisher":{"@id":"https:\/\/ambitionsverige.se\/#organization"},"potentialAction":[{"@type":"SearchAction","target":{"@type":"EntryPoint","urlTemplate":"https:\/\/ambitionsverige.se\/?s={search_term_string}"},"query-input":{"@type":"PropertyValueSpecification","valueRequired":true,"valueName":"search_term_string"}}],"inLanguage":"es"},{"@type":"Organization","@id":"https:\/\/ambitionsverige.se\/#organization","name":"Ambition Sverige","url":"https:\/\/ambitionsverige.se\/","logo":{"@type":"ImageObject","inLanguage":"es","@id":"https:\/\/ambitionsverige.se\/#\/schema\/logo\/image\/","url":"https:\/\/ambitionsverige.se\/wp-content\/uploads\/2025\/11\/ambition-sverige-logotyp.png","contentUrl":"https:\/\/ambitionsverige.se\/wp-content\/uploads\/2025\/11\/ambition-sverige-logotyp.png","width":512,"height":512,"caption":"Ambition Sverige"},"image":{"@id":"https:\/\/ambitionsverige.se\/#\/schema\/logo\/image\/"},"sameAs":["https:\/\/www.facebook.com\/AmbitionSverige","https:\/\/x.com\/ambitionsverige","https:\/\/www.instagram.com\/ambitionsverige","https:\/\/www.youtube.com\/@ambitionsverige1","https:\/\/t.me\/sverigeforst1"]}]}},"_links":{"self":[{"href":"https:\/\/ambitionsverige.se\/es\/wp-json\/wp\/v2\/pages\/478","targetHints":{"allow":["GET"]}}],"collection":[{"href":"https:\/\/ambitionsverige.se\/es\/wp-json\/wp\/v2\/pages"}],"about":[{"href":"https:\/\/ambitionsverige.se\/es\/wp-json\/wp\/v2\/types\/page"}],"author":[{"embeddable":true,"href":"https:\/\/ambitionsverige.se\/es\/wp-json\/wp\/v2\/users\/1"}],"replies":[{"embeddable":true,"href":"https:\/\/ambitionsverige.se\/es\/wp-json\/wp\/v2\/comments?post=478"}],"version-history":[{"count":3,"href":"https:\/\/ambitionsverige.se\/es\/wp-json\/wp\/v2\/pages\/478\/revisions"}],"predecessor-version":[{"id":1534,"href":"https:\/\/ambitionsverige.se\/es\/wp-json\/wp\/v2\/pages\/478\/revisions\/1534"}],"up":[{"embeddable":true,"href":"https:\/\/ambitionsverige.se\/es\/wp-json\/wp\/v2\/pages\/451"}],"wp:featuredmedia":[{"embeddable":true,"href":"https:\/\/ambitionsverige.se\/es\/wp-json\/wp\/v2\/media\/1816"}],"wp:attachment":[{"href":"https:\/\/ambitionsverige.se\/es\/wp-json\/wp\/v2\/media?parent=478"}],"wp:term":[{"taxonomy":"local_branch","embeddable":true,"href":"https:\/\/ambitionsverige.se\/es\/wp-json\/wp\/v2\/local_branch?post=478"}],"curies":[{"name":"wp","href":"https:\/\/api.w.org\/{rel}","templated":true}]}}