{"id":485,"date":"2025-10-05T22:13:12","date_gmt":"2025-10-05T20:13:12","guid":{"rendered":"https:\/\/ambitionsverige.se\/?page_id=485"},"modified":"2026-02-21T10:48:09","modified_gmt":"2026-02-21T09:48:09","slug":"thomas-malmberg","status":"publish","type":"page","link":"https:\/\/ambitionsverige.se\/es\/politiker\/thomas-malmberg\/","title":{"rendered":"Thomas Malmberg"},"content":{"rendered":"<p class=\"western\">Thomas Malmberg naci\u00f3 en G\u00e4vle, pero vive en Gotemburgo desde hace muchos a\u00f1os. Es ingeniero de operaciones de formaci\u00f3n, economista y durante muchos a\u00f1os ha sido empresario con operaciones tanto nacionales como internacionales. Ha trabajado varios a\u00f1os en Inglaterra y Estados Unidos.<\/p>\n\n\n\n<p class=\"western\">Thomas tambi\u00e9n tiene experiencia en sistemas energ\u00e9ticos, con especial atenci\u00f3n a los sistemas de potencia y la energ\u00eda nuclear. Adem\u00e1s, es un marinero apasionado que de vez en cuando se embarca en largos viajes por los oc\u00e9anos del mundo.<\/p>","protected":false},"excerpt":{"rendered":"<p>Thomas Malmberg \u00e4r f\u00f6dd i G\u00e4vle men bor i G\u00f6teborg sedan m\u00e5nga \u00e5r. Han \u00e4r utbildad driftingenj\u00f6r, ekonom och har under m\u00e5nga \u00e5r varit f\u00f6retagare med verksamhet b\u00e5de nationellt och internationellt. Har under flera \u00e5r tidvis arbetat i England och USA. Thomas har \u00e4ven erfarenhet fr\u00e5n arbete med energisystem med speciellt fokus p\u00e5 elsystem och [&hellip;]<\/p>\n","protected":false},"author":1,"featured_media":1535,"parent":451,"menu_order":0,"comment_status":"closed","ping_status":"closed","template":"politiker\/thomas-malmberg.php","meta":{"footnotes":""},"local_branch":[],"class_list":["post-485","page","type-page","status-publish","has-post-thumbnail","hentry"],"yoast_head":"<!-- This site is optimized with the Yoast SEO plugin v27.4 - https:\/\/yoast.com\/product\/yoast-seo-wordpress\/ -->\n<title>Thomas Malmberg - Ambition Sverige<\/title>\n<meta name=\"robots\" content=\"index, follow, max-snippet:-1, max-image-preview:large, max-video-preview:-1\" \/>\n<link rel=\"canonical\" href=\"https:\/\/ambitionsverige.se\/es\/politico\/thomas-malmberg\/\" \/>\n<meta property=\"og:locale\" content=\"es_ES\" \/>\n<meta property=\"og:type\" content=\"article\" \/>\n<meta property=\"og:title\" content=\"Thomas Malmberg - Ambition Sverige\" \/>\n<meta property=\"og:description\" content=\"Thomas Malmberg \u00e4r f\u00f6dd i G\u00e4vle men bor i G\u00f6teborg sedan m\u00e5nga \u00e5r. Han \u00e4r utbildad driftingenj\u00f6r, ekonom och har under m\u00e5nga \u00e5r varit f\u00f6retagare med verksamhet b\u00e5de nationellt och internationellt. Har under flera \u00e5r tidvis arbetat i England och USA. Thomas har \u00e4ven erfarenhet fr\u00e5n arbete med energisystem med speciellt fokus p\u00e5 elsystem och [&hellip;]\" \/>\n<meta property=\"og:url\" content=\"https:\/\/ambitionsverige.se\/es\/politico\/thomas-malmberg\/\" \/>\n<meta property=\"og:site_name\" content=\"Ambition Sverige\" \/>\n<meta property=\"article:publisher\" content=\"https:\/\/www.facebook.com\/AmbitionSverige\" \/>\n<meta property=\"article:modified_time\" content=\"2026-02-21T09:48:09+00:00\" \/>\n<meta property=\"og:image\" content=\"https:\/\/ambitionsverige.se\/wp-content\/uploads\/2026\/01\/thomas-malmberg.jpg\" \/>\n\t<meta property=\"og:image:width\" content=\"364\" \/>\n\t<meta property=\"og:image:height\" content=\"364\" \/>\n\t<meta property=\"og:image:type\" content=\"image\/jpeg\" \/>\n<meta name=\"twitter:card\" content=\"summary_large_image\" \/>\n<meta name=\"twitter:site\" content=\"@ambitionsverige\" \/>\n<meta name=\"twitter:label1\" content=\"Tiempo de lectura\" \/>\n\t<meta name=\"twitter:data1\" content=\"1 minuto\" \/>\n<script type=\"application\/ld+json\" class=\"yoast-schema-graph\">{\"@context\":\"https:\\\/\\\/schema.org\",\"@graph\":[{\"@type\":\"WebPage\",\"@id\":\"https:\\\/\\\/ambitionsverige.se\\\/politiker\\\/thomas-malmberg\\\/\",\"url\":\"https:\\\/\\\/ambitionsverige.se\\\/politiker\\\/thomas-malmberg\\\/\",\"name\":\"Thomas Malmberg - Ambition Sverige\",\"isPartOf\":{\"@id\":\"https:\\\/\\\/ambitionsverige.se\\\/#website\"},\"primaryImageOfPage\":{\"@id\":\"https:\\\/\\\/ambitionsverige.se\\\/politiker\\\/thomas-malmberg\\\/#primaryimage\"},\"image\":{\"@id\":\"https:\\\/\\\/ambitionsverige.se\\\/politiker\\\/thomas-malmberg\\\/#primaryimage\"},\"thumbnailUrl\":\"https:\\\/\\\/ambitionsverige.se\\\/wp-content\\\/uploads\\\/2026\\\/01\\\/thomas-malmberg.jpg\",\"datePublished\":\"2025-10-05T20:13:12+00:00\",\"dateModified\":\"2026-02-21T09:48:09+00:00\",\"breadcrumb\":{\"@id\":\"https:\\\/\\\/ambitionsverige.se\\\/politiker\\\/thomas-malmberg\\\/#breadcrumb\"},\"inLanguage\":\"es\",\"potentialAction\":[{\"@type\":\"ReadAction\",\"target\":[\"https:\\\/\\\/ambitionsverige.se\\\/politiker\\\/thomas-malmberg\\\/\"]}]},{\"@type\":\"ImageObject\",\"inLanguage\":\"es\",\"@id\":\"https:\\\/\\\/ambitionsverige.se\\\/politiker\\\/thomas-malmberg\\\/#primaryimage\",\"url\":\"https:\\\/\\\/ambitionsverige.se\\\/wp-content\\\/uploads\\\/2026\\\/01\\\/thomas-malmberg.jpg\",\"contentUrl\":\"https:\\\/\\\/ambitionsverige.se\\\/wp-content\\\/uploads\\\/2026\\\/01\\\/thomas-malmberg.jpg\",\"width\":364,\"height\":364,\"caption\":\"Thomas Malmberg - Ambition Sverige\"},{\"@type\":\"BreadcrumbList\",\"@id\":\"https:\\\/\\\/ambitionsverige.se\\\/politiker\\\/thomas-malmberg\\\/#breadcrumb\",\"itemListElement\":[{\"@type\":\"ListItem\",\"position\":1,\"name\":\"Hem\",\"item\":\"https:\\\/\\\/ambitionsverige.se\\\/\"},{\"@type\":\"ListItem\",\"position\":2,\"name\":\"V\u00e5ra politiker &amp; medarbetare\",\"item\":\"https:\\\/\\\/ambitionsverige.se\\\/politiker\\\/\"},{\"@type\":\"ListItem\",\"position\":3,\"name\":\"Thomas Malmberg\"}]},{\"@type\":\"WebSite\",\"@id\":\"https:\\\/\\\/ambitionsverige.se\\\/#website\",\"url\":\"https:\\\/\\\/ambitionsverige.se\\\/\",\"name\":\"Ambition Sverige\",\"description\":\"\",\"publisher\":{\"@id\":\"https:\\\/\\\/ambitionsverige.se\\\/#organization\"},\"potentialAction\":[{\"@type\":\"SearchAction\",\"target\":{\"@type\":\"EntryPoint\",\"urlTemplate\":\"https:\\\/\\\/ambitionsverige.se\\\/?s={search_term_string}\"},\"query-input\":{\"@type\":\"PropertyValueSpecification\",\"valueRequired\":true,\"valueName\":\"search_term_string\"}}],\"inLanguage\":\"es\"},{\"@type\":\"Organization\",\"@id\":\"https:\\\/\\\/ambitionsverige.se\\\/#organization\",\"name\":\"Ambition Sverige\",\"url\":\"https:\\\/\\\/ambitionsverige.se\\\/\",\"logo\":{\"@type\":\"ImageObject\",\"inLanguage\":\"es\",\"@id\":\"https:\\\/\\\/ambitionsverige.se\\\/#\\\/schema\\\/logo\\\/image\\\/\",\"url\":\"https:\\\/\\\/ambitionsverige.se\\\/wp-content\\\/uploads\\\/2025\\\/11\\\/ambition-sverige-logotyp.png\",\"contentUrl\":\"https:\\\/\\\/ambitionsverige.se\\\/wp-content\\\/uploads\\\/2025\\\/11\\\/ambition-sverige-logotyp.png\",\"width\":512,\"height\":512,\"caption\":\"Ambition Sverige\"},\"image\":{\"@id\":\"https:\\\/\\\/ambitionsverige.se\\\/#\\\/schema\\\/logo\\\/image\\\/\"},\"sameAs\":[\"https:\\\/\\\/www.facebook.com\\\/AmbitionSverige\",\"https:\\\/\\\/x.com\\\/ambitionsverige\",\"https:\\\/\\\/www.instagram.com\\\/ambitionsverige\",\"https:\\\/\\\/www.youtube.com\\\/@ambitionsverige1\",\"https:\\\/\\\/t.me\\\/sverigeforst1\"]}]}<\/script>\n<!-- \/ Yoast SEO plugin. -->","yoast_head_json":{"title":"Thomas Malmberg - Ambition Sverige","robots":{"index":"index","follow":"follow","max-snippet":"max-snippet:-1","max-image-preview":"max-image-preview:large","max-video-preview":"max-video-preview:-1"},"canonical":"https:\/\/ambitionsverige.se\/es\/politico\/thomas-malmberg\/","og_locale":"es_ES","og_type":"article","og_title":"Thomas Malmberg - Ambition Sverige","og_description":"Thomas Malmberg \u00e4r f\u00f6dd i G\u00e4vle men bor i G\u00f6teborg sedan m\u00e5nga \u00e5r. Han \u00e4r utbildad driftingenj\u00f6r, ekonom och har under m\u00e5nga \u00e5r varit f\u00f6retagare med verksamhet b\u00e5de nationellt och internationellt. Har under flera \u00e5r tidvis arbetat i England och USA. Thomas har \u00e4ven erfarenhet fr\u00e5n arbete med energisystem med speciellt fokus p\u00e5 elsystem och [&hellip;]","og_url":"https:\/\/ambitionsverige.se\/es\/politico\/thomas-malmberg\/","og_site_name":"Ambition Sverige","article_publisher":"https:\/\/www.facebook.com\/AmbitionSverige","article_modified_time":"2026-02-21T09:48:09+00:00","og_image":[{"width":364,"height":364,"url":"https:\/\/ambitionsverige.se\/wp-content\/uploads\/2026\/01\/thomas-malmberg.jpg","type":"image\/jpeg"}],"twitter_card":"summary_large_image","twitter_site":"@ambitionsverige","twitter_misc":{"Tiempo de lectura":"1 minuto"},"schema":{"@context":"https:\/\/schema.org","@graph":[{"@type":"WebPage","@id":"https:\/\/ambitionsverige.se\/politiker\/thomas-malmberg\/","url":"https:\/\/ambitionsverige.se\/politiker\/thomas-malmberg\/","name":"Thomas Malmberg - Ambition Sverige","isPartOf":{"@id":"https:\/\/ambitionsverige.se\/#website"},"primaryImageOfPage":{"@id":"https:\/\/ambitionsverige.se\/politiker\/thomas-malmberg\/#primaryimage"},"image":{"@id":"https:\/\/ambitionsverige.se\/politiker\/thomas-malmberg\/#primaryimage"},"thumbnailUrl":"https:\/\/ambitionsverige.se\/wp-content\/uploads\/2026\/01\/thomas-malmberg.jpg","datePublished":"2025-10-05T20:13:12+00:00","dateModified":"2026-02-21T09:48:09+00:00","breadcrumb":{"@id":"https:\/\/ambitionsverige.se\/politiker\/thomas-malmberg\/#breadcrumb"},"inLanguage":"es","potentialAction":[{"@type":"ReadAction","target":["https:\/\/ambitionsverige.se\/politiker\/thomas-malmberg\/"]}]},{"@type":"ImageObject","inLanguage":"es","@id":"https:\/\/ambitionsverige.se\/politiker\/thomas-malmberg\/#primaryimage","url":"https:\/\/ambitionsverige.se\/wp-content\/uploads\/2026\/01\/thomas-malmberg.jpg","contentUrl":"https:\/\/ambitionsverige.se\/wp-content\/uploads\/2026\/01\/thomas-malmberg.jpg","width":364,"height":364,"caption":"Thomas Malmberg - Ambition Sverige"},{"@type":"BreadcrumbList","@id":"https:\/\/ambitionsverige.se\/politiker\/thomas-malmberg\/#breadcrumb","itemListElement":[{"@type":"ListItem","position":1,"name":"Hem","item":"https:\/\/ambitionsverige.se\/"},{"@type":"ListItem","position":2,"name":"V\u00e5ra politiker &amp; medarbetare","item":"https:\/\/ambitionsverige.se\/politiker\/"},{"@type":"ListItem","position":3,"name":"Thomas Malmberg"}]},{"@type":"WebSite","@id":"https:\/\/ambitionsverige.se\/#website","url":"https:\/\/ambitionsverige.se\/","name":"Ambition Sverige","description":"","publisher":{"@id":"https:\/\/ambitionsverige.se\/#organization"},"potentialAction":[{"@type":"SearchAction","target":{"@type":"EntryPoint","urlTemplate":"https:\/\/ambitionsverige.se\/?s={search_term_string}"},"query-input":{"@type":"PropertyValueSpecification","valueRequired":true,"valueName":"search_term_string"}}],"inLanguage":"es"},{"@type":"Organization","@id":"https:\/\/ambitionsverige.se\/#organization","name":"Ambition Sverige","url":"https:\/\/ambitionsverige.se\/","logo":{"@type":"ImageObject","inLanguage":"es","@id":"https:\/\/ambitionsverige.se\/#\/schema\/logo\/image\/","url":"https:\/\/ambitionsverige.se\/wp-content\/uploads\/2025\/11\/ambition-sverige-logotyp.png","contentUrl":"https:\/\/ambitionsverige.se\/wp-content\/uploads\/2025\/11\/ambition-sverige-logotyp.png","width":512,"height":512,"caption":"Ambition Sverige"},"image":{"@id":"https:\/\/ambitionsverige.se\/#\/schema\/logo\/image\/"},"sameAs":["https:\/\/www.facebook.com\/AmbitionSverige","https:\/\/x.com\/ambitionsverige","https:\/\/www.instagram.com\/ambitionsverige","https:\/\/www.youtube.com\/@ambitionsverige1","https:\/\/t.me\/sverigeforst1"]}]}},"_links":{"self":[{"href":"https:\/\/ambitionsverige.se\/es\/wp-json\/wp\/v2\/pages\/485","targetHints":{"allow":["GET"]}}],"collection":[{"href":"https:\/\/ambitionsverige.se\/es\/wp-json\/wp\/v2\/pages"}],"about":[{"href":"https:\/\/ambitionsverige.se\/es\/wp-json\/wp\/v2\/types\/page"}],"author":[{"embeddable":true,"href":"https:\/\/ambitionsverige.se\/es\/wp-json\/wp\/v2\/users\/1"}],"replies":[{"embeddable":true,"href":"https:\/\/ambitionsverige.se\/es\/wp-json\/wp\/v2\/comments?post=485"}],"version-history":[{"count":4,"href":"https:\/\/ambitionsverige.se\/es\/wp-json\/wp\/v2\/pages\/485\/revisions"}],"predecessor-version":[{"id":1766,"href":"https:\/\/ambitionsverige.se\/es\/wp-json\/wp\/v2\/pages\/485\/revisions\/1766"}],"up":[{"embeddable":true,"href":"https:\/\/ambitionsverige.se\/es\/wp-json\/wp\/v2\/pages\/451"}],"wp:featuredmedia":[{"embeddable":true,"href":"https:\/\/ambitionsverige.se\/es\/wp-json\/wp\/v2\/media\/1535"}],"wp:attachment":[{"href":"https:\/\/ambitionsverige.se\/es\/wp-json\/wp\/v2\/media?parent=485"}],"wp:term":[{"taxonomy":"local_branch","embeddable":true,"href":"https:\/\/ambitionsverige.se\/es\/wp-json\/wp\/v2\/local_branch?post=485"}],"curies":[{"name":"wp","href":"https:\/\/api.w.org\/{rel}","templated":true}]}}