{"id":489,"date":"2025-10-05T22:37:43","date_gmt":"2025-10-05T20:37:43","guid":{"rendered":"https:\/\/ambitionsverige.se\/?page_id=489"},"modified":"2026-01-16T09:14:31","modified_gmt":"2026-01-16T08:14:31","slug":"torbjorn-ripstrand","status":"publish","type":"page","link":"https:\/\/ambitionsverige.se\/es\/politiker\/torbjorn-ripstrand\/","title":{"rendered":"Torbj\u00f6rn Ripstrand"},"content":{"rendered":"<p class=\"western\">Torbj\u00f6rn Ripstrand naci\u00f3 en Norrbotten y creci\u00f3 en \u00c5tvidaberg. Tiene un m\u00e1ster en Ingenier\u00eda F\u00edsica e Ingenier\u00eda El\u00e9ctrica y un gran inter\u00e9s por las cuestiones energ\u00e9ticas y clim\u00e1ticas.<\/p>\n\n\n\n<p class=\"western\">Torbj\u00f6rn ha trabajado principalmente en el desarrollo de productos en la industria, pero tambi\u00e9n ha sido funcionario municipal durante un tiempo.<\/p>\n\n\n\n<p class=\"western\">En los \u00faltimos 6 a\u00f1os, Torbj\u00f6rn ha participado con frecuencia en debates y ha sido l\u00edder de opini\u00f3n sobre cuestiones clim\u00e1ticas y energ\u00e9ticas, donde tambi\u00e9n ha creado una s\u00f3lida red de expertos. Para Torbj\u00f6rn, las decisiones deben basarse en hechos y en evaluaciones de impacto. Es un conocido polemista sobre temas clim\u00e1ticos y energ\u00e9ticos, entre otros en Swebb-tv y Riks.<\/p>","protected":false},"excerpt":{"rendered":"<p>Torbj\u00f6rn Ripstrand \u00e4r f\u00f6dd i Norrbotten och uppvuxen i \u00c5tvidaberg. Han \u00e4r civilingenj\u00f6r i Teknisk Fysik och Elektroteknik med ett stort intresse f\u00f6r energi- och klimatfr\u00e5gor. Torbj\u00f6rn har framf\u00f6r allt arbetat med produktutveckling inom industrin, men har \u00e4ven under en period varit tj\u00e4nsteman inom kommunal verksamhet. Under de senaste 6 \u00e5ren har Torbj\u00f6rn varit en [&hellip;]<\/p>\n","protected":false},"author":1,"featured_media":1484,"parent":451,"menu_order":0,"comment_status":"closed","ping_status":"closed","template":"politiker\/torbjorn-ripstrand.php","meta":{"footnotes":""},"local_branch":[],"class_list":["post-489","page","type-page","status-publish","has-post-thumbnail","hentry"],"yoast_head":"<!-- This site is optimized with the Yoast SEO plugin v27.4 - https:\/\/yoast.com\/product\/yoast-seo-wordpress\/ -->\n<title>Torbj\u00f6rn Ripstrand - Ambition Sverige<\/title>\n<meta name=\"robots\" content=\"index, follow, max-snippet:-1, max-image-preview:large, max-video-preview:-1\" \/>\n<link rel=\"canonical\" href=\"https:\/\/ambitionsverige.se\/es\/politico\/torbjorn-ripstrand\/\" \/>\n<meta property=\"og:locale\" content=\"es_ES\" \/>\n<meta property=\"og:type\" content=\"article\" \/>\n<meta property=\"og:title\" content=\"Torbj\u00f6rn Ripstrand - Ambition Sverige\" \/>\n<meta property=\"og:description\" content=\"Torbj\u00f6rn Ripstrand \u00e4r f\u00f6dd i Norrbotten och uppvuxen i \u00c5tvidaberg. Han \u00e4r civilingenj\u00f6r i Teknisk Fysik och Elektroteknik med ett stort intresse f\u00f6r energi- och klimatfr\u00e5gor. Torbj\u00f6rn har framf\u00f6r allt arbetat med produktutveckling inom industrin, men har \u00e4ven under en period varit tj\u00e4nsteman inom kommunal verksamhet. Under de senaste 6 \u00e5ren har Torbj\u00f6rn varit en [&hellip;]\" \/>\n<meta property=\"og:url\" content=\"https:\/\/ambitionsverige.se\/es\/politico\/torbjorn-ripstrand\/\" \/>\n<meta property=\"og:site_name\" content=\"Ambition Sverige\" \/>\n<meta property=\"article:publisher\" content=\"https:\/\/www.facebook.com\/AmbitionSverige\" \/>\n<meta property=\"article:modified_time\" content=\"2026-01-16T08:14:31+00:00\" \/>\n<meta property=\"og:image\" content=\"https:\/\/ambitionsverige.se\/wp-content\/uploads\/2026\/01\/torbjorn-ripstrand.jpg\" \/>\n\t<meta property=\"og:image:width\" content=\"850\" \/>\n\t<meta property=\"og:image:height\" content=\"850\" \/>\n\t<meta property=\"og:image:type\" content=\"image\/jpeg\" \/>\n<meta name=\"twitter:card\" content=\"summary_large_image\" \/>\n<meta name=\"twitter:site\" content=\"@ambitionsverige\" \/>\n<meta name=\"twitter:label1\" content=\"Tiempo de lectura\" \/>\n\t<meta name=\"twitter:data1\" content=\"1 minuto\" \/>\n<script type=\"application\/ld+json\" class=\"yoast-schema-graph\">{\"@context\":\"https:\\\/\\\/schema.org\",\"@graph\":[{\"@type\":\"WebPage\",\"@id\":\"https:\\\/\\\/ambitionsverige.se\\\/politiker\\\/torbjorn-ripstrand\\\/\",\"url\":\"https:\\\/\\\/ambitionsverige.se\\\/politiker\\\/torbjorn-ripstrand\\\/\",\"name\":\"Torbj\u00f6rn Ripstrand - Ambition Sverige\",\"isPartOf\":{\"@id\":\"https:\\\/\\\/ambitionsverige.se\\\/#website\"},\"primaryImageOfPage\":{\"@id\":\"https:\\\/\\\/ambitionsverige.se\\\/politiker\\\/torbjorn-ripstrand\\\/#primaryimage\"},\"image\":{\"@id\":\"https:\\\/\\\/ambitionsverige.se\\\/politiker\\\/torbjorn-ripstrand\\\/#primaryimage\"},\"thumbnailUrl\":\"https:\\\/\\\/ambitionsverige.se\\\/wp-content\\\/uploads\\\/2026\\\/01\\\/torbjorn-ripstrand.jpg\",\"datePublished\":\"2025-10-05T20:37:43+00:00\",\"dateModified\":\"2026-01-16T08:14:31+00:00\",\"breadcrumb\":{\"@id\":\"https:\\\/\\\/ambitionsverige.se\\\/politiker\\\/torbjorn-ripstrand\\\/#breadcrumb\"},\"inLanguage\":\"es\",\"potentialAction\":[{\"@type\":\"ReadAction\",\"target\":[\"https:\\\/\\\/ambitionsverige.se\\\/politiker\\\/torbjorn-ripstrand\\\/\"]}]},{\"@type\":\"ImageObject\",\"inLanguage\":\"es\",\"@id\":\"https:\\\/\\\/ambitionsverige.se\\\/politiker\\\/torbjorn-ripstrand\\\/#primaryimage\",\"url\":\"https:\\\/\\\/ambitionsverige.se\\\/wp-content\\\/uploads\\\/2026\\\/01\\\/torbjorn-ripstrand.jpg\",\"contentUrl\":\"https:\\\/\\\/ambitionsverige.se\\\/wp-content\\\/uploads\\\/2026\\\/01\\\/torbjorn-ripstrand.jpg\",\"width\":850,\"height\":850,\"caption\":\"Torbj\u00f6rn Ripstrand - Ambition Sverige\"},{\"@type\":\"BreadcrumbList\",\"@id\":\"https:\\\/\\\/ambitionsverige.se\\\/politiker\\\/torbjorn-ripstrand\\\/#breadcrumb\",\"itemListElement\":[{\"@type\":\"ListItem\",\"position\":1,\"name\":\"Hem\",\"item\":\"https:\\\/\\\/ambitionsverige.se\\\/\"},{\"@type\":\"ListItem\",\"position\":2,\"name\":\"V\u00e5ra politiker &amp; medarbetare\",\"item\":\"https:\\\/\\\/ambitionsverige.se\\\/politiker\\\/\"},{\"@type\":\"ListItem\",\"position\":3,\"name\":\"Torbj\u00f6rn Ripstrand\"}]},{\"@type\":\"WebSite\",\"@id\":\"https:\\\/\\\/ambitionsverige.se\\\/#website\",\"url\":\"https:\\\/\\\/ambitionsverige.se\\\/\",\"name\":\"Ambition Sverige\",\"description\":\"\",\"publisher\":{\"@id\":\"https:\\\/\\\/ambitionsverige.se\\\/#organization\"},\"potentialAction\":[{\"@type\":\"SearchAction\",\"target\":{\"@type\":\"EntryPoint\",\"urlTemplate\":\"https:\\\/\\\/ambitionsverige.se\\\/?s={search_term_string}\"},\"query-input\":{\"@type\":\"PropertyValueSpecification\",\"valueRequired\":true,\"valueName\":\"search_term_string\"}}],\"inLanguage\":\"es\"},{\"@type\":\"Organization\",\"@id\":\"https:\\\/\\\/ambitionsverige.se\\\/#organization\",\"name\":\"Ambition Sverige\",\"url\":\"https:\\\/\\\/ambitionsverige.se\\\/\",\"logo\":{\"@type\":\"ImageObject\",\"inLanguage\":\"es\",\"@id\":\"https:\\\/\\\/ambitionsverige.se\\\/#\\\/schema\\\/logo\\\/image\\\/\",\"url\":\"https:\\\/\\\/ambitionsverige.se\\\/wp-content\\\/uploads\\\/2025\\\/11\\\/ambition-sverige-logotyp.png\",\"contentUrl\":\"https:\\\/\\\/ambitionsverige.se\\\/wp-content\\\/uploads\\\/2025\\\/11\\\/ambition-sverige-logotyp.png\",\"width\":512,\"height\":512,\"caption\":\"Ambition Sverige\"},\"image\":{\"@id\":\"https:\\\/\\\/ambitionsverige.se\\\/#\\\/schema\\\/logo\\\/image\\\/\"},\"sameAs\":[\"https:\\\/\\\/www.facebook.com\\\/AmbitionSverige\",\"https:\\\/\\\/x.com\\\/ambitionsverige\",\"https:\\\/\\\/www.instagram.com\\\/ambitionsverige\",\"https:\\\/\\\/www.youtube.com\\\/@ambitionsverige1\",\"https:\\\/\\\/t.me\\\/sverigeforst1\"]}]}<\/script>\n<!-- \/ Yoast SEO plugin. -->","yoast_head_json":{"title":"Torbj\u00f6rn Ripstrand - Ambition Sverige","robots":{"index":"index","follow":"follow","max-snippet":"max-snippet:-1","max-image-preview":"max-image-preview:large","max-video-preview":"max-video-preview:-1"},"canonical":"https:\/\/ambitionsverige.se\/es\/politico\/torbjorn-ripstrand\/","og_locale":"es_ES","og_type":"article","og_title":"Torbj\u00f6rn Ripstrand - Ambition Sverige","og_description":"Torbj\u00f6rn Ripstrand \u00e4r f\u00f6dd i Norrbotten och uppvuxen i \u00c5tvidaberg. Han \u00e4r civilingenj\u00f6r i Teknisk Fysik och Elektroteknik med ett stort intresse f\u00f6r energi- och klimatfr\u00e5gor. Torbj\u00f6rn har framf\u00f6r allt arbetat med produktutveckling inom industrin, men har \u00e4ven under en period varit tj\u00e4nsteman inom kommunal verksamhet. Under de senaste 6 \u00e5ren har Torbj\u00f6rn varit en [&hellip;]","og_url":"https:\/\/ambitionsverige.se\/es\/politico\/torbjorn-ripstrand\/","og_site_name":"Ambition Sverige","article_publisher":"https:\/\/www.facebook.com\/AmbitionSverige","article_modified_time":"2026-01-16T08:14:31+00:00","og_image":[{"width":850,"height":850,"url":"https:\/\/ambitionsverige.se\/wp-content\/uploads\/2026\/01\/torbjorn-ripstrand.jpg","type":"image\/jpeg"}],"twitter_card":"summary_large_image","twitter_site":"@ambitionsverige","twitter_misc":{"Tiempo de lectura":"1 minuto"},"schema":{"@context":"https:\/\/schema.org","@graph":[{"@type":"WebPage","@id":"https:\/\/ambitionsverige.se\/politiker\/torbjorn-ripstrand\/","url":"https:\/\/ambitionsverige.se\/politiker\/torbjorn-ripstrand\/","name":"Torbj\u00f6rn Ripstrand - Ambition Sverige","isPartOf":{"@id":"https:\/\/ambitionsverige.se\/#website"},"primaryImageOfPage":{"@id":"https:\/\/ambitionsverige.se\/politiker\/torbjorn-ripstrand\/#primaryimage"},"image":{"@id":"https:\/\/ambitionsverige.se\/politiker\/torbjorn-ripstrand\/#primaryimage"},"thumbnailUrl":"https:\/\/ambitionsverige.se\/wp-content\/uploads\/2026\/01\/torbjorn-ripstrand.jpg","datePublished":"2025-10-05T20:37:43+00:00","dateModified":"2026-01-16T08:14:31+00:00","breadcrumb":{"@id":"https:\/\/ambitionsverige.se\/politiker\/torbjorn-ripstrand\/#breadcrumb"},"inLanguage":"es","potentialAction":[{"@type":"ReadAction","target":["https:\/\/ambitionsverige.se\/politiker\/torbjorn-ripstrand\/"]}]},{"@type":"ImageObject","inLanguage":"es","@id":"https:\/\/ambitionsverige.se\/politiker\/torbjorn-ripstrand\/#primaryimage","url":"https:\/\/ambitionsverige.se\/wp-content\/uploads\/2026\/01\/torbjorn-ripstrand.jpg","contentUrl":"https:\/\/ambitionsverige.se\/wp-content\/uploads\/2026\/01\/torbjorn-ripstrand.jpg","width":850,"height":850,"caption":"Torbj\u00f6rn Ripstrand - Ambition Sverige"},{"@type":"BreadcrumbList","@id":"https:\/\/ambitionsverige.se\/politiker\/torbjorn-ripstrand\/#breadcrumb","itemListElement":[{"@type":"ListItem","position":1,"name":"Hem","item":"https:\/\/ambitionsverige.se\/"},{"@type":"ListItem","position":2,"name":"V\u00e5ra politiker &amp; medarbetare","item":"https:\/\/ambitionsverige.se\/politiker\/"},{"@type":"ListItem","position":3,"name":"Torbj\u00f6rn Ripstrand"}]},{"@type":"WebSite","@id":"https:\/\/ambitionsverige.se\/#website","url":"https:\/\/ambitionsverige.se\/","name":"Ambition Sverige","description":"","publisher":{"@id":"https:\/\/ambitionsverige.se\/#organization"},"potentialAction":[{"@type":"SearchAction","target":{"@type":"EntryPoint","urlTemplate":"https:\/\/ambitionsverige.se\/?s={search_term_string}"},"query-input":{"@type":"PropertyValueSpecification","valueRequired":true,"valueName":"search_term_string"}}],"inLanguage":"es"},{"@type":"Organization","@id":"https:\/\/ambitionsverige.se\/#organization","name":"Ambition Sverige","url":"https:\/\/ambitionsverige.se\/","logo":{"@type":"ImageObject","inLanguage":"es","@id":"https:\/\/ambitionsverige.se\/#\/schema\/logo\/image\/","url":"https:\/\/ambitionsverige.se\/wp-content\/uploads\/2025\/11\/ambition-sverige-logotyp.png","contentUrl":"https:\/\/ambitionsverige.se\/wp-content\/uploads\/2025\/11\/ambition-sverige-logotyp.png","width":512,"height":512,"caption":"Ambition Sverige"},"image":{"@id":"https:\/\/ambitionsverige.se\/#\/schema\/logo\/image\/"},"sameAs":["https:\/\/www.facebook.com\/AmbitionSverige","https:\/\/x.com\/ambitionsverige","https:\/\/www.instagram.com\/ambitionsverige","https:\/\/www.youtube.com\/@ambitionsverige1","https:\/\/t.me\/sverigeforst1"]}]}},"_links":{"self":[{"href":"https:\/\/ambitionsverige.se\/es\/wp-json\/wp\/v2\/pages\/489","targetHints":{"allow":["GET"]}}],"collection":[{"href":"https:\/\/ambitionsverige.se\/es\/wp-json\/wp\/v2\/pages"}],"about":[{"href":"https:\/\/ambitionsverige.se\/es\/wp-json\/wp\/v2\/types\/page"}],"author":[{"embeddable":true,"href":"https:\/\/ambitionsverige.se\/es\/wp-json\/wp\/v2\/users\/1"}],"replies":[{"embeddable":true,"href":"https:\/\/ambitionsverige.se\/es\/wp-json\/wp\/v2\/comments?post=489"}],"version-history":[{"count":3,"href":"https:\/\/ambitionsverige.se\/es\/wp-json\/wp\/v2\/pages\/489\/revisions"}],"predecessor-version":[{"id":1486,"href":"https:\/\/ambitionsverige.se\/es\/wp-json\/wp\/v2\/pages\/489\/revisions\/1486"}],"up":[{"embeddable":true,"href":"https:\/\/ambitionsverige.se\/es\/wp-json\/wp\/v2\/pages\/451"}],"wp:featuredmedia":[{"embeddable":true,"href":"https:\/\/ambitionsverige.se\/es\/wp-json\/wp\/v2\/media\/1484"}],"wp:attachment":[{"href":"https:\/\/ambitionsverige.se\/es\/wp-json\/wp\/v2\/media?parent=489"}],"wp:term":[{"taxonomy":"local_branch","embeddable":true,"href":"https:\/\/ambitionsverige.se\/es\/wp-json\/wp\/v2\/local_branch?post=489"}],"curies":[{"name":"wp","href":"https:\/\/api.w.org\/{rel}","templated":true}]}}