{"id":492,"date":"2025-10-06T00:00:05","date_gmt":"2025-10-05T22:00:05","guid":{"rendered":"https:\/\/ambitionsverige.se\/?page_id=492"},"modified":"2026-02-21T12:02:46","modified_gmt":"2026-02-21T11:02:46","slug":"thomas-akerberg","status":"publish","type":"page","link":"https:\/\/ambitionsverige.se\/es\/politiker\/thomas-akerberg\/","title":{"rendered":"Thomas \u00c5kerberg"},"content":{"rendered":"<p class=\"western\">Thomas procede de Estocolmo. Tiene un MBA por la Escuela de Econom\u00eda de Estocolmo y m\u00e1s de 30 a\u00f1os de experiencia en TI, ventas y puestos directivos.<\/p>\n\n\n\n<p class=\"western\">Thomas es un deportista de \u00e9lite dedicado que vive seg\u00fan el lema \u201duna mente sana en un cuerpo sano\u201d. Thomas tiene un pasado como ol\u00edmpico en esgrima en 1988, y sigue estando entre los mejores del mundo en su categor\u00eda de edad. Hoy trabaja como l\u00edder en este deporte. Thomas es un apasionado de la salud de nuestros hijos, en la que la actividad f\u00edsica, una alimentaci\u00f3n nutritiva y dormir bien son componentes importantes.<\/p>","protected":false},"excerpt":{"rendered":"<p>Thomas kommer fr\u00e5n Stockholm. Han \u00e4r civilekonom fr\u00e5n Handelsh\u00f6gskolan i Stockholm med mer \u00e4n 30 \u00e5rs erfarenhet av IT, f\u00f6rs\u00e4ljning och styrelseuppdrag. Thomas \u00e4r en h\u00e4ngiven elitidrottare som lever efter devisen &#8221;en sund sj\u00e4l i en sund kropp&#8221;. Thomas har ett f\u00f6rflutet som olympier i f\u00e4ktning 1988 &#8211; och \u00e4r fortfarande bland de fr\u00e4msta i [&hellip;]<\/p>\n","protected":false},"author":1,"featured_media":1772,"parent":451,"menu_order":0,"comment_status":"closed","ping_status":"closed","template":"politiker\/thomas-akerberg.php","meta":{"footnotes":""},"local_branch":[],"class_list":["post-492","page","type-page","status-publish","has-post-thumbnail","hentry"],"yoast_head":"<!-- This site is optimized with the Yoast SEO plugin v27.4 - https:\/\/yoast.com\/product\/yoast-seo-wordpress\/ -->\n<title>Thomas \u00c5kerberg - Ambition Sverige<\/title>\n<meta name=\"robots\" content=\"index, follow, max-snippet:-1, max-image-preview:large, max-video-preview:-1\" \/>\n<link rel=\"canonical\" href=\"https:\/\/ambitionsverige.se\/es\/politico\/thomas-akerberg\/\" \/>\n<meta property=\"og:locale\" content=\"es_ES\" \/>\n<meta property=\"og:type\" content=\"article\" \/>\n<meta property=\"og:title\" content=\"Thomas \u00c5kerberg - Ambition Sverige\" \/>\n<meta property=\"og:description\" content=\"Thomas kommer fr\u00e5n Stockholm. Han \u00e4r civilekonom fr\u00e5n Handelsh\u00f6gskolan i Stockholm med mer \u00e4n 30 \u00e5rs erfarenhet av IT, f\u00f6rs\u00e4ljning och styrelseuppdrag. Thomas \u00e4r en h\u00e4ngiven elitidrottare som lever efter devisen &#8221;en sund sj\u00e4l i en sund kropp&#8221;. Thomas har ett f\u00f6rflutet som olympier i f\u00e4ktning 1988 &#8211; och \u00e4r fortfarande bland de fr\u00e4msta i [&hellip;]\" \/>\n<meta property=\"og:url\" content=\"https:\/\/ambitionsverige.se\/es\/politico\/thomas-akerberg\/\" \/>\n<meta property=\"og:site_name\" content=\"Ambition Sverige\" \/>\n<meta property=\"article:publisher\" content=\"https:\/\/www.facebook.com\/AmbitionSverige\" \/>\n<meta property=\"article:modified_time\" content=\"2026-02-21T11:02:46+00:00\" \/>\n<meta property=\"og:image\" content=\"https:\/\/ambitionsverige.se\/wp-content\/uploads\/2026\/02\/thomas-akerberg-new-scaled.jpg\" \/>\n\t<meta property=\"og:image:width\" content=\"2476\" \/>\n\t<meta property=\"og:image:height\" content=\"2560\" \/>\n\t<meta property=\"og:image:type\" content=\"image\/jpeg\" \/>\n<meta name=\"twitter:card\" content=\"summary_large_image\" \/>\n<meta name=\"twitter:site\" content=\"@ambitionsverige\" \/>\n<meta name=\"twitter:label1\" content=\"Tiempo de lectura\" \/>\n\t<meta name=\"twitter:data1\" content=\"1 minuto\" \/>\n<script type=\"application\/ld+json\" class=\"yoast-schema-graph\">{\"@context\":\"https:\\\/\\\/schema.org\",\"@graph\":[{\"@type\":\"WebPage\",\"@id\":\"https:\\\/\\\/ambitionsverige.se\\\/politiker\\\/thomas-akerberg\\\/\",\"url\":\"https:\\\/\\\/ambitionsverige.se\\\/politiker\\\/thomas-akerberg\\\/\",\"name\":\"Thomas \u00c5kerberg - Ambition Sverige\",\"isPartOf\":{\"@id\":\"https:\\\/\\\/ambitionsverige.se\\\/#website\"},\"primaryImageOfPage\":{\"@id\":\"https:\\\/\\\/ambitionsverige.se\\\/politiker\\\/thomas-akerberg\\\/#primaryimage\"},\"image\":{\"@id\":\"https:\\\/\\\/ambitionsverige.se\\\/politiker\\\/thomas-akerberg\\\/#primaryimage\"},\"thumbnailUrl\":\"https:\\\/\\\/ambitionsverige.se\\\/wp-content\\\/uploads\\\/2026\\\/02\\\/thomas-akerberg-new-scaled.jpg\",\"datePublished\":\"2025-10-05T22:00:05+00:00\",\"dateModified\":\"2026-02-21T11:02:46+00:00\",\"breadcrumb\":{\"@id\":\"https:\\\/\\\/ambitionsverige.se\\\/politiker\\\/thomas-akerberg\\\/#breadcrumb\"},\"inLanguage\":\"es\",\"potentialAction\":[{\"@type\":\"ReadAction\",\"target\":[\"https:\\\/\\\/ambitionsverige.se\\\/politiker\\\/thomas-akerberg\\\/\"]}]},{\"@type\":\"ImageObject\",\"inLanguage\":\"es\",\"@id\":\"https:\\\/\\\/ambitionsverige.se\\\/politiker\\\/thomas-akerberg\\\/#primaryimage\",\"url\":\"https:\\\/\\\/ambitionsverige.se\\\/wp-content\\\/uploads\\\/2026\\\/02\\\/thomas-akerberg-new-scaled.jpg\",\"contentUrl\":\"https:\\\/\\\/ambitionsverige.se\\\/wp-content\\\/uploads\\\/2026\\\/02\\\/thomas-akerberg-new-scaled.jpg\",\"width\":2476,\"height\":2560},{\"@type\":\"BreadcrumbList\",\"@id\":\"https:\\\/\\\/ambitionsverige.se\\\/politiker\\\/thomas-akerberg\\\/#breadcrumb\",\"itemListElement\":[{\"@type\":\"ListItem\",\"position\":1,\"name\":\"Hem\",\"item\":\"https:\\\/\\\/ambitionsverige.se\\\/\"},{\"@type\":\"ListItem\",\"position\":2,\"name\":\"V\u00e5ra politiker &amp; medarbetare\",\"item\":\"https:\\\/\\\/ambitionsverige.se\\\/politiker\\\/\"},{\"@type\":\"ListItem\",\"position\":3,\"name\":\"Thomas \u00c5kerberg\"}]},{\"@type\":\"WebSite\",\"@id\":\"https:\\\/\\\/ambitionsverige.se\\\/#website\",\"url\":\"https:\\\/\\\/ambitionsverige.se\\\/\",\"name\":\"Ambition Sverige\",\"description\":\"\",\"publisher\":{\"@id\":\"https:\\\/\\\/ambitionsverige.se\\\/#organization\"},\"potentialAction\":[{\"@type\":\"SearchAction\",\"target\":{\"@type\":\"EntryPoint\",\"urlTemplate\":\"https:\\\/\\\/ambitionsverige.se\\\/?s={search_term_string}\"},\"query-input\":{\"@type\":\"PropertyValueSpecification\",\"valueRequired\":true,\"valueName\":\"search_term_string\"}}],\"inLanguage\":\"es\"},{\"@type\":\"Organization\",\"@id\":\"https:\\\/\\\/ambitionsverige.se\\\/#organization\",\"name\":\"Ambition Sverige\",\"url\":\"https:\\\/\\\/ambitionsverige.se\\\/\",\"logo\":{\"@type\":\"ImageObject\",\"inLanguage\":\"es\",\"@id\":\"https:\\\/\\\/ambitionsverige.se\\\/#\\\/schema\\\/logo\\\/image\\\/\",\"url\":\"https:\\\/\\\/ambitionsverige.se\\\/wp-content\\\/uploads\\\/2025\\\/11\\\/ambition-sverige-logotyp.png\",\"contentUrl\":\"https:\\\/\\\/ambitionsverige.se\\\/wp-content\\\/uploads\\\/2025\\\/11\\\/ambition-sverige-logotyp.png\",\"width\":512,\"height\":512,\"caption\":\"Ambition Sverige\"},\"image\":{\"@id\":\"https:\\\/\\\/ambitionsverige.se\\\/#\\\/schema\\\/logo\\\/image\\\/\"},\"sameAs\":[\"https:\\\/\\\/www.facebook.com\\\/AmbitionSverige\",\"https:\\\/\\\/x.com\\\/ambitionsverige\",\"https:\\\/\\\/www.instagram.com\\\/ambitionsverige\",\"https:\\\/\\\/www.youtube.com\\\/@ambitionsverige1\",\"https:\\\/\\\/t.me\\\/sverigeforst1\"]}]}<\/script>\n<!-- \/ Yoast SEO plugin. -->","yoast_head_json":{"title":"Thomas \u00c5kerberg - Ambition Sverige","robots":{"index":"index","follow":"follow","max-snippet":"max-snippet:-1","max-image-preview":"max-image-preview:large","max-video-preview":"max-video-preview:-1"},"canonical":"https:\/\/ambitionsverige.se\/es\/politico\/thomas-akerberg\/","og_locale":"es_ES","og_type":"article","og_title":"Thomas \u00c5kerberg - Ambition Sverige","og_description":"Thomas kommer fr\u00e5n Stockholm. Han \u00e4r civilekonom fr\u00e5n Handelsh\u00f6gskolan i Stockholm med mer \u00e4n 30 \u00e5rs erfarenhet av IT, f\u00f6rs\u00e4ljning och styrelseuppdrag. Thomas \u00e4r en h\u00e4ngiven elitidrottare som lever efter devisen &#8221;en sund sj\u00e4l i en sund kropp&#8221;. Thomas har ett f\u00f6rflutet som olympier i f\u00e4ktning 1988 &#8211; och \u00e4r fortfarande bland de fr\u00e4msta i [&hellip;]","og_url":"https:\/\/ambitionsverige.se\/es\/politico\/thomas-akerberg\/","og_site_name":"Ambition Sverige","article_publisher":"https:\/\/www.facebook.com\/AmbitionSverige","article_modified_time":"2026-02-21T11:02:46+00:00","og_image":[{"width":2476,"height":2560,"url":"https:\/\/ambitionsverige.se\/wp-content\/uploads\/2026\/02\/thomas-akerberg-new-scaled.jpg","type":"image\/jpeg"}],"twitter_card":"summary_large_image","twitter_site":"@ambitionsverige","twitter_misc":{"Tiempo de lectura":"1 minuto"},"schema":{"@context":"https:\/\/schema.org","@graph":[{"@type":"WebPage","@id":"https:\/\/ambitionsverige.se\/politiker\/thomas-akerberg\/","url":"https:\/\/ambitionsverige.se\/politiker\/thomas-akerberg\/","name":"Thomas \u00c5kerberg - Ambition Sverige","isPartOf":{"@id":"https:\/\/ambitionsverige.se\/#website"},"primaryImageOfPage":{"@id":"https:\/\/ambitionsverige.se\/politiker\/thomas-akerberg\/#primaryimage"},"image":{"@id":"https:\/\/ambitionsverige.se\/politiker\/thomas-akerberg\/#primaryimage"},"thumbnailUrl":"https:\/\/ambitionsverige.se\/wp-content\/uploads\/2026\/02\/thomas-akerberg-new-scaled.jpg","datePublished":"2025-10-05T22:00:05+00:00","dateModified":"2026-02-21T11:02:46+00:00","breadcrumb":{"@id":"https:\/\/ambitionsverige.se\/politiker\/thomas-akerberg\/#breadcrumb"},"inLanguage":"es","potentialAction":[{"@type":"ReadAction","target":["https:\/\/ambitionsverige.se\/politiker\/thomas-akerberg\/"]}]},{"@type":"ImageObject","inLanguage":"es","@id":"https:\/\/ambitionsverige.se\/politiker\/thomas-akerberg\/#primaryimage","url":"https:\/\/ambitionsverige.se\/wp-content\/uploads\/2026\/02\/thomas-akerberg-new-scaled.jpg","contentUrl":"https:\/\/ambitionsverige.se\/wp-content\/uploads\/2026\/02\/thomas-akerberg-new-scaled.jpg","width":2476,"height":2560},{"@type":"BreadcrumbList","@id":"https:\/\/ambitionsverige.se\/politiker\/thomas-akerberg\/#breadcrumb","itemListElement":[{"@type":"ListItem","position":1,"name":"Hem","item":"https:\/\/ambitionsverige.se\/"},{"@type":"ListItem","position":2,"name":"V\u00e5ra politiker &amp; medarbetare","item":"https:\/\/ambitionsverige.se\/politiker\/"},{"@type":"ListItem","position":3,"name":"Thomas \u00c5kerberg"}]},{"@type":"WebSite","@id":"https:\/\/ambitionsverige.se\/#website","url":"https:\/\/ambitionsverige.se\/","name":"Ambition Sverige","description":"","publisher":{"@id":"https:\/\/ambitionsverige.se\/#organization"},"potentialAction":[{"@type":"SearchAction","target":{"@type":"EntryPoint","urlTemplate":"https:\/\/ambitionsverige.se\/?s={search_term_string}"},"query-input":{"@type":"PropertyValueSpecification","valueRequired":true,"valueName":"search_term_string"}}],"inLanguage":"es"},{"@type":"Organization","@id":"https:\/\/ambitionsverige.se\/#organization","name":"Ambition Sverige","url":"https:\/\/ambitionsverige.se\/","logo":{"@type":"ImageObject","inLanguage":"es","@id":"https:\/\/ambitionsverige.se\/#\/schema\/logo\/image\/","url":"https:\/\/ambitionsverige.se\/wp-content\/uploads\/2025\/11\/ambition-sverige-logotyp.png","contentUrl":"https:\/\/ambitionsverige.se\/wp-content\/uploads\/2025\/11\/ambition-sverige-logotyp.png","width":512,"height":512,"caption":"Ambition Sverige"},"image":{"@id":"https:\/\/ambitionsverige.se\/#\/schema\/logo\/image\/"},"sameAs":["https:\/\/www.facebook.com\/AmbitionSverige","https:\/\/x.com\/ambitionsverige","https:\/\/www.instagram.com\/ambitionsverige","https:\/\/www.youtube.com\/@ambitionsverige1","https:\/\/t.me\/sverigeforst1"]}]}},"_links":{"self":[{"href":"https:\/\/ambitionsverige.se\/es\/wp-json\/wp\/v2\/pages\/492","targetHints":{"allow":["GET"]}}],"collection":[{"href":"https:\/\/ambitionsverige.se\/es\/wp-json\/wp\/v2\/pages"}],"about":[{"href":"https:\/\/ambitionsverige.se\/es\/wp-json\/wp\/v2\/types\/page"}],"author":[{"embeddable":true,"href":"https:\/\/ambitionsverige.se\/es\/wp-json\/wp\/v2\/users\/1"}],"replies":[{"embeddable":true,"href":"https:\/\/ambitionsverige.se\/es\/wp-json\/wp\/v2\/comments?post=492"}],"version-history":[{"count":4,"href":"https:\/\/ambitionsverige.se\/es\/wp-json\/wp\/v2\/pages\/492\/revisions"}],"predecessor-version":[{"id":1490,"href":"https:\/\/ambitionsverige.se\/es\/wp-json\/wp\/v2\/pages\/492\/revisions\/1490"}],"up":[{"embeddable":true,"href":"https:\/\/ambitionsverige.se\/es\/wp-json\/wp\/v2\/pages\/451"}],"wp:featuredmedia":[{"embeddable":true,"href":"https:\/\/ambitionsverige.se\/es\/wp-json\/wp\/v2\/media\/1772"}],"wp:attachment":[{"href":"https:\/\/ambitionsverige.se\/es\/wp-json\/wp\/v2\/media?parent=492"}],"wp:term":[{"taxonomy":"local_branch","embeddable":true,"href":"https:\/\/ambitionsverige.se\/es\/wp-json\/wp\/v2\/local_branch?post=492"}],"curies":[{"name":"wp","href":"https:\/\/api.w.org\/{rel}","templated":true}]}}