{"id":50,"date":"2025-05-26T11:45:30","date_gmt":"2025-05-26T09:45:30","guid":{"rendered":"https:\/\/ambitionsverige.se\/?page_id=50"},"modified":"2026-01-16T12:03:44","modified_gmt":"2026-01-16T11:03:44","slug":"politica","status":"publish","type":"page","link":"https:\/\/ambitionsverige.se\/es\/politik\/","title":{"rendered":"Nuestra pol\u00edtica"},"content":{"rendered":"","protected":false},"excerpt":{"rendered":"","protected":false},"author":1,"featured_media":1479,"parent":0,"menu_order":0,"comment_status":"closed","ping_status":"closed","template":"politik.php","meta":{"footnotes":""},"local_branch":[],"class_list":["post-50","page","type-page","status-publish","has-post-thumbnail","hentry"],"yoast_head":"<!-- This site is optimized with the Yoast SEO plugin v27.4 - https:\/\/yoast.com\/product\/yoast-seo-wordpress\/ -->\n<title>V\u00e5r politik - Ambition Sverige<\/title>\n<meta name=\"description\" content=\"L\u00e4s mer om hur vi vill f\u00f6r\u00e4ndra Sverige genom v\u00e5ra 15 politikomr\u00e5den. L\u00e4nk till hela partiprogrammet finns p\u00e5 sidan.\" \/>\n<meta name=\"robots\" content=\"index, follow, max-snippet:-1, max-image-preview:large, max-video-preview:-1\" \/>\n<link rel=\"canonical\" href=\"https:\/\/ambitionsverige.se\/es\/politica\/\" \/>\n<meta property=\"og:locale\" content=\"es_ES\" \/>\n<meta property=\"og:type\" content=\"article\" \/>\n<meta property=\"og:title\" content=\"V\u00e5r politik - Ambition Sverige\" \/>\n<meta property=\"og:description\" content=\"L\u00e4s mer om hur vi vill f\u00f6r\u00e4ndra Sverige genom v\u00e5ra 15 politikomr\u00e5den. L\u00e4nk till hela partiprogrammet finns p\u00e5 sidan.\" \/>\n<meta property=\"og:url\" content=\"https:\/\/ambitionsverige.se\/es\/politica\/\" \/>\n<meta property=\"og:site_name\" content=\"Ambition Sverige\" \/>\n<meta property=\"article:publisher\" content=\"https:\/\/www.facebook.com\/AmbitionSverige\" \/>\n<meta property=\"article:modified_time\" content=\"2026-01-16T11:03:44+00:00\" \/>\n<meta property=\"og:image\" content=\"https:\/\/ambitionsverige.se\/wp-content\/uploads\/2026\/01\/svensk-midsommar.jpg\" \/>\n\t<meta property=\"og:image:width\" content=\"1920\" \/>\n\t<meta property=\"og:image:height\" content=\"1280\" \/>\n\t<meta property=\"og:image:type\" content=\"image\/jpeg\" \/>\n<meta name=\"twitter:card\" content=\"summary_large_image\" \/>\n<meta name=\"twitter:site\" content=\"@ambitionsverige\" \/>\n<meta name=\"twitter:label1\" content=\"Tiempo de lectura\" \/>\n\t<meta name=\"twitter:data1\" content=\"1 minuto\" \/>\n<script type=\"application\/ld+json\" class=\"yoast-schema-graph\">{\"@context\":\"https:\\\/\\\/schema.org\",\"@graph\":[{\"@type\":\"WebPage\",\"@id\":\"https:\\\/\\\/ambitionsverige.se\\\/politik\\\/\",\"url\":\"https:\\\/\\\/ambitionsverige.se\\\/politik\\\/\",\"name\":\"V\u00e5r politik - Ambition Sverige\",\"isPartOf\":{\"@id\":\"https:\\\/\\\/ambitionsverige.se\\\/#website\"},\"primaryImageOfPage\":{\"@id\":\"https:\\\/\\\/ambitionsverige.se\\\/politik\\\/#primaryimage\"},\"image\":{\"@id\":\"https:\\\/\\\/ambitionsverige.se\\\/politik\\\/#primaryimage\"},\"thumbnailUrl\":\"https:\\\/\\\/ambitionsverige.se\\\/wp-content\\\/uploads\\\/2026\\\/01\\\/svensk-midsommar.jpg\",\"datePublished\":\"2025-05-26T09:45:30+00:00\",\"dateModified\":\"2026-01-16T11:03:44+00:00\",\"description\":\"L\u00e4s mer om hur vi vill f\u00f6r\u00e4ndra Sverige genom v\u00e5ra 15 politikomr\u00e5den. L\u00e4nk till hela partiprogrammet finns p\u00e5 sidan.\",\"breadcrumb\":{\"@id\":\"https:\\\/\\\/ambitionsverige.se\\\/politik\\\/#breadcrumb\"},\"inLanguage\":\"es\",\"potentialAction\":[{\"@type\":\"ReadAction\",\"target\":[\"https:\\\/\\\/ambitionsverige.se\\\/politik\\\/\"]}]},{\"@type\":\"ImageObject\",\"inLanguage\":\"es\",\"@id\":\"https:\\\/\\\/ambitionsverige.se\\\/politik\\\/#primaryimage\",\"url\":\"https:\\\/\\\/ambitionsverige.se\\\/wp-content\\\/uploads\\\/2026\\\/01\\\/svensk-midsommar.jpg\",\"contentUrl\":\"https:\\\/\\\/ambitionsverige.se\\\/wp-content\\\/uploads\\\/2026\\\/01\\\/svensk-midsommar.jpg\",\"width\":1920,\"height\":1280,\"caption\":\"Svensk midsommar\"},{\"@type\":\"BreadcrumbList\",\"@id\":\"https:\\\/\\\/ambitionsverige.se\\\/politik\\\/#breadcrumb\",\"itemListElement\":[{\"@type\":\"ListItem\",\"position\":1,\"name\":\"Hem\",\"item\":\"https:\\\/\\\/ambitionsverige.se\\\/\"},{\"@type\":\"ListItem\",\"position\":2,\"name\":\"V\u00e5r politik\"}]},{\"@type\":\"WebSite\",\"@id\":\"https:\\\/\\\/ambitionsverige.se\\\/#website\",\"url\":\"https:\\\/\\\/ambitionsverige.se\\\/\",\"name\":\"Ambition Sverige\",\"description\":\"\",\"publisher\":{\"@id\":\"https:\\\/\\\/ambitionsverige.se\\\/#organization\"},\"potentialAction\":[{\"@type\":\"SearchAction\",\"target\":{\"@type\":\"EntryPoint\",\"urlTemplate\":\"https:\\\/\\\/ambitionsverige.se\\\/?s={search_term_string}\"},\"query-input\":{\"@type\":\"PropertyValueSpecification\",\"valueRequired\":true,\"valueName\":\"search_term_string\"}}],\"inLanguage\":\"es\"},{\"@type\":\"Organization\",\"@id\":\"https:\\\/\\\/ambitionsverige.se\\\/#organization\",\"name\":\"Ambition Sverige\",\"url\":\"https:\\\/\\\/ambitionsverige.se\\\/\",\"logo\":{\"@type\":\"ImageObject\",\"inLanguage\":\"es\",\"@id\":\"https:\\\/\\\/ambitionsverige.se\\\/#\\\/schema\\\/logo\\\/image\\\/\",\"url\":\"https:\\\/\\\/ambitionsverige.se\\\/wp-content\\\/uploads\\\/2025\\\/11\\\/ambition-sverige-logotyp.png\",\"contentUrl\":\"https:\\\/\\\/ambitionsverige.se\\\/wp-content\\\/uploads\\\/2025\\\/11\\\/ambition-sverige-logotyp.png\",\"width\":512,\"height\":512,\"caption\":\"Ambition Sverige\"},\"image\":{\"@id\":\"https:\\\/\\\/ambitionsverige.se\\\/#\\\/schema\\\/logo\\\/image\\\/\"},\"sameAs\":[\"https:\\\/\\\/www.facebook.com\\\/AmbitionSverige\",\"https:\\\/\\\/x.com\\\/ambitionsverige\",\"https:\\\/\\\/www.instagram.com\\\/ambitionsverige\",\"https:\\\/\\\/www.youtube.com\\\/@ambitionsverige1\",\"https:\\\/\\\/t.me\\\/sverigeforst1\"]}]}<\/script>\n<!-- \/ Yoast SEO plugin. -->","yoast_head_json":{"title":"Nuestra pol\u00edtica - Ambition Sverige","description":"M\u00e1s informaci\u00f3n sobre c\u00f3mo queremos cambiar Suecia a trav\u00e9s de nuestras 15 \u00e1reas pol\u00edticas. Enlace al programa completo del partido en esta p\u00e1gina.","robots":{"index":"index","follow":"follow","max-snippet":"max-snippet:-1","max-image-preview":"max-image-preview:large","max-video-preview":"max-video-preview:-1"},"canonical":"https:\/\/ambitionsverige.se\/es\/politica\/","og_locale":"es_ES","og_type":"article","og_title":"V\u00e5r politik - Ambition Sverige","og_description":"L\u00e4s mer om hur vi vill f\u00f6r\u00e4ndra Sverige genom v\u00e5ra 15 politikomr\u00e5den. L\u00e4nk till hela partiprogrammet finns p\u00e5 sidan.","og_url":"https:\/\/ambitionsverige.se\/es\/politica\/","og_site_name":"Ambition Sverige","article_publisher":"https:\/\/www.facebook.com\/AmbitionSverige","article_modified_time":"2026-01-16T11:03:44+00:00","og_image":[{"width":1920,"height":1280,"url":"https:\/\/ambitionsverige.se\/wp-content\/uploads\/2026\/01\/svensk-midsommar.jpg","type":"image\/jpeg"}],"twitter_card":"summary_large_image","twitter_site":"@ambitionsverige","twitter_misc":{"Tiempo de lectura":"1 minuto"},"schema":{"@context":"https:\/\/schema.org","@graph":[{"@type":"WebPage","@id":"https:\/\/ambitionsverige.se\/politik\/","url":"https:\/\/ambitionsverige.se\/politik\/","name":"Nuestra pol\u00edtica - Ambition Sverige","isPartOf":{"@id":"https:\/\/ambitionsverige.se\/#website"},"primaryImageOfPage":{"@id":"https:\/\/ambitionsverige.se\/politik\/#primaryimage"},"image":{"@id":"https:\/\/ambitionsverige.se\/politik\/#primaryimage"},"thumbnailUrl":"https:\/\/ambitionsverige.se\/wp-content\/uploads\/2026\/01\/svensk-midsommar.jpg","datePublished":"2025-05-26T09:45:30+00:00","dateModified":"2026-01-16T11:03:44+00:00","description":"M\u00e1s informaci\u00f3n sobre c\u00f3mo queremos cambiar Suecia a trav\u00e9s de nuestras 15 \u00e1reas pol\u00edticas. Enlace al programa completo del partido en esta p\u00e1gina.","breadcrumb":{"@id":"https:\/\/ambitionsverige.se\/politik\/#breadcrumb"},"inLanguage":"es","potentialAction":[{"@type":"ReadAction","target":["https:\/\/ambitionsverige.se\/politik\/"]}]},{"@type":"ImageObject","inLanguage":"es","@id":"https:\/\/ambitionsverige.se\/politik\/#primaryimage","url":"https:\/\/ambitionsverige.se\/wp-content\/uploads\/2026\/01\/svensk-midsommar.jpg","contentUrl":"https:\/\/ambitionsverige.se\/wp-content\/uploads\/2026\/01\/svensk-midsommar.jpg","width":1920,"height":1280,"caption":"Svensk midsommar"},{"@type":"BreadcrumbList","@id":"https:\/\/ambitionsverige.se\/politik\/#breadcrumb","itemListElement":[{"@type":"ListItem","position":1,"name":"Hem","item":"https:\/\/ambitionsverige.se\/"},{"@type":"ListItem","position":2,"name":"V\u00e5r politik"}]},{"@type":"WebSite","@id":"https:\/\/ambitionsverige.se\/#website","url":"https:\/\/ambitionsverige.se\/","name":"Ambition Sverige","description":"","publisher":{"@id":"https:\/\/ambitionsverige.se\/#organization"},"potentialAction":[{"@type":"SearchAction","target":{"@type":"EntryPoint","urlTemplate":"https:\/\/ambitionsverige.se\/?s={search_term_string}"},"query-input":{"@type":"PropertyValueSpecification","valueRequired":true,"valueName":"search_term_string"}}],"inLanguage":"es"},{"@type":"Organization","@id":"https:\/\/ambitionsverige.se\/#organization","name":"Ambition Sverige","url":"https:\/\/ambitionsverige.se\/","logo":{"@type":"ImageObject","inLanguage":"es","@id":"https:\/\/ambitionsverige.se\/#\/schema\/logo\/image\/","url":"https:\/\/ambitionsverige.se\/wp-content\/uploads\/2025\/11\/ambition-sverige-logotyp.png","contentUrl":"https:\/\/ambitionsverige.se\/wp-content\/uploads\/2025\/11\/ambition-sverige-logotyp.png","width":512,"height":512,"caption":"Ambition Sverige"},"image":{"@id":"https:\/\/ambitionsverige.se\/#\/schema\/logo\/image\/"},"sameAs":["https:\/\/www.facebook.com\/AmbitionSverige","https:\/\/x.com\/ambitionsverige","https:\/\/www.instagram.com\/ambitionsverige","https:\/\/www.youtube.com\/@ambitionsverige1","https:\/\/t.me\/sverigeforst1"]}]}},"_links":{"self":[{"href":"https:\/\/ambitionsverige.se\/es\/wp-json\/wp\/v2\/pages\/50","targetHints":{"allow":["GET"]}}],"collection":[{"href":"https:\/\/ambitionsverige.se\/es\/wp-json\/wp\/v2\/pages"}],"about":[{"href":"https:\/\/ambitionsverige.se\/es\/wp-json\/wp\/v2\/types\/page"}],"author":[{"embeddable":true,"href":"https:\/\/ambitionsverige.se\/es\/wp-json\/wp\/v2\/users\/1"}],"replies":[{"embeddable":true,"href":"https:\/\/ambitionsverige.se\/es\/wp-json\/wp\/v2\/comments?post=50"}],"version-history":[{"count":2,"href":"https:\/\/ambitionsverige.se\/es\/wp-json\/wp\/v2\/pages\/50\/revisions"}],"predecessor-version":[{"id":1618,"href":"https:\/\/ambitionsverige.se\/es\/wp-json\/wp\/v2\/pages\/50\/revisions\/1618"}],"wp:featuredmedia":[{"embeddable":true,"href":"https:\/\/ambitionsverige.se\/es\/wp-json\/wp\/v2\/media\/1479"}],"wp:attachment":[{"href":"https:\/\/ambitionsverige.se\/es\/wp-json\/wp\/v2\/media?parent=50"}],"wp:term":[{"taxonomy":"local_branch","embeddable":true,"href":"https:\/\/ambitionsverige.se\/es\/wp-json\/wp\/v2\/local_branch?post=50"}],"curies":[{"name":"wp","href":"https:\/\/api.w.org\/{rel}","templated":true}]}}