{"id":501,"date":"2025-10-06T00:19:14","date_gmt":"2025-10-05T22:19:14","guid":{"rendered":"https:\/\/ambitionsverige.se\/?page_id=501"},"modified":"2026-02-22T13:24:51","modified_gmt":"2026-02-22T12:24:51","slug":"andreas-jansson","status":"publish","type":"page","link":"https:\/\/ambitionsverige.se\/es\/politiker\/andreas-jansson\/","title":{"rendered":"Andreas Jansson"},"content":{"rendered":"<p>Andreas \u00e4r civilekonom och har v\u00e4xt upp i b\u00e5de Sverige och Saudiarabien. Han har tidigare varit ordf\u00f6rande i Unga Aktiesparare. I dag \u00e4r han styrelseledamot i Medborgarr\u00e4ttsr\u00f6relsen i Sverige, medlem i F\u00f6reningen f\u00f6r lagstiftningsl\u00e4ra och har p\u00e5b\u00f6rjat masterstudier i bevisteori.<\/p>\n\n\n\n<p>Andreas arbetar med att utveckla AI-modeller och mjukvara f\u00f6r mer r\u00e4ttss\u00e4kra och opartiska r\u00e4ttsprocesser. Han utvecklar \u00e4ven AI-st\u00f6d f\u00f6r lagstiftning. Som f\u00f6rfattare och r\u00e4ttspolitisk skribent inom medborgarr\u00e4ttsr\u00f6relsen granskar han lagstiftning och r\u00e4ttsfall med hj\u00e4lp av AI.<\/p>\n\n\n\n<p>Genom sin frilansverksamhet som AI-konsult f\u00f6rs\u00f6ker Andreas st\u00f6tta r\u00e4ttsv\u00e4sendet praktiskt. Under \u00e5ren har han utbildat domare, jurister och polischefer i hur AI kan anv\u00e4ndas i deras arbete. Hans viktigaste fr\u00e5gor g\u00e4ller inf\u00f6randet av ett fungerande tj\u00e4nstemannaansvar i praktiken samt en reell implementering av Europakonventionens m\u00e4nskliga r\u00e4ttigheter, s\u00e5 att medborgarna skyddas mot maktmissbruk och f\u00e5r konkret hj\u00e4lp n\u00e4r staten beg\u00e5r fel.<\/p>","protected":false},"excerpt":{"rendered":"<p>Andreas \u00e4r civilekonom och har v\u00e4xt upp i b\u00e5de Sverige och Saudiarabien. Han har tidigare varit ordf\u00f6rande i Unga Aktiesparare. I dag \u00e4r han styrelseledamot i Medborgarr\u00e4ttsr\u00f6relsen i Sverige, medlem i F\u00f6reningen f\u00f6r lagstiftningsl\u00e4ra och har p\u00e5b\u00f6rjat masterstudier i bevisteori. Andreas arbetar med att utveckla AI-modeller och mjukvara f\u00f6r mer r\u00e4ttss\u00e4kra och opartiska r\u00e4ttsprocesser. Han [&hellip;]<\/p>\n","protected":false},"author":1,"featured_media":1654,"parent":451,"menu_order":0,"comment_status":"closed","ping_status":"closed","template":"politiker\/andreas-jansson.php","meta":{"footnotes":""},"local_branch":[],"class_list":["post-501","page","type-page","status-publish","has-post-thumbnail","hentry"],"yoast_head":"<!-- This site is optimized with the Yoast SEO plugin v27.4 - https:\/\/yoast.com\/product\/yoast-seo-wordpress\/ -->\n<title>Andreas Jansson - Ambition Sverige<\/title>\n<meta name=\"robots\" content=\"index, follow, max-snippet:-1, max-image-preview:large, max-video-preview:-1\" \/>\n<link rel=\"canonical\" href=\"https:\/\/ambitionsverige.se\/es\/politico\/andreas-jansson\/\" \/>\n<meta property=\"og:locale\" content=\"es_ES\" \/>\n<meta property=\"og:type\" content=\"article\" \/>\n<meta property=\"og:title\" content=\"Andreas Jansson - Ambition Sverige\" \/>\n<meta property=\"og:description\" content=\"Andreas \u00e4r civilekonom och har v\u00e4xt upp i b\u00e5de Sverige och Saudiarabien. Han har tidigare varit ordf\u00f6rande i Unga Aktiesparare. I dag \u00e4r han styrelseledamot i Medborgarr\u00e4ttsr\u00f6relsen i Sverige, medlem i F\u00f6reningen f\u00f6r lagstiftningsl\u00e4ra och har p\u00e5b\u00f6rjat masterstudier i bevisteori. Andreas arbetar med att utveckla AI-modeller och mjukvara f\u00f6r mer r\u00e4ttss\u00e4kra och opartiska r\u00e4ttsprocesser. Han [&hellip;]\" \/>\n<meta property=\"og:url\" content=\"https:\/\/ambitionsverige.se\/es\/politico\/andreas-jansson\/\" \/>\n<meta property=\"og:site_name\" content=\"Ambition Sverige\" \/>\n<meta property=\"article:publisher\" content=\"https:\/\/www.facebook.com\/AmbitionSverige\" \/>\n<meta property=\"article:modified_time\" content=\"2026-02-22T12:24:51+00:00\" \/>\n<meta property=\"og:image\" content=\"https:\/\/ambitionsverige.se\/wp-content\/uploads\/2026\/02\/person.png\" \/>\n\t<meta property=\"og:image:width\" content=\"800\" \/>\n\t<meta property=\"og:image:height\" content=\"800\" \/>\n\t<meta property=\"og:image:type\" content=\"image\/png\" \/>\n<meta name=\"twitter:card\" content=\"summary_large_image\" \/>\n<meta name=\"twitter:site\" content=\"@ambitionsverige\" \/>\n<meta name=\"twitter:label1\" content=\"Tiempo de lectura\" \/>\n\t<meta name=\"twitter:data1\" content=\"1 minuto\" \/>\n<script type=\"application\/ld+json\" class=\"yoast-schema-graph\">{\"@context\":\"https:\\\/\\\/schema.org\",\"@graph\":[{\"@type\":\"WebPage\",\"@id\":\"https:\\\/\\\/ambitionsverige.se\\\/politiker\\\/andreas-jansson\\\/\",\"url\":\"https:\\\/\\\/ambitionsverige.se\\\/politiker\\\/andreas-jansson\\\/\",\"name\":\"Andreas Jansson - Ambition Sverige\",\"isPartOf\":{\"@id\":\"https:\\\/\\\/ambitionsverige.se\\\/#website\"},\"primaryImageOfPage\":{\"@id\":\"https:\\\/\\\/ambitionsverige.se\\\/politiker\\\/andreas-jansson\\\/#primaryimage\"},\"image\":{\"@id\":\"https:\\\/\\\/ambitionsverige.se\\\/politiker\\\/andreas-jansson\\\/#primaryimage\"},\"thumbnailUrl\":\"https:\\\/\\\/ambitionsverige.se\\\/wp-content\\\/uploads\\\/2026\\\/02\\\/person.png\",\"datePublished\":\"2025-10-05T22:19:14+00:00\",\"dateModified\":\"2026-02-22T12:24:51+00:00\",\"breadcrumb\":{\"@id\":\"https:\\\/\\\/ambitionsverige.se\\\/politiker\\\/andreas-jansson\\\/#breadcrumb\"},\"inLanguage\":\"es\",\"potentialAction\":[{\"@type\":\"ReadAction\",\"target\":[\"https:\\\/\\\/ambitionsverige.se\\\/politiker\\\/andreas-jansson\\\/\"]}]},{\"@type\":\"ImageObject\",\"inLanguage\":\"es\",\"@id\":\"https:\\\/\\\/ambitionsverige.se\\\/politiker\\\/andreas-jansson\\\/#primaryimage\",\"url\":\"https:\\\/\\\/ambitionsverige.se\\\/wp-content\\\/uploads\\\/2026\\\/02\\\/person.png\",\"contentUrl\":\"https:\\\/\\\/ambitionsverige.se\\\/wp-content\\\/uploads\\\/2026\\\/02\\\/person.png\",\"width\":800,\"height\":800},{\"@type\":\"BreadcrumbList\",\"@id\":\"https:\\\/\\\/ambitionsverige.se\\\/politiker\\\/andreas-jansson\\\/#breadcrumb\",\"itemListElement\":[{\"@type\":\"ListItem\",\"position\":1,\"name\":\"Hem\",\"item\":\"https:\\\/\\\/ambitionsverige.se\\\/\"},{\"@type\":\"ListItem\",\"position\":2,\"name\":\"V\u00e5ra politiker &amp; medarbetare\",\"item\":\"https:\\\/\\\/ambitionsverige.se\\\/politiker\\\/\"},{\"@type\":\"ListItem\",\"position\":3,\"name\":\"Andreas Jansson\"}]},{\"@type\":\"WebSite\",\"@id\":\"https:\\\/\\\/ambitionsverige.se\\\/#website\",\"url\":\"https:\\\/\\\/ambitionsverige.se\\\/\",\"name\":\"Ambition Sverige\",\"description\":\"\",\"publisher\":{\"@id\":\"https:\\\/\\\/ambitionsverige.se\\\/#organization\"},\"potentialAction\":[{\"@type\":\"SearchAction\",\"target\":{\"@type\":\"EntryPoint\",\"urlTemplate\":\"https:\\\/\\\/ambitionsverige.se\\\/?s={search_term_string}\"},\"query-input\":{\"@type\":\"PropertyValueSpecification\",\"valueRequired\":true,\"valueName\":\"search_term_string\"}}],\"inLanguage\":\"es\"},{\"@type\":\"Organization\",\"@id\":\"https:\\\/\\\/ambitionsverige.se\\\/#organization\",\"name\":\"Ambition Sverige\",\"url\":\"https:\\\/\\\/ambitionsverige.se\\\/\",\"logo\":{\"@type\":\"ImageObject\",\"inLanguage\":\"es\",\"@id\":\"https:\\\/\\\/ambitionsverige.se\\\/#\\\/schema\\\/logo\\\/image\\\/\",\"url\":\"https:\\\/\\\/ambitionsverige.se\\\/wp-content\\\/uploads\\\/2025\\\/11\\\/ambition-sverige-logotyp.png\",\"contentUrl\":\"https:\\\/\\\/ambitionsverige.se\\\/wp-content\\\/uploads\\\/2025\\\/11\\\/ambition-sverige-logotyp.png\",\"width\":512,\"height\":512,\"caption\":\"Ambition Sverige\"},\"image\":{\"@id\":\"https:\\\/\\\/ambitionsverige.se\\\/#\\\/schema\\\/logo\\\/image\\\/\"},\"sameAs\":[\"https:\\\/\\\/www.facebook.com\\\/AmbitionSverige\",\"https:\\\/\\\/x.com\\\/ambitionsverige\",\"https:\\\/\\\/www.instagram.com\\\/ambitionsverige\",\"https:\\\/\\\/www.youtube.com\\\/@ambitionsverige1\",\"https:\\\/\\\/t.me\\\/sverigeforst1\"]}]}<\/script>\n<!-- \/ Yoast SEO plugin. -->","yoast_head_json":{"title":"Andreas Jansson - Ambition Sverige","robots":{"index":"index","follow":"follow","max-snippet":"max-snippet:-1","max-image-preview":"max-image-preview:large","max-video-preview":"max-video-preview:-1"},"canonical":"https:\/\/ambitionsverige.se\/es\/politico\/andreas-jansson\/","og_locale":"es_ES","og_type":"article","og_title":"Andreas Jansson - Ambition Sverige","og_description":"Andreas \u00e4r civilekonom och har v\u00e4xt upp i b\u00e5de Sverige och Saudiarabien. Han har tidigare varit ordf\u00f6rande i Unga Aktiesparare. I dag \u00e4r han styrelseledamot i Medborgarr\u00e4ttsr\u00f6relsen i Sverige, medlem i F\u00f6reningen f\u00f6r lagstiftningsl\u00e4ra och har p\u00e5b\u00f6rjat masterstudier i bevisteori. Andreas arbetar med att utveckla AI-modeller och mjukvara f\u00f6r mer r\u00e4ttss\u00e4kra och opartiska r\u00e4ttsprocesser. Han [&hellip;]","og_url":"https:\/\/ambitionsverige.se\/es\/politico\/andreas-jansson\/","og_site_name":"Ambition Sverige","article_publisher":"https:\/\/www.facebook.com\/AmbitionSverige","article_modified_time":"2026-02-22T12:24:51+00:00","og_image":[{"width":800,"height":800,"url":"https:\/\/ambitionsverige.se\/wp-content\/uploads\/2026\/02\/person.png","type":"image\/png"}],"twitter_card":"summary_large_image","twitter_site":"@ambitionsverige","twitter_misc":{"Tiempo de lectura":"1 minuto"},"schema":{"@context":"https:\/\/schema.org","@graph":[{"@type":"WebPage","@id":"https:\/\/ambitionsverige.se\/politiker\/andreas-jansson\/","url":"https:\/\/ambitionsverige.se\/politiker\/andreas-jansson\/","name":"Andreas Jansson - Ambition Sverige","isPartOf":{"@id":"https:\/\/ambitionsverige.se\/#website"},"primaryImageOfPage":{"@id":"https:\/\/ambitionsverige.se\/politiker\/andreas-jansson\/#primaryimage"},"image":{"@id":"https:\/\/ambitionsverige.se\/politiker\/andreas-jansson\/#primaryimage"},"thumbnailUrl":"https:\/\/ambitionsverige.se\/wp-content\/uploads\/2026\/02\/person.png","datePublished":"2025-10-05T22:19:14+00:00","dateModified":"2026-02-22T12:24:51+00:00","breadcrumb":{"@id":"https:\/\/ambitionsverige.se\/politiker\/andreas-jansson\/#breadcrumb"},"inLanguage":"es","potentialAction":[{"@type":"ReadAction","target":["https:\/\/ambitionsverige.se\/politiker\/andreas-jansson\/"]}]},{"@type":"ImageObject","inLanguage":"es","@id":"https:\/\/ambitionsverige.se\/politiker\/andreas-jansson\/#primaryimage","url":"https:\/\/ambitionsverige.se\/wp-content\/uploads\/2026\/02\/person.png","contentUrl":"https:\/\/ambitionsverige.se\/wp-content\/uploads\/2026\/02\/person.png","width":800,"height":800},{"@type":"BreadcrumbList","@id":"https:\/\/ambitionsverige.se\/politiker\/andreas-jansson\/#breadcrumb","itemListElement":[{"@type":"ListItem","position":1,"name":"Hem","item":"https:\/\/ambitionsverige.se\/"},{"@type":"ListItem","position":2,"name":"V\u00e5ra politiker &amp; medarbetare","item":"https:\/\/ambitionsverige.se\/politiker\/"},{"@type":"ListItem","position":3,"name":"Andreas Jansson"}]},{"@type":"WebSite","@id":"https:\/\/ambitionsverige.se\/#website","url":"https:\/\/ambitionsverige.se\/","name":"Ambition Sverige","description":"","publisher":{"@id":"https:\/\/ambitionsverige.se\/#organization"},"potentialAction":[{"@type":"SearchAction","target":{"@type":"EntryPoint","urlTemplate":"https:\/\/ambitionsverige.se\/?s={search_term_string}"},"query-input":{"@type":"PropertyValueSpecification","valueRequired":true,"valueName":"search_term_string"}}],"inLanguage":"es"},{"@type":"Organization","@id":"https:\/\/ambitionsverige.se\/#organization","name":"Ambition Sverige","url":"https:\/\/ambitionsverige.se\/","logo":{"@type":"ImageObject","inLanguage":"es","@id":"https:\/\/ambitionsverige.se\/#\/schema\/logo\/image\/","url":"https:\/\/ambitionsverige.se\/wp-content\/uploads\/2025\/11\/ambition-sverige-logotyp.png","contentUrl":"https:\/\/ambitionsverige.se\/wp-content\/uploads\/2025\/11\/ambition-sverige-logotyp.png","width":512,"height":512,"caption":"Ambition Sverige"},"image":{"@id":"https:\/\/ambitionsverige.se\/#\/schema\/logo\/image\/"},"sameAs":["https:\/\/www.facebook.com\/AmbitionSverige","https:\/\/x.com\/ambitionsverige","https:\/\/www.instagram.com\/ambitionsverige","https:\/\/www.youtube.com\/@ambitionsverige1","https:\/\/t.me\/sverigeforst1"]}]}},"_links":{"self":[{"href":"https:\/\/ambitionsverige.se\/es\/wp-json\/wp\/v2\/pages\/501","targetHints":{"allow":["GET"]}}],"collection":[{"href":"https:\/\/ambitionsverige.se\/es\/wp-json\/wp\/v2\/pages"}],"about":[{"href":"https:\/\/ambitionsverige.se\/es\/wp-json\/wp\/v2\/types\/page"}],"author":[{"embeddable":true,"href":"https:\/\/ambitionsverige.se\/es\/wp-json\/wp\/v2\/users\/1"}],"replies":[{"embeddable":true,"href":"https:\/\/ambitionsverige.se\/es\/wp-json\/wp\/v2\/comments?post=501"}],"version-history":[{"count":5,"href":"https:\/\/ambitionsverige.se\/es\/wp-json\/wp\/v2\/pages\/501\/revisions"}],"predecessor-version":[{"id":1673,"href":"https:\/\/ambitionsverige.se\/es\/wp-json\/wp\/v2\/pages\/501\/revisions\/1673"}],"up":[{"embeddable":true,"href":"https:\/\/ambitionsverige.se\/es\/wp-json\/wp\/v2\/pages\/451"}],"wp:featuredmedia":[{"embeddable":true,"href":"https:\/\/ambitionsverige.se\/es\/wp-json\/wp\/v2\/media\/1654"}],"wp:attachment":[{"href":"https:\/\/ambitionsverige.se\/es\/wp-json\/wp\/v2\/media?parent=501"}],"wp:term":[{"taxonomy":"local_branch","embeddable":true,"href":"https:\/\/ambitionsverige.se\/es\/wp-json\/wp\/v2\/local_branch?post=501"}],"curies":[{"name":"wp","href":"https:\/\/api.w.org\/{rel}","templated":true}]}}