{"id":510,"date":"2025-10-06T08:48:26","date_gmt":"2025-10-06T06:48:26","guid":{"rendered":"https:\/\/ambitionsverige.se\/?page_id=510"},"modified":"2026-02-21T12:00:26","modified_gmt":"2026-02-21T11:00:26","slug":"anders-hedberg","status":"publish","type":"page","link":"https:\/\/ambitionsverige.se\/es\/politiker\/anders-hedberg\/","title":{"rendered":"Anders Hedberg"},"content":{"rendered":"<p class=\"western\">Anders procede de Hanebo, en Bolln\u00e4s, y es agricultor a tiempo completo. Creci\u00f3 en una larga tradici\u00f3n agr\u00edcola y forestal. Hasta 2005, Anders ten\u00eda vacas lecheras, pero ahora tiene un reba\u00f1o de vacas que mantienen el paisaje abierto en Hanebo y Segersta. Dirige su propio negocio forestal y antes tuvo una empresa de contrataci\u00f3n forestal.<\/p>\n\n\n\n<p class=\"western\">Ya en su juventud, Anders particip\u00f3 en asuntos relacionados con la agricultura y la silvicultura; entre otras cosas, fue presidente del departamento local de LRF. Le apasiona la producci\u00f3n local de alimentos y le gusta destacar el importante papel de los animales de pasto en el paisaje cultural. Cuando tiene tiempo libre, a Anders le gusta dedicarse al tiro deportivo.<\/p>","protected":false},"excerpt":{"rendered":"<p>Anders kommer fr\u00e5n Hanebo i Bolln\u00e4s och \u00e4r heltidslantbrukare. Han \u00e4r uppvuxen i en l\u00e5ng jord- och skogsbrukstradition. Fram till 2005 hade Anders mj\u00f6lkkor, nu \u00e4r det en dikobes\u00e4ttning som h\u00e5ller landskapet \u00f6ppet i Hanebo- och Segerstabygden. Han bedriver eget skogsbruk och har tidigare haft ett f\u00f6retag inom skogsentrepenad. Redan i ungdomen var Anders engagerad [&hellip;]<\/p>\n","protected":false},"author":1,"featured_media":1506,"parent":451,"menu_order":0,"comment_status":"closed","ping_status":"closed","template":"politiker\/anders-hedberg.php","meta":{"footnotes":""},"local_branch":[],"class_list":["post-510","page","type-page","status-publish","has-post-thumbnail","hentry"],"yoast_head":"<!-- This site is optimized with the Yoast SEO plugin v27.4 - https:\/\/yoast.com\/product\/yoast-seo-wordpress\/ -->\n<title>Anders Hedberg - Ambition Sverige<\/title>\n<meta name=\"robots\" content=\"index, follow, max-snippet:-1, max-image-preview:large, max-video-preview:-1\" \/>\n<link rel=\"canonical\" href=\"https:\/\/ambitionsverige.se\/es\/politico\/anders-hedberg\/\" \/>\n<meta property=\"og:locale\" content=\"es_ES\" \/>\n<meta property=\"og:type\" content=\"article\" \/>\n<meta property=\"og:title\" content=\"Anders Hedberg - Ambition Sverige\" \/>\n<meta property=\"og:description\" content=\"Anders kommer fr\u00e5n Hanebo i Bolln\u00e4s och \u00e4r heltidslantbrukare. Han \u00e4r uppvuxen i en l\u00e5ng jord- och skogsbrukstradition. Fram till 2005 hade Anders mj\u00f6lkkor, nu \u00e4r det en dikobes\u00e4ttning som h\u00e5ller landskapet \u00f6ppet i Hanebo- och Segerstabygden. Han bedriver eget skogsbruk och har tidigare haft ett f\u00f6retag inom skogsentrepenad. Redan i ungdomen var Anders engagerad [&hellip;]\" \/>\n<meta property=\"og:url\" content=\"https:\/\/ambitionsverige.se\/es\/politico\/anders-hedberg\/\" \/>\n<meta property=\"og:site_name\" content=\"Ambition Sverige\" \/>\n<meta property=\"article:publisher\" content=\"https:\/\/www.facebook.com\/AmbitionSverige\" \/>\n<meta property=\"article:modified_time\" content=\"2026-02-21T11:00:26+00:00\" \/>\n<meta property=\"og:image\" content=\"https:\/\/ambitionsverige.se\/wp-content\/uploads\/2026\/01\/anders-hedberg.jpg\" \/>\n\t<meta property=\"og:image:width\" content=\"1000\" \/>\n\t<meta property=\"og:image:height\" content=\"1000\" \/>\n\t<meta property=\"og:image:type\" content=\"image\/jpeg\" \/>\n<meta name=\"twitter:card\" content=\"summary_large_image\" \/>\n<meta name=\"twitter:site\" content=\"@ambitionsverige\" \/>\n<meta name=\"twitter:label1\" content=\"Tiempo de lectura\" \/>\n\t<meta name=\"twitter:data1\" content=\"1 minuto\" \/>\n<script type=\"application\/ld+json\" class=\"yoast-schema-graph\">{\"@context\":\"https:\\\/\\\/schema.org\",\"@graph\":[{\"@type\":\"WebPage\",\"@id\":\"https:\\\/\\\/ambitionsverige.se\\\/politiker\\\/anders-hedberg\\\/\",\"url\":\"https:\\\/\\\/ambitionsverige.se\\\/politiker\\\/anders-hedberg\\\/\",\"name\":\"Anders Hedberg - Ambition Sverige\",\"isPartOf\":{\"@id\":\"https:\\\/\\\/ambitionsverige.se\\\/#website\"},\"primaryImageOfPage\":{\"@id\":\"https:\\\/\\\/ambitionsverige.se\\\/politiker\\\/anders-hedberg\\\/#primaryimage\"},\"image\":{\"@id\":\"https:\\\/\\\/ambitionsverige.se\\\/politiker\\\/anders-hedberg\\\/#primaryimage\"},\"thumbnailUrl\":\"https:\\\/\\\/ambitionsverige.se\\\/wp-content\\\/uploads\\\/2026\\\/01\\\/anders-hedberg.jpg\",\"datePublished\":\"2025-10-06T06:48:26+00:00\",\"dateModified\":\"2026-02-21T11:00:26+00:00\",\"breadcrumb\":{\"@id\":\"https:\\\/\\\/ambitionsverige.se\\\/politiker\\\/anders-hedberg\\\/#breadcrumb\"},\"inLanguage\":\"es\",\"potentialAction\":[{\"@type\":\"ReadAction\",\"target\":[\"https:\\\/\\\/ambitionsverige.se\\\/politiker\\\/anders-hedberg\\\/\"]}]},{\"@type\":\"ImageObject\",\"inLanguage\":\"es\",\"@id\":\"https:\\\/\\\/ambitionsverige.se\\\/politiker\\\/anders-hedberg\\\/#primaryimage\",\"url\":\"https:\\\/\\\/ambitionsverige.se\\\/wp-content\\\/uploads\\\/2026\\\/01\\\/anders-hedberg.jpg\",\"contentUrl\":\"https:\\\/\\\/ambitionsverige.se\\\/wp-content\\\/uploads\\\/2026\\\/01\\\/anders-hedberg.jpg\",\"width\":1000,\"height\":1000,\"caption\":\"Anders Hedberg - Ambition Sverige\"},{\"@type\":\"BreadcrumbList\",\"@id\":\"https:\\\/\\\/ambitionsverige.se\\\/politiker\\\/anders-hedberg\\\/#breadcrumb\",\"itemListElement\":[{\"@type\":\"ListItem\",\"position\":1,\"name\":\"Hem\",\"item\":\"https:\\\/\\\/ambitionsverige.se\\\/\"},{\"@type\":\"ListItem\",\"position\":2,\"name\":\"V\u00e5ra politiker &amp; medarbetare\",\"item\":\"https:\\\/\\\/ambitionsverige.se\\\/politiker\\\/\"},{\"@type\":\"ListItem\",\"position\":3,\"name\":\"Anders Hedberg\"}]},{\"@type\":\"WebSite\",\"@id\":\"https:\\\/\\\/ambitionsverige.se\\\/#website\",\"url\":\"https:\\\/\\\/ambitionsverige.se\\\/\",\"name\":\"Ambition Sverige\",\"description\":\"\",\"publisher\":{\"@id\":\"https:\\\/\\\/ambitionsverige.se\\\/#organization\"},\"potentialAction\":[{\"@type\":\"SearchAction\",\"target\":{\"@type\":\"EntryPoint\",\"urlTemplate\":\"https:\\\/\\\/ambitionsverige.se\\\/?s={search_term_string}\"},\"query-input\":{\"@type\":\"PropertyValueSpecification\",\"valueRequired\":true,\"valueName\":\"search_term_string\"}}],\"inLanguage\":\"es\"},{\"@type\":\"Organization\",\"@id\":\"https:\\\/\\\/ambitionsverige.se\\\/#organization\",\"name\":\"Ambition Sverige\",\"url\":\"https:\\\/\\\/ambitionsverige.se\\\/\",\"logo\":{\"@type\":\"ImageObject\",\"inLanguage\":\"es\",\"@id\":\"https:\\\/\\\/ambitionsverige.se\\\/#\\\/schema\\\/logo\\\/image\\\/\",\"url\":\"https:\\\/\\\/ambitionsverige.se\\\/wp-content\\\/uploads\\\/2025\\\/11\\\/ambition-sverige-logotyp.png\",\"contentUrl\":\"https:\\\/\\\/ambitionsverige.se\\\/wp-content\\\/uploads\\\/2025\\\/11\\\/ambition-sverige-logotyp.png\",\"width\":512,\"height\":512,\"caption\":\"Ambition Sverige\"},\"image\":{\"@id\":\"https:\\\/\\\/ambitionsverige.se\\\/#\\\/schema\\\/logo\\\/image\\\/\"},\"sameAs\":[\"https:\\\/\\\/www.facebook.com\\\/AmbitionSverige\",\"https:\\\/\\\/x.com\\\/ambitionsverige\",\"https:\\\/\\\/www.instagram.com\\\/ambitionsverige\",\"https:\\\/\\\/www.youtube.com\\\/@ambitionsverige1\",\"https:\\\/\\\/t.me\\\/sverigeforst1\"]}]}<\/script>\n<!-- \/ Yoast SEO plugin. -->","yoast_head_json":{"title":"Anders Hedberg - Ambition Sverige","robots":{"index":"index","follow":"follow","max-snippet":"max-snippet:-1","max-image-preview":"max-image-preview:large","max-video-preview":"max-video-preview:-1"},"canonical":"https:\/\/ambitionsverige.se\/es\/politico\/anders-hedberg\/","og_locale":"es_ES","og_type":"article","og_title":"Anders Hedberg - Ambition Sverige","og_description":"Anders kommer fr\u00e5n Hanebo i Bolln\u00e4s och \u00e4r heltidslantbrukare. Han \u00e4r uppvuxen i en l\u00e5ng jord- och skogsbrukstradition. Fram till 2005 hade Anders mj\u00f6lkkor, nu \u00e4r det en dikobes\u00e4ttning som h\u00e5ller landskapet \u00f6ppet i Hanebo- och Segerstabygden. Han bedriver eget skogsbruk och har tidigare haft ett f\u00f6retag inom skogsentrepenad. Redan i ungdomen var Anders engagerad [&hellip;]","og_url":"https:\/\/ambitionsverige.se\/es\/politico\/anders-hedberg\/","og_site_name":"Ambition Sverige","article_publisher":"https:\/\/www.facebook.com\/AmbitionSverige","article_modified_time":"2026-02-21T11:00:26+00:00","og_image":[{"width":1000,"height":1000,"url":"https:\/\/ambitionsverige.se\/wp-content\/uploads\/2026\/01\/anders-hedberg.jpg","type":"image\/jpeg"}],"twitter_card":"summary_large_image","twitter_site":"@ambitionsverige","twitter_misc":{"Tiempo de lectura":"1 minuto"},"schema":{"@context":"https:\/\/schema.org","@graph":[{"@type":"WebPage","@id":"https:\/\/ambitionsverige.se\/politiker\/anders-hedberg\/","url":"https:\/\/ambitionsverige.se\/politiker\/anders-hedberg\/","name":"Anders Hedberg - Ambition Sverige","isPartOf":{"@id":"https:\/\/ambitionsverige.se\/#website"},"primaryImageOfPage":{"@id":"https:\/\/ambitionsverige.se\/politiker\/anders-hedberg\/#primaryimage"},"image":{"@id":"https:\/\/ambitionsverige.se\/politiker\/anders-hedberg\/#primaryimage"},"thumbnailUrl":"https:\/\/ambitionsverige.se\/wp-content\/uploads\/2026\/01\/anders-hedberg.jpg","datePublished":"2025-10-06T06:48:26+00:00","dateModified":"2026-02-21T11:00:26+00:00","breadcrumb":{"@id":"https:\/\/ambitionsverige.se\/politiker\/anders-hedberg\/#breadcrumb"},"inLanguage":"es","potentialAction":[{"@type":"ReadAction","target":["https:\/\/ambitionsverige.se\/politiker\/anders-hedberg\/"]}]},{"@type":"ImageObject","inLanguage":"es","@id":"https:\/\/ambitionsverige.se\/politiker\/anders-hedberg\/#primaryimage","url":"https:\/\/ambitionsverige.se\/wp-content\/uploads\/2026\/01\/anders-hedberg.jpg","contentUrl":"https:\/\/ambitionsverige.se\/wp-content\/uploads\/2026\/01\/anders-hedberg.jpg","width":1000,"height":1000,"caption":"Anders Hedberg - Ambition Sverige"},{"@type":"BreadcrumbList","@id":"https:\/\/ambitionsverige.se\/politiker\/anders-hedberg\/#breadcrumb","itemListElement":[{"@type":"ListItem","position":1,"name":"Hem","item":"https:\/\/ambitionsverige.se\/"},{"@type":"ListItem","position":2,"name":"V\u00e5ra politiker &amp; medarbetare","item":"https:\/\/ambitionsverige.se\/politiker\/"},{"@type":"ListItem","position":3,"name":"Anders Hedberg"}]},{"@type":"WebSite","@id":"https:\/\/ambitionsverige.se\/#website","url":"https:\/\/ambitionsverige.se\/","name":"Ambition Sverige","description":"","publisher":{"@id":"https:\/\/ambitionsverige.se\/#organization"},"potentialAction":[{"@type":"SearchAction","target":{"@type":"EntryPoint","urlTemplate":"https:\/\/ambitionsverige.se\/?s={search_term_string}"},"query-input":{"@type":"PropertyValueSpecification","valueRequired":true,"valueName":"search_term_string"}}],"inLanguage":"es"},{"@type":"Organization","@id":"https:\/\/ambitionsverige.se\/#organization","name":"Ambition Sverige","url":"https:\/\/ambitionsverige.se\/","logo":{"@type":"ImageObject","inLanguage":"es","@id":"https:\/\/ambitionsverige.se\/#\/schema\/logo\/image\/","url":"https:\/\/ambitionsverige.se\/wp-content\/uploads\/2025\/11\/ambition-sverige-logotyp.png","contentUrl":"https:\/\/ambitionsverige.se\/wp-content\/uploads\/2025\/11\/ambition-sverige-logotyp.png","width":512,"height":512,"caption":"Ambition Sverige"},"image":{"@id":"https:\/\/ambitionsverige.se\/#\/schema\/logo\/image\/"},"sameAs":["https:\/\/www.facebook.com\/AmbitionSverige","https:\/\/x.com\/ambitionsverige","https:\/\/www.instagram.com\/ambitionsverige","https:\/\/www.youtube.com\/@ambitionsverige1","https:\/\/t.me\/sverigeforst1"]}]}},"_links":{"self":[{"href":"https:\/\/ambitionsverige.se\/es\/wp-json\/wp\/v2\/pages\/510","targetHints":{"allow":["GET"]}}],"collection":[{"href":"https:\/\/ambitionsverige.se\/es\/wp-json\/wp\/v2\/pages"}],"about":[{"href":"https:\/\/ambitionsverige.se\/es\/wp-json\/wp\/v2\/types\/page"}],"author":[{"embeddable":true,"href":"https:\/\/ambitionsverige.se\/es\/wp-json\/wp\/v2\/users\/1"}],"replies":[{"embeddable":true,"href":"https:\/\/ambitionsverige.se\/es\/wp-json\/wp\/v2\/comments?post=510"}],"version-history":[{"count":3,"href":"https:\/\/ambitionsverige.se\/es\/wp-json\/wp\/v2\/pages\/510\/revisions"}],"predecessor-version":[{"id":1507,"href":"https:\/\/ambitionsverige.se\/es\/wp-json\/wp\/v2\/pages\/510\/revisions\/1507"}],"up":[{"embeddable":true,"href":"https:\/\/ambitionsverige.se\/es\/wp-json\/wp\/v2\/pages\/451"}],"wp:featuredmedia":[{"embeddable":true,"href":"https:\/\/ambitionsverige.se\/es\/wp-json\/wp\/v2\/media\/1506"}],"wp:attachment":[{"href":"https:\/\/ambitionsverige.se\/es\/wp-json\/wp\/v2\/media?parent=510"}],"wp:term":[{"taxonomy":"local_branch","embeddable":true,"href":"https:\/\/ambitionsverige.se\/es\/wp-json\/wp\/v2\/local_branch?post=510"}],"curies":[{"name":"wp","href":"https:\/\/api.w.org\/{rel}","templated":true}]}}