{"id":513,"date":"2025-10-06T09:01:17","date_gmt":"2025-10-06T07:01:17","guid":{"rendered":"https:\/\/ambitionsverige.se\/?page_id=513"},"modified":"2026-02-21T10:47:12","modified_gmt":"2026-02-21T09:47:12","slug":"torbjorn-sjodin","status":"publish","type":"page","link":"https:\/\/ambitionsverige.se\/es\/politiker\/torbjorn-sjodin\/","title":{"rendered":"Torbj\u00f6rn Sj\u00f6din"},"content":{"rendered":"<p class=\"western\">Torbj\u00f6rn Sj\u00f6din \u00e4r civilj\u00e4gm\u00e4stare och bor p\u00e5 sl\u00e4ktg\u00e5rd med 700 ha skogsmark i J\u00e4mtland.&nbsp;Han har fullgjort tj\u00e4nst som reservofficer med kaptensgrad p\u00e5 Stril-samband i flygvapnet. Under \u00e5ren har Torbj\u00f6rn haft ledande positioner inom skogssektorn b\u00e5de i Sverige och utomlands. Han \u00e4r medgrundare av certifieringsorganet Forest Stewardship Council, FSC och partner i ett f\u00f6retag f\u00f6r ber\u00f6ringsfri sp\u00e5rning av tr\u00e4stockar. Torbj\u00f6rn \u00e4r \u00e4ven medgrundare till \u201dMotvind Sverige\u201d, en ideell f\u00f6rening som p\u00e5visar vindkraftens negativa p\u00e5verkan p\u00e5 h\u00e4lsa, ekonomi och ekologi. F\u00f6reningen har haft ett framg\u00e5ngsrikt samarbete med flera andra EU l\u00e4nder.&nbsp;Han har ocks\u00e5 deltagit i flera internationella hj\u00e4lpprojekt f\u00f6r utsatta urinnev\u00e5nare.<\/p>","protected":false},"excerpt":{"rendered":"<p>Torbj\u00f6rn Sj\u00f6din \u00e4r civilj\u00e4gm\u00e4stare och bor p\u00e5 sl\u00e4ktg\u00e5rd med 700 ha skogsmark i J\u00e4mtland.&nbsp;Han har fullgjort tj\u00e4nst som reservofficer med kaptensgrad p\u00e5 Stril-samband i flygvapnet. Under \u00e5ren har Torbj\u00f6rn haft ledande positioner inom skogssektorn b\u00e5de i Sverige och utomlands. Han \u00e4r medgrundare av certifieringsorganet Forest Stewardship Council, FSC och partner i ett f\u00f6retag f\u00f6r ber\u00f6ringsfri [&hellip;]<\/p>\n","protected":false},"author":1,"featured_media":1542,"parent":451,"menu_order":0,"comment_status":"closed","ping_status":"closed","template":"politiker\/torbjorn-sjodin.php","meta":{"footnotes":""},"local_branch":[],"class_list":["post-513","page","type-page","status-publish","has-post-thumbnail","hentry"],"yoast_head":"<!-- This site is optimized with the Yoast SEO plugin v27.4 - https:\/\/yoast.com\/product\/yoast-seo-wordpress\/ -->\n<title>Torbj\u00f6rn Sj\u00f6din - Ambition Sverige<\/title>\n<meta name=\"robots\" content=\"index, follow, max-snippet:-1, max-image-preview:large, max-video-preview:-1\" \/>\n<link rel=\"canonical\" href=\"https:\/\/ambitionsverige.se\/es\/politico\/torbjorn-sjodin\/\" \/>\n<meta property=\"og:locale\" content=\"es_ES\" \/>\n<meta property=\"og:type\" content=\"article\" \/>\n<meta property=\"og:title\" content=\"Torbj\u00f6rn Sj\u00f6din - Ambition Sverige\" \/>\n<meta property=\"og:description\" content=\"Torbj\u00f6rn Sj\u00f6din \u00e4r civilj\u00e4gm\u00e4stare och bor p\u00e5 sl\u00e4ktg\u00e5rd med 700 ha skogsmark i J\u00e4mtland.&nbsp;Han har fullgjort tj\u00e4nst som reservofficer med kaptensgrad p\u00e5 Stril-samband i flygvapnet. Under \u00e5ren har Torbj\u00f6rn haft ledande positioner inom skogssektorn b\u00e5de i Sverige och utomlands. Han \u00e4r medgrundare av certifieringsorganet Forest Stewardship Council, FSC och partner i ett f\u00f6retag f\u00f6r ber\u00f6ringsfri [&hellip;]\" \/>\n<meta property=\"og:url\" content=\"https:\/\/ambitionsverige.se\/es\/politico\/torbjorn-sjodin\/\" \/>\n<meta property=\"og:site_name\" content=\"Ambition Sverige\" \/>\n<meta property=\"article:publisher\" content=\"https:\/\/www.facebook.com\/AmbitionSverige\" \/>\n<meta property=\"article:modified_time\" content=\"2026-02-21T09:47:12+00:00\" \/>\n<meta property=\"og:image\" content=\"https:\/\/ambitionsverige.se\/wp-content\/uploads\/2026\/01\/torbjorn-sjodin.jpg\" \/>\n\t<meta property=\"og:image:width\" content=\"508\" \/>\n\t<meta property=\"og:image:height\" content=\"508\" \/>\n\t<meta property=\"og:image:type\" content=\"image\/jpeg\" \/>\n<meta name=\"twitter:card\" content=\"summary_large_image\" \/>\n<meta name=\"twitter:site\" content=\"@ambitionsverige\" \/>\n<meta name=\"twitter:label1\" content=\"Tiempo de lectura\" \/>\n\t<meta name=\"twitter:data1\" content=\"1 minuto\" \/>\n<script type=\"application\/ld+json\" class=\"yoast-schema-graph\">{\"@context\":\"https:\\\/\\\/schema.org\",\"@graph\":[{\"@type\":\"WebPage\",\"@id\":\"https:\\\/\\\/ambitionsverige.se\\\/politiker\\\/torbjorn-sjodin\\\/\",\"url\":\"https:\\\/\\\/ambitionsverige.se\\\/politiker\\\/torbjorn-sjodin\\\/\",\"name\":\"Torbj\u00f6rn Sj\u00f6din - Ambition Sverige\",\"isPartOf\":{\"@id\":\"https:\\\/\\\/ambitionsverige.se\\\/#website\"},\"primaryImageOfPage\":{\"@id\":\"https:\\\/\\\/ambitionsverige.se\\\/politiker\\\/torbjorn-sjodin\\\/#primaryimage\"},\"image\":{\"@id\":\"https:\\\/\\\/ambitionsverige.se\\\/politiker\\\/torbjorn-sjodin\\\/#primaryimage\"},\"thumbnailUrl\":\"https:\\\/\\\/ambitionsverige.se\\\/wp-content\\\/uploads\\\/2026\\\/01\\\/torbjorn-sjodin.jpg\",\"datePublished\":\"2025-10-06T07:01:17+00:00\",\"dateModified\":\"2026-02-21T09:47:12+00:00\",\"breadcrumb\":{\"@id\":\"https:\\\/\\\/ambitionsverige.se\\\/politiker\\\/torbjorn-sjodin\\\/#breadcrumb\"},\"inLanguage\":\"es\",\"potentialAction\":[{\"@type\":\"ReadAction\",\"target\":[\"https:\\\/\\\/ambitionsverige.se\\\/politiker\\\/torbjorn-sjodin\\\/\"]}]},{\"@type\":\"ImageObject\",\"inLanguage\":\"es\",\"@id\":\"https:\\\/\\\/ambitionsverige.se\\\/politiker\\\/torbjorn-sjodin\\\/#primaryimage\",\"url\":\"https:\\\/\\\/ambitionsverige.se\\\/wp-content\\\/uploads\\\/2026\\\/01\\\/torbjorn-sjodin.jpg\",\"contentUrl\":\"https:\\\/\\\/ambitionsverige.se\\\/wp-content\\\/uploads\\\/2026\\\/01\\\/torbjorn-sjodin.jpg\",\"width\":508,\"height\":508,\"caption\":\"Torbj\u00f6rn Sj\u00f6din - Ambition Sverige\"},{\"@type\":\"BreadcrumbList\",\"@id\":\"https:\\\/\\\/ambitionsverige.se\\\/politiker\\\/torbjorn-sjodin\\\/#breadcrumb\",\"itemListElement\":[{\"@type\":\"ListItem\",\"position\":1,\"name\":\"Hem\",\"item\":\"https:\\\/\\\/ambitionsverige.se\\\/\"},{\"@type\":\"ListItem\",\"position\":2,\"name\":\"V\u00e5ra politiker &amp; medarbetare\",\"item\":\"https:\\\/\\\/ambitionsverige.se\\\/politiker\\\/\"},{\"@type\":\"ListItem\",\"position\":3,\"name\":\"Torbj\u00f6rn Sj\u00f6din\"}]},{\"@type\":\"WebSite\",\"@id\":\"https:\\\/\\\/ambitionsverige.se\\\/#website\",\"url\":\"https:\\\/\\\/ambitionsverige.se\\\/\",\"name\":\"Ambition Sverige\",\"description\":\"\",\"publisher\":{\"@id\":\"https:\\\/\\\/ambitionsverige.se\\\/#organization\"},\"potentialAction\":[{\"@type\":\"SearchAction\",\"target\":{\"@type\":\"EntryPoint\",\"urlTemplate\":\"https:\\\/\\\/ambitionsverige.se\\\/?s={search_term_string}\"},\"query-input\":{\"@type\":\"PropertyValueSpecification\",\"valueRequired\":true,\"valueName\":\"search_term_string\"}}],\"inLanguage\":\"es\"},{\"@type\":\"Organization\",\"@id\":\"https:\\\/\\\/ambitionsverige.se\\\/#organization\",\"name\":\"Ambition Sverige\",\"url\":\"https:\\\/\\\/ambitionsverige.se\\\/\",\"logo\":{\"@type\":\"ImageObject\",\"inLanguage\":\"es\",\"@id\":\"https:\\\/\\\/ambitionsverige.se\\\/#\\\/schema\\\/logo\\\/image\\\/\",\"url\":\"https:\\\/\\\/ambitionsverige.se\\\/wp-content\\\/uploads\\\/2025\\\/11\\\/ambition-sverige-logotyp.png\",\"contentUrl\":\"https:\\\/\\\/ambitionsverige.se\\\/wp-content\\\/uploads\\\/2025\\\/11\\\/ambition-sverige-logotyp.png\",\"width\":512,\"height\":512,\"caption\":\"Ambition Sverige\"},\"image\":{\"@id\":\"https:\\\/\\\/ambitionsverige.se\\\/#\\\/schema\\\/logo\\\/image\\\/\"},\"sameAs\":[\"https:\\\/\\\/www.facebook.com\\\/AmbitionSverige\",\"https:\\\/\\\/x.com\\\/ambitionsverige\",\"https:\\\/\\\/www.instagram.com\\\/ambitionsverige\",\"https:\\\/\\\/www.youtube.com\\\/@ambitionsverige1\",\"https:\\\/\\\/t.me\\\/sverigeforst1\"]}]}<\/script>\n<!-- \/ Yoast SEO plugin. -->","yoast_head_json":{"title":"Torbj\u00f6rn Sj\u00f6din - Ambition Sverige","robots":{"index":"index","follow":"follow","max-snippet":"max-snippet:-1","max-image-preview":"max-image-preview:large","max-video-preview":"max-video-preview:-1"},"canonical":"https:\/\/ambitionsverige.se\/es\/politico\/torbjorn-sjodin\/","og_locale":"es_ES","og_type":"article","og_title":"Torbj\u00f6rn Sj\u00f6din - Ambition Sverige","og_description":"Torbj\u00f6rn Sj\u00f6din \u00e4r civilj\u00e4gm\u00e4stare och bor p\u00e5 sl\u00e4ktg\u00e5rd med 700 ha skogsmark i J\u00e4mtland.&nbsp;Han har fullgjort tj\u00e4nst som reservofficer med kaptensgrad p\u00e5 Stril-samband i flygvapnet. Under \u00e5ren har Torbj\u00f6rn haft ledande positioner inom skogssektorn b\u00e5de i Sverige och utomlands. Han \u00e4r medgrundare av certifieringsorganet Forest Stewardship Council, FSC och partner i ett f\u00f6retag f\u00f6r ber\u00f6ringsfri [&hellip;]","og_url":"https:\/\/ambitionsverige.se\/es\/politico\/torbjorn-sjodin\/","og_site_name":"Ambition Sverige","article_publisher":"https:\/\/www.facebook.com\/AmbitionSverige","article_modified_time":"2026-02-21T09:47:12+00:00","og_image":[{"width":508,"height":508,"url":"https:\/\/ambitionsverige.se\/wp-content\/uploads\/2026\/01\/torbjorn-sjodin.jpg","type":"image\/jpeg"}],"twitter_card":"summary_large_image","twitter_site":"@ambitionsverige","twitter_misc":{"Tiempo de lectura":"1 minuto"},"schema":{"@context":"https:\/\/schema.org","@graph":[{"@type":"WebPage","@id":"https:\/\/ambitionsverige.se\/politiker\/torbjorn-sjodin\/","url":"https:\/\/ambitionsverige.se\/politiker\/torbjorn-sjodin\/","name":"Torbj\u00f6rn Sj\u00f6din - Ambition Sverige","isPartOf":{"@id":"https:\/\/ambitionsverige.se\/#website"},"primaryImageOfPage":{"@id":"https:\/\/ambitionsverige.se\/politiker\/torbjorn-sjodin\/#primaryimage"},"image":{"@id":"https:\/\/ambitionsverige.se\/politiker\/torbjorn-sjodin\/#primaryimage"},"thumbnailUrl":"https:\/\/ambitionsverige.se\/wp-content\/uploads\/2026\/01\/torbjorn-sjodin.jpg","datePublished":"2025-10-06T07:01:17+00:00","dateModified":"2026-02-21T09:47:12+00:00","breadcrumb":{"@id":"https:\/\/ambitionsverige.se\/politiker\/torbjorn-sjodin\/#breadcrumb"},"inLanguage":"es","potentialAction":[{"@type":"ReadAction","target":["https:\/\/ambitionsverige.se\/politiker\/torbjorn-sjodin\/"]}]},{"@type":"ImageObject","inLanguage":"es","@id":"https:\/\/ambitionsverige.se\/politiker\/torbjorn-sjodin\/#primaryimage","url":"https:\/\/ambitionsverige.se\/wp-content\/uploads\/2026\/01\/torbjorn-sjodin.jpg","contentUrl":"https:\/\/ambitionsverige.se\/wp-content\/uploads\/2026\/01\/torbjorn-sjodin.jpg","width":508,"height":508,"caption":"Torbj\u00f6rn Sj\u00f6din - Ambition Sverige"},{"@type":"BreadcrumbList","@id":"https:\/\/ambitionsverige.se\/politiker\/torbjorn-sjodin\/#breadcrumb","itemListElement":[{"@type":"ListItem","position":1,"name":"Hem","item":"https:\/\/ambitionsverige.se\/"},{"@type":"ListItem","position":2,"name":"V\u00e5ra politiker &amp; medarbetare","item":"https:\/\/ambitionsverige.se\/politiker\/"},{"@type":"ListItem","position":3,"name":"Torbj\u00f6rn Sj\u00f6din"}]},{"@type":"WebSite","@id":"https:\/\/ambitionsverige.se\/#website","url":"https:\/\/ambitionsverige.se\/","name":"Ambition Sverige","description":"","publisher":{"@id":"https:\/\/ambitionsverige.se\/#organization"},"potentialAction":[{"@type":"SearchAction","target":{"@type":"EntryPoint","urlTemplate":"https:\/\/ambitionsverige.se\/?s={search_term_string}"},"query-input":{"@type":"PropertyValueSpecification","valueRequired":true,"valueName":"search_term_string"}}],"inLanguage":"es"},{"@type":"Organization","@id":"https:\/\/ambitionsverige.se\/#organization","name":"Ambition Sverige","url":"https:\/\/ambitionsverige.se\/","logo":{"@type":"ImageObject","inLanguage":"es","@id":"https:\/\/ambitionsverige.se\/#\/schema\/logo\/image\/","url":"https:\/\/ambitionsverige.se\/wp-content\/uploads\/2025\/11\/ambition-sverige-logotyp.png","contentUrl":"https:\/\/ambitionsverige.se\/wp-content\/uploads\/2025\/11\/ambition-sverige-logotyp.png","width":512,"height":512,"caption":"Ambition Sverige"},"image":{"@id":"https:\/\/ambitionsverige.se\/#\/schema\/logo\/image\/"},"sameAs":["https:\/\/www.facebook.com\/AmbitionSverige","https:\/\/x.com\/ambitionsverige","https:\/\/www.instagram.com\/ambitionsverige","https:\/\/www.youtube.com\/@ambitionsverige1","https:\/\/t.me\/sverigeforst1"]}]}},"_links":{"self":[{"href":"https:\/\/ambitionsverige.se\/es\/wp-json\/wp\/v2\/pages\/513","targetHints":{"allow":["GET"]}}],"collection":[{"href":"https:\/\/ambitionsverige.se\/es\/wp-json\/wp\/v2\/pages"}],"about":[{"href":"https:\/\/ambitionsverige.se\/es\/wp-json\/wp\/v2\/types\/page"}],"author":[{"embeddable":true,"href":"https:\/\/ambitionsverige.se\/es\/wp-json\/wp\/v2\/users\/1"}],"replies":[{"embeddable":true,"href":"https:\/\/ambitionsverige.se\/es\/wp-json\/wp\/v2\/comments?post=513"}],"version-history":[{"count":3,"href":"https:\/\/ambitionsverige.se\/es\/wp-json\/wp\/v2\/pages\/513\/revisions"}],"predecessor-version":[{"id":1544,"href":"https:\/\/ambitionsverige.se\/es\/wp-json\/wp\/v2\/pages\/513\/revisions\/1544"}],"up":[{"embeddable":true,"href":"https:\/\/ambitionsverige.se\/es\/wp-json\/wp\/v2\/pages\/451"}],"wp:featuredmedia":[{"embeddable":true,"href":"https:\/\/ambitionsverige.se\/es\/wp-json\/wp\/v2\/media\/1542"}],"wp:attachment":[{"href":"https:\/\/ambitionsverige.se\/es\/wp-json\/wp\/v2\/media?parent=513"}],"wp:term":[{"taxonomy":"local_branch","embeddable":true,"href":"https:\/\/ambitionsverige.se\/es\/wp-json\/wp\/v2\/local_branch?post=513"}],"curies":[{"name":"wp","href":"https:\/\/api.w.org\/{rel}","templated":true}]}}