{"id":533,"date":"2025-10-06T10:04:45","date_gmt":"2025-10-06T08:04:45","guid":{"rendered":"https:\/\/ambitionsverige.se\/?page_id=533"},"modified":"2026-02-21T11:13:30","modified_gmt":"2026-02-21T10:13:30","slug":"percy-andersson","status":"publish","type":"page","link":"https:\/\/ambitionsverige.se\/es\/politiker\/percy-andersson\/","title":{"rendered":"Percy Andersson"},"content":{"rendered":"<p class=\"western\">Percy Andersson es de Estocolmo, pero ahora vive en Roslagen. Es profesor de educaci\u00f3n f\u00edsica con formaci\u00f3n GIH, autorizado para ense\u00f1ar todos los cursos en centros de primaria y secundaria y en la educaci\u00f3n de adultos. Tiene 20 a\u00f1os de experiencia en el mundo de la educaci\u00f3n, principalmente como profesor de secundaria, pero tambi\u00e9n como director de escuela. Tambi\u00e9n tiene un m\u00e1ster en Educaci\u00f3n Especial. Durante 12 a\u00f1os, Percy trabaj\u00f3 como experto y asesor en una de las autoridades escolares del pa\u00eds, donde ten\u00eda una misi\u00f3n nacional, impartiendo formaci\u00f3n continua y educaci\u00f3n a profesores de toda Suecia.<\/p>\n\n\n\n<p class=\"western\">Percy tambi\u00e9n tiene un programa de entrenador de \u00e9lite en <span style=\"color: #000000;\">Baloncesto. Durante<\/span> lleva muchos a\u00f1os en activo como entrenador, tanto de clubes como de selecciones nacionales, y como formador de entrenadores para la Federaci\u00f3n Sueca de Baloncesto.<\/p>\n\n\n\n<p><\/p>","protected":false},"excerpt":{"rendered":"<p>Percy Andersson kommer fr\u00e5n Stockholm men \u00e4r numera boende i Roslagen. Han \u00e4r GIH-utbildad idrottsl\u00e4rare med beh\u00f6righet att undervisa samtliga \u00e5rskurser i grundskolan, p\u00e5 gymnasiet och inom vuxenutbildningen. Han har 20 \u00e5rs erfarenhet fr\u00e5n skolans v\u00e4rld, fr\u00e4mst som l\u00e4rare p\u00e5 h\u00f6gstadiet och gymnasiet, men \u00e4ven som skolledare. Han har ocks\u00e5 en magisterexamen i specialpedagogik. Under [&hellip;]<\/p>\n","protected":false},"author":1,"featured_media":1525,"parent":451,"menu_order":0,"comment_status":"closed","ping_status":"closed","template":"politiker\/percy-andersson.php","meta":{"footnotes":""},"local_branch":[],"class_list":["post-533","page","type-page","status-publish","has-post-thumbnail","hentry"],"yoast_head":"<!-- This site is optimized with the Yoast SEO plugin v27.4 - https:\/\/yoast.com\/product\/yoast-seo-wordpress\/ -->\n<title>Percy Andersson - Ambition Sverige<\/title>\n<meta name=\"robots\" content=\"index, follow, max-snippet:-1, max-image-preview:large, max-video-preview:-1\" \/>\n<link rel=\"canonical\" href=\"https:\/\/ambitionsverige.se\/es\/politico\/percy-andersson\/\" \/>\n<meta property=\"og:locale\" content=\"es_ES\" \/>\n<meta property=\"og:type\" content=\"article\" \/>\n<meta property=\"og:title\" content=\"Percy Andersson - Ambition Sverige\" \/>\n<meta property=\"og:description\" content=\"Percy Andersson kommer fr\u00e5n Stockholm men \u00e4r numera boende i Roslagen. Han \u00e4r GIH-utbildad idrottsl\u00e4rare med beh\u00f6righet att undervisa samtliga \u00e5rskurser i grundskolan, p\u00e5 gymnasiet och inom vuxenutbildningen. Han har 20 \u00e5rs erfarenhet fr\u00e5n skolans v\u00e4rld, fr\u00e4mst som l\u00e4rare p\u00e5 h\u00f6gstadiet och gymnasiet, men \u00e4ven som skolledare. Han har ocks\u00e5 en magisterexamen i specialpedagogik. Under [&hellip;]\" \/>\n<meta property=\"og:url\" content=\"https:\/\/ambitionsverige.se\/es\/politico\/percy-andersson\/\" \/>\n<meta property=\"og:site_name\" content=\"Ambition Sverige\" \/>\n<meta property=\"article:publisher\" content=\"https:\/\/www.facebook.com\/AmbitionSverige\" \/>\n<meta property=\"article:modified_time\" content=\"2026-02-21T10:13:30+00:00\" \/>\n<meta property=\"og:image\" content=\"https:\/\/ambitionsverige.se\/wp-content\/uploads\/2026\/01\/percy-andersson.jpg\" \/>\n\t<meta property=\"og:image:width\" content=\"1000\" \/>\n\t<meta property=\"og:image:height\" content=\"1000\" \/>\n\t<meta property=\"og:image:type\" content=\"image\/jpeg\" \/>\n<meta name=\"twitter:card\" content=\"summary_large_image\" \/>\n<meta name=\"twitter:site\" content=\"@ambitionsverige\" \/>\n<meta name=\"twitter:label1\" content=\"Tiempo de lectura\" \/>\n\t<meta name=\"twitter:data1\" content=\"1 minuto\" \/>\n<script type=\"application\/ld+json\" class=\"yoast-schema-graph\">{\"@context\":\"https:\\\/\\\/schema.org\",\"@graph\":[{\"@type\":\"WebPage\",\"@id\":\"https:\\\/\\\/ambitionsverige.se\\\/politiker\\\/percy-andersson\\\/\",\"url\":\"https:\\\/\\\/ambitionsverige.se\\\/politiker\\\/percy-andersson\\\/\",\"name\":\"Percy Andersson - Ambition Sverige\",\"isPartOf\":{\"@id\":\"https:\\\/\\\/ambitionsverige.se\\\/#website\"},\"primaryImageOfPage\":{\"@id\":\"https:\\\/\\\/ambitionsverige.se\\\/politiker\\\/percy-andersson\\\/#primaryimage\"},\"image\":{\"@id\":\"https:\\\/\\\/ambitionsverige.se\\\/politiker\\\/percy-andersson\\\/#primaryimage\"},\"thumbnailUrl\":\"https:\\\/\\\/ambitionsverige.se\\\/wp-content\\\/uploads\\\/2026\\\/01\\\/percy-andersson.jpg\",\"datePublished\":\"2025-10-06T08:04:45+00:00\",\"dateModified\":\"2026-02-21T10:13:30+00:00\",\"breadcrumb\":{\"@id\":\"https:\\\/\\\/ambitionsverige.se\\\/politiker\\\/percy-andersson\\\/#breadcrumb\"},\"inLanguage\":\"es\",\"potentialAction\":[{\"@type\":\"ReadAction\",\"target\":[\"https:\\\/\\\/ambitionsverige.se\\\/politiker\\\/percy-andersson\\\/\"]}]},{\"@type\":\"ImageObject\",\"inLanguage\":\"es\",\"@id\":\"https:\\\/\\\/ambitionsverige.se\\\/politiker\\\/percy-andersson\\\/#primaryimage\",\"url\":\"https:\\\/\\\/ambitionsverige.se\\\/wp-content\\\/uploads\\\/2026\\\/01\\\/percy-andersson.jpg\",\"contentUrl\":\"https:\\\/\\\/ambitionsverige.se\\\/wp-content\\\/uploads\\\/2026\\\/01\\\/percy-andersson.jpg\",\"width\":1000,\"height\":1000,\"caption\":\"Percy Andersson - Ambition Sverige\"},{\"@type\":\"BreadcrumbList\",\"@id\":\"https:\\\/\\\/ambitionsverige.se\\\/politiker\\\/percy-andersson\\\/#breadcrumb\",\"itemListElement\":[{\"@type\":\"ListItem\",\"position\":1,\"name\":\"Hem\",\"item\":\"https:\\\/\\\/ambitionsverige.se\\\/\"},{\"@type\":\"ListItem\",\"position\":2,\"name\":\"V\u00e5ra politiker &amp; medarbetare\",\"item\":\"https:\\\/\\\/ambitionsverige.se\\\/politiker\\\/\"},{\"@type\":\"ListItem\",\"position\":3,\"name\":\"Percy Andersson\"}]},{\"@type\":\"WebSite\",\"@id\":\"https:\\\/\\\/ambitionsverige.se\\\/#website\",\"url\":\"https:\\\/\\\/ambitionsverige.se\\\/\",\"name\":\"Ambition Sverige\",\"description\":\"\",\"publisher\":{\"@id\":\"https:\\\/\\\/ambitionsverige.se\\\/#organization\"},\"potentialAction\":[{\"@type\":\"SearchAction\",\"target\":{\"@type\":\"EntryPoint\",\"urlTemplate\":\"https:\\\/\\\/ambitionsverige.se\\\/?s={search_term_string}\"},\"query-input\":{\"@type\":\"PropertyValueSpecification\",\"valueRequired\":true,\"valueName\":\"search_term_string\"}}],\"inLanguage\":\"es\"},{\"@type\":\"Organization\",\"@id\":\"https:\\\/\\\/ambitionsverige.se\\\/#organization\",\"name\":\"Ambition Sverige\",\"url\":\"https:\\\/\\\/ambitionsverige.se\\\/\",\"logo\":{\"@type\":\"ImageObject\",\"inLanguage\":\"es\",\"@id\":\"https:\\\/\\\/ambitionsverige.se\\\/#\\\/schema\\\/logo\\\/image\\\/\",\"url\":\"https:\\\/\\\/ambitionsverige.se\\\/wp-content\\\/uploads\\\/2025\\\/11\\\/ambition-sverige-logotyp.png\",\"contentUrl\":\"https:\\\/\\\/ambitionsverige.se\\\/wp-content\\\/uploads\\\/2025\\\/11\\\/ambition-sverige-logotyp.png\",\"width\":512,\"height\":512,\"caption\":\"Ambition Sverige\"},\"image\":{\"@id\":\"https:\\\/\\\/ambitionsverige.se\\\/#\\\/schema\\\/logo\\\/image\\\/\"},\"sameAs\":[\"https:\\\/\\\/www.facebook.com\\\/AmbitionSverige\",\"https:\\\/\\\/x.com\\\/ambitionsverige\",\"https:\\\/\\\/www.instagram.com\\\/ambitionsverige\",\"https:\\\/\\\/www.youtube.com\\\/@ambitionsverige1\",\"https:\\\/\\\/t.me\\\/sverigeforst1\"]}]}<\/script>\n<!-- \/ Yoast SEO plugin. -->","yoast_head_json":{"title":"Percy Andersson - Ambition Sverige","robots":{"index":"index","follow":"follow","max-snippet":"max-snippet:-1","max-image-preview":"max-image-preview:large","max-video-preview":"max-video-preview:-1"},"canonical":"https:\/\/ambitionsverige.se\/es\/politico\/percy-andersson\/","og_locale":"es_ES","og_type":"article","og_title":"Percy Andersson - Ambition Sverige","og_description":"Percy Andersson kommer fr\u00e5n Stockholm men \u00e4r numera boende i Roslagen. Han \u00e4r GIH-utbildad idrottsl\u00e4rare med beh\u00f6righet att undervisa samtliga \u00e5rskurser i grundskolan, p\u00e5 gymnasiet och inom vuxenutbildningen. Han har 20 \u00e5rs erfarenhet fr\u00e5n skolans v\u00e4rld, fr\u00e4mst som l\u00e4rare p\u00e5 h\u00f6gstadiet och gymnasiet, men \u00e4ven som skolledare. Han har ocks\u00e5 en magisterexamen i specialpedagogik. Under [&hellip;]","og_url":"https:\/\/ambitionsverige.se\/es\/politico\/percy-andersson\/","og_site_name":"Ambition Sverige","article_publisher":"https:\/\/www.facebook.com\/AmbitionSverige","article_modified_time":"2026-02-21T10:13:30+00:00","og_image":[{"width":1000,"height":1000,"url":"https:\/\/ambitionsverige.se\/wp-content\/uploads\/2026\/01\/percy-andersson.jpg","type":"image\/jpeg"}],"twitter_card":"summary_large_image","twitter_site":"@ambitionsverige","twitter_misc":{"Tiempo de lectura":"1 minuto"},"schema":{"@context":"https:\/\/schema.org","@graph":[{"@type":"WebPage","@id":"https:\/\/ambitionsverige.se\/politiker\/percy-andersson\/","url":"https:\/\/ambitionsverige.se\/politiker\/percy-andersson\/","name":"Percy Andersson - Ambition Sverige","isPartOf":{"@id":"https:\/\/ambitionsverige.se\/#website"},"primaryImageOfPage":{"@id":"https:\/\/ambitionsverige.se\/politiker\/percy-andersson\/#primaryimage"},"image":{"@id":"https:\/\/ambitionsverige.se\/politiker\/percy-andersson\/#primaryimage"},"thumbnailUrl":"https:\/\/ambitionsverige.se\/wp-content\/uploads\/2026\/01\/percy-andersson.jpg","datePublished":"2025-10-06T08:04:45+00:00","dateModified":"2026-02-21T10:13:30+00:00","breadcrumb":{"@id":"https:\/\/ambitionsverige.se\/politiker\/percy-andersson\/#breadcrumb"},"inLanguage":"es","potentialAction":[{"@type":"ReadAction","target":["https:\/\/ambitionsverige.se\/politiker\/percy-andersson\/"]}]},{"@type":"ImageObject","inLanguage":"es","@id":"https:\/\/ambitionsverige.se\/politiker\/percy-andersson\/#primaryimage","url":"https:\/\/ambitionsverige.se\/wp-content\/uploads\/2026\/01\/percy-andersson.jpg","contentUrl":"https:\/\/ambitionsverige.se\/wp-content\/uploads\/2026\/01\/percy-andersson.jpg","width":1000,"height":1000,"caption":"Percy Andersson - Ambition Sverige"},{"@type":"BreadcrumbList","@id":"https:\/\/ambitionsverige.se\/politiker\/percy-andersson\/#breadcrumb","itemListElement":[{"@type":"ListItem","position":1,"name":"Hem","item":"https:\/\/ambitionsverige.se\/"},{"@type":"ListItem","position":2,"name":"V\u00e5ra politiker &amp; medarbetare","item":"https:\/\/ambitionsverige.se\/politiker\/"},{"@type":"ListItem","position":3,"name":"Percy Andersson"}]},{"@type":"WebSite","@id":"https:\/\/ambitionsverige.se\/#website","url":"https:\/\/ambitionsverige.se\/","name":"Ambition Sverige","description":"","publisher":{"@id":"https:\/\/ambitionsverige.se\/#organization"},"potentialAction":[{"@type":"SearchAction","target":{"@type":"EntryPoint","urlTemplate":"https:\/\/ambitionsverige.se\/?s={search_term_string}"},"query-input":{"@type":"PropertyValueSpecification","valueRequired":true,"valueName":"search_term_string"}}],"inLanguage":"es"},{"@type":"Organization","@id":"https:\/\/ambitionsverige.se\/#organization","name":"Ambition Sverige","url":"https:\/\/ambitionsverige.se\/","logo":{"@type":"ImageObject","inLanguage":"es","@id":"https:\/\/ambitionsverige.se\/#\/schema\/logo\/image\/","url":"https:\/\/ambitionsverige.se\/wp-content\/uploads\/2025\/11\/ambition-sverige-logotyp.png","contentUrl":"https:\/\/ambitionsverige.se\/wp-content\/uploads\/2025\/11\/ambition-sverige-logotyp.png","width":512,"height":512,"caption":"Ambition Sverige"},"image":{"@id":"https:\/\/ambitionsverige.se\/#\/schema\/logo\/image\/"},"sameAs":["https:\/\/www.facebook.com\/AmbitionSverige","https:\/\/x.com\/ambitionsverige","https:\/\/www.instagram.com\/ambitionsverige","https:\/\/www.youtube.com\/@ambitionsverige1","https:\/\/t.me\/sverigeforst1"]}]}},"_links":{"self":[{"href":"https:\/\/ambitionsverige.se\/es\/wp-json\/wp\/v2\/pages\/533","targetHints":{"allow":["GET"]}}],"collection":[{"href":"https:\/\/ambitionsverige.se\/es\/wp-json\/wp\/v2\/pages"}],"about":[{"href":"https:\/\/ambitionsverige.se\/es\/wp-json\/wp\/v2\/types\/page"}],"author":[{"embeddable":true,"href":"https:\/\/ambitionsverige.se\/es\/wp-json\/wp\/v2\/users\/1"}],"replies":[{"embeddable":true,"href":"https:\/\/ambitionsverige.se\/es\/wp-json\/wp\/v2\/comments?post=533"}],"version-history":[{"count":3,"href":"https:\/\/ambitionsverige.se\/es\/wp-json\/wp\/v2\/pages\/533\/revisions"}],"predecessor-version":[{"id":1526,"href":"https:\/\/ambitionsverige.se\/es\/wp-json\/wp\/v2\/pages\/533\/revisions\/1526"}],"up":[{"embeddable":true,"href":"https:\/\/ambitionsverige.se\/es\/wp-json\/wp\/v2\/pages\/451"}],"wp:featuredmedia":[{"embeddable":true,"href":"https:\/\/ambitionsverige.se\/es\/wp-json\/wp\/v2\/media\/1525"}],"wp:attachment":[{"href":"https:\/\/ambitionsverige.se\/es\/wp-json\/wp\/v2\/media?parent=533"}],"wp:term":[{"taxonomy":"local_branch","embeddable":true,"href":"https:\/\/ambitionsverige.se\/es\/wp-json\/wp\/v2\/local_branch?post=533"}],"curies":[{"name":"wp","href":"https:\/\/api.w.org\/{rel}","templated":true}]}}