{"id":539,"date":"2025-10-06T10:29:44","date_gmt":"2025-10-06T08:29:44","guid":{"rendered":"https:\/\/ambitionsverige.se\/?page_id=539"},"modified":"2026-04-19T18:38:27","modified_gmt":"2026-04-19T16:38:27","slug":"cecilia-strandevall","status":"publish","type":"page","link":"https:\/\/ambitionsverige.se\/es\/politiker\/cecilia-strandevall\/","title":{"rendered":"Cecilia Strandevall"},"content":{"rendered":"<p class=\"western\">Cecilia es natural de Alings\u00e5s. Ha trabajado como peluquera aut\u00f3noma y tambi\u00e9n ha ocupado cargos electos en la pol\u00edtica municipal, lo que le ha permitido conocer los retos y las oportunidades de la comunidad local.<\/p>\n\n\n\n<p class=\"western\">Tiene formaci\u00f3n en econom\u00eda, peluquer\u00eda, formaci\u00f3n y trabajo en juntas municipales. Cecilia ha participado voluntariamente en actividades infantiles y juveniles, como profesora de baile infantil y entrenadora de gimnasia. Gracias a su profesi\u00f3n de peluquera, ha trabajado mucho en residencias de ancianos y ha podido conocer la vida cotidiana de las personas mayores. Esto la ha llevado a un fuerte compromiso con la calidad de vida de las personas mayores.<\/p>\n\n\n\n<p class=\"western\">Cecilia quiere contribuir a una sociedad en la que las personas se sientan seguras, conectadas e incluidas a lo largo de su vida.<span style=\"color: #000000;\">. En las redes sociales, es una clara defensora de la libertad individual y la autodeterminaci\u00f3n.<\/span><\/p>","protected":false},"excerpt":{"rendered":"<p>Cecilia kommer fr\u00e5n Alings\u00e5s. Hon har en bakgrund som egenf\u00f6retagare inom fris\u00f6ryrket och har \u00e4ven haft kommunalpolitiska f\u00f6rtroendeuppdrag, vilket givit henne insikt i det lokala samh\u00e4llets utmaningar och m\u00f6jligheter. Hon \u00e4r utbildad inom ekonomi, fris\u00f6ryrket, tr\u00e4ning och kommunalt styrelsearbete. Cecilia varit ideellt engagerad i barn- och ungdomsverksamhet, bland annat som barndansl\u00e4rare och gymnastiktr\u00e4nare. Genom fris\u00f6ryrket [&hellip;]<\/p>\n","protected":false},"author":1,"featured_media":2214,"parent":451,"menu_order":0,"comment_status":"closed","ping_status":"closed","template":"politiker\/cecilia-strandevall.php","meta":{"footnotes":""},"local_branch":[],"class_list":["post-539","page","type-page","status-publish","has-post-thumbnail","hentry"],"yoast_head":"<!-- This site is optimized with the Yoast SEO plugin v27.4 - https:\/\/yoast.com\/product\/yoast-seo-wordpress\/ -->\n<title>Cecilia Strandevall - Ambition Sverige<\/title>\n<meta name=\"robots\" content=\"index, follow, max-snippet:-1, max-image-preview:large, max-video-preview:-1\" \/>\n<link rel=\"canonical\" href=\"https:\/\/ambitionsverige.se\/es\/politico\/cecilia-strandevall\/\" \/>\n<meta property=\"og:locale\" content=\"es_ES\" \/>\n<meta property=\"og:type\" content=\"article\" \/>\n<meta property=\"og:title\" content=\"Cecilia Strandevall - Ambition Sverige\" \/>\n<meta property=\"og:description\" content=\"Cecilia kommer fr\u00e5n Alings\u00e5s. Hon har en bakgrund som egenf\u00f6retagare inom fris\u00f6ryrket och har \u00e4ven haft kommunalpolitiska f\u00f6rtroendeuppdrag, vilket givit henne insikt i det lokala samh\u00e4llets utmaningar och m\u00f6jligheter. Hon \u00e4r utbildad inom ekonomi, fris\u00f6ryrket, tr\u00e4ning och kommunalt styrelsearbete. Cecilia varit ideellt engagerad i barn- och ungdomsverksamhet, bland annat som barndansl\u00e4rare och gymnastiktr\u00e4nare. Genom fris\u00f6ryrket [&hellip;]\" \/>\n<meta property=\"og:url\" content=\"https:\/\/ambitionsverige.se\/es\/politico\/cecilia-strandevall\/\" \/>\n<meta property=\"og:site_name\" content=\"Ambition Sverige\" \/>\n<meta property=\"article:publisher\" content=\"https:\/\/www.facebook.com\/AmbitionSverige\" \/>\n<meta property=\"article:modified_time\" content=\"2026-04-19T16:38:27+00:00\" \/>\n<meta property=\"og:image\" content=\"https:\/\/ambitionsverige.se\/wp-content\/uploads\/2026\/04\/cecilia-strandevall-scaled.jpg\" \/>\n\t<meta property=\"og:image:width\" content=\"2560\" \/>\n\t<meta property=\"og:image:height\" content=\"2560\" \/>\n\t<meta property=\"og:image:type\" content=\"image\/jpeg\" \/>\n<meta name=\"twitter:card\" content=\"summary_large_image\" \/>\n<meta name=\"twitter:site\" content=\"@ambitionsverige\" \/>\n<meta name=\"twitter:label1\" content=\"Tiempo de lectura\" \/>\n\t<meta name=\"twitter:data1\" content=\"1 minuto\" \/>\n<script type=\"application\/ld+json\" class=\"yoast-schema-graph\">{\"@context\":\"https:\\\/\\\/schema.org\",\"@graph\":[{\"@type\":\"WebPage\",\"@id\":\"https:\\\/\\\/ambitionsverige.se\\\/politiker\\\/cecilia-strandevall\\\/\",\"url\":\"https:\\\/\\\/ambitionsverige.se\\\/politiker\\\/cecilia-strandevall\\\/\",\"name\":\"Cecilia Strandevall - Ambition Sverige\",\"isPartOf\":{\"@id\":\"https:\\\/\\\/ambitionsverige.se\\\/#website\"},\"primaryImageOfPage\":{\"@id\":\"https:\\\/\\\/ambitionsverige.se\\\/politiker\\\/cecilia-strandevall\\\/#primaryimage\"},\"image\":{\"@id\":\"https:\\\/\\\/ambitionsverige.se\\\/politiker\\\/cecilia-strandevall\\\/#primaryimage\"},\"thumbnailUrl\":\"https:\\\/\\\/ambitionsverige.se\\\/wp-content\\\/uploads\\\/2026\\\/04\\\/cecilia-strandevall-scaled.jpg\",\"datePublished\":\"2025-10-06T08:29:44+00:00\",\"dateModified\":\"2026-04-19T16:38:27+00:00\",\"breadcrumb\":{\"@id\":\"https:\\\/\\\/ambitionsverige.se\\\/politiker\\\/cecilia-strandevall\\\/#breadcrumb\"},\"inLanguage\":\"es\",\"potentialAction\":[{\"@type\":\"ReadAction\",\"target\":[\"https:\\\/\\\/ambitionsverige.se\\\/politiker\\\/cecilia-strandevall\\\/\"]}]},{\"@type\":\"ImageObject\",\"inLanguage\":\"es\",\"@id\":\"https:\\\/\\\/ambitionsverige.se\\\/politiker\\\/cecilia-strandevall\\\/#primaryimage\",\"url\":\"https:\\\/\\\/ambitionsverige.se\\\/wp-content\\\/uploads\\\/2026\\\/04\\\/cecilia-strandevall-scaled.jpg\",\"contentUrl\":\"https:\\\/\\\/ambitionsverige.se\\\/wp-content\\\/uploads\\\/2026\\\/04\\\/cecilia-strandevall-scaled.jpg\",\"width\":2560,\"height\":2560},{\"@type\":\"BreadcrumbList\",\"@id\":\"https:\\\/\\\/ambitionsverige.se\\\/politiker\\\/cecilia-strandevall\\\/#breadcrumb\",\"itemListElement\":[{\"@type\":\"ListItem\",\"position\":1,\"name\":\"Hem\",\"item\":\"https:\\\/\\\/ambitionsverige.se\\\/\"},{\"@type\":\"ListItem\",\"position\":2,\"name\":\"V\u00e5ra politiker &amp; medarbetare\",\"item\":\"https:\\\/\\\/ambitionsverige.se\\\/politiker\\\/\"},{\"@type\":\"ListItem\",\"position\":3,\"name\":\"Cecilia Strandevall\"}]},{\"@type\":\"WebSite\",\"@id\":\"https:\\\/\\\/ambitionsverige.se\\\/#website\",\"url\":\"https:\\\/\\\/ambitionsverige.se\\\/\",\"name\":\"Ambition Sverige\",\"description\":\"\",\"publisher\":{\"@id\":\"https:\\\/\\\/ambitionsverige.se\\\/#organization\"},\"potentialAction\":[{\"@type\":\"SearchAction\",\"target\":{\"@type\":\"EntryPoint\",\"urlTemplate\":\"https:\\\/\\\/ambitionsverige.se\\\/?s={search_term_string}\"},\"query-input\":{\"@type\":\"PropertyValueSpecification\",\"valueRequired\":true,\"valueName\":\"search_term_string\"}}],\"inLanguage\":\"es\"},{\"@type\":\"Organization\",\"@id\":\"https:\\\/\\\/ambitionsverige.se\\\/#organization\",\"name\":\"Ambition Sverige\",\"url\":\"https:\\\/\\\/ambitionsverige.se\\\/\",\"logo\":{\"@type\":\"ImageObject\",\"inLanguage\":\"es\",\"@id\":\"https:\\\/\\\/ambitionsverige.se\\\/#\\\/schema\\\/logo\\\/image\\\/\",\"url\":\"https:\\\/\\\/ambitionsverige.se\\\/wp-content\\\/uploads\\\/2025\\\/11\\\/ambition-sverige-logotyp.png\",\"contentUrl\":\"https:\\\/\\\/ambitionsverige.se\\\/wp-content\\\/uploads\\\/2025\\\/11\\\/ambition-sverige-logotyp.png\",\"width\":512,\"height\":512,\"caption\":\"Ambition Sverige\"},\"image\":{\"@id\":\"https:\\\/\\\/ambitionsverige.se\\\/#\\\/schema\\\/logo\\\/image\\\/\"},\"sameAs\":[\"https:\\\/\\\/www.facebook.com\\\/AmbitionSverige\",\"https:\\\/\\\/x.com\\\/ambitionsverige\",\"https:\\\/\\\/www.instagram.com\\\/ambitionsverige\",\"https:\\\/\\\/www.youtube.com\\\/@ambitionsverige1\",\"https:\\\/\\\/t.me\\\/sverigeforst1\"]}]}<\/script>\n<!-- \/ Yoast SEO plugin. -->","yoast_head_json":{"title":"Cecilia Strandevall - Ambition Sverige","robots":{"index":"index","follow":"follow","max-snippet":"max-snippet:-1","max-image-preview":"max-image-preview:large","max-video-preview":"max-video-preview:-1"},"canonical":"https:\/\/ambitionsverige.se\/es\/politico\/cecilia-strandevall\/","og_locale":"es_ES","og_type":"article","og_title":"Cecilia Strandevall - Ambition Sverige","og_description":"Cecilia kommer fr\u00e5n Alings\u00e5s. Hon har en bakgrund som egenf\u00f6retagare inom fris\u00f6ryrket och har \u00e4ven haft kommunalpolitiska f\u00f6rtroendeuppdrag, vilket givit henne insikt i det lokala samh\u00e4llets utmaningar och m\u00f6jligheter. Hon \u00e4r utbildad inom ekonomi, fris\u00f6ryrket, tr\u00e4ning och kommunalt styrelsearbete. Cecilia varit ideellt engagerad i barn- och ungdomsverksamhet, bland annat som barndansl\u00e4rare och gymnastiktr\u00e4nare. Genom fris\u00f6ryrket [&hellip;]","og_url":"https:\/\/ambitionsverige.se\/es\/politico\/cecilia-strandevall\/","og_site_name":"Ambition Sverige","article_publisher":"https:\/\/www.facebook.com\/AmbitionSverige","article_modified_time":"2026-04-19T16:38:27+00:00","og_image":[{"width":2560,"height":2560,"url":"https:\/\/ambitionsverige.se\/wp-content\/uploads\/2026\/04\/cecilia-strandevall-scaled.jpg","type":"image\/jpeg"}],"twitter_card":"summary_large_image","twitter_site":"@ambitionsverige","twitter_misc":{"Tiempo de lectura":"1 minuto"},"schema":{"@context":"https:\/\/schema.org","@graph":[{"@type":"WebPage","@id":"https:\/\/ambitionsverige.se\/politiker\/cecilia-strandevall\/","url":"https:\/\/ambitionsverige.se\/politiker\/cecilia-strandevall\/","name":"Cecilia Strandevall - Ambition Sverige","isPartOf":{"@id":"https:\/\/ambitionsverige.se\/#website"},"primaryImageOfPage":{"@id":"https:\/\/ambitionsverige.se\/politiker\/cecilia-strandevall\/#primaryimage"},"image":{"@id":"https:\/\/ambitionsverige.se\/politiker\/cecilia-strandevall\/#primaryimage"},"thumbnailUrl":"https:\/\/ambitionsverige.se\/wp-content\/uploads\/2026\/04\/cecilia-strandevall-scaled.jpg","datePublished":"2025-10-06T08:29:44+00:00","dateModified":"2026-04-19T16:38:27+00:00","breadcrumb":{"@id":"https:\/\/ambitionsverige.se\/politiker\/cecilia-strandevall\/#breadcrumb"},"inLanguage":"es","potentialAction":[{"@type":"ReadAction","target":["https:\/\/ambitionsverige.se\/politiker\/cecilia-strandevall\/"]}]},{"@type":"ImageObject","inLanguage":"es","@id":"https:\/\/ambitionsverige.se\/politiker\/cecilia-strandevall\/#primaryimage","url":"https:\/\/ambitionsverige.se\/wp-content\/uploads\/2026\/04\/cecilia-strandevall-scaled.jpg","contentUrl":"https:\/\/ambitionsverige.se\/wp-content\/uploads\/2026\/04\/cecilia-strandevall-scaled.jpg","width":2560,"height":2560},{"@type":"BreadcrumbList","@id":"https:\/\/ambitionsverige.se\/politiker\/cecilia-strandevall\/#breadcrumb","itemListElement":[{"@type":"ListItem","position":1,"name":"Hem","item":"https:\/\/ambitionsverige.se\/"},{"@type":"ListItem","position":2,"name":"V\u00e5ra politiker &amp; medarbetare","item":"https:\/\/ambitionsverige.se\/politiker\/"},{"@type":"ListItem","position":3,"name":"Cecilia Strandevall"}]},{"@type":"WebSite","@id":"https:\/\/ambitionsverige.se\/#website","url":"https:\/\/ambitionsverige.se\/","name":"Ambition Sverige","description":"","publisher":{"@id":"https:\/\/ambitionsverige.se\/#organization"},"potentialAction":[{"@type":"SearchAction","target":{"@type":"EntryPoint","urlTemplate":"https:\/\/ambitionsverige.se\/?s={search_term_string}"},"query-input":{"@type":"PropertyValueSpecification","valueRequired":true,"valueName":"search_term_string"}}],"inLanguage":"es"},{"@type":"Organization","@id":"https:\/\/ambitionsverige.se\/#organization","name":"Ambition Sverige","url":"https:\/\/ambitionsverige.se\/","logo":{"@type":"ImageObject","inLanguage":"es","@id":"https:\/\/ambitionsverige.se\/#\/schema\/logo\/image\/","url":"https:\/\/ambitionsverige.se\/wp-content\/uploads\/2025\/11\/ambition-sverige-logotyp.png","contentUrl":"https:\/\/ambitionsverige.se\/wp-content\/uploads\/2025\/11\/ambition-sverige-logotyp.png","width":512,"height":512,"caption":"Ambition Sverige"},"image":{"@id":"https:\/\/ambitionsverige.se\/#\/schema\/logo\/image\/"},"sameAs":["https:\/\/www.facebook.com\/AmbitionSverige","https:\/\/x.com\/ambitionsverige","https:\/\/www.instagram.com\/ambitionsverige","https:\/\/www.youtube.com\/@ambitionsverige1","https:\/\/t.me\/sverigeforst1"]}]}},"_links":{"self":[{"href":"https:\/\/ambitionsverige.se\/es\/wp-json\/wp\/v2\/pages\/539","targetHints":{"allow":["GET"]}}],"collection":[{"href":"https:\/\/ambitionsverige.se\/es\/wp-json\/wp\/v2\/pages"}],"about":[{"href":"https:\/\/ambitionsverige.se\/es\/wp-json\/wp\/v2\/types\/page"}],"author":[{"embeddable":true,"href":"https:\/\/ambitionsverige.se\/es\/wp-json\/wp\/v2\/users\/1"}],"replies":[{"embeddable":true,"href":"https:\/\/ambitionsverige.se\/es\/wp-json\/wp\/v2\/comments?post=539"}],"version-history":[{"count":4,"href":"https:\/\/ambitionsverige.se\/es\/wp-json\/wp\/v2\/pages\/539\/revisions"}],"predecessor-version":[{"id":2215,"href":"https:\/\/ambitionsverige.se\/es\/wp-json\/wp\/v2\/pages\/539\/revisions\/2215"}],"up":[{"embeddable":true,"href":"https:\/\/ambitionsverige.se\/es\/wp-json\/wp\/v2\/pages\/451"}],"wp:featuredmedia":[{"embeddable":true,"href":"https:\/\/ambitionsverige.se\/es\/wp-json\/wp\/v2\/media\/2214"}],"wp:attachment":[{"href":"https:\/\/ambitionsverige.se\/es\/wp-json\/wp\/v2\/media?parent=539"}],"wp:term":[{"taxonomy":"local_branch","embeddable":true,"href":"https:\/\/ambitionsverige.se\/es\/wp-json\/wp\/v2\/local_branch?post=539"}],"curies":[{"name":"wp","href":"https:\/\/api.w.org\/{rel}","templated":true}]}}