{"id":551,"date":"2025-10-06T11:08:37","date_gmt":"2025-10-06T09:08:37","guid":{"rendered":"https:\/\/ambitionsverige.se\/?page_id=551"},"modified":"2026-02-21T10:46:37","modified_gmt":"2026-02-21T09:46:37","slug":"torkild-berglund","status":"publish","type":"page","link":"https:\/\/ambitionsverige.se\/es\/politiker\/torkild-berglund\/","title":{"rendered":"Torkild Berglund"},"content":{"rendered":"<p class=\"western\">Torkild es economista y creci\u00f3 en Noruega. Tiene una larga y diversa experiencia en emprendimiento, desarrollo empresarial, liderazgo y transformaci\u00f3n digital. A lo largo de los a\u00f1os, ha desempe\u00f1ado funciones de liderazgo en Scandinavian Airlines y ha fundado una exitosa empresa de ecoturismo en Suecia. Desde 2021 vive en Costa Rica, donde se sumerge en la salud, el desarrollo personal y la geopol\u00edtica.<\/p>","protected":false},"excerpt":{"rendered":"<p>Torkild \u00e4r civilekonom och uppv\u00e4xt i Norge. Han har en l\u00e5ng och m\u00e5ngsidig bakgrund inom entrepren\u00f6rskap, aff\u00e4rsutveckling, ledarskap och digital transformation. Genom \u00e5ren har han haft ledande roller inom Scandinavian Airlines och grundat ett framg\u00e5ngsrikt ekoturismf\u00f6retag i Sverige. Sedan 2021 \u00e4r han bosatt i Costa Rica, d\u00e4r han f\u00f6rdjupar sig i h\u00e4lsa, personlig utveckling och [&hellip;]<\/p>\n","protected":false},"author":1,"featured_media":1545,"parent":451,"menu_order":0,"comment_status":"closed","ping_status":"closed","template":"politiker\/torkild-berglund.php","meta":{"footnotes":""},"local_branch":[],"class_list":["post-551","page","type-page","status-publish","has-post-thumbnail","hentry"],"yoast_head":"<!-- This site is optimized with the Yoast SEO plugin v27.4 - https:\/\/yoast.com\/product\/yoast-seo-wordpress\/ -->\n<title>Torkild Berglund - Ambition Sverige<\/title>\n<meta name=\"robots\" content=\"index, follow, max-snippet:-1, max-image-preview:large, max-video-preview:-1\" \/>\n<link rel=\"canonical\" href=\"https:\/\/ambitionsverige.se\/es\/politico\/torkild-berglund\/\" \/>\n<meta property=\"og:locale\" content=\"es_ES\" \/>\n<meta property=\"og:type\" content=\"article\" \/>\n<meta property=\"og:title\" content=\"Torkild Berglund - Ambition Sverige\" \/>\n<meta property=\"og:description\" content=\"Torkild \u00e4r civilekonom och uppv\u00e4xt i Norge. Han har en l\u00e5ng och m\u00e5ngsidig bakgrund inom entrepren\u00f6rskap, aff\u00e4rsutveckling, ledarskap och digital transformation. Genom \u00e5ren har han haft ledande roller inom Scandinavian Airlines och grundat ett framg\u00e5ngsrikt ekoturismf\u00f6retag i Sverige. Sedan 2021 \u00e4r han bosatt i Costa Rica, d\u00e4r han f\u00f6rdjupar sig i h\u00e4lsa, personlig utveckling och [&hellip;]\" \/>\n<meta property=\"og:url\" content=\"https:\/\/ambitionsverige.se\/es\/politico\/torkild-berglund\/\" \/>\n<meta property=\"og:site_name\" content=\"Ambition Sverige\" \/>\n<meta property=\"article:publisher\" content=\"https:\/\/www.facebook.com\/AmbitionSverige\" \/>\n<meta property=\"article:modified_time\" content=\"2026-02-21T09:46:37+00:00\" \/>\n<meta property=\"og:image\" content=\"https:\/\/ambitionsverige.se\/wp-content\/uploads\/2026\/01\/torkild-berglund.jpg\" \/>\n\t<meta property=\"og:image:width\" content=\"674\" \/>\n\t<meta property=\"og:image:height\" content=\"673\" \/>\n\t<meta property=\"og:image:type\" content=\"image\/jpeg\" \/>\n<meta name=\"twitter:card\" content=\"summary_large_image\" \/>\n<meta name=\"twitter:site\" content=\"@ambitionsverige\" \/>\n<meta name=\"twitter:label1\" content=\"Tiempo de lectura\" \/>\n\t<meta name=\"twitter:data1\" content=\"1 minuto\" \/>\n<script type=\"application\/ld+json\" class=\"yoast-schema-graph\">{\"@context\":\"https:\\\/\\\/schema.org\",\"@graph\":[{\"@type\":\"WebPage\",\"@id\":\"https:\\\/\\\/ambitionsverige.se\\\/politiker\\\/torkild-berglund\\\/\",\"url\":\"https:\\\/\\\/ambitionsverige.se\\\/politiker\\\/torkild-berglund\\\/\",\"name\":\"Torkild Berglund - Ambition Sverige\",\"isPartOf\":{\"@id\":\"https:\\\/\\\/ambitionsverige.se\\\/#website\"},\"primaryImageOfPage\":{\"@id\":\"https:\\\/\\\/ambitionsverige.se\\\/politiker\\\/torkild-berglund\\\/#primaryimage\"},\"image\":{\"@id\":\"https:\\\/\\\/ambitionsverige.se\\\/politiker\\\/torkild-berglund\\\/#primaryimage\"},\"thumbnailUrl\":\"https:\\\/\\\/ambitionsverige.se\\\/wp-content\\\/uploads\\\/2026\\\/01\\\/torkild-berglund.jpg\",\"datePublished\":\"2025-10-06T09:08:37+00:00\",\"dateModified\":\"2026-02-21T09:46:37+00:00\",\"breadcrumb\":{\"@id\":\"https:\\\/\\\/ambitionsverige.se\\\/politiker\\\/torkild-berglund\\\/#breadcrumb\"},\"inLanguage\":\"es\",\"potentialAction\":[{\"@type\":\"ReadAction\",\"target\":[\"https:\\\/\\\/ambitionsverige.se\\\/politiker\\\/torkild-berglund\\\/\"]}]},{\"@type\":\"ImageObject\",\"inLanguage\":\"es\",\"@id\":\"https:\\\/\\\/ambitionsverige.se\\\/politiker\\\/torkild-berglund\\\/#primaryimage\",\"url\":\"https:\\\/\\\/ambitionsverige.se\\\/wp-content\\\/uploads\\\/2026\\\/01\\\/torkild-berglund.jpg\",\"contentUrl\":\"https:\\\/\\\/ambitionsverige.se\\\/wp-content\\\/uploads\\\/2026\\\/01\\\/torkild-berglund.jpg\",\"width\":674,\"height\":673,\"caption\":\"Torkild Berglund - Ambition Sverige\"},{\"@type\":\"BreadcrumbList\",\"@id\":\"https:\\\/\\\/ambitionsverige.se\\\/politiker\\\/torkild-berglund\\\/#breadcrumb\",\"itemListElement\":[{\"@type\":\"ListItem\",\"position\":1,\"name\":\"Hem\",\"item\":\"https:\\\/\\\/ambitionsverige.se\\\/\"},{\"@type\":\"ListItem\",\"position\":2,\"name\":\"V\u00e5ra politiker &amp; medarbetare\",\"item\":\"https:\\\/\\\/ambitionsverige.se\\\/politiker\\\/\"},{\"@type\":\"ListItem\",\"position\":3,\"name\":\"Torkild Berglund\"}]},{\"@type\":\"WebSite\",\"@id\":\"https:\\\/\\\/ambitionsverige.se\\\/#website\",\"url\":\"https:\\\/\\\/ambitionsverige.se\\\/\",\"name\":\"Ambition Sverige\",\"description\":\"\",\"publisher\":{\"@id\":\"https:\\\/\\\/ambitionsverige.se\\\/#organization\"},\"potentialAction\":[{\"@type\":\"SearchAction\",\"target\":{\"@type\":\"EntryPoint\",\"urlTemplate\":\"https:\\\/\\\/ambitionsverige.se\\\/?s={search_term_string}\"},\"query-input\":{\"@type\":\"PropertyValueSpecification\",\"valueRequired\":true,\"valueName\":\"search_term_string\"}}],\"inLanguage\":\"es\"},{\"@type\":\"Organization\",\"@id\":\"https:\\\/\\\/ambitionsverige.se\\\/#organization\",\"name\":\"Ambition Sverige\",\"url\":\"https:\\\/\\\/ambitionsverige.se\\\/\",\"logo\":{\"@type\":\"ImageObject\",\"inLanguage\":\"es\",\"@id\":\"https:\\\/\\\/ambitionsverige.se\\\/#\\\/schema\\\/logo\\\/image\\\/\",\"url\":\"https:\\\/\\\/ambitionsverige.se\\\/wp-content\\\/uploads\\\/2025\\\/11\\\/ambition-sverige-logotyp.png\",\"contentUrl\":\"https:\\\/\\\/ambitionsverige.se\\\/wp-content\\\/uploads\\\/2025\\\/11\\\/ambition-sverige-logotyp.png\",\"width\":512,\"height\":512,\"caption\":\"Ambition Sverige\"},\"image\":{\"@id\":\"https:\\\/\\\/ambitionsverige.se\\\/#\\\/schema\\\/logo\\\/image\\\/\"},\"sameAs\":[\"https:\\\/\\\/www.facebook.com\\\/AmbitionSverige\",\"https:\\\/\\\/x.com\\\/ambitionsverige\",\"https:\\\/\\\/www.instagram.com\\\/ambitionsverige\",\"https:\\\/\\\/www.youtube.com\\\/@ambitionsverige1\",\"https:\\\/\\\/t.me\\\/sverigeforst1\"]}]}<\/script>\n<!-- \/ Yoast SEO plugin. -->","yoast_head_json":{"title":"Torkild Berglund - Ambition Sverige","robots":{"index":"index","follow":"follow","max-snippet":"max-snippet:-1","max-image-preview":"max-image-preview:large","max-video-preview":"max-video-preview:-1"},"canonical":"https:\/\/ambitionsverige.se\/es\/politico\/torkild-berglund\/","og_locale":"es_ES","og_type":"article","og_title":"Torkild Berglund - Ambition Sverige","og_description":"Torkild \u00e4r civilekonom och uppv\u00e4xt i Norge. Han har en l\u00e5ng och m\u00e5ngsidig bakgrund inom entrepren\u00f6rskap, aff\u00e4rsutveckling, ledarskap och digital transformation. Genom \u00e5ren har han haft ledande roller inom Scandinavian Airlines och grundat ett framg\u00e5ngsrikt ekoturismf\u00f6retag i Sverige. Sedan 2021 \u00e4r han bosatt i Costa Rica, d\u00e4r han f\u00f6rdjupar sig i h\u00e4lsa, personlig utveckling och [&hellip;]","og_url":"https:\/\/ambitionsverige.se\/es\/politico\/torkild-berglund\/","og_site_name":"Ambition Sverige","article_publisher":"https:\/\/www.facebook.com\/AmbitionSverige","article_modified_time":"2026-02-21T09:46:37+00:00","og_image":[{"width":674,"height":673,"url":"https:\/\/ambitionsverige.se\/wp-content\/uploads\/2026\/01\/torkild-berglund.jpg","type":"image\/jpeg"}],"twitter_card":"summary_large_image","twitter_site":"@ambitionsverige","twitter_misc":{"Tiempo de lectura":"1 minuto"},"schema":{"@context":"https:\/\/schema.org","@graph":[{"@type":"WebPage","@id":"https:\/\/ambitionsverige.se\/politiker\/torkild-berglund\/","url":"https:\/\/ambitionsverige.se\/politiker\/torkild-berglund\/","name":"Torkild Berglund - Ambition Sverige","isPartOf":{"@id":"https:\/\/ambitionsverige.se\/#website"},"primaryImageOfPage":{"@id":"https:\/\/ambitionsverige.se\/politiker\/torkild-berglund\/#primaryimage"},"image":{"@id":"https:\/\/ambitionsverige.se\/politiker\/torkild-berglund\/#primaryimage"},"thumbnailUrl":"https:\/\/ambitionsverige.se\/wp-content\/uploads\/2026\/01\/torkild-berglund.jpg","datePublished":"2025-10-06T09:08:37+00:00","dateModified":"2026-02-21T09:46:37+00:00","breadcrumb":{"@id":"https:\/\/ambitionsverige.se\/politiker\/torkild-berglund\/#breadcrumb"},"inLanguage":"es","potentialAction":[{"@type":"ReadAction","target":["https:\/\/ambitionsverige.se\/politiker\/torkild-berglund\/"]}]},{"@type":"ImageObject","inLanguage":"es","@id":"https:\/\/ambitionsverige.se\/politiker\/torkild-berglund\/#primaryimage","url":"https:\/\/ambitionsverige.se\/wp-content\/uploads\/2026\/01\/torkild-berglund.jpg","contentUrl":"https:\/\/ambitionsverige.se\/wp-content\/uploads\/2026\/01\/torkild-berglund.jpg","width":674,"height":673,"caption":"Torkild Berglund - Ambition Sverige"},{"@type":"BreadcrumbList","@id":"https:\/\/ambitionsverige.se\/politiker\/torkild-berglund\/#breadcrumb","itemListElement":[{"@type":"ListItem","position":1,"name":"Hem","item":"https:\/\/ambitionsverige.se\/"},{"@type":"ListItem","position":2,"name":"V\u00e5ra politiker &amp; medarbetare","item":"https:\/\/ambitionsverige.se\/politiker\/"},{"@type":"ListItem","position":3,"name":"Torkild Berglund"}]},{"@type":"WebSite","@id":"https:\/\/ambitionsverige.se\/#website","url":"https:\/\/ambitionsverige.se\/","name":"Ambition Sverige","description":"","publisher":{"@id":"https:\/\/ambitionsverige.se\/#organization"},"potentialAction":[{"@type":"SearchAction","target":{"@type":"EntryPoint","urlTemplate":"https:\/\/ambitionsverige.se\/?s={search_term_string}"},"query-input":{"@type":"PropertyValueSpecification","valueRequired":true,"valueName":"search_term_string"}}],"inLanguage":"es"},{"@type":"Organization","@id":"https:\/\/ambitionsverige.se\/#organization","name":"Ambition Sverige","url":"https:\/\/ambitionsverige.se\/","logo":{"@type":"ImageObject","inLanguage":"es","@id":"https:\/\/ambitionsverige.se\/#\/schema\/logo\/image\/","url":"https:\/\/ambitionsverige.se\/wp-content\/uploads\/2025\/11\/ambition-sverige-logotyp.png","contentUrl":"https:\/\/ambitionsverige.se\/wp-content\/uploads\/2025\/11\/ambition-sverige-logotyp.png","width":512,"height":512,"caption":"Ambition Sverige"},"image":{"@id":"https:\/\/ambitionsverige.se\/#\/schema\/logo\/image\/"},"sameAs":["https:\/\/www.facebook.com\/AmbitionSverige","https:\/\/x.com\/ambitionsverige","https:\/\/www.instagram.com\/ambitionsverige","https:\/\/www.youtube.com\/@ambitionsverige1","https:\/\/t.me\/sverigeforst1"]}]}},"_links":{"self":[{"href":"https:\/\/ambitionsverige.se\/es\/wp-json\/wp\/v2\/pages\/551","targetHints":{"allow":["GET"]}}],"collection":[{"href":"https:\/\/ambitionsverige.se\/es\/wp-json\/wp\/v2\/pages"}],"about":[{"href":"https:\/\/ambitionsverige.se\/es\/wp-json\/wp\/v2\/types\/page"}],"author":[{"embeddable":true,"href":"https:\/\/ambitionsverige.se\/es\/wp-json\/wp\/v2\/users\/1"}],"replies":[{"embeddable":true,"href":"https:\/\/ambitionsverige.se\/es\/wp-json\/wp\/v2\/comments?post=551"}],"version-history":[{"count":2,"href":"https:\/\/ambitionsverige.se\/es\/wp-json\/wp\/v2\/pages\/551\/revisions"}],"predecessor-version":[{"id":1546,"href":"https:\/\/ambitionsverige.se\/es\/wp-json\/wp\/v2\/pages\/551\/revisions\/1546"}],"up":[{"embeddable":true,"href":"https:\/\/ambitionsverige.se\/es\/wp-json\/wp\/v2\/pages\/451"}],"wp:featuredmedia":[{"embeddable":true,"href":"https:\/\/ambitionsverige.se\/es\/wp-json\/wp\/v2\/media\/1545"}],"wp:attachment":[{"href":"https:\/\/ambitionsverige.se\/es\/wp-json\/wp\/v2\/media?parent=551"}],"wp:term":[{"taxonomy":"local_branch","embeddable":true,"href":"https:\/\/ambitionsverige.se\/es\/wp-json\/wp\/v2\/local_branch?post=551"}],"curies":[{"name":"wp","href":"https:\/\/api.w.org\/{rel}","templated":true}]}}