{"id":60,"date":"2025-05-26T11:58:07","date_gmt":"2025-05-26T09:58:07","guid":{"rendered":"https:\/\/ambitionsverige.se\/?page_id=60"},"modified":"2026-01-16T11:15:20","modified_gmt":"2026-01-16T10:15:20","slug":"energia","status":"publish","type":"page","link":"https:\/\/ambitionsverige.se\/es\/politik\/energi\/","title":{"rendered":"Garantizar el funcionamiento del sistema energ\u00e9tico"},"content":{"rendered":"<p><strong>- Plan para la energ\u00eda nuclear: construir turbinas de gas y acabar con la energ\u00eda e\u00f3lica.<\/strong><\/p>\n\n\n\n<h2 class=\"wp-block-heading\">La prosperidad requiere acceso a energ\u00eda barata<\/h2>\n\n\n\n<p>Construir riqueza material requiere personas inventivas, insumos baratos y una burocracia limitada. La energ\u00eda es lo m\u00e1s importante, ya que es necesaria en toda la producci\u00f3n. La agricultura, la silvicultura, la acer\u00eda, la agencia inform\u00e1tica, el taller de reparaci\u00f3n de coches y la peluquer\u00eda funcionan con energ\u00eda. La prosperidad de un pa\u00eds es directamente proporcional a su acceso a energ\u00eda barata. Por tanto, para maximizar nuestra prosperidad, necesitamos aumentar el suministro de energ\u00eda barata y respetuosa con el medio ambiente, no cortarlo.<\/p>\n\n\n\n<h2 class=\"wp-block-heading\">Del caballo a la energ\u00eda nuclear<\/h2>\n\n\n\n<p>La historia de la riqueza de Suecia corre paralela al desarrollo de nuestras fuentes de energ\u00eda. Cuando la agricultura pas\u00f3 de la mano al caballo, pudimos cultivar zonas m\u00e1s extensas. Las cosechas aumentaron. El grano hay que molerlo, lo cual es un trabajo duro. Los molinos hidr\u00e1ulicos liberaron tiempo de trabajo y aumentaron la prosperidad. Los bosques hab\u00edan sido durante mucho tiempo una fuente de energ\u00eda, pero con la industrializaci\u00f3n se talaron durante un tiempo para alimentar cada vez m\u00e1s fundiciones y m\u00e1quinas de vapor. El carb\u00f3n vegetal fue sustituido por las fuentes de energ\u00eda m\u00e1s compactas -pero importadas- del carb\u00f3n y el petr\u00f3leo. El bosque pudo entonces recuperarse. Los r\u00edos de Norrland se represaron y el pa\u00eds se electrific\u00f3 sin depender de recursos energ\u00e9ticos extranjeros.<\/p>\n\n\n\n<p>En los a\u00f1os sesenta apareci\u00f3 la energ\u00eda nuclear. Por primera vez, dispon\u00edamos de energ\u00eda realmente barata sin hacer grandes incursiones en la naturaleza. La necesidad de electricidad de toda la vida de una persona puede extraerse de una cantidad de uranio del tama\u00f1o de 30 terrones de az\u00facar. Suecia es uno de los pa\u00edses m\u00e1s ricos en uranio del mundo, pero desde 2018 el C\u00f3digo Medioambiental proh\u00edbe la extracci\u00f3n de uranio en nuestro pa\u00eds. Sin embargo, importar de otros pa\u00edses est\u00e1 bien. Ahora ten\u00edamos uno de los mejores sistemas el\u00e9ctricos del mundo. La industria sueca funcionaba a toda m\u00e1quina. La gente corriente obten\u00eda electricidad de dos agujeros en la pared, sin tener que pensar si el precio al contado era adecuado para hornear un bizcocho.<\/p>\n\n\n\n<p>Desde entonces, una serie de decisiones pol\u00edticas han destruido nuestro robusto sistema el\u00e9ctrico. La electricidad se ha encarecido considerablemente y el precio se ha vuelto m\u00e1s inestable. En el sur de Suecia es dif\u00edcil construir nuevas industrias, ya que no se puede garantizar el suministro el\u00e9ctrico.<\/p>\n\n\n\n<h2 class=\"wp-block-heading\">El refer\u00e9ndum de 1980 decidi\u00f3 abolir la energ\u00eda nuclear<\/h2>\n\n\n\n<p>El resultado del refer\u00e9ndum de 1980, los impuestos pol\u00edticos punitivos sobre la energ\u00eda nuclear y el activismo gubernamental sin evaluaci\u00f3n de impacto han provocado el cierre de seis de los doce reactores nucleares.<\/p>\n\n\n\n<h2 class=\"wp-block-heading\">La liberalizaci\u00f3n del mercado de la electricidad en 1996<\/h2>\n\n\n\n<p>La esperanza era que, con la liberalizaci\u00f3n, la producci\u00f3n y los precios de la electricidad fueran como en un mercado real, es decir, mayor calidad y precios m\u00e1s bajos. Sin embargo, para que esto funcione, hay que liberalizar tanto el lado de la oferta (producci\u00f3n) como el de la demanda (ventas). Entonces, el aumento de la demanda provocar\u00e1 un aumento de los precios, lo que es una se\u00f1al que anima a aumentar la producci\u00f3n, lo que hace que el precio vuelva a bajar. Desgraciadamente, la construcci\u00f3n de nuevas centrales de base es burocr\u00e1tica y dif\u00edcil, lo que significa que en la pr\u00e1ctica s\u00f3lo se ha liberalizado el precio, pero no la oferta.<\/p>\n\n\n\n<h2 class=\"wp-block-heading\">Subvenciones a la energ\u00eda e\u00f3lica y solar 1991 - 2021<\/h2>\n\n\n\n<p>Las subvenciones p\u00fablicas llevaron a la construcci\u00f3n a gran escala de centrales e\u00f3licas y solares poco rentables, como supuesto sustituto de la energ\u00eda nuclear clausurada. La e\u00f3lica y la solar producen electricidad en funci\u00f3n de las condiciones meteorol\u00f3gicas. En un mercado real, este tipo de electricidad se habr\u00eda considerado un producto de menor calidad con precios propios. Ahora se vende en el mismo mercado que la energ\u00eda despachable. La energ\u00eda despachable la subvenciona y tiene que intervenir para estabilizar la red compensando las variaciones e\u00f3licas y solares. Esto provoca un mayor desgaste de las turbinas hidr\u00e1ulicas y un aumento de los costes, que hasta ahora no han afectado a la energ\u00eda e\u00f3lica y solar.<\/p>\n\n\n\n<p>El coste total de la electricidad, compuesto por los precios de la electricidad, los costes de la red y los impuestos, ha aumentado considerablemente desde que se cerr\u00f3 el \u00faltimo reactor de Ringhals en 2020. La energ\u00eda dependiente de las condiciones meteorol\u00f3gicas nunca podr\u00e1 sustituir a la energ\u00eda despachable a gran escala.<\/p>\n\n\n\n<h2 class=\"wp-block-heading\">La UE y la regla del 70<\/h2>\n\n\n\n<p>Suecia sol\u00eda tener un sistema nacional de precios para la electricidad. Entonces pod\u00edamos distribuir y tarificar la electricidad como mejor nos conviniera. Como miembros del mercado interior de la electricidad de la UE, ya no se nos permite utilizar nuestra propia electricidad para hacer lo que m\u00e1s nos convenga en Suecia. No se nos permite tener un precio nacional de la electricidad, pero se nos ha autorizado a tener cuatro zonas el\u00e9ctricas, con en la pr\u00e1ctica cuatro precios nacionales.<\/p>\n\n\n\n<p>Seg\u00fan la UE, los compradores extranjeros de electricidad deben poder pujar por la electricidad sueca en las mismas condiciones que los compradores suecos. Para que puedan transportar la electricidad fuera del pa\u00eds, hemos construido varios cables el\u00e9ctricos a pa\u00edses extranjeros, y hay m\u00e1s en camino. La UE exige que el 70% de la capacidad de todos los cables se ponga a disposici\u00f3n de compradores extranjeros de electricidad. Esto, por supuesto, encarece el precio para los compradores suecos, ya que los precios de la electricidad en el continente suelen ser mucho m\u00e1s altos.<\/p>\n\n\n\n<h2 class=\"wp-block-heading\">La energ\u00eda e\u00f3lica, un azote para las personas y la naturaleza<\/h2>\n\n\n\n<p>En su d\u00eda, nuestras necesidades energ\u00e9ticas provocaron la deforestaci\u00f3n y el embalse de los r\u00edos. Luego vino la energ\u00eda nuclear, que tiene un impacto m\u00ednimo en los animales y la naturaleza. Con la construcci\u00f3n de centrales e\u00f3licas y solares, hemos retrocedido y volvemos a utilizar grandes extensiones de tierra y espacios naturales sensibles para producir electricidad de baja calidad.<\/p>\n\n\n\n<p>All\u00ed donde se construye energ\u00eda e\u00f3lica, la naturaleza se destruye y la fauna se ve afectada. Quienes viven cerca sufren ruidos, infrasonidos nocivos, p\u00e9rdida de horizonte y depreciaci\u00f3n de sus propiedades. La p\u00e9rdida de valor es, por tanto, una transferencia de capital de particulares a una gran industria multimillonaria parcialmente subvencionada, normalmente propiedad de intereses extranjeros.<\/p>\n\n\n\n<h2 class=\"wp-block-heading\">Ambition Sverige trabajar\u00e1 para:<\/h2>\n\n\n\n<ul class=\"wp-block-list propositions\">\n<li>La producci\u00f3n sueca de energ\u00eda debe garantizar principalmente las necesidades energ\u00e9ticas de Suecia. Seguimos exportando nuestro excedente a otros pa\u00edses a trav\u00e9s de los cables existentes, pero somos restrictivos con las nuevas capacidades que aumentan nuestros precios de la electricidad.<\/li>\n\n\n\n<li>Suecia debe construir nuevas centrales nucleares y volver as\u00ed al buen funcionamiento del sistema el\u00e9ctrico que ten\u00edamos antes de 1999. De este modo, Suecia podr\u00e1 ofrecer electricidad a precios bajos y previsibles para la industria, las funciones sociales y los particulares. Vattenfall deber\u00eda encargarse de garantizar la r\u00e1pida expansi\u00f3n de la energ\u00eda nuclear.<\/li>\n\n\n\n<li>Las soluciones transitorias a la espera de nuevas centrales nucleares deben ser el aumento de la producci\u00f3n de electricidad a partir de la cogeneraci\u00f3n y las turbinas de gas, especialmente en el sur de Suecia. Se fomenta el aumento de la capacidad y la producci\u00f3n de electricidad en las centrales existentes en condiciones de mercado. Se suspenden todas las restricciones a las centrales hidroel\u00e9ctricas existentes debidas a evaluaciones medioambientales.<\/li>\n\n\n\n<li>No se construye m\u00e1s energ\u00eda e\u00f3lica, ni terrestre ni marina.<\/li>\n\n\n\n<li>Garantizar que se comprueba que las industrias e\u00f3licas existentes cumplen las normas exigidas en su funcionamiento. Investigar el impacto medioambiental de la energ\u00eda e\u00f3lica, incluida la propagaci\u00f3n de micropl\u00e1sticos e infrasonidos.<\/li>\n\n\n\n<li>Que se suspendan todos los proyectos de energ\u00eda solar a gran escala en terrenos agr\u00edcolas hasta que se establezca un nuevo marco normativo.<\/li>\n\n\n\n<li>Debe revisarse la gobernanza de la empresa p\u00fablica Svenska Kraftn\u00e4t (SVK) y de la empresa p\u00fablica Vattenfall. SVK deber\u00eda convertirse en el gestor de todo el sistema el\u00e9ctrico.<\/li>\n\n\n\n<li>Revisi\u00f3n del n\u00famero de zonas el\u00e9ctricas para igualar los precios de la electricidad en todo el pa\u00eds.<\/li>\n\n\n\n<li>Sin subvenciones ni ayudas especiales para la llamada transici\u00f3n verde o la electrificaci\u00f3n.<\/li>\n\n\n\n<li>Que el almacenamiento de energ\u00eda en hidr\u00f3geno y bater\u00edas no est\u00e9 subvencionado por el Estado, ya que no son soluciones sostenibles para el sistema energ\u00e9tico (no son rentables).<\/li>\n\n\n\n<li>Que se analicen detenidamente las consecuencias de un mayor uso de la biomasa, ya que actualmente se importa mucha a Suecia.<\/li>\n<\/ul>","protected":false},"excerpt":{"rendered":"<p>&#8211; Planera f\u00f6r k\u00e4rnkraft &#8211; bygg gasturbiner och stoppa vindkraften. V\u00e4lst\u00e5nd kr\u00e4ver tillg\u00e5ng till billig energi F\u00f6r att bygga materiellt v\u00e4lst\u00e5nd beh\u00f6vs uppfinningsrika m\u00e4nniskor, billiga insatsvaror och en begr\u00e4nsad byr\u00e5krati. Energi \u00e4r den viktigaste, d\u00e5 den beh\u00f6vs i all produktion. Jordbruket, skogsbruket, st\u00e5lverket, IT-byr\u00e5n, bilverkstaden och h\u00e5rsalongen drivs alla med energi. Ett lands v\u00e4lst\u00e5nd st\u00e5r [&hellip;]<\/p>\n","protected":false},"author":1,"featured_media":1583,"parent":50,"menu_order":0,"comment_status":"closed","ping_status":"closed","template":"politik\/energi.php","meta":{"footnotes":""},"local_branch":[],"class_list":["post-60","page","type-page","status-publish","has-post-thumbnail","hentry"],"yoast_head":"<!-- This site is optimized with the Yoast SEO plugin v27.4 - https:\/\/yoast.com\/product\/yoast-seo-wordpress\/ -->\n<title>S\u00e4kerst\u00e4ll ett fungerande energisystem - Ambition Sverige<\/title>\n<meta name=\"description\" content=\"S\u00e4kra v\u00e4lf\u00e4rden genom ett robust energisystem.\" \/>\n<meta name=\"robots\" content=\"index, follow, max-snippet:-1, max-image-preview:large, max-video-preview:-1\" \/>\n<link rel=\"canonical\" href=\"https:\/\/ambitionsverige.se\/es\/politica\/energia\/\" \/>\n<meta property=\"og:locale\" content=\"es_ES\" \/>\n<meta property=\"og:type\" content=\"article\" \/>\n<meta property=\"og:title\" content=\"S\u00e4kerst\u00e4ll ett fungerande energisystem - Ambition Sverige\" \/>\n<meta property=\"og:description\" content=\"S\u00e4kra v\u00e4lf\u00e4rden genom ett robust energisystem.\" \/>\n<meta property=\"og:url\" content=\"https:\/\/ambitionsverige.se\/es\/politica\/energia\/\" \/>\n<meta property=\"og:site_name\" content=\"Ambition Sverige\" \/>\n<meta property=\"article:publisher\" content=\"https:\/\/www.facebook.com\/AmbitionSverige\" \/>\n<meta property=\"article:modified_time\" content=\"2026-01-16T10:15:20+00:00\" \/>\n<meta property=\"og:image\" content=\"https:\/\/ambitionsverige.se\/wp-content\/uploads\/2026\/01\/sakerstall-ett-fungerande-energisystem.webp\" \/>\n\t<meta property=\"og:image:width\" content=\"1920\" \/>\n\t<meta property=\"og:image:height\" content=\"1080\" \/>\n\t<meta property=\"og:image:type\" content=\"image\/webp\" \/>\n<meta name=\"twitter:card\" content=\"summary_large_image\" \/>\n<meta name=\"twitter:site\" content=\"@ambitionsverige\" \/>\n<meta name=\"twitter:label1\" content=\"Tiempo de lectura\" \/>\n\t<meta name=\"twitter:data1\" content=\"6 minutos\" \/>\n<script type=\"application\/ld+json\" class=\"yoast-schema-graph\">{\"@context\":\"https:\\\/\\\/schema.org\",\"@graph\":[{\"@type\":\"WebPage\",\"@id\":\"https:\\\/\\\/ambitionsverige.se\\\/politik\\\/energi\\\/\",\"url\":\"https:\\\/\\\/ambitionsverige.se\\\/politik\\\/energi\\\/\",\"name\":\"S\u00e4kerst\u00e4ll ett fungerande energisystem - Ambition Sverige\",\"isPartOf\":{\"@id\":\"https:\\\/\\\/ambitionsverige.se\\\/#website\"},\"primaryImageOfPage\":{\"@id\":\"https:\\\/\\\/ambitionsverige.se\\\/politik\\\/energi\\\/#primaryimage\"},\"image\":{\"@id\":\"https:\\\/\\\/ambitionsverige.se\\\/politik\\\/energi\\\/#primaryimage\"},\"thumbnailUrl\":\"https:\\\/\\\/ambitionsverige.se\\\/wp-content\\\/uploads\\\/2026\\\/01\\\/sakerstall-ett-fungerande-energisystem.webp\",\"datePublished\":\"2025-05-26T09:58:07+00:00\",\"dateModified\":\"2026-01-16T10:15:20+00:00\",\"description\":\"S\u00e4kra v\u00e4lf\u00e4rden genom ett robust energisystem.\",\"breadcrumb\":{\"@id\":\"https:\\\/\\\/ambitionsverige.se\\\/politik\\\/energi\\\/#breadcrumb\"},\"inLanguage\":\"es\",\"potentialAction\":[{\"@type\":\"ReadAction\",\"target\":[\"https:\\\/\\\/ambitionsverige.se\\\/politik\\\/energi\\\/\"]}]},{\"@type\":\"ImageObject\",\"inLanguage\":\"es\",\"@id\":\"https:\\\/\\\/ambitionsverige.se\\\/politik\\\/energi\\\/#primaryimage\",\"url\":\"https:\\\/\\\/ambitionsverige.se\\\/wp-content\\\/uploads\\\/2026\\\/01\\\/sakerstall-ett-fungerande-energisystem.webp\",\"contentUrl\":\"https:\\\/\\\/ambitionsverige.se\\\/wp-content\\\/uploads\\\/2026\\\/01\\\/sakerstall-ett-fungerande-energisystem.webp\",\"width\":1920,\"height\":1080,\"caption\":\"Kraftledningar i solnedg\u00e5ng\"},{\"@type\":\"BreadcrumbList\",\"@id\":\"https:\\\/\\\/ambitionsverige.se\\\/politik\\\/energi\\\/#breadcrumb\",\"itemListElement\":[{\"@type\":\"ListItem\",\"position\":1,\"name\":\"Hem\",\"item\":\"https:\\\/\\\/ambitionsverige.se\\\/\"},{\"@type\":\"ListItem\",\"position\":2,\"name\":\"V\u00e5r politik\",\"item\":\"https:\\\/\\\/ambitionsverige.se\\\/politik\\\/\"},{\"@type\":\"ListItem\",\"position\":3,\"name\":\"S\u00e4kerst\u00e4ll ett fungerande energisystem\"}]},{\"@type\":\"WebSite\",\"@id\":\"https:\\\/\\\/ambitionsverige.se\\\/#website\",\"url\":\"https:\\\/\\\/ambitionsverige.se\\\/\",\"name\":\"Ambition Sverige\",\"description\":\"\",\"publisher\":{\"@id\":\"https:\\\/\\\/ambitionsverige.se\\\/#organization\"},\"potentialAction\":[{\"@type\":\"SearchAction\",\"target\":{\"@type\":\"EntryPoint\",\"urlTemplate\":\"https:\\\/\\\/ambitionsverige.se\\\/?s={search_term_string}\"},\"query-input\":{\"@type\":\"PropertyValueSpecification\",\"valueRequired\":true,\"valueName\":\"search_term_string\"}}],\"inLanguage\":\"es\"},{\"@type\":\"Organization\",\"@id\":\"https:\\\/\\\/ambitionsverige.se\\\/#organization\",\"name\":\"Ambition Sverige\",\"url\":\"https:\\\/\\\/ambitionsverige.se\\\/\",\"logo\":{\"@type\":\"ImageObject\",\"inLanguage\":\"es\",\"@id\":\"https:\\\/\\\/ambitionsverige.se\\\/#\\\/schema\\\/logo\\\/image\\\/\",\"url\":\"https:\\\/\\\/ambitionsverige.se\\\/wp-content\\\/uploads\\\/2025\\\/11\\\/ambition-sverige-logotyp.png\",\"contentUrl\":\"https:\\\/\\\/ambitionsverige.se\\\/wp-content\\\/uploads\\\/2025\\\/11\\\/ambition-sverige-logotyp.png\",\"width\":512,\"height\":512,\"caption\":\"Ambition Sverige\"},\"image\":{\"@id\":\"https:\\\/\\\/ambitionsverige.se\\\/#\\\/schema\\\/logo\\\/image\\\/\"},\"sameAs\":[\"https:\\\/\\\/www.facebook.com\\\/AmbitionSverige\",\"https:\\\/\\\/x.com\\\/ambitionsverige\",\"https:\\\/\\\/www.instagram.com\\\/ambitionsverige\",\"https:\\\/\\\/www.youtube.com\\\/@ambitionsverige1\",\"https:\\\/\\\/t.me\\\/sverigeforst1\"]}]}<\/script>\n<!-- \/ Yoast SEO plugin. -->","yoast_head_json":{"title":"Garantizar un sistema energ\u00e9tico operativo - Ambition Sverige","description":"Garantizar el bienestar mediante un sistema energ\u00e9tico s\u00f3lido.","robots":{"index":"index","follow":"follow","max-snippet":"max-snippet:-1","max-image-preview":"max-image-preview:large","max-video-preview":"max-video-preview:-1"},"canonical":"https:\/\/ambitionsverige.se\/es\/politica\/energia\/","og_locale":"es_ES","og_type":"article","og_title":"S\u00e4kerst\u00e4ll ett fungerande energisystem - Ambition Sverige","og_description":"S\u00e4kra v\u00e4lf\u00e4rden genom ett robust energisystem.","og_url":"https:\/\/ambitionsverige.se\/es\/politica\/energia\/","og_site_name":"Ambition Sverige","article_publisher":"https:\/\/www.facebook.com\/AmbitionSverige","article_modified_time":"2026-01-16T10:15:20+00:00","og_image":[{"width":1920,"height":1080,"url":"https:\/\/ambitionsverige.se\/wp-content\/uploads\/2026\/01\/sakerstall-ett-fungerande-energisystem.webp","type":"image\/webp"}],"twitter_card":"summary_large_image","twitter_site":"@ambitionsverige","twitter_misc":{"Tiempo de lectura":"6 minutos"},"schema":{"@context":"https:\/\/schema.org","@graph":[{"@type":"WebPage","@id":"https:\/\/ambitionsverige.se\/politik\/energi\/","url":"https:\/\/ambitionsverige.se\/politik\/energi\/","name":"Garantizar un sistema energ\u00e9tico operativo - Ambition Sverige","isPartOf":{"@id":"https:\/\/ambitionsverige.se\/#website"},"primaryImageOfPage":{"@id":"https:\/\/ambitionsverige.se\/politik\/energi\/#primaryimage"},"image":{"@id":"https:\/\/ambitionsverige.se\/politik\/energi\/#primaryimage"},"thumbnailUrl":"https:\/\/ambitionsverige.se\/wp-content\/uploads\/2026\/01\/sakerstall-ett-fungerande-energisystem.webp","datePublished":"2025-05-26T09:58:07+00:00","dateModified":"2026-01-16T10:15:20+00:00","description":"Garantizar el bienestar mediante un sistema energ\u00e9tico s\u00f3lido.","breadcrumb":{"@id":"https:\/\/ambitionsverige.se\/politik\/energi\/#breadcrumb"},"inLanguage":"es","potentialAction":[{"@type":"ReadAction","target":["https:\/\/ambitionsverige.se\/politik\/energi\/"]}]},{"@type":"ImageObject","inLanguage":"es","@id":"https:\/\/ambitionsverige.se\/politik\/energi\/#primaryimage","url":"https:\/\/ambitionsverige.se\/wp-content\/uploads\/2026\/01\/sakerstall-ett-fungerande-energisystem.webp","contentUrl":"https:\/\/ambitionsverige.se\/wp-content\/uploads\/2026\/01\/sakerstall-ett-fungerande-energisystem.webp","width":1920,"height":1080,"caption":"Kraftledningar i solnedg\u00e5ng"},{"@type":"BreadcrumbList","@id":"https:\/\/ambitionsverige.se\/politik\/energi\/#breadcrumb","itemListElement":[{"@type":"ListItem","position":1,"name":"Hem","item":"https:\/\/ambitionsverige.se\/"},{"@type":"ListItem","position":2,"name":"V\u00e5r politik","item":"https:\/\/ambitionsverige.se\/politik\/"},{"@type":"ListItem","position":3,"name":"S\u00e4kerst\u00e4ll ett fungerande energisystem"}]},{"@type":"WebSite","@id":"https:\/\/ambitionsverige.se\/#website","url":"https:\/\/ambitionsverige.se\/","name":"Ambition Sverige","description":"","publisher":{"@id":"https:\/\/ambitionsverige.se\/#organization"},"potentialAction":[{"@type":"SearchAction","target":{"@type":"EntryPoint","urlTemplate":"https:\/\/ambitionsverige.se\/?s={search_term_string}"},"query-input":{"@type":"PropertyValueSpecification","valueRequired":true,"valueName":"search_term_string"}}],"inLanguage":"es"},{"@type":"Organization","@id":"https:\/\/ambitionsverige.se\/#organization","name":"Ambition Sverige","url":"https:\/\/ambitionsverige.se\/","logo":{"@type":"ImageObject","inLanguage":"es","@id":"https:\/\/ambitionsverige.se\/#\/schema\/logo\/image\/","url":"https:\/\/ambitionsverige.se\/wp-content\/uploads\/2025\/11\/ambition-sverige-logotyp.png","contentUrl":"https:\/\/ambitionsverige.se\/wp-content\/uploads\/2025\/11\/ambition-sverige-logotyp.png","width":512,"height":512,"caption":"Ambition Sverige"},"image":{"@id":"https:\/\/ambitionsverige.se\/#\/schema\/logo\/image\/"},"sameAs":["https:\/\/www.facebook.com\/AmbitionSverige","https:\/\/x.com\/ambitionsverige","https:\/\/www.instagram.com\/ambitionsverige","https:\/\/www.youtube.com\/@ambitionsverige1","https:\/\/t.me\/sverigeforst1"]}]}},"_links":{"self":[{"href":"https:\/\/ambitionsverige.se\/es\/wp-json\/wp\/v2\/pages\/60","targetHints":{"allow":["GET"]}}],"collection":[{"href":"https:\/\/ambitionsverige.se\/es\/wp-json\/wp\/v2\/pages"}],"about":[{"href":"https:\/\/ambitionsverige.se\/es\/wp-json\/wp\/v2\/types\/page"}],"author":[{"embeddable":true,"href":"https:\/\/ambitionsverige.se\/es\/wp-json\/wp\/v2\/users\/1"}],"replies":[{"embeddable":true,"href":"https:\/\/ambitionsverige.se\/es\/wp-json\/wp\/v2\/comments?post=60"}],"version-history":[{"count":7,"href":"https:\/\/ambitionsverige.se\/es\/wp-json\/wp\/v2\/pages\/60\/revisions"}],"predecessor-version":[{"id":1585,"href":"https:\/\/ambitionsverige.se\/es\/wp-json\/wp\/v2\/pages\/60\/revisions\/1585"}],"up":[{"embeddable":true,"href":"https:\/\/ambitionsverige.se\/es\/wp-json\/wp\/v2\/pages\/50"}],"wp:featuredmedia":[{"embeddable":true,"href":"https:\/\/ambitionsverige.se\/es\/wp-json\/wp\/v2\/media\/1583"}],"wp:attachment":[{"href":"https:\/\/ambitionsverige.se\/es\/wp-json\/wp\/v2\/media?parent=60"}],"wp:term":[{"taxonomy":"local_branch","embeddable":true,"href":"https:\/\/ambitionsverige.se\/es\/wp-json\/wp\/v2\/local_branch?post=60"}],"curies":[{"name":"wp","href":"https:\/\/api.w.org\/{rel}","templated":true}]}}