{"id":65,"date":"2025-05-26T12:02:01","date_gmt":"2025-05-26T10:02:01","guid":{"rendered":"https:\/\/ambitionsverige.se\/?page_id=65"},"modified":"2026-01-16T11:19:56","modified_gmt":"2026-01-16T10:19:56","slug":"campo","status":"publish","type":"page","link":"https:\/\/ambitionsverige.se\/es\/politik\/landsbygd\/","title":{"rendered":"Un campo vivo"},"content":{"rendered":"<p><strong>- Aumentar la autodeterminaci\u00f3n regional.<\/strong><\/p>\n\n\n\n<h2 class=\"wp-block-heading\">Mejorar la visi\u00f3n de las zonas rurales<\/h2>\n\n\n\n<p>Hace 200 a\u00f1os, el 90% de la poblaci\u00f3n sueca viv\u00eda en zonas rurales. La urbanizaci\u00f3n despeg\u00f3 hace 150 a\u00f1os y hoy casi el 90% de la poblaci\u00f3n vive en zonas urbanas.<\/p>\n\n\n\n<p>Las ciudades dependen de las econom\u00edas de escala porque mucha gente vive en un \u00e1rea peque\u00f1a. Las zonas rurales tienen otras ventajas competitivas naturales, como el bajo coste del suelo, el espacio, la calidad de vida y la seguridad, pero tambi\u00e9n desventajas como las largas distancias. Es hora de que reconozcamos los valores \u00fanicos de las zonas rurales y mejoremos la percepci\u00f3n de sus gentes.<\/p>\n\n\n\n<p>Cerrar peque\u00f1as escuelas en el campo o trasladar a la ciudad peque\u00f1as residencias de ancianos que funcionan bien son decisiones pol\u00edticas que a menudo se derivan de una falta de comprensi\u00f3n de las condiciones rurales. Existe la idea de que todo ser\u00e1 mejor y m\u00e1s barato en la ciudad, lo que no es en absoluto cierto si se permite a las empresas rurales funcionar con sus propias condiciones. Una mayor autonom\u00eda regional es la clave del buen funcionamiento de los servicios p\u00fablicos en las zonas rurales.<\/p>\n\n\n\n<h2 class=\"wp-block-heading\">Reducir la microgesti\u00f3n<\/h2>\n\n\n\n<p>Los bur\u00f3cratas y funcionarios del gobierno son especialmente severos cuando se trata de asuntos rurales. Constantemente se proponen nuevos proyectos de ley y costosas normativas sobre vivienda y construcci\u00f3n, quema de madera y cr\u00eda de animales a peque\u00f1a escala. A menudo se culpa de ello a la UE o al clima. La tendencia a sobreinterpretar la normativa de la UE diferencia a Suecia de otros pa\u00edses comparables. Lo que hace falta aqu\u00ed es m\u00e1s sentido com\u00fan y acabar con el activismo gubernamental. Cuanto mayor sea el control de la poblaci\u00f3n rural sobre sus propios asuntos, m\u00e1s podr\u00e1 prosperar por s\u00ed misma. El veto municipal es importante para detener, por ejemplo, proyectos de energ\u00eda e\u00f3lica e industrias destructivas para el medio ambiente que perjudican a la poblaci\u00f3n local y su entorno vital.<\/p>\n\n\n\n<h2 class=\"wp-block-heading\">El coche es necesario<\/h2>\n\n\n\n<p>En las zonas rurales, casi todo el mundo depende de su propio coche. Para ser justos, no se puede penalizar a la gente por ello subiendo los precios del combustible o imponiendo requisitos poco razonables de cero emisiones de carbono. Los coches de gasolina y gas\u00f3leo deben seguir existiendo mientras las alternativas no sean lo suficientemente buenas para las necesidades rurales. La reducci\u00f3n del impuesto sobre la gasolina y el gas\u00f3leo beneficiar\u00eda a todo tipo de empresas rurales y reducir\u00eda los precios de los alimentos en general.<\/p>\n\n\n\n<h2 class=\"wp-block-heading\">Construir y vivir en zonas rurales, desag\u00fces individuales y conexiones forzadas<\/h2>\n\n\n\n<p>La persecuci\u00f3n de las autoridades suecas de los alcantarillados privados es socialmente injusta y medioambientalmente il\u00f3gica en comparaci\u00f3n con los alcantarillados municipales, donde la sociedad se enfrenta en cambio a verdaderos problemas medioambientales. Las redes municipales de alcantarillado son viejas y gotean literalmente como un colador. Las aguas residuales se filtran, contaminan el agua potable y penetran en las aguas subterr\u00e1neas. La mayor\u00eda de las redes de alcantarillado se construyeron en los a\u00f1os 50 y 60, y la deuda de mantenimiento para reparaciones al ritmo actual se estima en 80-100 a\u00f1os. Adem\u00e1s, en caso de sobrecarga, grandes cantidades de aguas residuales completamente sin tratar (el llamado desbordamiento) se vierten directamente en r\u00edos, mares y lagos.<\/p>\n\n\n\n<p>En el campo hay unas 700 000 propiedades que no est\u00e1n conectadas a los servicios municipales de agua y alcantarillado. Los propietarios no tienen m\u00e1s remedio que pagar el elevado coste, sin el correspondiente beneficio medioambiental. Los propietarios mayores que tienen dificultades para conseguir un pr\u00e9stamo pueden verse obligados a vender su casa.<\/p>\n\n\n\n<p>Adem\u00e1s de las conexiones forzosas, los propietarios rurales sufren a menudo el exceso de celo de las autoridades medioambientales. Los hogares con desag\u00fces individuales pueden verse obligados a tomar medidas costosas, incluso cuando no se han detectado emisiones ni deficiencias. Creemos que la carga de la prueba de que un alcantarillado causa molestias debe recaer en el municipio, no en el propietario individual. Casos\/precedentes judiciales anteriores demuestran que el municipio no puede exigir una soluci\u00f3n t\u00e9cnica espec\u00edfica ni limitar en el tiempo los desag\u00fces BDT sin justificaci\u00f3n. Seg\u00fan el cap\u00edtulo 2, secci\u00f3n 7 del C\u00f3digo de Medio Ambiente, los requisitos de las autoridades deben ser razonables en t\u00e9rminos de equilibrio entre costes y beneficios. A diferencia de las grandes plantas depuradoras, las peque\u00f1as rara vez vierten directamente a las aguas superficiales, sino a la tierra. Estudios financiados por el gobierno demuestran que la filtraci\u00f3n natural del suelo proporciona una protecci\u00f3n medioambiental eficaz, pero que las inspecciones medioambientales municipales rara vez lo tienen en cuenta.<\/p>\n\n\n\n<p>Ambition Sverige considera que hay que poner fin a la caza de desag\u00fces individuales. La legislaci\u00f3n debe tener en cuenta los procesos de depuraci\u00f3n propios de la naturaleza en el suelo (retenci\u00f3n del suelo). Un alcantarillado que no muestre signos de deterioro no deber\u00eda tener que ser sustituido. Los sistemas individuales de agua y alcantarillado deben considerarse como una soluci\u00f3n robusta, circular y a menudo muy eficaz que debe preservarse y fomentarse en las zonas rurales. Adem\u00e1s, son de vital importancia para la defensa nacional; el agua es nuestro alimento m\u00e1s importante.<\/p>\n\n\n\n<h2 class=\"wp-block-heading\">Simplificar las nuevas construcciones y ampliaciones fuera del \u00e1rea de zonificaci\u00f3n<\/h2>\n\n\n\n<p>La normativa sueca sobre permisos de construcci\u00f3n es cada vez m\u00e1s compleja y ambigua. A lo largo de los a\u00f1os se han introducido muchos cambios y excepciones en la normativa vigente, lo que dificulta su comprensi\u00f3n. Fuera de una zona de zonificaci\u00f3n, es especialmente dif\u00edcil encontrar una l\u00f3gica en el costoso y a menudo largo proceso que precede a una nueva construcci\u00f3n o ampliaci\u00f3n.<\/p>\n\n\n\n<h3 class=\"wp-block-heading\">Mayor seguridad jur\u00eddica para las licencias de obras<\/h3>\n\n\n\n<p>La forma de aplicar la normativa de construcci\u00f3n puede variar mucho de un municipio a otro, tanto por motivos pol\u00edticos como porque se interpreta de forma diferente. Insistimos en que siempre hay que tener en cuenta las realidades locales. Pero tambi\u00e9n queremos reducir el riesgo de abuso de poder, arbitrariedad y aplicaci\u00f3n excesiva por parte de los funcionarios locales. La arbitrariedad puede evitarse mediante una mejor trazabilidad en la cadena de toma de decisiones, una doble comprobaci\u00f3n y controles externos. Proponemos que siempre sea posible una segunda opini\u00f3n externa, por la que los solicitantes reciban una segunda opini\u00f3n r\u00e1pida y por escrito de, por ejemplo, un municipio vecino, antes de presentar un recurso formal. Este sistema puede reducir el riesgo de decisiones sesgadas. Es una forma r\u00e1pida y barata de aumentar la seguridad jur\u00eddica de los ciudadanos en los casos de licencias de obras.<\/p>\n\n\n\n<h3 class=\"wp-block-heading\">Influencia local en la protecci\u00f3n de las playas<\/h3>\n\n\n\n<p>Ambition Sverige quiere que se siga relajando la protecci\u00f3n del litoral y que aumente la influencia local en las decisiones sobre la construcci\u00f3n cerca de la costa. Poder construir cerca de la costa puede, entre otras cosas, incentivar el asentamiento en municipios poco poblados.<\/p>\n\n\n\n<h2 class=\"wp-block-heading\">Directiva sobre eficiencia energ\u00e9tica de los edificios<\/h2>\n\n\n\n<p>La Directiva sobre Eficiencia Energ\u00e9tica de los Edificios (EPBD) se aplicar\u00e1 en la UE a partir de 2024 y deber\u00e1 aplicarse en Suecia antes del 29 de mayo de 2026. Si Suecia, como es habitual, aplica en exceso las nuevas normas, existe el riesgo de que se impongan amplios requisitos de renovaci\u00f3n a las casas antiguas. Esto afectar\u00e1 sobre todo a las zonas rurales. Junto con la normativa de la Comisi\u00f3n Europea sobre \u201drequisitos de dise\u00f1o ecol\u00f3gico para calefactores de ambiente\/calderas de combustibles s\u00f3lidos\u201d, los nuevos requisitos podr\u00edan convertirse en una carga financiera para los habitantes de las zonas rurales. Decimos no a las exigencias cada vez mayores de \u201dadaptaciones clim\u00e1ticas\u201d para los hogares. El Estado no debe decidir cu\u00e1ndo y c\u00f3mo debe reformar un propietario, ni qu\u00e9 caldera de le\u00f1a puede instalarse.<\/p>\n\n\n\n<p>Ambition Sverige quiere normas sencillas y claras que den m\u00e1s libertad al propietario. En las zonas rurales, rara vez es necesario controlar los detalles de las dependencias o ampliaciones. Como las oficinas de licencias de obras y el registro de la propiedad se financian principalmente con dinero de los impuestos, creemos que los ciudadanos deben tener total transparencia en sus procesos de toma de decisiones y sistemas de tasas.<\/p>\n\n\n\n<h2 class=\"wp-block-heading\">La caza es una parte importante de la cultura sueca<\/h2>\n\n\n\n<p>La caza y los cazadores son importantes en muchos aspectos. Gestionan la fauna salvaje, mantienen el control de poblaciones de caza razonables y buscan animales muertos en la carretera. La caza es tambi\u00e9n un importante transmisor de cultura y conocimientos entre generaciones. Como una de las actividades de ocio m\u00e1s comunes en las zonas rurales, produce buenos tiradores y contribuye al conocimiento local, lo que es a\u00fan m\u00e1s importante para la preparaci\u00f3n.<\/p>\n\n\n\n<p>En el norte de Suecia, la caza est\u00e1 reservada en gran parte a los samis que pertenecen a pueblos samis. La poblaci\u00f3n local suele quedar excluida de todas las formas de caza en las monta\u00f1as. Dado que esto es antidemocr\u00e1tico, deber\u00eda introducirse en su lugar la gesti\u00f3n local de la caza en todos los terrenos estatales.<\/p>\n\n\n\n<h2 class=\"wp-block-heading\">Lobo<\/h2>\n\n\n\n<p>Las decisiones pol\u00edticas que han permitido el aumento de la poblaci\u00f3n de lobos van en contra de los objetivos de la estrategia alimentaria y las metas de m\u00e1s pastos naturales. Los ganaderos, cazadores y residentes rurales han visto mermados sus medios de vida. La ampliaci\u00f3n del art\u00edculo 28 de la Ley de Caza otorgar\u00eda mayores poderes para proteger a nuestros animales dom\u00e9sticos. La poblaci\u00f3n de lobos debe reducirse radicalmente, ya que constituye una grave amenaza para la ganader\u00eda a peque\u00f1a escala y los valiosos pastos naturales.<\/p>\n\n\n\n<h2 class=\"wp-block-heading\">Condiciones desiguales en Norrland<\/h2>\n\n\n\n<p>El Parlamento sami es una autoridad estatal basada en la etnia. Favorece unilateralmente a los samis que poseen renos y les otorga un estatus especial - mientras que otros pueblos, culturas e industrias quedan relegados. El trasfondo de esta situaci\u00f3n son decisiones pol\u00edticas poco meditadas a nivel nacional, que han optado por centrarse unilateralmente en la cultura y los derechos de los samis. Estas decisiones han socavado la cr\u00eda de renos a peque\u00f1a escala, la agricultura de monta\u00f1a y otras industrias sostenibles practicadas por los pueblos originarios del norte de Suecia.<\/p>\n\n\n\n<p>La cr\u00eda de renos a gran escala que practican las comunidades sami en Suecia se parece muy poco a la cr\u00eda de renos tradicional. Hoy en d\u00eda, los pastos de la cr\u00eda de renos ocupan una parte importante de la superficie total de Suecia. Por eso hay fuertes conflictos entre los propietarios de renos samis y otras comunidades a lo largo de la cadena monta\u00f1osa. Esto no es aceptable en un pa\u00eds democr\u00e1tico, por lo que creemos que el Parlamento sami debe ser abolido.<\/p>\n\n\n\n<h2 class=\"wp-block-heading\">Ambition Sverige trabajar\u00e1 para:<\/h2>\n\n\n\n<ul class=\"wp-block-list\">\n<li>Aumentar la autodeterminaci\u00f3n regional.<\/li>\n\n\n\n<li>Introducci\u00f3n de la gesti\u00f3n local de terrenos estatales.<\/li>\n\n\n\n<li>Reducci\u00f3n de los impuestos sobre la gasolina y el gas\u00f3leo.<\/li>\n\n\n\n<li>Derogar todas las leyes obligatorias sobre la costosa adaptaci\u00f3n al cambio clim\u00e1tico en la vivienda y la construcci\u00f3n.<\/li>\n\n\n\n<li>Prohibici\u00f3n de obligar a los propietarios de viviendas con sistemas de alcantarillado individuales a conectarse a las redes municipales, a menos que existan razones sanitarias o medioambientales urgentes.<\/li>\n\n\n\n<li>Crear unas condiciones econ\u00f3micas equitativas para que los municipios ofrezcan educaci\u00f3n, sanidad y atenci\u00f3n a las personas mayores en las zonas rurales. Las peque\u00f1as escuelas y centros de atenci\u00f3n a ancianos no deber\u00edan tener que cumplir las mismas condiciones detalladas que las grandes entidades.<\/li>\n\n\n\n<li>Desmantelamiento del Parlamento sami. Deben aplicarse los mismos derechos y obligaciones independientemente de la etnia.<\/li>\n\n\n\n<li>Ampliar el art\u00edculo 28 de la Ordenanza de Caza, es decir, autorizar y simplificar la caza del lobo. Con ello se pretende permitir la ganader\u00eda de pastoreo y otras explotaciones ganaderas basadas en el pastoreo.<\/li>\n\n\n\n<li>Simplificar los tr\u00e1mites de autorizaci\u00f3n para las peque\u00f1as empresas de hosteler\u00eda y turismo, como cafeter\u00edas, pensiones y granjas.<\/li>\n\n\n\n<li>Sustituci\u00f3n de los requisitos de autorizaci\u00f3n para actividades con animales, como la equitaci\u00f3n y el alojamiento de perros, por un procedimiento de notificaci\u00f3n.<\/li>\n<\/ul>","protected":false},"excerpt":{"rendered":"<p>&#8211; \u00d6ka det regionala sj\u00e4lvbest\u00e4mmandet. Uppgradera synen p\u00e5 landsbygden F\u00f6r 200 \u00e5r sedan bodde 90 procent av Sveriges befolkning p\u00e5 landsbygden. F\u00f6r 150 \u00e5r sedan tog urbaniseringen fart och idag bor i st\u00e4llet n\u00e4stan 90 procent av i t\u00e4torter. St\u00e4der bygger p\u00e5 stordriftsf\u00f6rdelar eftersom m\u00e5nga bor p\u00e5 en liten yta. Landsbygden har andra naturliga konkurrensf\u00f6rdelar, [&hellip;]<\/p>\n","protected":false},"author":1,"featured_media":1589,"parent":50,"menu_order":0,"comment_status":"closed","ping_status":"closed","template":"politik\/landsbygd.php","meta":{"footnotes":""},"local_branch":[],"class_list":["post-65","page","type-page","status-publish","has-post-thumbnail","hentry"],"yoast_head":"<!-- This site is optimized with the Yoast SEO plugin v27.4 - https:\/\/yoast.com\/product\/yoast-seo-wordpress\/ -->\n<title>En levande landsbygd - Ambition Sverige<\/title>\n<meta name=\"description\" content=\"\u00d6ka det regionala sj\u00e4lvbest\u00e4mmandet.\" \/>\n<meta name=\"robots\" content=\"index, follow, max-snippet:-1, max-image-preview:large, max-video-preview:-1\" \/>\n<link rel=\"canonical\" href=\"https:\/\/ambitionsverige.se\/es\/politica\/campo\/\" \/>\n<meta property=\"og:locale\" content=\"es_ES\" \/>\n<meta property=\"og:type\" content=\"article\" \/>\n<meta property=\"og:title\" content=\"En levande landsbygd - Ambition Sverige\" \/>\n<meta property=\"og:description\" content=\"\u00d6ka det regionala sj\u00e4lvbest\u00e4mmandet.\" \/>\n<meta property=\"og:url\" content=\"https:\/\/ambitionsverige.se\/es\/politica\/campo\/\" \/>\n<meta property=\"og:site_name\" content=\"Ambition Sverige\" \/>\n<meta property=\"article:publisher\" content=\"https:\/\/www.facebook.com\/AmbitionSverige\" \/>\n<meta property=\"article:modified_time\" content=\"2026-01-16T10:19:56+00:00\" \/>\n<meta property=\"og:image\" content=\"https:\/\/ambitionsverige.se\/wp-content\/uploads\/2026\/01\/en-levande-landsbygd.webp\" \/>\n\t<meta property=\"og:image:width\" content=\"1920\" \/>\n\t<meta property=\"og:image:height\" content=\"1080\" \/>\n\t<meta property=\"og:image:type\" content=\"image\/webp\" \/>\n<meta name=\"twitter:card\" content=\"summary_large_image\" \/>\n<meta name=\"twitter:site\" content=\"@ambitionsverige\" \/>\n<meta name=\"twitter:label1\" content=\"Tiempo de lectura\" \/>\n\t<meta name=\"twitter:data1\" content=\"8 minutos\" \/>\n<script type=\"application\/ld+json\" class=\"yoast-schema-graph\">{\"@context\":\"https:\\\/\\\/schema.org\",\"@graph\":[{\"@type\":\"WebPage\",\"@id\":\"https:\\\/\\\/ambitionsverige.se\\\/politik\\\/landsbygd\\\/\",\"url\":\"https:\\\/\\\/ambitionsverige.se\\\/politik\\\/landsbygd\\\/\",\"name\":\"En levande landsbygd - Ambition Sverige\",\"isPartOf\":{\"@id\":\"https:\\\/\\\/ambitionsverige.se\\\/#website\"},\"primaryImageOfPage\":{\"@id\":\"https:\\\/\\\/ambitionsverige.se\\\/politik\\\/landsbygd\\\/#primaryimage\"},\"image\":{\"@id\":\"https:\\\/\\\/ambitionsverige.se\\\/politik\\\/landsbygd\\\/#primaryimage\"},\"thumbnailUrl\":\"https:\\\/\\\/ambitionsverige.se\\\/wp-content\\\/uploads\\\/2026\\\/01\\\/en-levande-landsbygd.webp\",\"datePublished\":\"2025-05-26T10:02:01+00:00\",\"dateModified\":\"2026-01-16T10:19:56+00:00\",\"description\":\"\u00d6ka det regionala sj\u00e4lvbest\u00e4mmandet.\",\"breadcrumb\":{\"@id\":\"https:\\\/\\\/ambitionsverige.se\\\/politik\\\/landsbygd\\\/#breadcrumb\"},\"inLanguage\":\"es\",\"potentialAction\":[{\"@type\":\"ReadAction\",\"target\":[\"https:\\\/\\\/ambitionsverige.se\\\/politik\\\/landsbygd\\\/\"]}]},{\"@type\":\"ImageObject\",\"inLanguage\":\"es\",\"@id\":\"https:\\\/\\\/ambitionsverige.se\\\/politik\\\/landsbygd\\\/#primaryimage\",\"url\":\"https:\\\/\\\/ambitionsverige.se\\\/wp-content\\\/uploads\\\/2026\\\/01\\\/en-levande-landsbygd.webp\",\"contentUrl\":\"https:\\\/\\\/ambitionsverige.se\\\/wp-content\\\/uploads\\\/2026\\\/01\\\/en-levande-landsbygd.webp\",\"width\":1920,\"height\":1080,\"caption\":\"Bondg\u00e5rd i svenskt sl\u00e4ttlandskap\"},{\"@type\":\"BreadcrumbList\",\"@id\":\"https:\\\/\\\/ambitionsverige.se\\\/politik\\\/landsbygd\\\/#breadcrumb\",\"itemListElement\":[{\"@type\":\"ListItem\",\"position\":1,\"name\":\"Hem\",\"item\":\"https:\\\/\\\/ambitionsverige.se\\\/\"},{\"@type\":\"ListItem\",\"position\":2,\"name\":\"V\u00e5r politik\",\"item\":\"https:\\\/\\\/ambitionsverige.se\\\/politik\\\/\"},{\"@type\":\"ListItem\",\"position\":3,\"name\":\"En levande landsbygd\"}]},{\"@type\":\"WebSite\",\"@id\":\"https:\\\/\\\/ambitionsverige.se\\\/#website\",\"url\":\"https:\\\/\\\/ambitionsverige.se\\\/\",\"name\":\"Ambition Sverige\",\"description\":\"\",\"publisher\":{\"@id\":\"https:\\\/\\\/ambitionsverige.se\\\/#organization\"},\"potentialAction\":[{\"@type\":\"SearchAction\",\"target\":{\"@type\":\"EntryPoint\",\"urlTemplate\":\"https:\\\/\\\/ambitionsverige.se\\\/?s={search_term_string}\"},\"query-input\":{\"@type\":\"PropertyValueSpecification\",\"valueRequired\":true,\"valueName\":\"search_term_string\"}}],\"inLanguage\":\"es\"},{\"@type\":\"Organization\",\"@id\":\"https:\\\/\\\/ambitionsverige.se\\\/#organization\",\"name\":\"Ambition Sverige\",\"url\":\"https:\\\/\\\/ambitionsverige.se\\\/\",\"logo\":{\"@type\":\"ImageObject\",\"inLanguage\":\"es\",\"@id\":\"https:\\\/\\\/ambitionsverige.se\\\/#\\\/schema\\\/logo\\\/image\\\/\",\"url\":\"https:\\\/\\\/ambitionsverige.se\\\/wp-content\\\/uploads\\\/2025\\\/11\\\/ambition-sverige-logotyp.png\",\"contentUrl\":\"https:\\\/\\\/ambitionsverige.se\\\/wp-content\\\/uploads\\\/2025\\\/11\\\/ambition-sverige-logotyp.png\",\"width\":512,\"height\":512,\"caption\":\"Ambition Sverige\"},\"image\":{\"@id\":\"https:\\\/\\\/ambitionsverige.se\\\/#\\\/schema\\\/logo\\\/image\\\/\"},\"sameAs\":[\"https:\\\/\\\/www.facebook.com\\\/AmbitionSverige\",\"https:\\\/\\\/x.com\\\/ambitionsverige\",\"https:\\\/\\\/www.instagram.com\\\/ambitionsverige\",\"https:\\\/\\\/www.youtube.com\\\/@ambitionsverige1\",\"https:\\\/\\\/t.me\\\/sverigeforst1\"]}]}<\/script>\n<!-- \/ Yoast SEO plugin. -->","yoast_head_json":{"title":"Un campo vivo - Ambition Sverige","description":"Aumentar la autodeterminaci\u00f3n regional.","robots":{"index":"index","follow":"follow","max-snippet":"max-snippet:-1","max-image-preview":"max-image-preview:large","max-video-preview":"max-video-preview:-1"},"canonical":"https:\/\/ambitionsverige.se\/es\/politica\/campo\/","og_locale":"es_ES","og_type":"article","og_title":"En levande landsbygd - Ambition Sverige","og_description":"\u00d6ka det regionala sj\u00e4lvbest\u00e4mmandet.","og_url":"https:\/\/ambitionsverige.se\/es\/politica\/campo\/","og_site_name":"Ambition Sverige","article_publisher":"https:\/\/www.facebook.com\/AmbitionSverige","article_modified_time":"2026-01-16T10:19:56+00:00","og_image":[{"width":1920,"height":1080,"url":"https:\/\/ambitionsverige.se\/wp-content\/uploads\/2026\/01\/en-levande-landsbygd.webp","type":"image\/webp"}],"twitter_card":"summary_large_image","twitter_site":"@ambitionsverige","twitter_misc":{"Tiempo de lectura":"8 minutos"},"schema":{"@context":"https:\/\/schema.org","@graph":[{"@type":"WebPage","@id":"https:\/\/ambitionsverige.se\/politik\/landsbygd\/","url":"https:\/\/ambitionsverige.se\/politik\/landsbygd\/","name":"Un campo vivo - Ambition Sverige","isPartOf":{"@id":"https:\/\/ambitionsverige.se\/#website"},"primaryImageOfPage":{"@id":"https:\/\/ambitionsverige.se\/politik\/landsbygd\/#primaryimage"},"image":{"@id":"https:\/\/ambitionsverige.se\/politik\/landsbygd\/#primaryimage"},"thumbnailUrl":"https:\/\/ambitionsverige.se\/wp-content\/uploads\/2026\/01\/en-levande-landsbygd.webp","datePublished":"2025-05-26T10:02:01+00:00","dateModified":"2026-01-16T10:19:56+00:00","description":"Aumentar la autodeterminaci\u00f3n regional.","breadcrumb":{"@id":"https:\/\/ambitionsverige.se\/politik\/landsbygd\/#breadcrumb"},"inLanguage":"es","potentialAction":[{"@type":"ReadAction","target":["https:\/\/ambitionsverige.se\/politik\/landsbygd\/"]}]},{"@type":"ImageObject","inLanguage":"es","@id":"https:\/\/ambitionsverige.se\/politik\/landsbygd\/#primaryimage","url":"https:\/\/ambitionsverige.se\/wp-content\/uploads\/2026\/01\/en-levande-landsbygd.webp","contentUrl":"https:\/\/ambitionsverige.se\/wp-content\/uploads\/2026\/01\/en-levande-landsbygd.webp","width":1920,"height":1080,"caption":"Bondg\u00e5rd i svenskt sl\u00e4ttlandskap"},{"@type":"BreadcrumbList","@id":"https:\/\/ambitionsverige.se\/politik\/landsbygd\/#breadcrumb","itemListElement":[{"@type":"ListItem","position":1,"name":"Hem","item":"https:\/\/ambitionsverige.se\/"},{"@type":"ListItem","position":2,"name":"V\u00e5r politik","item":"https:\/\/ambitionsverige.se\/politik\/"},{"@type":"ListItem","position":3,"name":"En levande landsbygd"}]},{"@type":"WebSite","@id":"https:\/\/ambitionsverige.se\/#website","url":"https:\/\/ambitionsverige.se\/","name":"Ambition Sverige","description":"","publisher":{"@id":"https:\/\/ambitionsverige.se\/#organization"},"potentialAction":[{"@type":"SearchAction","target":{"@type":"EntryPoint","urlTemplate":"https:\/\/ambitionsverige.se\/?s={search_term_string}"},"query-input":{"@type":"PropertyValueSpecification","valueRequired":true,"valueName":"search_term_string"}}],"inLanguage":"es"},{"@type":"Organization","@id":"https:\/\/ambitionsverige.se\/#organization","name":"Ambition Sverige","url":"https:\/\/ambitionsverige.se\/","logo":{"@type":"ImageObject","inLanguage":"es","@id":"https:\/\/ambitionsverige.se\/#\/schema\/logo\/image\/","url":"https:\/\/ambitionsverige.se\/wp-content\/uploads\/2025\/11\/ambition-sverige-logotyp.png","contentUrl":"https:\/\/ambitionsverige.se\/wp-content\/uploads\/2025\/11\/ambition-sverige-logotyp.png","width":512,"height":512,"caption":"Ambition Sverige"},"image":{"@id":"https:\/\/ambitionsverige.se\/#\/schema\/logo\/image\/"},"sameAs":["https:\/\/www.facebook.com\/AmbitionSverige","https:\/\/x.com\/ambitionsverige","https:\/\/www.instagram.com\/ambitionsverige","https:\/\/www.youtube.com\/@ambitionsverige1","https:\/\/t.me\/sverigeforst1"]}]}},"_links":{"self":[{"href":"https:\/\/ambitionsverige.se\/es\/wp-json\/wp\/v2\/pages\/65","targetHints":{"allow":["GET"]}}],"collection":[{"href":"https:\/\/ambitionsverige.se\/es\/wp-json\/wp\/v2\/pages"}],"about":[{"href":"https:\/\/ambitionsverige.se\/es\/wp-json\/wp\/v2\/types\/page"}],"author":[{"embeddable":true,"href":"https:\/\/ambitionsverige.se\/es\/wp-json\/wp\/v2\/users\/1"}],"replies":[{"embeddable":true,"href":"https:\/\/ambitionsverige.se\/es\/wp-json\/wp\/v2\/comments?post=65"}],"version-history":[{"count":10,"href":"https:\/\/ambitionsverige.se\/es\/wp-json\/wp\/v2\/pages\/65\/revisions"}],"predecessor-version":[{"id":1645,"href":"https:\/\/ambitionsverige.se\/es\/wp-json\/wp\/v2\/pages\/65\/revisions\/1645"}],"up":[{"embeddable":true,"href":"https:\/\/ambitionsverige.se\/es\/wp-json\/wp\/v2\/pages\/50"}],"wp:featuredmedia":[{"embeddable":true,"href":"https:\/\/ambitionsverige.se\/es\/wp-json\/wp\/v2\/media\/1589"}],"wp:attachment":[{"href":"https:\/\/ambitionsverige.se\/es\/wp-json\/wp\/v2\/media?parent=65"}],"wp:term":[{"taxonomy":"local_branch","embeddable":true,"href":"https:\/\/ambitionsverige.se\/es\/wp-json\/wp\/v2\/local_branch?post=65"}],"curies":[{"name":"wp","href":"https:\/\/api.w.org\/{rel}","templated":true}]}}