{"id":702,"date":"2025-10-13T08:35:00","date_gmt":"2025-10-13T06:35:00","guid":{"rendered":"https:\/\/ambitionsverige.se\/?page_id=702"},"modified":"2026-03-23T10:56:11","modified_gmt":"2026-03-23T09:56:11","slug":"olle-lack","status":"publish","type":"page","link":"https:\/\/ambitionsverige.se\/es\/politiker\/olle-lack\/","title":{"rendered":"Olle Lack"},"content":{"rendered":"<p>Olle Lack es originario de G\u00e4llivare. Ha sido piloto de caza en el Ej\u00e9rcito del Aire y pilot\u00f3 Viggen en los sistemas de reconocimiento y ataque durante 17 a\u00f1os.<\/p>\n<p>Tras su paso por la academia militar, obtuvo el rango de comandante y ha ocupado numerosos puestos de mando en el Ej\u00e9rcito del Aire. Olle tambi\u00e9n ha formado a oficiales de todas las ramas del Ej\u00e9rcito del Aire, pero especialmente a compa\u00f1eros pilotos a lo largo de su carrera.<\/p>\n<p>Durante cuatro a\u00f1os en la aviaci\u00f3n civil, pilot\u00f3 el Fokker 50.<\/p>\n<p>Olle regres\u00f3 entonces al Ej\u00e9rcito del Aire, donde sirvi\u00f3 como piloto en el avi\u00f3n de reconocimiento por radar SAAB 340 AEW&amp;C (Airborne Early Warning and Control).<\/p>\n<p>Tambi\u00e9n fue piloto de aviones gubernamentales que volaban para la Oficina del Gabinete, la Corte y la Familia Real. Tambi\u00e9n ha realizado vuelos para el Ministerio de Asuntos Exteriores, como misiones de Cielos Abiertos en varios pa\u00edses europeos, entre ellos Rusia y Ucrania. Olle particip\u00f3 en varios ejercicios dirigidos por la OTAN (BALTOPS), en los que adquiri\u00f3 una buena visi\u00f3n del funcionamiento de la OTAN.<\/p>","protected":false},"excerpt":{"rendered":"<p>Olle Lack kommer ursprungligen fr\u00e5n G\u00e4llivare. Han har varit stridspilot i flygvapnet och fl\u00f6g Viggen i spanings- och attacksystemen i 17 \u00e5r. Efter milit\u00e4rh\u00f6gskolan fick han majorsgrad och har verkat i m\u00e5nga chefsbefattningar inom flygvapnet. Olle har ocks\u00e5 utbildat officerare fr\u00e5n alla fack i flygvapnet, men speciellt pilotkollegor under hela sin karri\u00e4r. Under fyra \u00e5r [&hellip;]<\/p>\n","protected":false},"author":1,"featured_media":1886,"parent":451,"menu_order":0,"comment_status":"closed","ping_status":"closed","template":"politiker\/olle-lack.php","meta":{"footnotes":""},"local_branch":[],"class_list":["post-702","page","type-page","status-publish","has-post-thumbnail","hentry"],"yoast_head":"<!-- This site is optimized with the Yoast SEO plugin v27.4 - https:\/\/yoast.com\/product\/yoast-seo-wordpress\/ -->\n<title>Olle Lack - Ambition Sverige<\/title>\n<meta name=\"robots\" content=\"index, follow, max-snippet:-1, max-image-preview:large, max-video-preview:-1\" \/>\n<link rel=\"canonical\" href=\"https:\/\/ambitionsverige.se\/es\/politico\/olle-lack\/\" \/>\n<meta property=\"og:locale\" content=\"es_ES\" \/>\n<meta property=\"og:type\" content=\"article\" \/>\n<meta property=\"og:title\" content=\"Olle Lack - Ambition Sverige\" \/>\n<meta property=\"og:description\" content=\"Olle Lack kommer ursprungligen fr\u00e5n G\u00e4llivare. Han har varit stridspilot i flygvapnet och fl\u00f6g Viggen i spanings- och attacksystemen i 17 \u00e5r. Efter milit\u00e4rh\u00f6gskolan fick han majorsgrad och har verkat i m\u00e5nga chefsbefattningar inom flygvapnet. Olle har ocks\u00e5 utbildat officerare fr\u00e5n alla fack i flygvapnet, men speciellt pilotkollegor under hela sin karri\u00e4r. Under fyra \u00e5r [&hellip;]\" \/>\n<meta property=\"og:url\" content=\"https:\/\/ambitionsverige.se\/es\/politico\/olle-lack\/\" \/>\n<meta property=\"og:site_name\" content=\"Ambition Sverige\" \/>\n<meta property=\"article:publisher\" content=\"https:\/\/www.facebook.com\/AmbitionSverige\" \/>\n<meta property=\"article:modified_time\" content=\"2026-03-23T09:56:11+00:00\" \/>\n<meta property=\"og:image\" content=\"https:\/\/ambitionsverige.se\/wp-content\/uploads\/2026\/03\/olle-lack-1024x1024.jpg\" \/>\n\t<meta property=\"og:image:width\" content=\"1024\" \/>\n\t<meta property=\"og:image:height\" content=\"1024\" \/>\n\t<meta property=\"og:image:type\" content=\"image\/jpeg\" \/>\n<meta name=\"twitter:card\" content=\"summary_large_image\" \/>\n<meta name=\"twitter:site\" content=\"@ambitionsverige\" \/>\n<meta name=\"twitter:label1\" content=\"Tiempo de lectura\" \/>\n\t<meta name=\"twitter:data1\" content=\"1 minuto\" \/>\n<script type=\"application\/ld+json\" class=\"yoast-schema-graph\">{\"@context\":\"https:\\\/\\\/schema.org\",\"@graph\":[{\"@type\":\"WebPage\",\"@id\":\"https:\\\/\\\/ambitionsverige.se\\\/politiker\\\/olle-lack\\\/\",\"url\":\"https:\\\/\\\/ambitionsverige.se\\\/politiker\\\/olle-lack\\\/\",\"name\":\"Olle Lack - Ambition Sverige\",\"isPartOf\":{\"@id\":\"https:\\\/\\\/ambitionsverige.se\\\/#website\"},\"primaryImageOfPage\":{\"@id\":\"https:\\\/\\\/ambitionsverige.se\\\/politiker\\\/olle-lack\\\/#primaryimage\"},\"image\":{\"@id\":\"https:\\\/\\\/ambitionsverige.se\\\/politiker\\\/olle-lack\\\/#primaryimage\"},\"thumbnailUrl\":\"https:\\\/\\\/ambitionsverige.se\\\/wp-content\\\/uploads\\\/2026\\\/03\\\/olle-lack.jpg\",\"datePublished\":\"2025-10-13T06:35:00+00:00\",\"dateModified\":\"2026-03-23T09:56:11+00:00\",\"breadcrumb\":{\"@id\":\"https:\\\/\\\/ambitionsverige.se\\\/politiker\\\/olle-lack\\\/#breadcrumb\"},\"inLanguage\":\"es\",\"potentialAction\":[{\"@type\":\"ReadAction\",\"target\":[\"https:\\\/\\\/ambitionsverige.se\\\/politiker\\\/olle-lack\\\/\"]}]},{\"@type\":\"ImageObject\",\"inLanguage\":\"es\",\"@id\":\"https:\\\/\\\/ambitionsverige.se\\\/politiker\\\/olle-lack\\\/#primaryimage\",\"url\":\"https:\\\/\\\/ambitionsverige.se\\\/wp-content\\\/uploads\\\/2026\\\/03\\\/olle-lack.jpg\",\"contentUrl\":\"https:\\\/\\\/ambitionsverige.se\\\/wp-content\\\/uploads\\\/2026\\\/03\\\/olle-lack.jpg\",\"width\":1587,\"height\":1587,\"caption\":\"olle-lack\"},{\"@type\":\"BreadcrumbList\",\"@id\":\"https:\\\/\\\/ambitionsverige.se\\\/politiker\\\/olle-lack\\\/#breadcrumb\",\"itemListElement\":[{\"@type\":\"ListItem\",\"position\":1,\"name\":\"Hem\",\"item\":\"https:\\\/\\\/ambitionsverige.se\\\/\"},{\"@type\":\"ListItem\",\"position\":2,\"name\":\"V\u00e5ra politiker &amp; medarbetare\",\"item\":\"https:\\\/\\\/ambitionsverige.se\\\/politiker\\\/\"},{\"@type\":\"ListItem\",\"position\":3,\"name\":\"Olle Lack\"}]},{\"@type\":\"WebSite\",\"@id\":\"https:\\\/\\\/ambitionsverige.se\\\/#website\",\"url\":\"https:\\\/\\\/ambitionsverige.se\\\/\",\"name\":\"Ambition Sverige\",\"description\":\"\",\"publisher\":{\"@id\":\"https:\\\/\\\/ambitionsverige.se\\\/#organization\"},\"potentialAction\":[{\"@type\":\"SearchAction\",\"target\":{\"@type\":\"EntryPoint\",\"urlTemplate\":\"https:\\\/\\\/ambitionsverige.se\\\/?s={search_term_string}\"},\"query-input\":{\"@type\":\"PropertyValueSpecification\",\"valueRequired\":true,\"valueName\":\"search_term_string\"}}],\"inLanguage\":\"es\"},{\"@type\":\"Organization\",\"@id\":\"https:\\\/\\\/ambitionsverige.se\\\/#organization\",\"name\":\"Ambition Sverige\",\"url\":\"https:\\\/\\\/ambitionsverige.se\\\/\",\"logo\":{\"@type\":\"ImageObject\",\"inLanguage\":\"es\",\"@id\":\"https:\\\/\\\/ambitionsverige.se\\\/#\\\/schema\\\/logo\\\/image\\\/\",\"url\":\"https:\\\/\\\/ambitionsverige.se\\\/wp-content\\\/uploads\\\/2025\\\/11\\\/ambition-sverige-logotyp.png\",\"contentUrl\":\"https:\\\/\\\/ambitionsverige.se\\\/wp-content\\\/uploads\\\/2025\\\/11\\\/ambition-sverige-logotyp.png\",\"width\":512,\"height\":512,\"caption\":\"Ambition Sverige\"},\"image\":{\"@id\":\"https:\\\/\\\/ambitionsverige.se\\\/#\\\/schema\\\/logo\\\/image\\\/\"},\"sameAs\":[\"https:\\\/\\\/www.facebook.com\\\/AmbitionSverige\",\"https:\\\/\\\/x.com\\\/ambitionsverige\",\"https:\\\/\\\/www.instagram.com\\\/ambitionsverige\",\"https:\\\/\\\/www.youtube.com\\\/@ambitionsverige1\",\"https:\\\/\\\/t.me\\\/sverigeforst1\"]}]}<\/script>\n<!-- \/ Yoast SEO plugin. -->","yoast_head_json":{"title":"Olle Lack - Ambition Sverige","robots":{"index":"index","follow":"follow","max-snippet":"max-snippet:-1","max-image-preview":"max-image-preview:large","max-video-preview":"max-video-preview:-1"},"canonical":"https:\/\/ambitionsverige.se\/es\/politico\/olle-lack\/","og_locale":"es_ES","og_type":"article","og_title":"Olle Lack - Ambition Sverige","og_description":"Olle Lack kommer ursprungligen fr\u00e5n G\u00e4llivare. Han har varit stridspilot i flygvapnet och fl\u00f6g Viggen i spanings- och attacksystemen i 17 \u00e5r. Efter milit\u00e4rh\u00f6gskolan fick han majorsgrad och har verkat i m\u00e5nga chefsbefattningar inom flygvapnet. Olle har ocks\u00e5 utbildat officerare fr\u00e5n alla fack i flygvapnet, men speciellt pilotkollegor under hela sin karri\u00e4r. Under fyra \u00e5r [&hellip;]","og_url":"https:\/\/ambitionsverige.se\/es\/politico\/olle-lack\/","og_site_name":"Ambition Sverige","article_publisher":"https:\/\/www.facebook.com\/AmbitionSverige","article_modified_time":"2026-03-23T09:56:11+00:00","og_image":[{"width":1024,"height":1024,"url":"https:\/\/ambitionsverige.se\/wp-content\/uploads\/2026\/03\/olle-lack-1024x1024.jpg","type":"image\/jpeg"}],"twitter_card":"summary_large_image","twitter_site":"@ambitionsverige","twitter_misc":{"Tiempo de lectura":"1 minuto"},"schema":{"@context":"https:\/\/schema.org","@graph":[{"@type":"WebPage","@id":"https:\/\/ambitionsverige.se\/politiker\/olle-lack\/","url":"https:\/\/ambitionsverige.se\/politiker\/olle-lack\/","name":"Olle Lack - Ambition Sverige","isPartOf":{"@id":"https:\/\/ambitionsverige.se\/#website"},"primaryImageOfPage":{"@id":"https:\/\/ambitionsverige.se\/politiker\/olle-lack\/#primaryimage"},"image":{"@id":"https:\/\/ambitionsverige.se\/politiker\/olle-lack\/#primaryimage"},"thumbnailUrl":"https:\/\/ambitionsverige.se\/wp-content\/uploads\/2026\/03\/olle-lack.jpg","datePublished":"2025-10-13T06:35:00+00:00","dateModified":"2026-03-23T09:56:11+00:00","breadcrumb":{"@id":"https:\/\/ambitionsverige.se\/politiker\/olle-lack\/#breadcrumb"},"inLanguage":"es","potentialAction":[{"@type":"ReadAction","target":["https:\/\/ambitionsverige.se\/politiker\/olle-lack\/"]}]},{"@type":"ImageObject","inLanguage":"es","@id":"https:\/\/ambitionsverige.se\/politiker\/olle-lack\/#primaryimage","url":"https:\/\/ambitionsverige.se\/wp-content\/uploads\/2026\/03\/olle-lack.jpg","contentUrl":"https:\/\/ambitionsverige.se\/wp-content\/uploads\/2026\/03\/olle-lack.jpg","width":1587,"height":1587,"caption":"olle-lack"},{"@type":"BreadcrumbList","@id":"https:\/\/ambitionsverige.se\/politiker\/olle-lack\/#breadcrumb","itemListElement":[{"@type":"ListItem","position":1,"name":"Hem","item":"https:\/\/ambitionsverige.se\/"},{"@type":"ListItem","position":2,"name":"V\u00e5ra politiker &amp; medarbetare","item":"https:\/\/ambitionsverige.se\/politiker\/"},{"@type":"ListItem","position":3,"name":"Olle Lack"}]},{"@type":"WebSite","@id":"https:\/\/ambitionsverige.se\/#website","url":"https:\/\/ambitionsverige.se\/","name":"Ambition Sverige","description":"","publisher":{"@id":"https:\/\/ambitionsverige.se\/#organization"},"potentialAction":[{"@type":"SearchAction","target":{"@type":"EntryPoint","urlTemplate":"https:\/\/ambitionsverige.se\/?s={search_term_string}"},"query-input":{"@type":"PropertyValueSpecification","valueRequired":true,"valueName":"search_term_string"}}],"inLanguage":"es"},{"@type":"Organization","@id":"https:\/\/ambitionsverige.se\/#organization","name":"Ambition Sverige","url":"https:\/\/ambitionsverige.se\/","logo":{"@type":"ImageObject","inLanguage":"es","@id":"https:\/\/ambitionsverige.se\/#\/schema\/logo\/image\/","url":"https:\/\/ambitionsverige.se\/wp-content\/uploads\/2025\/11\/ambition-sverige-logotyp.png","contentUrl":"https:\/\/ambitionsverige.se\/wp-content\/uploads\/2025\/11\/ambition-sverige-logotyp.png","width":512,"height":512,"caption":"Ambition Sverige"},"image":{"@id":"https:\/\/ambitionsverige.se\/#\/schema\/logo\/image\/"},"sameAs":["https:\/\/www.facebook.com\/AmbitionSverige","https:\/\/x.com\/ambitionsverige","https:\/\/www.instagram.com\/ambitionsverige","https:\/\/www.youtube.com\/@ambitionsverige1","https:\/\/t.me\/sverigeforst1"]}]}},"_links":{"self":[{"href":"https:\/\/ambitionsverige.se\/es\/wp-json\/wp\/v2\/pages\/702","targetHints":{"allow":["GET"]}}],"collection":[{"href":"https:\/\/ambitionsverige.se\/es\/wp-json\/wp\/v2\/pages"}],"about":[{"href":"https:\/\/ambitionsverige.se\/es\/wp-json\/wp\/v2\/types\/page"}],"author":[{"embeddable":true,"href":"https:\/\/ambitionsverige.se\/es\/wp-json\/wp\/v2\/users\/1"}],"replies":[{"embeddable":true,"href":"https:\/\/ambitionsverige.se\/es\/wp-json\/wp\/v2\/comments?post=702"}],"version-history":[{"count":5,"href":"https:\/\/ambitionsverige.se\/es\/wp-json\/wp\/v2\/pages\/702\/revisions"}],"predecessor-version":[{"id":742,"href":"https:\/\/ambitionsverige.se\/es\/wp-json\/wp\/v2\/pages\/702\/revisions\/742"}],"up":[{"embeddable":true,"href":"https:\/\/ambitionsverige.se\/es\/wp-json\/wp\/v2\/pages\/451"}],"wp:featuredmedia":[{"embeddable":true,"href":"https:\/\/ambitionsverige.se\/es\/wp-json\/wp\/v2\/media\/1886"}],"wp:attachment":[{"href":"https:\/\/ambitionsverige.se\/es\/wp-json\/wp\/v2\/media?parent=702"}],"wp:term":[{"taxonomy":"local_branch","embeddable":true,"href":"https:\/\/ambitionsverige.se\/es\/wp-json\/wp\/v2\/local_branch?post=702"}],"curies":[{"name":"wp","href":"https:\/\/api.w.org\/{rel}","templated":true}]}}