{"id":86,"date":"2025-05-26T12:41:42","date_gmt":"2025-05-26T10:41:42","guid":{"rendered":"https:\/\/ambitionsverige.se\/?page_id=86"},"modified":"2026-01-16T10:51:47","modified_gmt":"2026-01-16T09:51:47","slug":"defensa","status":"publish","type":"page","link":"https:\/\/ambitionsverige.se\/es\/politik\/forsvar\/","title":{"rendered":"Una pol\u00edtica de defensa y seguridad independiente"},"content":{"rendered":"<p><strong>- Seguridad mediante la distensi\u00f3n, la diplomacia y la defensa militar.<\/strong><\/p>\n\n\n\n<p>Ambition Sverige quiere construir una Suecia segura, independiente y no alineada, en la que la seguridad se base en su propia fuerza, diplomacia y capacidad de distensi\u00f3n, y no en la presencia militar extranjera o en alianzas supranacionales de grandes potencias.<\/p>\n\n\n\n<h2 class=\"wp-block-heading\">Pol\u00edtica de seguridad mediante la diplomacia y una defensa militar fuerte e independiente<\/h2>\n\n\n\n<p>La pol\u00edtica exterior sueca ha experimentado un cambio dr\u00e1stico, pasando de una larga tradici\u00f3n de no alineamiento y diplomacia pacificadora a una postura claramente de confrontaci\u00f3n en el marco de la OTAN y la UE. Al permitir que EEUU tenga bases militares en suelo sueco, Suecia se ha convertido en un objetivo potencial en un conflicto entre grandes potencias. Esto significa que ya no estamos al margen de las tensiones entre potencias nucleares, sino que hemos adoptado activamente una postura en un conflicto geopol\u00edtico en el que los intereses de Suecia corren el riesgo de verse eclipsados.<\/p>\n\n\n\n<p>La UE, que en su d\u00eda construy\u00f3 su legitimidad sobre un proyecto de paz, ha evolucionado en una direcci\u00f3n cada vez m\u00e1s militarizada. Tanto los dirigentes de la Uni\u00f3n como los de la OTAN se expresan abiertamente en t\u00e9rminos de rearme y de confrontaci\u00f3n prolongada con Rusia. En este clima, la diplomacia se est\u00e1 dejando de lado en favor de un estado de guerra permanente. Ambition Sverige sostiene que se trata de un peligroso camino a corto plazo, en el que la seguridad a largo plazo de Suecia se sacrifica en aras de los intereses de otras potencias.<\/p>\n\n\n\n<h2 class=\"wp-block-heading\">Una vuelta a la tradicional l\u00ednea aut\u00f3noma sueca<\/h2>\n\n\n\n<p>Abogamos por el retorno a una pol\u00edtica exterior y de seguridad basada en la distensi\u00f3n, el no alineamiento y una defensa sueca independiente.<\/p>\n\n\n\n<p>Suecia deber\u00eda mantener relaciones diplom\u00e1ticas efectivas con todos los pa\u00edses, incluso con aquellos en los que existen desacuerdos. La historia ha demostrado, sobre todo durante la crisis de los misiles en Cuba, que los contactos diplom\u00e1ticos y personales entre l\u00edderes nacionales pueden ser cruciales para evitar conflictos armados catastr\u00f3ficos.<\/p>\n\n\n\n<p>Por desgracia, nuestros dirigentes y los de Europa han demostrado lo contrario.<\/p>\n\n\n\n<h2 class=\"wp-block-heading\">El DCA y la pertenencia a la OTAN<\/h2>\n\n\n\n<p>Suecia debe poder defenderse. Tener una fuerza militar extranjera armada en territorio sueco en tiempos de paz no es compatible con la no alineaci\u00f3n.<\/p>\n\n\n\n<p><strong>El acuerdo DCA<\/strong> autoriza a Estados Unidos a utilizar el territorio sueco para el despliegue de sistemas de armamento en los que no cabe descartar misiles nucleares de alcance medio. Esto convierte a Suecia en un objetivo preventivo prioritario en un conflicto entre grandes potencias. El ACA debe cancelarse inmediatamente.<\/p>\n\n\n\n<p><strong>OTAN<\/strong> se ha convertido cada vez m\u00e1s en una organizaci\u00f3n de guerra en lugar de una organizaci\u00f3n de defensa. El gobierno sueco ha cedido su territorio para que sirva de base a las tropas de la OTAN en caso de una guerra imaginaria con Rusia.<span class=\"Apple-converted-space\">&nbsp;&nbsp;<\/span>Esto aumenta significativamente el riesgo de que Suecia sea uno de los primeros objetivos en un conflicto de grandes potencias. Las acciones del gobierno han debilitado gravemente la situaci\u00f3n de seguridad de Suecia, por lo que la OTAN es una organizaci\u00f3n que debemos abandonar lo antes posible.<\/p>\n\n\n\n<h2 class=\"wp-block-heading\">Por sus propias decisiones, Suecia ha aumentado la amenaza de guerra<\/h2>\n\n\n\n<p>Las exportaciones de armas suecas a Ucrania, la entrada en la OTAN y el ACA han contribuido conjuntamente a un marcado deterioro de la situaci\u00f3n de seguridad de Suecia. Autoridades como MUST, FRA y FOI se dieron cuenta pronto de que la invasi\u00f3n rusa de Ucrania no significaba en s\u00ed misma una mayor amenaza para Suecia. Por lo tanto, es preocupante que todos los partidos parlamentarios, independientemente de su afiliaci\u00f3n ideol\u00f3gica, parezcan tener la voluntad com\u00fan de seguir una pol\u00edtica de defensa y seguridad de confrontaci\u00f3n. Ambition Sverige cree que este camino es estrat\u00e9gicamente arriesgado, tanto en t\u00e9rminos de seguridad como econ\u00f3micamente.<\/p>\n\n\n\n<p>Suecia ha donado muchos recursos, tanto materiales como financieros, a Ucrania desde que comenz\u00f3 la guerra. El apoyo a Ucrania debe cesar ahora para dar prioridad absoluta al rearme de la defensa sueca y reducir la amenaza que pesa sobre Suecia.<\/p>\n\n\n\n<p>La seguridad de Suecia se construye mejor manteni\u00e9ndose al margen de los bloques militares, con el objetivo de mantener al pa\u00eds al margen de futuros conflictos. Durante 200 a\u00f1os de paz, la no alineaci\u00f3n ha demostrado ser una estrategia de seguridad exitosa. Queremos que contin\u00fae esta tradici\u00f3n.<\/p>\n\n\n\n<h2 class=\"wp-block-heading\">La futura defensa de Suecia<\/h2>\n\n\n\n<p>El mundo est\u00e1 cambiando y con \u00e9l la forma en que se libran las guerras. Esto debe reflejarse en la forma en que configuramos nuestras pol\u00edticas de defensa y seguridad.<\/p>\n\n\n\n<p>Los conflictos actuales suelen ser de naturaleza h\u00edbrida, con ciberataques, operaciones psicol\u00f3gicas y otras formas de ataque no tradicionales. Esto significa que la defensa sueca debe ser robusta y adaptable a estas nuevas amenazas.<\/p>\n\n\n\n<p>Suecia aprovechar\u00e1 las nuevas tecnolog\u00edas, la innovaci\u00f3n y las lecciones aprendidas de los conflictos en curso en su planificaci\u00f3n de la defensa, como la forma en que los drones, la artiller\u00eda y la guerra electr\u00f3nica han demostrado ser m\u00e1s decisivos que los tanques y las fuerzas a\u00e9reas.<\/p>\n\n\n\n<p>Abogamos por una defensa que se base tanto en el apoyo popular a trav\u00e9s del servicio militar obligatorio como en la competencia profesional a trav\u00e9s de soldados profesionales. De este modo se crea una defensa que es a la vez amplia y puntiaguda con el apoyo popular, pero que al mismo tiempo garantiza una alta competencia.<\/p>\n\n\n\n<p>Hoy en d\u00eda, las fuerzas de defensa suecas son considerablemente menores que hace unas d\u00e9cadas. Sin embargo, restaurar la antigua defensa de invasi\u00f3n no es ni realista ni apropiado. En su lugar, debemos construir una defensa flexible y moderna basada en unidades peque\u00f1as y m\u00f3viles con gran potencia de fuego que puedan operar con precisi\u00f3n y resistencia.<\/p>\n\n\n\n<p>La industria sueca de defensa tiene un papel crucial en esta labor. El gobierno debe asegurarse de que nuestros pedidos de defensa est\u00e9n dise\u00f1ados para reforzar la capacidad de la industria de defensa nacional para producir el equipo que la defensa sueca necesita. Esto beneficia a Suecia.<\/p>\n\n\n\n<h2 class=\"wp-block-heading\">Fuerzas armadas y protecci\u00f3n civil<\/h2>\n\n\n\n<p>La capacidad colectiva de la sociedad civil debe movilizarse y gestionarse en caso de crisis o atentado, sobre todo para la protecci\u00f3n de funciones e infraestructuras estrat\u00e9gicas. Vemos la necesidad de una mejora integral de nuestra capacidad sanitaria, nuestra protecci\u00f3n de infraestructuras cr\u00edticas y nuestra coordinaci\u00f3n de actores como guardacostas, aduanas, polic\u00eda y servicios de emergencia. Suecia debe ser capaz de resistir perturbaciones y crisis prolongadas, ya sean causadas por ataques externos o internos.<\/p>\n\n\n\n<p>Las fuerzas de defensa y la defensa civil en su conjunto deben ser evaluadas r\u00e1pidamente y modificadas a fondo en funci\u00f3n de las t\u00e1cticas y estrategias totalmente diferentes desarrolladas en la guerra de Ucrania.<\/p>\n\n\n\n<p>La Guardia Nacional es una parte importante de la defensa sueca y, por tanto, debe reforzarse en consonancia con el rearme general de las fuerzas armadas. Por tanto, la Guardia Nacional tambi\u00e9n deber\u00eda recibir recursos para dotarse de nuevas herramientas t\u00e9cnicas, como drones y tecnolog\u00eda antidrones.<\/p>\n\n\n\n<p>Recursos como el cuerpo de cazadores y otros titulares de licencias de armas de fuego son elementos importantes en la defensa de Suecia. Por lo tanto, deber\u00eda permitirse a los propietarios de armas con licencia poseer armas semiautom\u00e1ticas en la medida en que lo necesiten sin la intervenci\u00f3n del Estado.<\/p>\n\n\n\n<h2 class=\"wp-block-heading\">La amenaza interior<\/h2>\n\n\n\n<p>Por \u00faltimo, pero no menos importante, vemos una grave amenaza en la inseguridad interna. Un Estado soberano debe controlar todas las partes de su territorio. Si el Estado no tiene el monopolio de la violencia, significa que alguna otra parte tiene el monopolio de la violencia - por lo tanto, el Estado no tiene el control. El Estado debe recuperar el control de las 59 zonas denominadas vulnerables en las que ha perdido el control. Que el Estado recupere el monopolio de la violencia en estas zonas del pa\u00eds es un requisito previo para que toda Suecia est\u00e9 cubierta tanto por una defensa total que funcione como por la seguridad interior.<\/p>\n\n\n\n<h2 class=\"wp-block-heading\">Resumen ejecutivo<\/h2>\n\n\n\n<p>Ambition Sverige quiere construir una Suecia segura, independiente y no alineada, en la que la seguridad se base en su propia fuerza, diplomacia y capacidad de distensi\u00f3n, y no en la presencia militar extranjera o en alianzas supranacionales de grandes potencias.<\/p>\n\n\n\n<h2 class=\"wp-block-heading\">Ambition Sverige se esforzar\u00e1 por:<\/h2>\n\n\n\n<ul class=\"wp-block-list\">\n<li>La seguridad de Suecia se salvaguarda mediante la no alineaci\u00f3n, la diplomacia y la distensi\u00f3n.<\/li>\n\n\n\n<li>Suecia est\u00e1 construyendo una potente fuerza de defensa.<\/li>\n\n\n\n<li><span class=\"s3\">La no alineaci\u00f3n y la neutralidad son un requisito previo para mantener a Suecia fuera de la guerra. Por eso debemos abandonar la OTAN.<\/span><\/li>\n\n\n\n<li>El ACA se cancela inmediatamente: Suecia no tendr\u00e1 tropas extranjeras en su territorio.<\/li>\n\n\n\n<li>Se cancela la ayuda militar a Ucrania porque aumenta la amenaza a Suecia.<\/li>\n\n\n\n<li>Los propietarios de armas con licencia deben poder usarlas sin interferencia del gobierno.<\/li>\n\n\n\n<li>Suecia recupera el monopolio de la violencia en todas las \u201dzonas vulnerables\u201d.<\/li>\n<\/ul>","protected":false},"excerpt":{"rendered":"<p>&#8211; S\u00e4kerhet genom avsp\u00e4nning, diplomati och milit\u00e4rt f\u00f6rsvar. Ambition Sverige vill bygga ett tryggt, sj\u00e4lvst\u00e4ndigt och alliansfrihetligt Sverige d\u00e4r s\u00e4kerheten vilar p\u00e5 egen styrka, diplomati och f\u00f6rm\u00e5ga till avsp\u00e4nning, inte p\u00e5&nbsp;utl\u00e4ndsk&nbsp;milit\u00e4r n\u00e4rvaro&nbsp;eller \u00f6verstatliga stormaktsallianser. S\u00e4kerhetspolitik genom diplomati och sj\u00e4lvst\u00e4ndigt starkt milit\u00e4rt f\u00f6rsvar Sveriges utrikespolitik har genomg\u00e5tt en dramatisk f\u00f6rskjutning fr\u00e5n en l\u00e5ng tradition av alliansfrihet [&hellip;]<\/p>\n","protected":false},"author":1,"featured_media":1561,"parent":50,"menu_order":0,"comment_status":"closed","ping_status":"closed","template":"politik\/forsvar.php","meta":{"footnotes":""},"local_branch":[],"class_list":["post-86","page","type-page","status-publish","has-post-thumbnail","hentry"],"yoast_head":"<!-- This site is optimized with the Yoast SEO plugin v27.4 - https:\/\/yoast.com\/product\/yoast-seo-wordpress\/ -->\n<title>En sj\u00e4lvst\u00e4ndig f\u00f6rsvars- och s\u00e4kerhetspolitik - Ambition Sverige<\/title>\n<meta name=\"description\" content=\"S\u00e4kerhet genom invasionsf\u00f6rsvar, diplomati och avsp\u00e4nning.\" \/>\n<meta name=\"robots\" content=\"index, follow, max-snippet:-1, max-image-preview:large, max-video-preview:-1\" \/>\n<link rel=\"canonical\" href=\"https:\/\/ambitionsverige.se\/es\/politica\/defensa\/\" \/>\n<meta property=\"og:locale\" content=\"es_ES\" \/>\n<meta property=\"og:type\" content=\"article\" \/>\n<meta property=\"og:title\" content=\"En sj\u00e4lvst\u00e4ndig f\u00f6rsvars- och s\u00e4kerhetspolitik - Ambition Sverige\" \/>\n<meta property=\"og:description\" content=\"S\u00e4kerhet genom invasionsf\u00f6rsvar, diplomati och avsp\u00e4nning.\" \/>\n<meta property=\"og:url\" content=\"https:\/\/ambitionsverige.se\/es\/politica\/defensa\/\" \/>\n<meta property=\"og:site_name\" content=\"Ambition Sverige\" \/>\n<meta property=\"article:publisher\" content=\"https:\/\/www.facebook.com\/AmbitionSverige\" \/>\n<meta property=\"article:modified_time\" content=\"2026-01-16T09:51:47+00:00\" \/>\n<meta property=\"og:image\" content=\"https:\/\/ambitionsverige.se\/wp-content\/uploads\/2026\/01\/en-sjalvstandig-forsvars-och-sakerhetspolitik.jpg\" \/>\n\t<meta property=\"og:image:width\" content=\"1920\" \/>\n\t<meta property=\"og:image:height\" content=\"1080\" \/>\n\t<meta property=\"og:image:type\" content=\"image\/jpeg\" \/>\n<meta name=\"twitter:card\" content=\"summary_large_image\" \/>\n<meta name=\"twitter:site\" content=\"@ambitionsverige\" \/>\n<meta name=\"twitter:label1\" content=\"Tiempo de lectura\" \/>\n\t<meta name=\"twitter:data1\" content=\"6 minutos\" \/>\n<script type=\"application\/ld+json\" class=\"yoast-schema-graph\">{\"@context\":\"https:\\\/\\\/schema.org\",\"@graph\":[{\"@type\":\"WebPage\",\"@id\":\"https:\\\/\\\/ambitionsverige.se\\\/politik\\\/forsvar\\\/\",\"url\":\"https:\\\/\\\/ambitionsverige.se\\\/politik\\\/forsvar\\\/\",\"name\":\"En sj\u00e4lvst\u00e4ndig f\u00f6rsvars- och s\u00e4kerhetspolitik - Ambition Sverige\",\"isPartOf\":{\"@id\":\"https:\\\/\\\/ambitionsverige.se\\\/#website\"},\"primaryImageOfPage\":{\"@id\":\"https:\\\/\\\/ambitionsverige.se\\\/politik\\\/forsvar\\\/#primaryimage\"},\"image\":{\"@id\":\"https:\\\/\\\/ambitionsverige.se\\\/politik\\\/forsvar\\\/#primaryimage\"},\"thumbnailUrl\":\"https:\\\/\\\/ambitionsverige.se\\\/wp-content\\\/uploads\\\/2026\\\/01\\\/en-sjalvstandig-forsvars-och-sakerhetspolitik.jpg\",\"datePublished\":\"2025-05-26T10:41:42+00:00\",\"dateModified\":\"2026-01-16T09:51:47+00:00\",\"description\":\"S\u00e4kerhet genom invasionsf\u00f6rsvar, diplomati och avsp\u00e4nning.\",\"breadcrumb\":{\"@id\":\"https:\\\/\\\/ambitionsverige.se\\\/politik\\\/forsvar\\\/#breadcrumb\"},\"inLanguage\":\"es\",\"potentialAction\":[{\"@type\":\"ReadAction\",\"target\":[\"https:\\\/\\\/ambitionsverige.se\\\/politik\\\/forsvar\\\/\"]}]},{\"@type\":\"ImageObject\",\"inLanguage\":\"es\",\"@id\":\"https:\\\/\\\/ambitionsverige.se\\\/politik\\\/forsvar\\\/#primaryimage\",\"url\":\"https:\\\/\\\/ambitionsverige.se\\\/wp-content\\\/uploads\\\/2026\\\/01\\\/en-sjalvstandig-forsvars-och-sakerhetspolitik.jpg\",\"contentUrl\":\"https:\\\/\\\/ambitionsverige.se\\\/wp-content\\\/uploads\\\/2026\\\/01\\\/en-sjalvstandig-forsvars-och-sakerhetspolitik.jpg\",\"width\":1920,\"height\":1080,\"caption\":\"Jaktflygplan av typen JAS 39 Gripen\"},{\"@type\":\"BreadcrumbList\",\"@id\":\"https:\\\/\\\/ambitionsverige.se\\\/politik\\\/forsvar\\\/#breadcrumb\",\"itemListElement\":[{\"@type\":\"ListItem\",\"position\":1,\"name\":\"Hem\",\"item\":\"https:\\\/\\\/ambitionsverige.se\\\/\"},{\"@type\":\"ListItem\",\"position\":2,\"name\":\"V\u00e5r politik\",\"item\":\"https:\\\/\\\/ambitionsverige.se\\\/politik\\\/\"},{\"@type\":\"ListItem\",\"position\":3,\"name\":\"En sj\u00e4lvst\u00e4ndig f\u00f6rsvars- och s\u00e4kerhetspolitik\"}]},{\"@type\":\"WebSite\",\"@id\":\"https:\\\/\\\/ambitionsverige.se\\\/#website\",\"url\":\"https:\\\/\\\/ambitionsverige.se\\\/\",\"name\":\"Ambition Sverige\",\"description\":\"\",\"publisher\":{\"@id\":\"https:\\\/\\\/ambitionsverige.se\\\/#organization\"},\"potentialAction\":[{\"@type\":\"SearchAction\",\"target\":{\"@type\":\"EntryPoint\",\"urlTemplate\":\"https:\\\/\\\/ambitionsverige.se\\\/?s={search_term_string}\"},\"query-input\":{\"@type\":\"PropertyValueSpecification\",\"valueRequired\":true,\"valueName\":\"search_term_string\"}}],\"inLanguage\":\"es\"},{\"@type\":\"Organization\",\"@id\":\"https:\\\/\\\/ambitionsverige.se\\\/#organization\",\"name\":\"Ambition Sverige\",\"url\":\"https:\\\/\\\/ambitionsverige.se\\\/\",\"logo\":{\"@type\":\"ImageObject\",\"inLanguage\":\"es\",\"@id\":\"https:\\\/\\\/ambitionsverige.se\\\/#\\\/schema\\\/logo\\\/image\\\/\",\"url\":\"https:\\\/\\\/ambitionsverige.se\\\/wp-content\\\/uploads\\\/2025\\\/11\\\/ambition-sverige-logotyp.png\",\"contentUrl\":\"https:\\\/\\\/ambitionsverige.se\\\/wp-content\\\/uploads\\\/2025\\\/11\\\/ambition-sverige-logotyp.png\",\"width\":512,\"height\":512,\"caption\":\"Ambition Sverige\"},\"image\":{\"@id\":\"https:\\\/\\\/ambitionsverige.se\\\/#\\\/schema\\\/logo\\\/image\\\/\"},\"sameAs\":[\"https:\\\/\\\/www.facebook.com\\\/AmbitionSverige\",\"https:\\\/\\\/x.com\\\/ambitionsverige\",\"https:\\\/\\\/www.instagram.com\\\/ambitionsverige\",\"https:\\\/\\\/www.youtube.com\\\/@ambitionsverige1\",\"https:\\\/\\\/t.me\\\/sverigeforst1\"]}]}<\/script>\n<!-- \/ Yoast SEO plugin. -->","yoast_head_json":{"title":"Una pol\u00edtica de defensa y seguridad independiente - Ambition Sverige","description":"Seguridad mediante la defensa contra las invasiones, la diplomacia y la distensi\u00f3n.","robots":{"index":"index","follow":"follow","max-snippet":"max-snippet:-1","max-image-preview":"max-image-preview:large","max-video-preview":"max-video-preview:-1"},"canonical":"https:\/\/ambitionsverige.se\/es\/politica\/defensa\/","og_locale":"es_ES","og_type":"article","og_title":"En sj\u00e4lvst\u00e4ndig f\u00f6rsvars- och s\u00e4kerhetspolitik - Ambition Sverige","og_description":"S\u00e4kerhet genom invasionsf\u00f6rsvar, diplomati och avsp\u00e4nning.","og_url":"https:\/\/ambitionsverige.se\/es\/politica\/defensa\/","og_site_name":"Ambition Sverige","article_publisher":"https:\/\/www.facebook.com\/AmbitionSverige","article_modified_time":"2026-01-16T09:51:47+00:00","og_image":[{"width":1920,"height":1080,"url":"https:\/\/ambitionsverige.se\/wp-content\/uploads\/2026\/01\/en-sjalvstandig-forsvars-och-sakerhetspolitik.jpg","type":"image\/jpeg"}],"twitter_card":"summary_large_image","twitter_site":"@ambitionsverige","twitter_misc":{"Tiempo de lectura":"6 minutos"},"schema":{"@context":"https:\/\/schema.org","@graph":[{"@type":"WebPage","@id":"https:\/\/ambitionsverige.se\/politik\/forsvar\/","url":"https:\/\/ambitionsverige.se\/politik\/forsvar\/","name":"Una pol\u00edtica de defensa y seguridad independiente - Ambition Sverige","isPartOf":{"@id":"https:\/\/ambitionsverige.se\/#website"},"primaryImageOfPage":{"@id":"https:\/\/ambitionsverige.se\/politik\/forsvar\/#primaryimage"},"image":{"@id":"https:\/\/ambitionsverige.se\/politik\/forsvar\/#primaryimage"},"thumbnailUrl":"https:\/\/ambitionsverige.se\/wp-content\/uploads\/2026\/01\/en-sjalvstandig-forsvars-och-sakerhetspolitik.jpg","datePublished":"2025-05-26T10:41:42+00:00","dateModified":"2026-01-16T09:51:47+00:00","description":"Seguridad mediante la defensa contra las invasiones, la diplomacia y la distensi\u00f3n.","breadcrumb":{"@id":"https:\/\/ambitionsverige.se\/politik\/forsvar\/#breadcrumb"},"inLanguage":"es","potentialAction":[{"@type":"ReadAction","target":["https:\/\/ambitionsverige.se\/politik\/forsvar\/"]}]},{"@type":"ImageObject","inLanguage":"es","@id":"https:\/\/ambitionsverige.se\/politik\/forsvar\/#primaryimage","url":"https:\/\/ambitionsverige.se\/wp-content\/uploads\/2026\/01\/en-sjalvstandig-forsvars-och-sakerhetspolitik.jpg","contentUrl":"https:\/\/ambitionsverige.se\/wp-content\/uploads\/2026\/01\/en-sjalvstandig-forsvars-och-sakerhetspolitik.jpg","width":1920,"height":1080,"caption":"Jaktflygplan av typen JAS 39 Gripen"},{"@type":"BreadcrumbList","@id":"https:\/\/ambitionsverige.se\/politik\/forsvar\/#breadcrumb","itemListElement":[{"@type":"ListItem","position":1,"name":"Hem","item":"https:\/\/ambitionsverige.se\/"},{"@type":"ListItem","position":2,"name":"V\u00e5r politik","item":"https:\/\/ambitionsverige.se\/politik\/"},{"@type":"ListItem","position":3,"name":"En sj\u00e4lvst\u00e4ndig f\u00f6rsvars- och s\u00e4kerhetspolitik"}]},{"@type":"WebSite","@id":"https:\/\/ambitionsverige.se\/#website","url":"https:\/\/ambitionsverige.se\/","name":"Ambition Sverige","description":"","publisher":{"@id":"https:\/\/ambitionsverige.se\/#organization"},"potentialAction":[{"@type":"SearchAction","target":{"@type":"EntryPoint","urlTemplate":"https:\/\/ambitionsverige.se\/?s={search_term_string}"},"query-input":{"@type":"PropertyValueSpecification","valueRequired":true,"valueName":"search_term_string"}}],"inLanguage":"es"},{"@type":"Organization","@id":"https:\/\/ambitionsverige.se\/#organization","name":"Ambition Sverige","url":"https:\/\/ambitionsverige.se\/","logo":{"@type":"ImageObject","inLanguage":"es","@id":"https:\/\/ambitionsverige.se\/#\/schema\/logo\/image\/","url":"https:\/\/ambitionsverige.se\/wp-content\/uploads\/2025\/11\/ambition-sverige-logotyp.png","contentUrl":"https:\/\/ambitionsverige.se\/wp-content\/uploads\/2025\/11\/ambition-sverige-logotyp.png","width":512,"height":512,"caption":"Ambition Sverige"},"image":{"@id":"https:\/\/ambitionsverige.se\/#\/schema\/logo\/image\/"},"sameAs":["https:\/\/www.facebook.com\/AmbitionSverige","https:\/\/x.com\/ambitionsverige","https:\/\/www.instagram.com\/ambitionsverige","https:\/\/www.youtube.com\/@ambitionsverige1","https:\/\/t.me\/sverigeforst1"]}]}},"_links":{"self":[{"href":"https:\/\/ambitionsverige.se\/es\/wp-json\/wp\/v2\/pages\/86","targetHints":{"allow":["GET"]}}],"collection":[{"href":"https:\/\/ambitionsverige.se\/es\/wp-json\/wp\/v2\/pages"}],"about":[{"href":"https:\/\/ambitionsverige.se\/es\/wp-json\/wp\/v2\/types\/page"}],"author":[{"embeddable":true,"href":"https:\/\/ambitionsverige.se\/es\/wp-json\/wp\/v2\/users\/1"}],"replies":[{"embeddable":true,"href":"https:\/\/ambitionsverige.se\/es\/wp-json\/wp\/v2\/comments?post=86"}],"version-history":[{"count":17,"href":"https:\/\/ambitionsverige.se\/es\/wp-json\/wp\/v2\/pages\/86\/revisions"}],"predecessor-version":[{"id":1563,"href":"https:\/\/ambitionsverige.se\/es\/wp-json\/wp\/v2\/pages\/86\/revisions\/1563"}],"up":[{"embeddable":true,"href":"https:\/\/ambitionsverige.se\/es\/wp-json\/wp\/v2\/pages\/50"}],"wp:featuredmedia":[{"embeddable":true,"href":"https:\/\/ambitionsverige.se\/es\/wp-json\/wp\/v2\/media\/1561"}],"wp:attachment":[{"href":"https:\/\/ambitionsverige.se\/es\/wp-json\/wp\/v2\/media?parent=86"}],"wp:term":[{"taxonomy":"local_branch","embeddable":true,"href":"https:\/\/ambitionsverige.se\/es\/wp-json\/wp\/v2\/local_branch?post=86"}],"curies":[{"name":"wp","href":"https:\/\/api.w.org\/{rel}","templated":true}]}}