{"id":925,"date":"2025-12-02T13:31:56","date_gmt":"2025-12-02T12:31:56","guid":{"rendered":"https:\/\/ambitionsverige.se\/?page_id=925"},"modified":"2026-01-16T10:11:46","modified_gmt":"2026-01-16T09:11:46","slug":"ulf-strom","status":"publish","type":"page","link":"https:\/\/ambitionsverige.se\/es\/politiker\/ulf-strom\/","title":{"rendered":"Ulf Str\u00f6m"},"content":{"rendered":"<p>Ulf Str\u00f6m tiene experiencia en la marina mercante y los negocios. Tras graduarse como capit\u00e1n de nav\u00edo en la Escuela de Navegaci\u00f3n de Estocolmo, sirvi\u00f3 en el mar, principalmente en viajes transatl\u00e1nticos entre Europa y Am\u00e9rica Latina.<\/p>\n\n\n\n<p>Tras cursar estudios complementarios de gesti\u00f3n, trabaj\u00f3 durante muchos a\u00f1os en el mundo empresarial. Entre otras cosas, como Consejero Delegado y Director para los pa\u00edses n\u00f3rdicos de ACI Worldwide (Nordic) AB (Nasdaq ACIW). En ocasiones tambi\u00e9n ha estado asociado a diversos proyectos multinacionales de la UE, por ejemplo como representante de Cable &amp; Wireless en la gesti\u00f3n del proyecto BOLERO, financiado por la UE, Reino Unido. Un proyecto que en su momento desarroll\u00f3 una plataforma internacional y un est\u00e1ndar bancario para sistemas de comercio electr\u00f3nico.<\/p>\n\n\n\n<p>Desde su jubilaci\u00f3n, ha trabajado principalmente como capit\u00e1n en varios buques de expedici\u00f3n y pasajeros en el \u00c1rtico. Actualmente es tambi\u00e9n presidente de la Coalici\u00f3n Swexit. Ulf est\u00e1 casado y vive en Estocolmo.<\/p>\n\n\n\n<hr class=\"wp-block-separator has-alpha-channel-opacity\"\/>\n\n\n\n<h2 class=\"wp-block-heading\">V\u00eddeo: Abandonar la UE<\/h2>\n\n\n\n<figure class=\"wp-block-image\"><a href=\"https:\/\/www.youtube.com\/watch?v=LLDif5IDjGQ\" target=\"_blank\" rel=\"noopener\"><img loading=\"lazy\" decoding=\"async\" width=\"300\" height=\"164\" src=\"https:\/\/ambitionsverige.se\/wp-content\/uploads\/2025\/12\/ambition-sverige-lamna-eu-300x164.png\" alt=\"Jinete a caballo con la bandera de Ambition Sverige y el texto &quot;Leave the EU!&quot;.\" class=\"wp-image-969\" srcset=\"https:\/\/ambitionsverige.se\/wp-content\/uploads\/2025\/12\/ambition-sverige-lamna-eu-300x164.png 300w, https:\/\/ambitionsverige.se\/wp-content\/uploads\/2025\/12\/ambition-sverige-lamna-eu-18x10.png 18w, https:\/\/ambitionsverige.se\/wp-content\/uploads\/2025\/12\/ambition-sverige-lamna-eu.png 478w\" sizes=\"auto, (max-width: 300px) 100vw, 300px\" \/><\/a><\/figure>\n\n\n\n<p><\/p>","protected":false},"excerpt":{"rendered":"<p>Ulf Str\u00f6m har en bakgrund fr\u00e5n handelsflottan och n\u00e4ringslivet. Efter sj\u00f6kaptensexamen vid Stockholms Sj\u00f6bef\u00e4lsskola tj\u00e4nstgjorde han till sj\u00f6ss i framf\u00f6r allt transatlantisk fart mellan Europa och Latinamerika. Efter kompletterande managementstudier verkade han sedan under m\u00e5nga \u00e5r i n\u00e4ringslivet. Bland annat som VD och Nordenchef f\u00f6r ACI Worldwide (Nordic) AB (Nasdaq ACIW). I perioder har han [&hellip;]<\/p>\n","protected":false},"author":1,"featured_media":1527,"parent":451,"menu_order":0,"comment_status":"closed","ping_status":"closed","template":"politiker\/ulf-strom.php","meta":{"footnotes":""},"local_branch":[],"class_list":["post-925","page","type-page","status-publish","has-post-thumbnail","hentry"],"yoast_head":"<!-- This site is optimized with the Yoast SEO plugin v27.4 - https:\/\/yoast.com\/product\/yoast-seo-wordpress\/ -->\n<title>Ulf Str\u00f6m - Ambition Sverige<\/title>\n<meta name=\"robots\" content=\"index, follow, max-snippet:-1, max-image-preview:large, max-video-preview:-1\" \/>\n<link rel=\"canonical\" href=\"https:\/\/ambitionsverige.se\/es\/politico\/ulf-strom\/\" \/>\n<meta property=\"og:locale\" content=\"es_ES\" \/>\n<meta property=\"og:type\" content=\"article\" \/>\n<meta property=\"og:title\" content=\"Ulf Str\u00f6m - Ambition Sverige\" \/>\n<meta property=\"og:description\" content=\"Ulf Str\u00f6m har en bakgrund fr\u00e5n handelsflottan och n\u00e4ringslivet. Efter sj\u00f6kaptensexamen vid Stockholms Sj\u00f6bef\u00e4lsskola tj\u00e4nstgjorde han till sj\u00f6ss i framf\u00f6r allt transatlantisk fart mellan Europa och Latinamerika. Efter kompletterande managementstudier verkade han sedan under m\u00e5nga \u00e5r i n\u00e4ringslivet. Bland annat som VD och Nordenchef f\u00f6r ACI Worldwide (Nordic) AB (Nasdaq ACIW). I perioder har han [&hellip;]\" \/>\n<meta property=\"og:url\" content=\"https:\/\/ambitionsverige.se\/es\/politico\/ulf-strom\/\" \/>\n<meta property=\"og:site_name\" content=\"Ambition Sverige\" \/>\n<meta property=\"article:publisher\" content=\"https:\/\/www.facebook.com\/AmbitionSverige\" \/>\n<meta property=\"article:modified_time\" content=\"2026-01-16T09:11:46+00:00\" \/>\n<meta property=\"og:image\" content=\"https:\/\/ambitionsverige.se\/wp-content\/uploads\/2026\/01\/ulf-strom.jpg\" \/>\n\t<meta property=\"og:image:width\" content=\"775\" \/>\n\t<meta property=\"og:image:height\" content=\"775\" \/>\n\t<meta property=\"og:image:type\" content=\"image\/jpeg\" \/>\n<meta name=\"twitter:card\" content=\"summary_large_image\" \/>\n<meta name=\"twitter:site\" content=\"@ambitionsverige\" \/>\n<meta name=\"twitter:label1\" content=\"Tiempo de lectura\" \/>\n\t<meta name=\"twitter:data1\" content=\"2 minutos\" \/>\n<script type=\"application\/ld+json\" class=\"yoast-schema-graph\">{\"@context\":\"https:\\\/\\\/schema.org\",\"@graph\":[{\"@type\":\"WebPage\",\"@id\":\"https:\\\/\\\/ambitionsverige.se\\\/politiker\\\/ulf-strom\\\/\",\"url\":\"https:\\\/\\\/ambitionsverige.se\\\/politiker\\\/ulf-strom\\\/\",\"name\":\"Ulf Str\u00f6m - Ambition Sverige\",\"isPartOf\":{\"@id\":\"https:\\\/\\\/ambitionsverige.se\\\/#website\"},\"primaryImageOfPage\":{\"@id\":\"https:\\\/\\\/ambitionsverige.se\\\/politiker\\\/ulf-strom\\\/#primaryimage\"},\"image\":{\"@id\":\"https:\\\/\\\/ambitionsverige.se\\\/politiker\\\/ulf-strom\\\/#primaryimage\"},\"thumbnailUrl\":\"https:\\\/\\\/ambitionsverige.se\\\/wp-content\\\/uploads\\\/2026\\\/01\\\/ulf-strom.jpg\",\"datePublished\":\"2025-12-02T12:31:56+00:00\",\"dateModified\":\"2026-01-16T09:11:46+00:00\",\"breadcrumb\":{\"@id\":\"https:\\\/\\\/ambitionsverige.se\\\/politiker\\\/ulf-strom\\\/#breadcrumb\"},\"inLanguage\":\"es\",\"potentialAction\":[{\"@type\":\"ReadAction\",\"target\":[\"https:\\\/\\\/ambitionsverige.se\\\/politiker\\\/ulf-strom\\\/\"]}]},{\"@type\":\"ImageObject\",\"inLanguage\":\"es\",\"@id\":\"https:\\\/\\\/ambitionsverige.se\\\/politiker\\\/ulf-strom\\\/#primaryimage\",\"url\":\"https:\\\/\\\/ambitionsverige.se\\\/wp-content\\\/uploads\\\/2026\\\/01\\\/ulf-strom.jpg\",\"contentUrl\":\"https:\\\/\\\/ambitionsverige.se\\\/wp-content\\\/uploads\\\/2026\\\/01\\\/ulf-strom.jpg\",\"width\":775,\"height\":775,\"caption\":\"Ulf Str\u00f6m - Ambition Sverige\"},{\"@type\":\"BreadcrumbList\",\"@id\":\"https:\\\/\\\/ambitionsverige.se\\\/politiker\\\/ulf-strom\\\/#breadcrumb\",\"itemListElement\":[{\"@type\":\"ListItem\",\"position\":1,\"name\":\"Hem\",\"item\":\"https:\\\/\\\/ambitionsverige.se\\\/\"},{\"@type\":\"ListItem\",\"position\":2,\"name\":\"V\u00e5ra politiker &amp; medarbetare\",\"item\":\"https:\\\/\\\/ambitionsverige.se\\\/politiker\\\/\"},{\"@type\":\"ListItem\",\"position\":3,\"name\":\"Ulf Str\u00f6m\"}]},{\"@type\":\"WebSite\",\"@id\":\"https:\\\/\\\/ambitionsverige.se\\\/#website\",\"url\":\"https:\\\/\\\/ambitionsverige.se\\\/\",\"name\":\"Ambition Sverige\",\"description\":\"\",\"publisher\":{\"@id\":\"https:\\\/\\\/ambitionsverige.se\\\/#organization\"},\"potentialAction\":[{\"@type\":\"SearchAction\",\"target\":{\"@type\":\"EntryPoint\",\"urlTemplate\":\"https:\\\/\\\/ambitionsverige.se\\\/?s={search_term_string}\"},\"query-input\":{\"@type\":\"PropertyValueSpecification\",\"valueRequired\":true,\"valueName\":\"search_term_string\"}}],\"inLanguage\":\"es\"},{\"@type\":\"Organization\",\"@id\":\"https:\\\/\\\/ambitionsverige.se\\\/#organization\",\"name\":\"Ambition Sverige\",\"url\":\"https:\\\/\\\/ambitionsverige.se\\\/\",\"logo\":{\"@type\":\"ImageObject\",\"inLanguage\":\"es\",\"@id\":\"https:\\\/\\\/ambitionsverige.se\\\/#\\\/schema\\\/logo\\\/image\\\/\",\"url\":\"https:\\\/\\\/ambitionsverige.se\\\/wp-content\\\/uploads\\\/2025\\\/11\\\/ambition-sverige-logotyp.png\",\"contentUrl\":\"https:\\\/\\\/ambitionsverige.se\\\/wp-content\\\/uploads\\\/2025\\\/11\\\/ambition-sverige-logotyp.png\",\"width\":512,\"height\":512,\"caption\":\"Ambition Sverige\"},\"image\":{\"@id\":\"https:\\\/\\\/ambitionsverige.se\\\/#\\\/schema\\\/logo\\\/image\\\/\"},\"sameAs\":[\"https:\\\/\\\/www.facebook.com\\\/AmbitionSverige\",\"https:\\\/\\\/x.com\\\/ambitionsverige\",\"https:\\\/\\\/www.instagram.com\\\/ambitionsverige\",\"https:\\\/\\\/www.youtube.com\\\/@ambitionsverige1\",\"https:\\\/\\\/t.me\\\/sverigeforst1\"]}]}<\/script>\n<!-- \/ Yoast SEO plugin. -->","yoast_head_json":{"title":"Ulf Str\u00f6m - Ambition Sverige","robots":{"index":"index","follow":"follow","max-snippet":"max-snippet:-1","max-image-preview":"max-image-preview:large","max-video-preview":"max-video-preview:-1"},"canonical":"https:\/\/ambitionsverige.se\/es\/politico\/ulf-strom\/","og_locale":"es_ES","og_type":"article","og_title":"Ulf Str\u00f6m - Ambition Sverige","og_description":"Ulf Str\u00f6m har en bakgrund fr\u00e5n handelsflottan och n\u00e4ringslivet. Efter sj\u00f6kaptensexamen vid Stockholms Sj\u00f6bef\u00e4lsskola tj\u00e4nstgjorde han till sj\u00f6ss i framf\u00f6r allt transatlantisk fart mellan Europa och Latinamerika. Efter kompletterande managementstudier verkade han sedan under m\u00e5nga \u00e5r i n\u00e4ringslivet. Bland annat som VD och Nordenchef f\u00f6r ACI Worldwide (Nordic) AB (Nasdaq ACIW). I perioder har han [&hellip;]","og_url":"https:\/\/ambitionsverige.se\/es\/politico\/ulf-strom\/","og_site_name":"Ambition Sverige","article_publisher":"https:\/\/www.facebook.com\/AmbitionSverige","article_modified_time":"2026-01-16T09:11:46+00:00","og_image":[{"width":775,"height":775,"url":"https:\/\/ambitionsverige.se\/wp-content\/uploads\/2026\/01\/ulf-strom.jpg","type":"image\/jpeg"}],"twitter_card":"summary_large_image","twitter_site":"@ambitionsverige","twitter_misc":{"Tiempo de lectura":"2 minutos"},"schema":{"@context":"https:\/\/schema.org","@graph":[{"@type":"WebPage","@id":"https:\/\/ambitionsverige.se\/politiker\/ulf-strom\/","url":"https:\/\/ambitionsverige.se\/politiker\/ulf-strom\/","name":"Ulf Str\u00f6m - Ambition Sverige","isPartOf":{"@id":"https:\/\/ambitionsverige.se\/#website"},"primaryImageOfPage":{"@id":"https:\/\/ambitionsverige.se\/politiker\/ulf-strom\/#primaryimage"},"image":{"@id":"https:\/\/ambitionsverige.se\/politiker\/ulf-strom\/#primaryimage"},"thumbnailUrl":"https:\/\/ambitionsverige.se\/wp-content\/uploads\/2026\/01\/ulf-strom.jpg","datePublished":"2025-12-02T12:31:56+00:00","dateModified":"2026-01-16T09:11:46+00:00","breadcrumb":{"@id":"https:\/\/ambitionsverige.se\/politiker\/ulf-strom\/#breadcrumb"},"inLanguage":"es","potentialAction":[{"@type":"ReadAction","target":["https:\/\/ambitionsverige.se\/politiker\/ulf-strom\/"]}]},{"@type":"ImageObject","inLanguage":"es","@id":"https:\/\/ambitionsverige.se\/politiker\/ulf-strom\/#primaryimage","url":"https:\/\/ambitionsverige.se\/wp-content\/uploads\/2026\/01\/ulf-strom.jpg","contentUrl":"https:\/\/ambitionsverige.se\/wp-content\/uploads\/2026\/01\/ulf-strom.jpg","width":775,"height":775,"caption":"Ulf Str\u00f6m - Ambition Sverige"},{"@type":"BreadcrumbList","@id":"https:\/\/ambitionsverige.se\/politiker\/ulf-strom\/#breadcrumb","itemListElement":[{"@type":"ListItem","position":1,"name":"Hem","item":"https:\/\/ambitionsverige.se\/"},{"@type":"ListItem","position":2,"name":"V\u00e5ra politiker &amp; medarbetare","item":"https:\/\/ambitionsverige.se\/politiker\/"},{"@type":"ListItem","position":3,"name":"Ulf Str\u00f6m"}]},{"@type":"WebSite","@id":"https:\/\/ambitionsverige.se\/#website","url":"https:\/\/ambitionsverige.se\/","name":"Ambition Sverige","description":"","publisher":{"@id":"https:\/\/ambitionsverige.se\/#organization"},"potentialAction":[{"@type":"SearchAction","target":{"@type":"EntryPoint","urlTemplate":"https:\/\/ambitionsverige.se\/?s={search_term_string}"},"query-input":{"@type":"PropertyValueSpecification","valueRequired":true,"valueName":"search_term_string"}}],"inLanguage":"es"},{"@type":"Organization","@id":"https:\/\/ambitionsverige.se\/#organization","name":"Ambition Sverige","url":"https:\/\/ambitionsverige.se\/","logo":{"@type":"ImageObject","inLanguage":"es","@id":"https:\/\/ambitionsverige.se\/#\/schema\/logo\/image\/","url":"https:\/\/ambitionsverige.se\/wp-content\/uploads\/2025\/11\/ambition-sverige-logotyp.png","contentUrl":"https:\/\/ambitionsverige.se\/wp-content\/uploads\/2025\/11\/ambition-sverige-logotyp.png","width":512,"height":512,"caption":"Ambition Sverige"},"image":{"@id":"https:\/\/ambitionsverige.se\/#\/schema\/logo\/image\/"},"sameAs":["https:\/\/www.facebook.com\/AmbitionSverige","https:\/\/x.com\/ambitionsverige","https:\/\/www.instagram.com\/ambitionsverige","https:\/\/www.youtube.com\/@ambitionsverige1","https:\/\/t.me\/sverigeforst1"]}]}},"_links":{"self":[{"href":"https:\/\/ambitionsverige.se\/es\/wp-json\/wp\/v2\/pages\/925","targetHints":{"allow":["GET"]}}],"collection":[{"href":"https:\/\/ambitionsverige.se\/es\/wp-json\/wp\/v2\/pages"}],"about":[{"href":"https:\/\/ambitionsverige.se\/es\/wp-json\/wp\/v2\/types\/page"}],"author":[{"embeddable":true,"href":"https:\/\/ambitionsverige.se\/es\/wp-json\/wp\/v2\/users\/1"}],"replies":[{"embeddable":true,"href":"https:\/\/ambitionsverige.se\/es\/wp-json\/wp\/v2\/comments?post=925"}],"version-history":[{"count":21,"href":"https:\/\/ambitionsverige.se\/es\/wp-json\/wp\/v2\/pages\/925\/revisions"}],"predecessor-version":[{"id":1529,"href":"https:\/\/ambitionsverige.se\/es\/wp-json\/wp\/v2\/pages\/925\/revisions\/1529"}],"up":[{"embeddable":true,"href":"https:\/\/ambitionsverige.se\/es\/wp-json\/wp\/v2\/pages\/451"}],"wp:featuredmedia":[{"embeddable":true,"href":"https:\/\/ambitionsverige.se\/es\/wp-json\/wp\/v2\/media\/1527"}],"wp:attachment":[{"href":"https:\/\/ambitionsverige.se\/es\/wp-json\/wp\/v2\/media?parent=925"}],"wp:term":[{"taxonomy":"local_branch","embeddable":true,"href":"https:\/\/ambitionsverige.se\/es\/wp-json\/wp\/v2\/local_branch?post=925"}],"curies":[{"name":"wp","href":"https:\/\/api.w.org\/{rel}","templated":true}]}}